{"id":3602,"date":"2024-03-18T13:16:43","date_gmt":"2024-03-18T12:16:43","guid":{"rendered":"https:\/\/innovexalgerie.com\/manutention\/?post_type=product&#038;p=3602"},"modified":"2026-04-15T12:55:31","modified_gmt":"2026-04-15T11:55:31","slug":"demenageur-de-meubles-hydraulique-fm180","status":"publish","type":"product","link":"https:\/\/innovexalgerie.com\/manutention\/produit\/demenageur-de-meubles-hydraulique-fm180\/","title":{"rendered":"D\u00e9m\u00e9nageur de meubles hydraulique FM180"},"content":{"rendered":"<p>D\u00e9m\u00e9nageurs de meuble hydrauliques<strong> FM180<\/strong> sont fournis avec une sangle \u00e0 cliquet de 5m de largeur et 35 mm de large. Leur fonctionnement est simple : positionnez les plaques de levage sous l&rsquo;objet \u00e0 d\u00e9placer, tendez les sangles de fixation, soulevez l&rsquo;objet des deux c\u00f4t\u00e9s \u00e0 une hauteur \u00e9gale et d\u00e9placez-le en toute s\u00e9curit\u00e9 et facilit\u00e9. Optez pour nos d\u00e9m\u00e9nageurs pour une manutention efficace et sans effort de vos objets lourds.<\/p>\n","protected":false},"excerpt":{"rendered":"<p>d\u00e9m\u00e9nageurs de meuble hydrauliques fm180 con\u00e7us pour le transport professionnel d&rsquo;objets lourds tels que des meubles, armoires \u00e9lectriques, coffres et machines.<\/p>\n","protected":false},"featured_media":3603,"template":"","meta":{"_monsterinsights_skip_tracking":false,"_monsterinsights_sitenote_active":false,"_monsterinsights_sitenote_note":"","_monsterinsights_sitenote_category":0},"product_cat":[72],"product_tag":[],"class_list":["post-3602","product","type-product","status-publish","has-post-thumbnail","hentry","product_cat-demenageur-de-meubles-hydraulique"],"acf":[],"yoast_head":"<!-- This site is optimized with the Yoast SEO plugin v22.6 - https:\/\/yoast.com\/wordpress\/plugins\/seo\/ -->\n<title>D\u00e9m\u00e9nageur de meubles hydraulique FM180 - INNOVEX Alg\u00e9rie | Manutention<\/title>\n<meta name=\"description\" content=\"D\u00e9m\u00e9nageurs de meuble hydrauliques FM180 sont fournis avec une sangle \u00e0 cliquet de 5m de largeur et 35 mm de large. Leur fonctionnement est simple\" \/>\n<meta name=\"robots\" content=\"index, follow, max-snippet:-1, max-image-preview:large, max-video-preview:-1\" \/>\n<link rel=\"canonical\" href=\"https:\/\/innovexalgerie.com\/manutention\/produit\/demenageur-de-meubles-hydraulique-fm180\/\" \/>\n<meta property=\"og:locale\" content=\"fr_FR\" \/>\n<meta property=\"og:type\" content=\"article\" \/>\n<meta property=\"og:title\" content=\"D\u00e9m\u00e9nageur de meubles hydraulique FM180 - INNOVEX Alg\u00e9rie | Manutention\" \/>\n<meta property=\"og:description\" content=\"D\u00e9m\u00e9nageurs de meuble hydrauliques FM180 sont fournis avec une sangle \u00e0 cliquet de 5m de largeur et 35 mm de large. Leur fonctionnement est simple\" \/>\n<meta property=\"og:url\" content=\"https:\/\/innovexalgerie.com\/manutention\/produit\/demenageur-de-meubles-hydraulique-fm180\/\" \/>\n<meta property=\"og:site_name\" content=\"INNOVEX Alg\u00e9rie | Manutention\" \/>\n<meta property=\"article:modified_time\" content=\"2026-04-15T11:55:31+00:00\" \/>\n<meta property=\"og:image\" content=\"https:\/\/innovexalgerie.com\/manutention\/wp-content\/uploads\/2024\/03\/1.png\" \/>\n\t<meta property=\"og:image:width\" content=\"1000\" \/>\n\t<meta property=\"og:image:height\" content=\"1000\" \/>\n\t<meta property=\"og:image:type\" content=\"image\/png\" \/>\n<meta name=\"twitter:card\" content=\"summary_large_image\" \/>\n<meta name=\"twitter:label1\" content=\"Dur\u00e9e de lecture estim\u00e9e\" \/>\n\t<meta name=\"twitter:data1\" content=\"1 minute\" \/>\n<script type=\"application\/ld+json\" class=\"yoast-schema-graph\">{\"@context\":\"https:\/\/schema.org\",\"@graph\":[{\"@type\":\"WebPage\",\"@id\":\"https:\/\/innovexalgerie.com\/manutention\/produit\/demenageur-de-meubles-hydraulique-fm180\/\",\"url\":\"https:\/\/innovexalgerie.com\/manutention\/produit\/demenageur-de-meubles-hydraulique-fm180\/\",\"name\":\"D\u00e9m\u00e9nageur de meubles hydraulique FM180 - INNOVEX Alg\u00e9rie | Manutention\",\"isPartOf\":{\"@id\":\"https:\/\/innovexalgerie.com\/manutention\/#website\"},\"primaryImageOfPage\":{\"@id\":\"https:\/\/innovexalgerie.com\/manutention\/produit\/demenageur-de-meubles-hydraulique-fm180\/#primaryimage\"},\"image\":{\"@id\":\"https:\/\/innovexalgerie.com\/manutention\/produit\/demenageur-de-meubles-hydraulique-fm180\/#primaryimage\"},\"thumbnailUrl\":\"https:\/\/innovexalgerie.com\/manutention\/wp-content\/uploads\/2024\/03\/1.png\",\"datePublished\":\"2024-03-18T12:16:43+00:00\",\"dateModified\":\"2026-04-15T11:55:31+00:00\",\"description\":\"D\u00e9m\u00e9nageurs de meuble hydrauliques FM180 sont fournis avec une sangle \u00e0 cliquet de 5m de largeur et 35 mm de large. Leur fonctionnement est simple\",\"breadcrumb\":{\"@id\":\"https:\/\/innovexalgerie.com\/manutention\/produit\/demenageur-de-meubles-hydraulique-fm180\/#breadcrumb\"},\"inLanguage\":\"fr-FR\",\"potentialAction\":[{\"@type\":\"ReadAction\",\"target\":[\"https:\/\/innovexalgerie.com\/manutention\/produit\/demenageur-de-meubles-hydraulique-fm180\/\"]}]},{\"@type\":\"ImageObject\",\"inLanguage\":\"fr-FR\",\"@id\":\"https:\/\/innovexalgerie.com\/manutention\/produit\/demenageur-de-meubles-hydraulique-fm180\/#primaryimage\",\"url\":\"https:\/\/innovexalgerie.com\/manutention\/wp-content\/uploads\/2024\/03\/1.png\",\"contentUrl\":\"https:\/\/innovexalgerie.com\/manutention\/wp-content\/uploads\/2024\/03\/1.png\",\"width\":1000,\"height\":1000,\"caption\":\"Demenageur de meubles hydraulique innovex algerie\"},{\"@type\":\"BreadcrumbList\",\"@id\":\"https:\/\/innovexalgerie.com\/manutention\/produit\/demenageur-de-meubles-hydraulique-fm180\/#breadcrumb\",\"itemListElement\":[{\"@type\":\"ListItem\",\"position\":1,\"name\":\"Accueil\",\"item\":\"https:\/\/innovexalgerie.com\/manutention\/\"},{\"@type\":\"ListItem\",\"position\":2,\"name\":\"Boutique\",\"item\":\"https:\/\/innovexalgerie.com\/manutention\/boutique\/\"},{\"@type\":\"ListItem\",\"position\":3,\"name\":\"D\u00e9m\u00e9nageur de meubles hydraulique FM180\"}]},{\"@type\":\"WebSite\",\"@id\":\"https:\/\/innovexalgerie.com\/manutention\/#website\",\"url\":\"https:\/\/innovexalgerie.com\/manutention\/\",\"name\":\"INNOVEX Alg\u00e9rie | Manutention\",\"description\":\"Manutention\",\"publisher\":{\"@id\":\"https:\/\/innovexalgerie.com\/manutention\/#organization\"},\"potentialAction\":[{\"@type\":\"SearchAction\",\"target\":{\"@type\":\"EntryPoint\",\"urlTemplate\":\"https:\/\/innovexalgerie.com\/manutention\/?s={search_term_string}\"},\"query-input\":\"required name=search_term_string\"}],\"inLanguage\":\"fr-FR\"},{\"@type\":\"Organization\",\"@id\":\"https:\/\/innovexalgerie.com\/manutention\/#organization\",\"name\":\"INNOVEX Alg\u00e9rie | Manutention\",\"url\":\"https:\/\/innovexalgerie.com\/manutention\/\",\"logo\":{\"@type\":\"ImageObject\",\"inLanguage\":\"fr-FR\",\"@id\":\"https:\/\/innovexalgerie.com\/manutention\/#\/schema\/logo\/image\/\",\"url\":\"https:\/\/innovexalgerie.com\/manutention\/wp-content\/uploads\/2022\/03\/innovex_manutention_logo.svg\",\"contentUrl\":\"https:\/\/innovexalgerie.com\/manutention\/wp-content\/uploads\/2022\/03\/innovex_manutention_logo.svg\",\"width\":133,\"height\":36,\"caption\":\"INNOVEX Alg\u00e9rie | Manutention\"},\"image\":{\"@id\":\"https:\/\/innovexalgerie.com\/manutention\/#\/schema\/logo\/image\/\"}}]}<\/script>\n<!-- \/ Yoast SEO plugin. -->","yoast_head_json":{"title":"D\u00e9m\u00e9nageur de meubles hydraulique FM180 - INNOVEX Alg\u00e9rie | Manutention","description":"D\u00e9m\u00e9nageurs de meuble hydrauliques FM180 sont fournis avec une sangle \u00e0 cliquet de 5m de largeur et 35 mm de large. Leur fonctionnement est simple","robots":{"index":"index","follow":"follow","max-snippet":"max-snippet:-1","max-image-preview":"max-image-preview:large","max-video-preview":"max-video-preview:-1"},"canonical":"https:\/\/innovexalgerie.com\/manutention\/produit\/demenageur-de-meubles-hydraulique-fm180\/","og_locale":"fr_FR","og_type":"article","og_title":"D\u00e9m\u00e9nageur de meubles hydraulique FM180 - INNOVEX Alg\u00e9rie | Manutention","og_description":"D\u00e9m\u00e9nageurs de meuble hydrauliques FM180 sont fournis avec une sangle \u00e0 cliquet de 5m de largeur et 35 mm de large. Leur fonctionnement est simple","og_url":"https:\/\/innovexalgerie.com\/manutention\/produit\/demenageur-de-meubles-hydraulique-fm180\/","og_site_name":"INNOVEX Alg\u00e9rie | Manutention","article_modified_time":"2026-04-15T11:55:31+00:00","og_image":[{"width":1000,"height":1000,"url":"https:\/\/innovexalgerie.com\/manutention\/wp-content\/uploads\/2024\/03\/1.png","type":"image\/png"}],"twitter_card":"summary_large_image","twitter_misc":{"Dur\u00e9e de lecture estim\u00e9e":"1 minute"},"schema":{"@context":"https:\/\/schema.org","@graph":[{"@type":"WebPage","@id":"https:\/\/innovexalgerie.com\/manutention\/produit\/demenageur-de-meubles-hydraulique-fm180\/","url":"https:\/\/innovexalgerie.com\/manutention\/produit\/demenageur-de-meubles-hydraulique-fm180\/","name":"D\u00e9m\u00e9nageur de meubles hydraulique FM180 - INNOVEX Alg\u00e9rie | Manutention","isPartOf":{"@id":"https:\/\/innovexalgerie.com\/manutention\/#website"},"primaryImageOfPage":{"@id":"https:\/\/innovexalgerie.com\/manutention\/produit\/demenageur-de-meubles-hydraulique-fm180\/#primaryimage"},"image":{"@id":"https:\/\/innovexalgerie.com\/manutention\/produit\/demenageur-de-meubles-hydraulique-fm180\/#primaryimage"},"thumbnailUrl":"https:\/\/innovexalgerie.com\/manutention\/wp-content\/uploads\/2024\/03\/1.png","datePublished":"2024-03-18T12:16:43+00:00","dateModified":"2026-04-15T11:55:31+00:00","description":"D\u00e9m\u00e9nageurs de meuble hydrauliques FM180 sont fournis avec une sangle \u00e0 cliquet de 5m de largeur et 35 mm de large. Leur fonctionnement est simple","breadcrumb":{"@id":"https:\/\/innovexalgerie.com\/manutention\/produit\/demenageur-de-meubles-hydraulique-fm180\/#breadcrumb"},"inLanguage":"fr-FR","potentialAction":[{"@type":"ReadAction","target":["https:\/\/innovexalgerie.com\/manutention\/produit\/demenageur-de-meubles-hydraulique-fm180\/"]}]},{"@type":"ImageObject","inLanguage":"fr-FR","@id":"https:\/\/innovexalgerie.com\/manutention\/produit\/demenageur-de-meubles-hydraulique-fm180\/#primaryimage","url":"https:\/\/innovexalgerie.com\/manutention\/wp-content\/uploads\/2024\/03\/1.png","contentUrl":"https:\/\/innovexalgerie.com\/manutention\/wp-content\/uploads\/2024\/03\/1.png","width":1000,"height":1000,"caption":"Demenageur de meubles hydraulique innovex algerie"},{"@type":"BreadcrumbList","@id":"https:\/\/innovexalgerie.com\/manutention\/produit\/demenageur-de-meubles-hydraulique-fm180\/#breadcrumb","itemListElement":[{"@type":"ListItem","position":1,"name":"Accueil","item":"https:\/\/innovexalgerie.com\/manutention\/"},{"@type":"ListItem","position":2,"name":"Boutique","item":"https:\/\/innovexalgerie.com\/manutention\/boutique\/"},{"@type":"ListItem","position":3,"name":"D\u00e9m\u00e9nageur de meubles hydraulique FM180"}]},{"@type":"WebSite","@id":"https:\/\/innovexalgerie.com\/manutention\/#website","url":"https:\/\/innovexalgerie.com\/manutention\/","name":"INNOVEX Alg\u00e9rie | Manutention","description":"Manutention","publisher":{"@id":"https:\/\/innovexalgerie.com\/manutention\/#organization"},"potentialAction":[{"@type":"SearchAction","target":{"@type":"EntryPoint","urlTemplate":"https:\/\/innovexalgerie.com\/manutention\/?s={search_term_string}"},"query-input":"required name=search_term_string"}],"inLanguage":"fr-FR"},{"@type":"Organization","@id":"https:\/\/innovexalgerie.com\/manutention\/#organization","name":"INNOVEX Alg\u00e9rie | Manutention","url":"https:\/\/innovexalgerie.com\/manutention\/","logo":{"@type":"ImageObject","inLanguage":"fr-FR","@id":"https:\/\/innovexalgerie.com\/manutention\/#\/schema\/logo\/image\/","url":"https:\/\/innovexalgerie.com\/manutention\/wp-content\/uploads\/2022\/03\/innovex_manutention_logo.svg","contentUrl":"https:\/\/innovexalgerie.com\/manutention\/wp-content\/uploads\/2022\/03\/innovex_manutention_logo.svg","width":133,"height":36,"caption":"INNOVEX Alg\u00e9rie | Manutention"},"image":{"@id":"https:\/\/innovexalgerie.com\/manutention\/#\/schema\/logo\/image\/"}}]}},"_links":{"self":[{"href":"https:\/\/innovexalgerie.com\/manutention\/wp-json\/wp\/v2\/product\/3602","targetHints":{"allow":["GET"]}}],"collection":[{"href":"https:\/\/innovexalgerie.com\/manutention\/wp-json\/wp\/v2\/product"}],"about":[{"href":"https:\/\/innovexalgerie.com\/manutention\/wp-json\/wp\/v2\/types\/product"}],"wp:featuredmedia":[{"embeddable":true,"href":"https:\/\/innovexalgerie.com\/manutention\/wp-json\/wp\/v2\/media\/3603"}],"wp:attachment":[{"href":"https:\/\/innovexalgerie.com\/manutention\/wp-json\/wp\/v2\/media?parent=3602"}],"wp:term":[{"taxonomy":"product_cat","embeddable":true,"href":"https:\/\/innovexalgerie.com\/manutention\/wp-json\/wp\/v2\/product_cat?post=3602"},{"taxonomy":"product_tag","embeddable":true,"href":"https:\/\/innovexalgerie.com\/manutention\/wp-json\/wp\/v2\/product_tag?post=3602"}],"curies":[{"name":"wp","href":"https:\/\/api.w.org\/{rel}","templated":true}]}}