{"id":3621,"date":"2024-03-20T09:43:30","date_gmt":"2024-03-20T08:43:30","guid":{"rendered":"https:\/\/innovexalgerie.com\/manutention\/?post_type=product&#038;p=3621"},"modified":"2024-05-07T09:33:13","modified_gmt":"2024-05-07T08:33:13","slug":"cric-chariot-elevateur-hfj-700","status":"publish","type":"product","link":"https:\/\/innovexalgerie.com\/manutention\/produit\/cric-chariot-elevateur-hfj-700\/","title":{"rendered":"Cric chariot \u00e9l\u00e9vateur HFJ-700"},"content":{"rendered":"<p>Cric chariot \u00e9l\u00e9vateur HFJ-700, dot\u00e9s d\u2019un levier pour contr\u00f4ler la descente, nos crics offrent une manipulation pr\u00e9cise et s\u00fbre des charges , Pliable, facile \u00e0 utiliser et \u00e0 d\u00e9placer, pratique pour les t\u00e2ches de levage dans les environnements industriels. Avec une hauteur de lev\u00e9e extr\u00eamement basse et 2 positions du crochet, nos crics permettent de soulever des charges basses avec facilit\u00e9, offrent une performance fiable et durable pour vos besoins de levage lourd.<\/p>\n","protected":false},"excerpt":{"rendered":"<p>Cric chariot \u00e9l\u00e9vateur con\u00e7u pour lever des charges lourdes jusqu&rsquo;\u00e0 7 tonnes, id\u00e9al pour l&rsquo;entretien des chariots \u00e9l\u00e9vateurs dans les entrep\u00f4ts ou les engins de chantier. Ce cric est un outil essentiel pour les professionnels n\u00e9cessitant une manipulation s\u00e9curis\u00e9e et efficace des charges lourdes.<\/p>\n","protected":false},"featured_media":3611,"template":"","meta":{"_monsterinsights_skip_tracking":false,"_monsterinsights_sitenote_active":false,"_monsterinsights_sitenote_note":"","_monsterinsights_sitenote_category":0},"product_cat":[23,73],"product_tag":[],"class_list":["post-3621","product","type-product","status-publish","has-post-thumbnail","hentry","product_cat-accessoires","product_cat-cric-chariot-elevateur"],"acf":[],"yoast_head":"<!-- This site is optimized with the Yoast SEO plugin v22.6 - https:\/\/yoast.com\/wordpress\/plugins\/seo\/ -->\n<title>Cric chariot \u00e9l\u00e9vateur HFJ-700 - INNOVEX Alg\u00e9rie | Manutention<\/title>\n<meta name=\"robots\" content=\"index, follow, max-snippet:-1, max-image-preview:large, max-video-preview:-1\" \/>\n<link rel=\"canonical\" href=\"https:\/\/innovexalgerie.com\/manutention\/produit\/cric-chariot-elevateur-hfj-700\/\" \/>\n<meta property=\"og:locale\" content=\"fr_FR\" \/>\n<meta property=\"og:type\" content=\"article\" \/>\n<meta property=\"og:title\" content=\"Cric chariot \u00e9l\u00e9vateur HFJ-700 - INNOVEX Alg\u00e9rie | Manutention\" \/>\n<meta property=\"og:description\" content=\"Cric chariot \u00e9l\u00e9vateur con\u00e7u pour lever des charges lourdes jusqu&#039;\u00e0 7 tonnes, id\u00e9al pour l&#039;entretien des chariots \u00e9l\u00e9vateurs dans les entrep\u00f4ts ou les engins de chantier. Ce cric est un outil essentiel pour les professionnels n\u00e9cessitant une manipulation s\u00e9curis\u00e9e et efficace des charges lourdes.\" \/>\n<meta property=\"og:url\" content=\"https:\/\/innovexalgerie.com\/manutention\/produit\/cric-chariot-elevateur-hfj-700\/\" \/>\n<meta property=\"og:site_name\" content=\"INNOVEX Alg\u00e9rie | Manutention\" \/>\n<meta property=\"article:modified_time\" content=\"2024-05-07T08:33:13+00:00\" \/>\n<meta property=\"og:image\" content=\"https:\/\/innovexalgerie.com\/manutention\/wp-content\/uploads\/2024\/03\/2.png\" \/>\n\t<meta property=\"og:image:width\" content=\"1000\" \/>\n\t<meta property=\"og:image:height\" content=\"1000\" \/>\n\t<meta property=\"og:image:type\" content=\"image\/png\" \/>\n<meta name=\"twitter:card\" content=\"summary_large_image\" \/>\n<meta name=\"twitter:label1\" content=\"Dur\u00e9e de lecture estim\u00e9e\" \/>\n\t<meta name=\"twitter:data1\" content=\"1 minute\" \/>\n<script type=\"application\/ld+json\" class=\"yoast-schema-graph\">{\"@context\":\"https:\/\/schema.org\",\"@graph\":[{\"@type\":\"WebPage\",\"@id\":\"https:\/\/innovexalgerie.com\/manutention\/produit\/cric-chariot-elevateur-hfj-700\/\",\"url\":\"https:\/\/innovexalgerie.com\/manutention\/produit\/cric-chariot-elevateur-hfj-700\/\",\"name\":\"Cric chariot \u00e9l\u00e9vateur HFJ-700 - INNOVEX Alg\u00e9rie | Manutention\",\"isPartOf\":{\"@id\":\"https:\/\/innovexalgerie.com\/manutention\/#website\"},\"primaryImageOfPage\":{\"@id\":\"https:\/\/innovexalgerie.com\/manutention\/produit\/cric-chariot-elevateur-hfj-700\/#primaryimage\"},\"image\":{\"@id\":\"https:\/\/innovexalgerie.com\/manutention\/produit\/cric-chariot-elevateur-hfj-700\/#primaryimage\"},\"thumbnailUrl\":\"https:\/\/innovexalgerie.com\/manutention\/wp-content\/uploads\/2024\/03\/2.png\",\"datePublished\":\"2024-03-20T08:43:30+00:00\",\"dateModified\":\"2024-05-07T08:33:13+00:00\",\"breadcrumb\":{\"@id\":\"https:\/\/innovexalgerie.com\/manutention\/produit\/cric-chariot-elevateur-hfj-700\/#breadcrumb\"},\"inLanguage\":\"fr-FR\",\"potentialAction\":[{\"@type\":\"ReadAction\",\"target\":[\"https:\/\/innovexalgerie.com\/manutention\/produit\/cric-chariot-elevateur-hfj-700\/\"]}]},{\"@type\":\"ImageObject\",\"inLanguage\":\"fr-FR\",\"@id\":\"https:\/\/innovexalgerie.com\/manutention\/produit\/cric-chariot-elevateur-hfj-700\/#primaryimage\",\"url\":\"https:\/\/innovexalgerie.com\/manutention\/wp-content\/uploads\/2024\/03\/2.png\",\"contentUrl\":\"https:\/\/innovexalgerie.com\/manutention\/wp-content\/uploads\/2024\/03\/2.png\",\"width\":1000,\"height\":1000,\"caption\":\"Cric chariot \u00e9l\u00e9vateur\"},{\"@type\":\"BreadcrumbList\",\"@id\":\"https:\/\/innovexalgerie.com\/manutention\/produit\/cric-chariot-elevateur-hfj-700\/#breadcrumb\",\"itemListElement\":[{\"@type\":\"ListItem\",\"position\":1,\"name\":\"Accueil\",\"item\":\"https:\/\/innovexalgerie.com\/manutention\/\"},{\"@type\":\"ListItem\",\"position\":2,\"name\":\"Boutique\",\"item\":\"https:\/\/innovexalgerie.com\/manutention\/boutique\/\"},{\"@type\":\"ListItem\",\"position\":3,\"name\":\"Cric chariot \u00e9l\u00e9vateur HFJ-700\"}]},{\"@type\":\"WebSite\",\"@id\":\"https:\/\/innovexalgerie.com\/manutention\/#website\",\"url\":\"https:\/\/innovexalgerie.com\/manutention\/\",\"name\":\"INNOVEX Alg\u00e9rie | Manutention\",\"description\":\"Manutention\",\"publisher\":{\"@id\":\"https:\/\/innovexalgerie.com\/manutention\/#organization\"},\"potentialAction\":[{\"@type\":\"SearchAction\",\"target\":{\"@type\":\"EntryPoint\",\"urlTemplate\":\"https:\/\/innovexalgerie.com\/manutention\/?s={search_term_string}\"},\"query-input\":\"required name=search_term_string\"}],\"inLanguage\":\"fr-FR\"},{\"@type\":\"Organization\",\"@id\":\"https:\/\/innovexalgerie.com\/manutention\/#organization\",\"name\":\"INNOVEX Alg\u00e9rie | Manutention\",\"url\":\"https:\/\/innovexalgerie.com\/manutention\/\",\"logo\":{\"@type\":\"ImageObject\",\"inLanguage\":\"fr-FR\",\"@id\":\"https:\/\/innovexalgerie.com\/manutention\/#\/schema\/logo\/image\/\",\"url\":\"https:\/\/innovexalgerie.com\/manutention\/wp-content\/uploads\/2022\/03\/innovex_manutention_logo.svg\",\"contentUrl\":\"https:\/\/innovexalgerie.com\/manutention\/wp-content\/uploads\/2022\/03\/innovex_manutention_logo.svg\",\"width\":133,\"height\":36,\"caption\":\"INNOVEX Alg\u00e9rie | Manutention\"},\"image\":{\"@id\":\"https:\/\/innovexalgerie.com\/manutention\/#\/schema\/logo\/image\/\"}}]}<\/script>\n<!-- \/ Yoast SEO plugin. -->","yoast_head_json":{"title":"Cric chariot \u00e9l\u00e9vateur HFJ-700 - INNOVEX Alg\u00e9rie | Manutention","robots":{"index":"index","follow":"follow","max-snippet":"max-snippet:-1","max-image-preview":"max-image-preview:large","max-video-preview":"max-video-preview:-1"},"canonical":"https:\/\/innovexalgerie.com\/manutention\/produit\/cric-chariot-elevateur-hfj-700\/","og_locale":"fr_FR","og_type":"article","og_title":"Cric chariot \u00e9l\u00e9vateur HFJ-700 - INNOVEX Alg\u00e9rie | Manutention","og_description":"Cric chariot \u00e9l\u00e9vateur con\u00e7u pour lever des charges lourdes jusqu'\u00e0 7 tonnes, id\u00e9al pour l'entretien des chariots \u00e9l\u00e9vateurs dans les entrep\u00f4ts ou les engins de chantier. Ce cric est un outil essentiel pour les professionnels n\u00e9cessitant une manipulation s\u00e9curis\u00e9e et efficace des charges lourdes.","og_url":"https:\/\/innovexalgerie.com\/manutention\/produit\/cric-chariot-elevateur-hfj-700\/","og_site_name":"INNOVEX Alg\u00e9rie | Manutention","article_modified_time":"2024-05-07T08:33:13+00:00","og_image":[{"width":1000,"height":1000,"url":"https:\/\/innovexalgerie.com\/manutention\/wp-content\/uploads\/2024\/03\/2.png","type":"image\/png"}],"twitter_card":"summary_large_image","twitter_misc":{"Dur\u00e9e de lecture estim\u00e9e":"1 minute"},"schema":{"@context":"https:\/\/schema.org","@graph":[{"@type":"WebPage","@id":"https:\/\/innovexalgerie.com\/manutention\/produit\/cric-chariot-elevateur-hfj-700\/","url":"https:\/\/innovexalgerie.com\/manutention\/produit\/cric-chariot-elevateur-hfj-700\/","name":"Cric chariot \u00e9l\u00e9vateur HFJ-700 - INNOVEX Alg\u00e9rie | Manutention","isPartOf":{"@id":"https:\/\/innovexalgerie.com\/manutention\/#website"},"primaryImageOfPage":{"@id":"https:\/\/innovexalgerie.com\/manutention\/produit\/cric-chariot-elevateur-hfj-700\/#primaryimage"},"image":{"@id":"https:\/\/innovexalgerie.com\/manutention\/produit\/cric-chariot-elevateur-hfj-700\/#primaryimage"},"thumbnailUrl":"https:\/\/innovexalgerie.com\/manutention\/wp-content\/uploads\/2024\/03\/2.png","datePublished":"2024-03-20T08:43:30+00:00","dateModified":"2024-05-07T08:33:13+00:00","breadcrumb":{"@id":"https:\/\/innovexalgerie.com\/manutention\/produit\/cric-chariot-elevateur-hfj-700\/#breadcrumb"},"inLanguage":"fr-FR","potentialAction":[{"@type":"ReadAction","target":["https:\/\/innovexalgerie.com\/manutention\/produit\/cric-chariot-elevateur-hfj-700\/"]}]},{"@type":"ImageObject","inLanguage":"fr-FR","@id":"https:\/\/innovexalgerie.com\/manutention\/produit\/cric-chariot-elevateur-hfj-700\/#primaryimage","url":"https:\/\/innovexalgerie.com\/manutention\/wp-content\/uploads\/2024\/03\/2.png","contentUrl":"https:\/\/innovexalgerie.com\/manutention\/wp-content\/uploads\/2024\/03\/2.png","width":1000,"height":1000,"caption":"Cric chariot \u00e9l\u00e9vateur"},{"@type":"BreadcrumbList","@id":"https:\/\/innovexalgerie.com\/manutention\/produit\/cric-chariot-elevateur-hfj-700\/#breadcrumb","itemListElement":[{"@type":"ListItem","position":1,"name":"Accueil","item":"https:\/\/innovexalgerie.com\/manutention\/"},{"@type":"ListItem","position":2,"name":"Boutique","item":"https:\/\/innovexalgerie.com\/manutention\/boutique\/"},{"@type":"ListItem","position":3,"name":"Cric chariot \u00e9l\u00e9vateur HFJ-700"}]},{"@type":"WebSite","@id":"https:\/\/innovexalgerie.com\/manutention\/#website","url":"https:\/\/innovexalgerie.com\/manutention\/","name":"INNOVEX Alg\u00e9rie | Manutention","description":"Manutention","publisher":{"@id":"https:\/\/innovexalgerie.com\/manutention\/#organization"},"potentialAction":[{"@type":"SearchAction","target":{"@type":"EntryPoint","urlTemplate":"https:\/\/innovexalgerie.com\/manutention\/?s={search_term_string}"},"query-input":"required name=search_term_string"}],"inLanguage":"fr-FR"},{"@type":"Organization","@id":"https:\/\/innovexalgerie.com\/manutention\/#organization","name":"INNOVEX Alg\u00e9rie | Manutention","url":"https:\/\/innovexalgerie.com\/manutention\/","logo":{"@type":"ImageObject","inLanguage":"fr-FR","@id":"https:\/\/innovexalgerie.com\/manutention\/#\/schema\/logo\/image\/","url":"https:\/\/innovexalgerie.com\/manutention\/wp-content\/uploads\/2022\/03\/innovex_manutention_logo.svg","contentUrl":"https:\/\/innovexalgerie.com\/manutention\/wp-content\/uploads\/2022\/03\/innovex_manutention_logo.svg","width":133,"height":36,"caption":"INNOVEX Alg\u00e9rie | Manutention"},"image":{"@id":"https:\/\/innovexalgerie.com\/manutention\/#\/schema\/logo\/image\/"}}]}},"_links":{"self":[{"href":"https:\/\/innovexalgerie.com\/manutention\/wp-json\/wp\/v2\/product\/3621","targetHints":{"allow":["GET"]}}],"collection":[{"href":"https:\/\/innovexalgerie.com\/manutention\/wp-json\/wp\/v2\/product"}],"about":[{"href":"https:\/\/innovexalgerie.com\/manutention\/wp-json\/wp\/v2\/types\/product"}],"wp:featuredmedia":[{"embeddable":true,"href":"https:\/\/innovexalgerie.com\/manutention\/wp-json\/wp\/v2\/media\/3611"}],"wp:attachment":[{"href":"https:\/\/innovexalgerie.com\/manutention\/wp-json\/wp\/v2\/media?parent=3621"}],"wp:term":[{"taxonomy":"product_cat","embeddable":true,"href":"https:\/\/innovexalgerie.com\/manutention\/wp-json\/wp\/v2\/product_cat?post=3621"},{"taxonomy":"product_tag","embeddable":true,"href":"https:\/\/innovexalgerie.com\/manutention\/wp-json\/wp\/v2\/product_tag?post=3621"}],"curies":[{"name":"wp","href":"https:\/\/api.w.org\/{rel}","templated":true}]}}