{"id":3622,"date":"2024-03-20T09:51:46","date_gmt":"2024-03-20T08:51:46","guid":{"rendered":"https:\/\/innovexalgerie.com\/manutention\/?post_type=product&#038;p=3622"},"modified":"2026-04-15T12:53:59","modified_gmt":"2026-04-15T11:53:59","slug":"support-de-stockage-de-fut-horizantal-ny-100-double","status":"publish","type":"product","link":"https:\/\/innovexalgerie.com\/manutention\/produit\/support-de-stockage-de-fut-horizantal-ny-100-double\/","title":{"rendered":"Support de stockage de f\u00fbt horizantal ny-100 double"},"content":{"rendered":"<p>Support de stockage de f\u00fbt horizantal ny-100 double offre une grande polyvalence et capacit\u00e9 en pouvant accueillir des f\u00fbts en acier et en plastique de 200L, assurant ainsi un stockage efficace. De plus, ils disposent de 4 acc\u00e8s en hauteur pour un acc\u00e8s facile au chariot \u00e9l\u00e9vateur dans toutes les directions. Pour garantir la s\u00e9curit\u00e9 et l&rsquo;efficacit\u00e9, il est recommand\u00e9 de ne pas empiler plus de 4 supports en hauteur. Ces \u00e9quipements empilables sont pratiques et peu encombrants, id\u00e9aux pour le stockage s\u00fbr et l&rsquo;optimisation de l&rsquo;espace dans votre entrep\u00f4t.<\/p>\n","protected":false},"excerpt":{"rendered":"<p>support de stockage de f\u00fbts en acier soud\u00e9, accessible par chariot \u00e9l\u00e9vateur, con\u00e7u pour augmenter l&rsquo;utilit\u00e9 de l&rsquo;espace au sol en empilant et en stockant les f\u00fbts en position horizontale. Cet \u00e9quipement offre une solution pratique et s\u00e9curis\u00e9e pour le stockage de vos f\u00fbts en acier et en plastique de 200L, tout en optimisant l&rsquo;espace disponible dans votre entrep\u00f4t.<\/p>\n","protected":false},"featured_media":3623,"template":"","meta":{"_monsterinsights_skip_tracking":false,"_monsterinsights_sitenote_active":false,"_monsterinsights_sitenote_note":"","_monsterinsights_sitenote_category":0},"product_cat":[74,34],"product_tag":[],"class_list":["post-3622","product","type-product","status-publish","has-post-thumbnail","hentry","product_cat-support-de-stockage-de-fut","product_cat-manutention-des-futs"],"acf":[],"yoast_head":"<!-- This site is optimized with the Yoast SEO plugin v22.6 - https:\/\/yoast.com\/wordpress\/plugins\/seo\/ -->\n<title>Support de stockage de f\u00fbt horizantal ny-100 double - INNOVEX Alg\u00e9rie | Manutention<\/title>\n<meta name=\"robots\" content=\"index, follow, max-snippet:-1, max-image-preview:large, max-video-preview:-1\" \/>\n<link rel=\"canonical\" href=\"https:\/\/innovexalgerie.com\/manutention\/produit\/support-de-stockage-de-fut-horizantal-ny-100-double\/\" \/>\n<meta property=\"og:locale\" content=\"fr_FR\" \/>\n<meta property=\"og:type\" content=\"article\" \/>\n<meta property=\"og:title\" content=\"Support de stockage de f\u00fbt horizantal ny-100 double - INNOVEX Alg\u00e9rie | Manutention\" \/>\n<meta property=\"og:description\" content=\"support de stockage de f\u00fbts en acier soud\u00e9, accessible par chariot \u00e9l\u00e9vateur, con\u00e7u pour augmenter l&#039;utilit\u00e9 de l&#039;espace au sol en empilant et en stockant les f\u00fbts en position horizontale. Cet \u00e9quipement offre une solution pratique et s\u00e9curis\u00e9e pour le stockage de vos f\u00fbts en acier et en plastique de 200L, tout en optimisant l&#039;espace disponible dans votre entrep\u00f4t.\" \/>\n<meta property=\"og:url\" content=\"https:\/\/innovexalgerie.com\/manutention\/produit\/support-de-stockage-de-fut-horizantal-ny-100-double\/\" \/>\n<meta property=\"og:site_name\" content=\"INNOVEX Alg\u00e9rie | Manutention\" \/>\n<meta property=\"article:modified_time\" content=\"2026-04-15T11:53:59+00:00\" \/>\n<meta property=\"og:image\" content=\"https:\/\/innovexalgerie.com\/manutention\/wp-content\/uploads\/2024\/03\/3.png\" \/>\n\t<meta property=\"og:image:width\" content=\"1000\" \/>\n\t<meta property=\"og:image:height\" content=\"1000\" \/>\n\t<meta property=\"og:image:type\" content=\"image\/png\" \/>\n<meta name=\"twitter:card\" content=\"summary_large_image\" \/>\n<meta name=\"twitter:label1\" content=\"Dur\u00e9e de lecture estim\u00e9e\" \/>\n\t<meta name=\"twitter:data1\" content=\"1 minute\" \/>\n<script type=\"application\/ld+json\" class=\"yoast-schema-graph\">{\"@context\":\"https:\/\/schema.org\",\"@graph\":[{\"@type\":\"WebPage\",\"@id\":\"https:\/\/innovexalgerie.com\/manutention\/produit\/support-de-stockage-de-fut-horizantal-ny-100-double\/\",\"url\":\"https:\/\/innovexalgerie.com\/manutention\/produit\/support-de-stockage-de-fut-horizantal-ny-100-double\/\",\"name\":\"Support de stockage de f\u00fbt horizantal ny-100 double - INNOVEX Alg\u00e9rie | Manutention\",\"isPartOf\":{\"@id\":\"https:\/\/innovexalgerie.com\/manutention\/#website\"},\"primaryImageOfPage\":{\"@id\":\"https:\/\/innovexalgerie.com\/manutention\/produit\/support-de-stockage-de-fut-horizantal-ny-100-double\/#primaryimage\"},\"image\":{\"@id\":\"https:\/\/innovexalgerie.com\/manutention\/produit\/support-de-stockage-de-fut-horizantal-ny-100-double\/#primaryimage\"},\"thumbnailUrl\":\"https:\/\/innovexalgerie.com\/manutention\/wp-content\/uploads\/2024\/03\/3.png\",\"datePublished\":\"2024-03-20T08:51:46+00:00\",\"dateModified\":\"2026-04-15T11:53:59+00:00\",\"breadcrumb\":{\"@id\":\"https:\/\/innovexalgerie.com\/manutention\/produit\/support-de-stockage-de-fut-horizantal-ny-100-double\/#breadcrumb\"},\"inLanguage\":\"fr-FR\",\"potentialAction\":[{\"@type\":\"ReadAction\",\"target\":[\"https:\/\/innovexalgerie.com\/manutention\/produit\/support-de-stockage-de-fut-horizantal-ny-100-double\/\"]}]},{\"@type\":\"ImageObject\",\"inLanguage\":\"fr-FR\",\"@id\":\"https:\/\/innovexalgerie.com\/manutention\/produit\/support-de-stockage-de-fut-horizantal-ny-100-double\/#primaryimage\",\"url\":\"https:\/\/innovexalgerie.com\/manutention\/wp-content\/uploads\/2024\/03\/3.png\",\"contentUrl\":\"https:\/\/innovexalgerie.com\/manutention\/wp-content\/uploads\/2024\/03\/3.png\",\"width\":1000,\"height\":1000,\"caption\":\"Support de stockage de f\u00fbt\"},{\"@type\":\"BreadcrumbList\",\"@id\":\"https:\/\/innovexalgerie.com\/manutention\/produit\/support-de-stockage-de-fut-horizantal-ny-100-double\/#breadcrumb\",\"itemListElement\":[{\"@type\":\"ListItem\",\"position\":1,\"name\":\"Accueil\",\"item\":\"https:\/\/innovexalgerie.com\/manutention\/\"},{\"@type\":\"ListItem\",\"position\":2,\"name\":\"Boutique\",\"item\":\"https:\/\/innovexalgerie.com\/manutention\/boutique\/\"},{\"@type\":\"ListItem\",\"position\":3,\"name\":\"Support de stockage de f\u00fbt horizantal ny-100 double\"}]},{\"@type\":\"WebSite\",\"@id\":\"https:\/\/innovexalgerie.com\/manutention\/#website\",\"url\":\"https:\/\/innovexalgerie.com\/manutention\/\",\"name\":\"INNOVEX Alg\u00e9rie | Manutention\",\"description\":\"Manutention\",\"publisher\":{\"@id\":\"https:\/\/innovexalgerie.com\/manutention\/#organization\"},\"potentialAction\":[{\"@type\":\"SearchAction\",\"target\":{\"@type\":\"EntryPoint\",\"urlTemplate\":\"https:\/\/innovexalgerie.com\/manutention\/?s={search_term_string}\"},\"query-input\":\"required name=search_term_string\"}],\"inLanguage\":\"fr-FR\"},{\"@type\":\"Organization\",\"@id\":\"https:\/\/innovexalgerie.com\/manutention\/#organization\",\"name\":\"INNOVEX Alg\u00e9rie | Manutention\",\"url\":\"https:\/\/innovexalgerie.com\/manutention\/\",\"logo\":{\"@type\":\"ImageObject\",\"inLanguage\":\"fr-FR\",\"@id\":\"https:\/\/innovexalgerie.com\/manutention\/#\/schema\/logo\/image\/\",\"url\":\"https:\/\/innovexalgerie.com\/manutention\/wp-content\/uploads\/2022\/03\/innovex_manutention_logo.svg\",\"contentUrl\":\"https:\/\/innovexalgerie.com\/manutention\/wp-content\/uploads\/2022\/03\/innovex_manutention_logo.svg\",\"width\":133,\"height\":36,\"caption\":\"INNOVEX Alg\u00e9rie | Manutention\"},\"image\":{\"@id\":\"https:\/\/innovexalgerie.com\/manutention\/#\/schema\/logo\/image\/\"}}]}<\/script>\n<!-- \/ Yoast SEO plugin. -->","yoast_head_json":{"title":"Support de stockage de f\u00fbt horizantal ny-100 double - INNOVEX Alg\u00e9rie | Manutention","robots":{"index":"index","follow":"follow","max-snippet":"max-snippet:-1","max-image-preview":"max-image-preview:large","max-video-preview":"max-video-preview:-1"},"canonical":"https:\/\/innovexalgerie.com\/manutention\/produit\/support-de-stockage-de-fut-horizantal-ny-100-double\/","og_locale":"fr_FR","og_type":"article","og_title":"Support de stockage de f\u00fbt horizantal ny-100 double - INNOVEX Alg\u00e9rie | Manutention","og_description":"support de stockage de f\u00fbts en acier soud\u00e9, accessible par chariot \u00e9l\u00e9vateur, con\u00e7u pour augmenter l'utilit\u00e9 de l'espace au sol en empilant et en stockant les f\u00fbts en position horizontale. Cet \u00e9quipement offre une solution pratique et s\u00e9curis\u00e9e pour le stockage de vos f\u00fbts en acier et en plastique de 200L, tout en optimisant l'espace disponible dans votre entrep\u00f4t.","og_url":"https:\/\/innovexalgerie.com\/manutention\/produit\/support-de-stockage-de-fut-horizantal-ny-100-double\/","og_site_name":"INNOVEX Alg\u00e9rie | Manutention","article_modified_time":"2026-04-15T11:53:59+00:00","og_image":[{"width":1000,"height":1000,"url":"https:\/\/innovexalgerie.com\/manutention\/wp-content\/uploads\/2024\/03\/3.png","type":"image\/png"}],"twitter_card":"summary_large_image","twitter_misc":{"Dur\u00e9e de lecture estim\u00e9e":"1 minute"},"schema":{"@context":"https:\/\/schema.org","@graph":[{"@type":"WebPage","@id":"https:\/\/innovexalgerie.com\/manutention\/produit\/support-de-stockage-de-fut-horizantal-ny-100-double\/","url":"https:\/\/innovexalgerie.com\/manutention\/produit\/support-de-stockage-de-fut-horizantal-ny-100-double\/","name":"Support de stockage de f\u00fbt horizantal ny-100 double - INNOVEX Alg\u00e9rie | Manutention","isPartOf":{"@id":"https:\/\/innovexalgerie.com\/manutention\/#website"},"primaryImageOfPage":{"@id":"https:\/\/innovexalgerie.com\/manutention\/produit\/support-de-stockage-de-fut-horizantal-ny-100-double\/#primaryimage"},"image":{"@id":"https:\/\/innovexalgerie.com\/manutention\/produit\/support-de-stockage-de-fut-horizantal-ny-100-double\/#primaryimage"},"thumbnailUrl":"https:\/\/innovexalgerie.com\/manutention\/wp-content\/uploads\/2024\/03\/3.png","datePublished":"2024-03-20T08:51:46+00:00","dateModified":"2026-04-15T11:53:59+00:00","breadcrumb":{"@id":"https:\/\/innovexalgerie.com\/manutention\/produit\/support-de-stockage-de-fut-horizantal-ny-100-double\/#breadcrumb"},"inLanguage":"fr-FR","potentialAction":[{"@type":"ReadAction","target":["https:\/\/innovexalgerie.com\/manutention\/produit\/support-de-stockage-de-fut-horizantal-ny-100-double\/"]}]},{"@type":"ImageObject","inLanguage":"fr-FR","@id":"https:\/\/innovexalgerie.com\/manutention\/produit\/support-de-stockage-de-fut-horizantal-ny-100-double\/#primaryimage","url":"https:\/\/innovexalgerie.com\/manutention\/wp-content\/uploads\/2024\/03\/3.png","contentUrl":"https:\/\/innovexalgerie.com\/manutention\/wp-content\/uploads\/2024\/03\/3.png","width":1000,"height":1000,"caption":"Support de stockage de f\u00fbt"},{"@type":"BreadcrumbList","@id":"https:\/\/innovexalgerie.com\/manutention\/produit\/support-de-stockage-de-fut-horizantal-ny-100-double\/#breadcrumb","itemListElement":[{"@type":"ListItem","position":1,"name":"Accueil","item":"https:\/\/innovexalgerie.com\/manutention\/"},{"@type":"ListItem","position":2,"name":"Boutique","item":"https:\/\/innovexalgerie.com\/manutention\/boutique\/"},{"@type":"ListItem","position":3,"name":"Support de stockage de f\u00fbt horizantal ny-100 double"}]},{"@type":"WebSite","@id":"https:\/\/innovexalgerie.com\/manutention\/#website","url":"https:\/\/innovexalgerie.com\/manutention\/","name":"INNOVEX Alg\u00e9rie | Manutention","description":"Manutention","publisher":{"@id":"https:\/\/innovexalgerie.com\/manutention\/#organization"},"potentialAction":[{"@type":"SearchAction","target":{"@type":"EntryPoint","urlTemplate":"https:\/\/innovexalgerie.com\/manutention\/?s={search_term_string}"},"query-input":"required name=search_term_string"}],"inLanguage":"fr-FR"},{"@type":"Organization","@id":"https:\/\/innovexalgerie.com\/manutention\/#organization","name":"INNOVEX Alg\u00e9rie | Manutention","url":"https:\/\/innovexalgerie.com\/manutention\/","logo":{"@type":"ImageObject","inLanguage":"fr-FR","@id":"https:\/\/innovexalgerie.com\/manutention\/#\/schema\/logo\/image\/","url":"https:\/\/innovexalgerie.com\/manutention\/wp-content\/uploads\/2022\/03\/innovex_manutention_logo.svg","contentUrl":"https:\/\/innovexalgerie.com\/manutention\/wp-content\/uploads\/2022\/03\/innovex_manutention_logo.svg","width":133,"height":36,"caption":"INNOVEX Alg\u00e9rie | Manutention"},"image":{"@id":"https:\/\/innovexalgerie.com\/manutention\/#\/schema\/logo\/image\/"}}]}},"_links":{"self":[{"href":"https:\/\/innovexalgerie.com\/manutention\/wp-json\/wp\/v2\/product\/3622","targetHints":{"allow":["GET"]}}],"collection":[{"href":"https:\/\/innovexalgerie.com\/manutention\/wp-json\/wp\/v2\/product"}],"about":[{"href":"https:\/\/innovexalgerie.com\/manutention\/wp-json\/wp\/v2\/types\/product"}],"wp:featuredmedia":[{"embeddable":true,"href":"https:\/\/innovexalgerie.com\/manutention\/wp-json\/wp\/v2\/media\/3623"}],"wp:attachment":[{"href":"https:\/\/innovexalgerie.com\/manutention\/wp-json\/wp\/v2\/media?parent=3622"}],"wp:term":[{"taxonomy":"product_cat","embeddable":true,"href":"https:\/\/innovexalgerie.com\/manutention\/wp-json\/wp\/v2\/product_cat?post=3622"},{"taxonomy":"product_tag","embeddable":true,"href":"https:\/\/innovexalgerie.com\/manutention\/wp-json\/wp\/v2\/product_tag?post=3622"}],"curies":[{"name":"wp","href":"https:\/\/api.w.org\/{rel}","templated":true}]}}