{"id":3629,"date":"2024-03-20T12:42:50","date_gmt":"2024-03-20T11:42:50","guid":{"rendered":"https:\/\/innovexalgerie.com\/manutention\/?post_type=product&#038;p=3629"},"modified":"2026-04-15T12:54:11","modified_gmt":"2026-04-15T11:54:11","slug":"support-de-stockage-horizontal-avec-roulettes-ny-100a-double","status":"publish","type":"product","link":"https:\/\/innovexalgerie.com\/manutention\/produit\/support-de-stockage-horizontal-avec-roulettes-ny-100a-double\/","title":{"rendered":"Support de stockage horizontal avec roulettes ny-100A double"},"content":{"rendered":"<p>Support de stockage horizontal avec roulettes ny-100A double offre une grande polyvalence et capacit\u00e9 en pouvant accueillir des f\u00fbts en acier et en plastique de 200L, avec la possibilit\u00e9 de stocker 2 ou 3 f\u00fbts tout en offrant 4 acc\u00e8s en hauteur pour une manipulation ais\u00e9e. De plus, ils garantissent une s\u00e9curit\u00e9 maximale en ne permettant pas d&#8217;empiler plus de 4 supports en hauteur, ce qui en fait un \u00e9quipement id\u00e9al pour le stockage s\u00fbr et l&rsquo;optimisation de l&rsquo;espace dans votre entrep\u00f4t.<\/p>\n","protected":false},"excerpt":{"rendered":"<p>Support de stockage horizontal avec roulettes ny-100A double avec roulette, accessible par chariot \u00e9l\u00e9vateur, con\u00e7u pour augmenter l&rsquo;utilit\u00e9 de l&rsquo;espace au sol en empilant et en stockant les f\u00fbts en position horizontale. Cet \u00e9quipement offre une solution pratique et efficace pour le stockage s\u00e9curis\u00e9 de vos f\u00fbts en acier et en plastique de 200L tout en optimisant l&rsquo;espace dans votre entrep\u00f4t.<\/p>\n","protected":false},"featured_media":3630,"template":"","meta":{"_monsterinsights_skip_tracking":false,"_monsterinsights_sitenote_active":false,"_monsterinsights_sitenote_note":"","_monsterinsights_sitenote_category":0},"product_cat":[74,34],"product_tag":[],"class_list":["post-3629","product","type-product","status-publish","has-post-thumbnail","hentry","product_cat-support-de-stockage-de-fut","product_cat-manutention-des-futs"],"acf":[],"yoast_head":"<!-- This site is optimized with the Yoast SEO plugin v22.6 - https:\/\/yoast.com\/wordpress\/plugins\/seo\/ -->\n<title>Support de stockage horizontal avec roulettes ny-100A double - INNOVEX Alg\u00e9rie | Manutention<\/title>\n<meta name=\"robots\" content=\"index, follow, max-snippet:-1, max-image-preview:large, max-video-preview:-1\" \/>\n<link rel=\"canonical\" href=\"https:\/\/innovexalgerie.com\/manutention\/produit\/support-de-stockage-horizontal-avec-roulettes-ny-100a-double\/\" \/>\n<meta property=\"og:locale\" content=\"fr_FR\" \/>\n<meta property=\"og:type\" content=\"article\" \/>\n<meta property=\"og:title\" content=\"Support de stockage horizontal avec roulettes ny-100A double - INNOVEX Alg\u00e9rie | Manutention\" \/>\n<meta property=\"og:description\" content=\"Support de stockage horizontal avec roulettes ny-100A double avec roulette, accessible par chariot \u00e9l\u00e9vateur, con\u00e7u pour augmenter l&#039;utilit\u00e9 de l&#039;espace au sol en empilant et en stockant les f\u00fbts en position horizontale. Cet \u00e9quipement offre une solution pratique et efficace pour le stockage s\u00e9curis\u00e9 de vos f\u00fbts en acier et en plastique de 200L tout en optimisant l&#039;espace dans votre entrep\u00f4t.\" \/>\n<meta property=\"og:url\" content=\"https:\/\/innovexalgerie.com\/manutention\/produit\/support-de-stockage-horizontal-avec-roulettes-ny-100a-double\/\" \/>\n<meta property=\"og:site_name\" content=\"INNOVEX Alg\u00e9rie | Manutention\" \/>\n<meta property=\"article:modified_time\" content=\"2026-04-15T11:54:11+00:00\" \/>\n<meta property=\"og:image\" content=\"https:\/\/innovexalgerie.com\/manutention\/wp-content\/uploads\/2024\/03\/4.png\" \/>\n\t<meta property=\"og:image:width\" content=\"1000\" \/>\n\t<meta property=\"og:image:height\" content=\"1000\" \/>\n\t<meta property=\"og:image:type\" content=\"image\/png\" \/>\n<meta name=\"twitter:card\" content=\"summary_large_image\" \/>\n<meta name=\"twitter:label1\" content=\"Dur\u00e9e de lecture estim\u00e9e\" \/>\n\t<meta name=\"twitter:data1\" content=\"1 minute\" \/>\n<script type=\"application\/ld+json\" class=\"yoast-schema-graph\">{\"@context\":\"https:\/\/schema.org\",\"@graph\":[{\"@type\":\"WebPage\",\"@id\":\"https:\/\/innovexalgerie.com\/manutention\/produit\/support-de-stockage-horizontal-avec-roulettes-ny-100a-double\/\",\"url\":\"https:\/\/innovexalgerie.com\/manutention\/produit\/support-de-stockage-horizontal-avec-roulettes-ny-100a-double\/\",\"name\":\"Support de stockage horizontal avec roulettes ny-100A double - INNOVEX Alg\u00e9rie | Manutention\",\"isPartOf\":{\"@id\":\"https:\/\/innovexalgerie.com\/manutention\/#website\"},\"primaryImageOfPage\":{\"@id\":\"https:\/\/innovexalgerie.com\/manutention\/produit\/support-de-stockage-horizontal-avec-roulettes-ny-100a-double\/#primaryimage\"},\"image\":{\"@id\":\"https:\/\/innovexalgerie.com\/manutention\/produit\/support-de-stockage-horizontal-avec-roulettes-ny-100a-double\/#primaryimage\"},\"thumbnailUrl\":\"https:\/\/innovexalgerie.com\/manutention\/wp-content\/uploads\/2024\/03\/4.png\",\"datePublished\":\"2024-03-20T11:42:50+00:00\",\"dateModified\":\"2026-04-15T11:54:11+00:00\",\"breadcrumb\":{\"@id\":\"https:\/\/innovexalgerie.com\/manutention\/produit\/support-de-stockage-horizontal-avec-roulettes-ny-100a-double\/#breadcrumb\"},\"inLanguage\":\"fr-FR\",\"potentialAction\":[{\"@type\":\"ReadAction\",\"target\":[\"https:\/\/innovexalgerie.com\/manutention\/produit\/support-de-stockage-horizontal-avec-roulettes-ny-100a-double\/\"]}]},{\"@type\":\"ImageObject\",\"inLanguage\":\"fr-FR\",\"@id\":\"https:\/\/innovexalgerie.com\/manutention\/produit\/support-de-stockage-horizontal-avec-roulettes-ny-100a-double\/#primaryimage\",\"url\":\"https:\/\/innovexalgerie.com\/manutention\/wp-content\/uploads\/2024\/03\/4.png\",\"contentUrl\":\"https:\/\/innovexalgerie.com\/manutention\/wp-content\/uploads\/2024\/03\/4.png\",\"width\":1000,\"height\":1000},{\"@type\":\"BreadcrumbList\",\"@id\":\"https:\/\/innovexalgerie.com\/manutention\/produit\/support-de-stockage-horizontal-avec-roulettes-ny-100a-double\/#breadcrumb\",\"itemListElement\":[{\"@type\":\"ListItem\",\"position\":1,\"name\":\"Accueil\",\"item\":\"https:\/\/innovexalgerie.com\/manutention\/\"},{\"@type\":\"ListItem\",\"position\":2,\"name\":\"Boutique\",\"item\":\"https:\/\/innovexalgerie.com\/manutention\/boutique\/\"},{\"@type\":\"ListItem\",\"position\":3,\"name\":\"Support de stockage horizontal avec roulettes ny-100A double\"}]},{\"@type\":\"WebSite\",\"@id\":\"https:\/\/innovexalgerie.com\/manutention\/#website\",\"url\":\"https:\/\/innovexalgerie.com\/manutention\/\",\"name\":\"INNOVEX Alg\u00e9rie | Manutention\",\"description\":\"Manutention\",\"publisher\":{\"@id\":\"https:\/\/innovexalgerie.com\/manutention\/#organization\"},\"potentialAction\":[{\"@type\":\"SearchAction\",\"target\":{\"@type\":\"EntryPoint\",\"urlTemplate\":\"https:\/\/innovexalgerie.com\/manutention\/?s={search_term_string}\"},\"query-input\":\"required name=search_term_string\"}],\"inLanguage\":\"fr-FR\"},{\"@type\":\"Organization\",\"@id\":\"https:\/\/innovexalgerie.com\/manutention\/#organization\",\"name\":\"INNOVEX Alg\u00e9rie | Manutention\",\"url\":\"https:\/\/innovexalgerie.com\/manutention\/\",\"logo\":{\"@type\":\"ImageObject\",\"inLanguage\":\"fr-FR\",\"@id\":\"https:\/\/innovexalgerie.com\/manutention\/#\/schema\/logo\/image\/\",\"url\":\"https:\/\/innovexalgerie.com\/manutention\/wp-content\/uploads\/2022\/03\/innovex_manutention_logo.svg\",\"contentUrl\":\"https:\/\/innovexalgerie.com\/manutention\/wp-content\/uploads\/2022\/03\/innovex_manutention_logo.svg\",\"width\":133,\"height\":36,\"caption\":\"INNOVEX Alg\u00e9rie | Manutention\"},\"image\":{\"@id\":\"https:\/\/innovexalgerie.com\/manutention\/#\/schema\/logo\/image\/\"}}]}<\/script>\n<!-- \/ Yoast SEO plugin. -->","yoast_head_json":{"title":"Support de stockage horizontal avec roulettes ny-100A double - INNOVEX Alg\u00e9rie | Manutention","robots":{"index":"index","follow":"follow","max-snippet":"max-snippet:-1","max-image-preview":"max-image-preview:large","max-video-preview":"max-video-preview:-1"},"canonical":"https:\/\/innovexalgerie.com\/manutention\/produit\/support-de-stockage-horizontal-avec-roulettes-ny-100a-double\/","og_locale":"fr_FR","og_type":"article","og_title":"Support de stockage horizontal avec roulettes ny-100A double - INNOVEX Alg\u00e9rie | Manutention","og_description":"Support de stockage horizontal avec roulettes ny-100A double avec roulette, accessible par chariot \u00e9l\u00e9vateur, con\u00e7u pour augmenter l'utilit\u00e9 de l'espace au sol en empilant et en stockant les f\u00fbts en position horizontale. Cet \u00e9quipement offre une solution pratique et efficace pour le stockage s\u00e9curis\u00e9 de vos f\u00fbts en acier et en plastique de 200L tout en optimisant l'espace dans votre entrep\u00f4t.","og_url":"https:\/\/innovexalgerie.com\/manutention\/produit\/support-de-stockage-horizontal-avec-roulettes-ny-100a-double\/","og_site_name":"INNOVEX Alg\u00e9rie | Manutention","article_modified_time":"2026-04-15T11:54:11+00:00","og_image":[{"width":1000,"height":1000,"url":"https:\/\/innovexalgerie.com\/manutention\/wp-content\/uploads\/2024\/03\/4.png","type":"image\/png"}],"twitter_card":"summary_large_image","twitter_misc":{"Dur\u00e9e de lecture estim\u00e9e":"1 minute"},"schema":{"@context":"https:\/\/schema.org","@graph":[{"@type":"WebPage","@id":"https:\/\/innovexalgerie.com\/manutention\/produit\/support-de-stockage-horizontal-avec-roulettes-ny-100a-double\/","url":"https:\/\/innovexalgerie.com\/manutention\/produit\/support-de-stockage-horizontal-avec-roulettes-ny-100a-double\/","name":"Support de stockage horizontal avec roulettes ny-100A double - INNOVEX Alg\u00e9rie | Manutention","isPartOf":{"@id":"https:\/\/innovexalgerie.com\/manutention\/#website"},"primaryImageOfPage":{"@id":"https:\/\/innovexalgerie.com\/manutention\/produit\/support-de-stockage-horizontal-avec-roulettes-ny-100a-double\/#primaryimage"},"image":{"@id":"https:\/\/innovexalgerie.com\/manutention\/produit\/support-de-stockage-horizontal-avec-roulettes-ny-100a-double\/#primaryimage"},"thumbnailUrl":"https:\/\/innovexalgerie.com\/manutention\/wp-content\/uploads\/2024\/03\/4.png","datePublished":"2024-03-20T11:42:50+00:00","dateModified":"2026-04-15T11:54:11+00:00","breadcrumb":{"@id":"https:\/\/innovexalgerie.com\/manutention\/produit\/support-de-stockage-horizontal-avec-roulettes-ny-100a-double\/#breadcrumb"},"inLanguage":"fr-FR","potentialAction":[{"@type":"ReadAction","target":["https:\/\/innovexalgerie.com\/manutention\/produit\/support-de-stockage-horizontal-avec-roulettes-ny-100a-double\/"]}]},{"@type":"ImageObject","inLanguage":"fr-FR","@id":"https:\/\/innovexalgerie.com\/manutention\/produit\/support-de-stockage-horizontal-avec-roulettes-ny-100a-double\/#primaryimage","url":"https:\/\/innovexalgerie.com\/manutention\/wp-content\/uploads\/2024\/03\/4.png","contentUrl":"https:\/\/innovexalgerie.com\/manutention\/wp-content\/uploads\/2024\/03\/4.png","width":1000,"height":1000},{"@type":"BreadcrumbList","@id":"https:\/\/innovexalgerie.com\/manutention\/produit\/support-de-stockage-horizontal-avec-roulettes-ny-100a-double\/#breadcrumb","itemListElement":[{"@type":"ListItem","position":1,"name":"Accueil","item":"https:\/\/innovexalgerie.com\/manutention\/"},{"@type":"ListItem","position":2,"name":"Boutique","item":"https:\/\/innovexalgerie.com\/manutention\/boutique\/"},{"@type":"ListItem","position":3,"name":"Support de stockage horizontal avec roulettes ny-100A double"}]},{"@type":"WebSite","@id":"https:\/\/innovexalgerie.com\/manutention\/#website","url":"https:\/\/innovexalgerie.com\/manutention\/","name":"INNOVEX Alg\u00e9rie | Manutention","description":"Manutention","publisher":{"@id":"https:\/\/innovexalgerie.com\/manutention\/#organization"},"potentialAction":[{"@type":"SearchAction","target":{"@type":"EntryPoint","urlTemplate":"https:\/\/innovexalgerie.com\/manutention\/?s={search_term_string}"},"query-input":"required name=search_term_string"}],"inLanguage":"fr-FR"},{"@type":"Organization","@id":"https:\/\/innovexalgerie.com\/manutention\/#organization","name":"INNOVEX Alg\u00e9rie | Manutention","url":"https:\/\/innovexalgerie.com\/manutention\/","logo":{"@type":"ImageObject","inLanguage":"fr-FR","@id":"https:\/\/innovexalgerie.com\/manutention\/#\/schema\/logo\/image\/","url":"https:\/\/innovexalgerie.com\/manutention\/wp-content\/uploads\/2022\/03\/innovex_manutention_logo.svg","contentUrl":"https:\/\/innovexalgerie.com\/manutention\/wp-content\/uploads\/2022\/03\/innovex_manutention_logo.svg","width":133,"height":36,"caption":"INNOVEX Alg\u00e9rie | Manutention"},"image":{"@id":"https:\/\/innovexalgerie.com\/manutention\/#\/schema\/logo\/image\/"}}]}},"_links":{"self":[{"href":"https:\/\/innovexalgerie.com\/manutention\/wp-json\/wp\/v2\/product\/3629","targetHints":{"allow":["GET"]}}],"collection":[{"href":"https:\/\/innovexalgerie.com\/manutention\/wp-json\/wp\/v2\/product"}],"about":[{"href":"https:\/\/innovexalgerie.com\/manutention\/wp-json\/wp\/v2\/types\/product"}],"wp:featuredmedia":[{"embeddable":true,"href":"https:\/\/innovexalgerie.com\/manutention\/wp-json\/wp\/v2\/media\/3630"}],"wp:attachment":[{"href":"https:\/\/innovexalgerie.com\/manutention\/wp-json\/wp\/v2\/media?parent=3629"}],"wp:term":[{"taxonomy":"product_cat","embeddable":true,"href":"https:\/\/innovexalgerie.com\/manutention\/wp-json\/wp\/v2\/product_cat?post=3629"},{"taxonomy":"product_tag","embeddable":true,"href":"https:\/\/innovexalgerie.com\/manutention\/wp-json\/wp\/v2\/product_tag?post=3629"}],"curies":[{"name":"wp","href":"https:\/\/api.w.org\/{rel}","templated":true}]}}