{"id":3808,"date":"2024-05-16T10:57:43","date_gmt":"2024-05-16T09:57:43","guid":{"rendered":"https:\/\/innovexalgerie.com\/manutention\/?post_type=product&#038;p=3808"},"modified":"2024-06-29T15:41:52","modified_gmt":"2024-06-29T14:41:52","slug":"chariot-diable-a-main-en-acier-ht2046","status":"publish","type":"product","link":"https:\/\/innovexalgerie.com\/manutention\/produit\/chariot-diable-a-main-en-acier-ht2046\/","title":{"rendered":"Chariot diable \u00e0 main en acier HT2046"},"content":{"rendered":"<p>Chariot diable \u00e0 plate-forme fixe en acier l\u00e9ger, peinture en \u00e9poxy, maniable et robuste. peut supporter un poids allant jusqu&rsquo;\u00e0 200 kg. Il est con\u00e7u pour un usage professionnel et id\u00e9al pour d\u00e9placer des charges dans divers environnements.<\/p>\n<ul>\n<li>Poign\u00e9es ergonomiques.<\/li>\n<li>\u00c9quip\u00e9 de (02) roues pneumatiques en caoutchouc solide r\u00e9sistant \u00e0 l&rsquo;usure, \u00e9quip\u00e9es de roulements \u00e0 billes.<\/li>\n<li>Roues de grand diam\u00e8tre pour un meilleur franchissement et une meilleure roulabilit\u00e9.<\/li>\n<li>Robuste gr\u00e2ce \u00e0 son ch\u00e2ssis renforc\u00e9.<\/li>\n<li>Diable robuste pour un travail intensif, grande r\u00e9sistance et fiabilit\u00e9.<\/li>\n<li>Possibilit\u00e9 de rangement dans un petit espace.<\/li>\n<\/ul>\n","protected":false},"excerpt":{"rendered":"<p>Chariot diable \u00e0 plate-forme fixe en acier l\u00e9ger, peinture en \u00e9poxy, maniable et robuste. peut supporter un poids allant jusqu&rsquo;\u00e0 200 kg. Il est con\u00e7u pour un usage professionnel et id\u00e9al pour d\u00e9placer des charges dans divers environnements.<\/p>\n","protected":false},"featured_media":3897,"template":"","meta":{"_monsterinsights_skip_tracking":false,"_monsterinsights_sitenote_active":false,"_monsterinsights_sitenote_note":"","_monsterinsights_sitenote_category":0},"product_cat":[77],"product_tag":[],"class_list":["post-3808","product","type-product","status-publish","has-post-thumbnail","hentry","product_cat-chariot-diable"],"acf":[],"yoast_head":"<!-- This site is optimized with the Yoast SEO plugin v22.6 - https:\/\/yoast.com\/wordpress\/plugins\/seo\/ -->\n<title>Chariot diable \u00e0 main en acier HT2046 - INNOVEX Alg\u00e9rie | Manutention<\/title>\n<meta name=\"robots\" content=\"index, follow, max-snippet:-1, max-image-preview:large, max-video-preview:-1\" \/>\n<link rel=\"canonical\" href=\"https:\/\/innovexalgerie.com\/manutention\/produit\/chariot-diable-a-main-en-acier-ht2046\/\" \/>\n<meta property=\"og:locale\" content=\"fr_FR\" \/>\n<meta property=\"og:type\" content=\"article\" \/>\n<meta property=\"og:title\" content=\"Chariot diable \u00e0 main en acier HT2046 - INNOVEX Alg\u00e9rie | Manutention\" \/>\n<meta property=\"og:description\" content=\"Chariot diable \u00e0 plate-forme fixe en acier l\u00e9ger, peinture en \u00e9poxy, maniable et robuste. peut supporter un poids allant jusqu&#039;\u00e0 200 kg. Il est con\u00e7u pour un usage professionnel et id\u00e9al pour d\u00e9placer des charges dans divers environnements.\" \/>\n<meta property=\"og:url\" content=\"https:\/\/innovexalgerie.com\/manutention\/produit\/chariot-diable-a-main-en-acier-ht2046\/\" \/>\n<meta property=\"og:site_name\" content=\"INNOVEX Alg\u00e9rie | Manutention\" \/>\n<meta property=\"article:modified_time\" content=\"2024-06-29T14:41:52+00:00\" \/>\n<meta property=\"og:image\" content=\"https:\/\/innovexalgerie.com\/manutention\/wp-content\/uploads\/2024\/05\/HT2046.png\" \/>\n\t<meta property=\"og:image:width\" content=\"1000\" \/>\n\t<meta property=\"og:image:height\" content=\"1000\" \/>\n\t<meta property=\"og:image:type\" content=\"image\/png\" \/>\n<meta name=\"twitter:card\" content=\"summary_large_image\" \/>\n<meta name=\"twitter:label1\" content=\"Dur\u00e9e de lecture estim\u00e9e\" \/>\n\t<meta name=\"twitter:data1\" content=\"1 minute\" \/>\n<script type=\"application\/ld+json\" class=\"yoast-schema-graph\">{\"@context\":\"https:\/\/schema.org\",\"@graph\":[{\"@type\":\"WebPage\",\"@id\":\"https:\/\/innovexalgerie.com\/manutention\/produit\/chariot-diable-a-main-en-acier-ht2046\/\",\"url\":\"https:\/\/innovexalgerie.com\/manutention\/produit\/chariot-diable-a-main-en-acier-ht2046\/\",\"name\":\"Chariot diable \u00e0 main en acier HT2046 - INNOVEX Alg\u00e9rie | Manutention\",\"isPartOf\":{\"@id\":\"https:\/\/innovexalgerie.com\/manutention\/#website\"},\"primaryImageOfPage\":{\"@id\":\"https:\/\/innovexalgerie.com\/manutention\/produit\/chariot-diable-a-main-en-acier-ht2046\/#primaryimage\"},\"image\":{\"@id\":\"https:\/\/innovexalgerie.com\/manutention\/produit\/chariot-diable-a-main-en-acier-ht2046\/#primaryimage\"},\"thumbnailUrl\":\"https:\/\/innovexalgerie.com\/manutention\/wp-content\/uploads\/2024\/05\/HT2046.png\",\"datePublished\":\"2024-05-16T09:57:43+00:00\",\"dateModified\":\"2024-06-29T14:41:52+00:00\",\"breadcrumb\":{\"@id\":\"https:\/\/innovexalgerie.com\/manutention\/produit\/chariot-diable-a-main-en-acier-ht2046\/#breadcrumb\"},\"inLanguage\":\"fr-FR\",\"potentialAction\":[{\"@type\":\"ReadAction\",\"target\":[\"https:\/\/innovexalgerie.com\/manutention\/produit\/chariot-diable-a-main-en-acier-ht2046\/\"]}]},{\"@type\":\"ImageObject\",\"inLanguage\":\"fr-FR\",\"@id\":\"https:\/\/innovexalgerie.com\/manutention\/produit\/chariot-diable-a-main-en-acier-ht2046\/#primaryimage\",\"url\":\"https:\/\/innovexalgerie.com\/manutention\/wp-content\/uploads\/2024\/05\/HT2046.png\",\"contentUrl\":\"https:\/\/innovexalgerie.com\/manutention\/wp-content\/uploads\/2024\/05\/HT2046.png\",\"width\":1000,\"height\":1000,\"caption\":\"CHARIOT DIABLE HT2046 INNOVEX ALGERIE\"},{\"@type\":\"BreadcrumbList\",\"@id\":\"https:\/\/innovexalgerie.com\/manutention\/produit\/chariot-diable-a-main-en-acier-ht2046\/#breadcrumb\",\"itemListElement\":[{\"@type\":\"ListItem\",\"position\":1,\"name\":\"Accueil\",\"item\":\"https:\/\/innovexalgerie.com\/manutention\/\"},{\"@type\":\"ListItem\",\"position\":2,\"name\":\"Boutique\",\"item\":\"https:\/\/innovexalgerie.com\/manutention\/boutique\/\"},{\"@type\":\"ListItem\",\"position\":3,\"name\":\"Chariot diable \u00e0 main en acier HT2046\"}]},{\"@type\":\"WebSite\",\"@id\":\"https:\/\/innovexalgerie.com\/manutention\/#website\",\"url\":\"https:\/\/innovexalgerie.com\/manutention\/\",\"name\":\"INNOVEX Alg\u00e9rie | Manutention\",\"description\":\"Manutention\",\"publisher\":{\"@id\":\"https:\/\/innovexalgerie.com\/manutention\/#organization\"},\"potentialAction\":[{\"@type\":\"SearchAction\",\"target\":{\"@type\":\"EntryPoint\",\"urlTemplate\":\"https:\/\/innovexalgerie.com\/manutention\/?s={search_term_string}\"},\"query-input\":\"required name=search_term_string\"}],\"inLanguage\":\"fr-FR\"},{\"@type\":\"Organization\",\"@id\":\"https:\/\/innovexalgerie.com\/manutention\/#organization\",\"name\":\"INNOVEX Alg\u00e9rie | Manutention\",\"url\":\"https:\/\/innovexalgerie.com\/manutention\/\",\"logo\":{\"@type\":\"ImageObject\",\"inLanguage\":\"fr-FR\",\"@id\":\"https:\/\/innovexalgerie.com\/manutention\/#\/schema\/logo\/image\/\",\"url\":\"https:\/\/innovexalgerie.com\/manutention\/wp-content\/uploads\/2022\/03\/innovex_manutention_logo.svg\",\"contentUrl\":\"https:\/\/innovexalgerie.com\/manutention\/wp-content\/uploads\/2022\/03\/innovex_manutention_logo.svg\",\"width\":133,\"height\":36,\"caption\":\"INNOVEX Alg\u00e9rie | Manutention\"},\"image\":{\"@id\":\"https:\/\/innovexalgerie.com\/manutention\/#\/schema\/logo\/image\/\"}}]}<\/script>\n<!-- \/ Yoast SEO plugin. -->","yoast_head_json":{"title":"Chariot diable \u00e0 main en acier HT2046 - INNOVEX Alg\u00e9rie | Manutention","robots":{"index":"index","follow":"follow","max-snippet":"max-snippet:-1","max-image-preview":"max-image-preview:large","max-video-preview":"max-video-preview:-1"},"canonical":"https:\/\/innovexalgerie.com\/manutention\/produit\/chariot-diable-a-main-en-acier-ht2046\/","og_locale":"fr_FR","og_type":"article","og_title":"Chariot diable \u00e0 main en acier HT2046 - INNOVEX Alg\u00e9rie | Manutention","og_description":"Chariot diable \u00e0 plate-forme fixe en acier l\u00e9ger, peinture en \u00e9poxy, maniable et robuste. peut supporter un poids allant jusqu'\u00e0 200 kg. Il est con\u00e7u pour un usage professionnel et id\u00e9al pour d\u00e9placer des charges dans divers environnements.","og_url":"https:\/\/innovexalgerie.com\/manutention\/produit\/chariot-diable-a-main-en-acier-ht2046\/","og_site_name":"INNOVEX Alg\u00e9rie | Manutention","article_modified_time":"2024-06-29T14:41:52+00:00","og_image":[{"width":1000,"height":1000,"url":"https:\/\/innovexalgerie.com\/manutention\/wp-content\/uploads\/2024\/05\/HT2046.png","type":"image\/png"}],"twitter_card":"summary_large_image","twitter_misc":{"Dur\u00e9e de lecture estim\u00e9e":"1 minute"},"schema":{"@context":"https:\/\/schema.org","@graph":[{"@type":"WebPage","@id":"https:\/\/innovexalgerie.com\/manutention\/produit\/chariot-diable-a-main-en-acier-ht2046\/","url":"https:\/\/innovexalgerie.com\/manutention\/produit\/chariot-diable-a-main-en-acier-ht2046\/","name":"Chariot diable \u00e0 main en acier HT2046 - INNOVEX Alg\u00e9rie | Manutention","isPartOf":{"@id":"https:\/\/innovexalgerie.com\/manutention\/#website"},"primaryImageOfPage":{"@id":"https:\/\/innovexalgerie.com\/manutention\/produit\/chariot-diable-a-main-en-acier-ht2046\/#primaryimage"},"image":{"@id":"https:\/\/innovexalgerie.com\/manutention\/produit\/chariot-diable-a-main-en-acier-ht2046\/#primaryimage"},"thumbnailUrl":"https:\/\/innovexalgerie.com\/manutention\/wp-content\/uploads\/2024\/05\/HT2046.png","datePublished":"2024-05-16T09:57:43+00:00","dateModified":"2024-06-29T14:41:52+00:00","breadcrumb":{"@id":"https:\/\/innovexalgerie.com\/manutention\/produit\/chariot-diable-a-main-en-acier-ht2046\/#breadcrumb"},"inLanguage":"fr-FR","potentialAction":[{"@type":"ReadAction","target":["https:\/\/innovexalgerie.com\/manutention\/produit\/chariot-diable-a-main-en-acier-ht2046\/"]}]},{"@type":"ImageObject","inLanguage":"fr-FR","@id":"https:\/\/innovexalgerie.com\/manutention\/produit\/chariot-diable-a-main-en-acier-ht2046\/#primaryimage","url":"https:\/\/innovexalgerie.com\/manutention\/wp-content\/uploads\/2024\/05\/HT2046.png","contentUrl":"https:\/\/innovexalgerie.com\/manutention\/wp-content\/uploads\/2024\/05\/HT2046.png","width":1000,"height":1000,"caption":"CHARIOT DIABLE HT2046 INNOVEX ALGERIE"},{"@type":"BreadcrumbList","@id":"https:\/\/innovexalgerie.com\/manutention\/produit\/chariot-diable-a-main-en-acier-ht2046\/#breadcrumb","itemListElement":[{"@type":"ListItem","position":1,"name":"Accueil","item":"https:\/\/innovexalgerie.com\/manutention\/"},{"@type":"ListItem","position":2,"name":"Boutique","item":"https:\/\/innovexalgerie.com\/manutention\/boutique\/"},{"@type":"ListItem","position":3,"name":"Chariot diable \u00e0 main en acier HT2046"}]},{"@type":"WebSite","@id":"https:\/\/innovexalgerie.com\/manutention\/#website","url":"https:\/\/innovexalgerie.com\/manutention\/","name":"INNOVEX Alg\u00e9rie | Manutention","description":"Manutention","publisher":{"@id":"https:\/\/innovexalgerie.com\/manutention\/#organization"},"potentialAction":[{"@type":"SearchAction","target":{"@type":"EntryPoint","urlTemplate":"https:\/\/innovexalgerie.com\/manutention\/?s={search_term_string}"},"query-input":"required name=search_term_string"}],"inLanguage":"fr-FR"},{"@type":"Organization","@id":"https:\/\/innovexalgerie.com\/manutention\/#organization","name":"INNOVEX Alg\u00e9rie | Manutention","url":"https:\/\/innovexalgerie.com\/manutention\/","logo":{"@type":"ImageObject","inLanguage":"fr-FR","@id":"https:\/\/innovexalgerie.com\/manutention\/#\/schema\/logo\/image\/","url":"https:\/\/innovexalgerie.com\/manutention\/wp-content\/uploads\/2022\/03\/innovex_manutention_logo.svg","contentUrl":"https:\/\/innovexalgerie.com\/manutention\/wp-content\/uploads\/2022\/03\/innovex_manutention_logo.svg","width":133,"height":36,"caption":"INNOVEX Alg\u00e9rie | Manutention"},"image":{"@id":"https:\/\/innovexalgerie.com\/manutention\/#\/schema\/logo\/image\/"}}]}},"_links":{"self":[{"href":"https:\/\/innovexalgerie.com\/manutention\/wp-json\/wp\/v2\/product\/3808","targetHints":{"allow":["GET"]}}],"collection":[{"href":"https:\/\/innovexalgerie.com\/manutention\/wp-json\/wp\/v2\/product"}],"about":[{"href":"https:\/\/innovexalgerie.com\/manutention\/wp-json\/wp\/v2\/types\/product"}],"wp:featuredmedia":[{"embeddable":true,"href":"https:\/\/innovexalgerie.com\/manutention\/wp-json\/wp\/v2\/media\/3897"}],"wp:attachment":[{"href":"https:\/\/innovexalgerie.com\/manutention\/wp-json\/wp\/v2\/media?parent=3808"}],"wp:term":[{"taxonomy":"product_cat","embeddable":true,"href":"https:\/\/innovexalgerie.com\/manutention\/wp-json\/wp\/v2\/product_cat?post=3808"},{"taxonomy":"product_tag","embeddable":true,"href":"https:\/\/innovexalgerie.com\/manutention\/wp-json\/wp\/v2\/product_tag?post=3808"}],"curies":[{"name":"wp","href":"https:\/\/api.w.org\/{rel}","templated":true}]}}