{"id":3903,"date":"2024-06-29T15:50:05","date_gmt":"2024-06-29T14:50:05","guid":{"rendered":"https:\/\/innovexalgerie.com\/manutention\/?post_type=product&#038;p=3903"},"modified":"2024-06-29T15:55:08","modified_gmt":"2024-06-29T14:55:08","slug":"chariot-diable-a-plate-forme-pliable-ht4026a","status":"publish","type":"product","link":"https:\/\/innovexalgerie.com\/manutention\/produit\/chariot-diable-a-plate-forme-pliable-ht4026a\/","title":{"rendered":"Chariot diable \u00e0 plate-forme pliable HT4026A"},"content":{"rendered":"<p>Chariot diable \u00e0 plate-forme fixe et et plate forme repliable en acier l\u00e9ger, maniable et robuste. Peut supporter un poids allant jusqu&rsquo;\u00e0 250 kg. Il est con\u00e7u pour un usage professionnel et id\u00e9al pour<br \/>\nd\u00e9placer des charges dans divers environnements<\/p>\n<ul>\n<li>Poign\u00e9es ergonomiques.<\/li>\n<li>\u00c9quip\u00e9 de (02) roues pneumatiques en caoutchouc solide r\u00e9sistant \u00e0 l&rsquo;usure.<\/li>\n<li>Robuste gr\u00e2ce \u00e0 son ch\u00e2ssis renforc\u00e9.<\/li>\n<li>Diable robuste pour un travail intensif, grande r\u00e9sistance et fiabilit\u00e9.<\/li>\n<li>Roues de grand diam\u00e8tre pour un meilleur franchissement et une meilleure roulabilit\u00e9.<\/li>\n<li>Facile \u00e0 utiliser, pratique pour une utilisation dans les supermarch\u00e9s et les entrep\u00f4ts.<\/li>\n<li>Possibilit\u00e9 de rangement dans un petit espace<\/li>\n<\/ul>\n","protected":false},"excerpt":{"rendered":"<p>Chariot diable \u00e0 plate-forme fixe et et plate forme repliable en acier l\u00e9ger, maniable et robuste. Peut supporter un poids allant jusqu&rsquo;\u00e0 250 kg. Il est con\u00e7u pour un usage professionnel et id\u00e9al pour d\u00e9placer des charges dans divers environnements<\/p>\n","protected":false},"featured_media":3904,"template":"","meta":{"_monsterinsights_skip_tracking":false,"_monsterinsights_sitenote_active":false,"_monsterinsights_sitenote_note":"","_monsterinsights_sitenote_category":0},"product_cat":[77],"product_tag":[],"class_list":["post-3903","product","type-product","status-publish","has-post-thumbnail","hentry","product_cat-chariot-diable"],"acf":[],"yoast_head":"<!-- This site is optimized with the Yoast SEO plugin v22.6 - https:\/\/yoast.com\/wordpress\/plugins\/seo\/ -->\n<title>Chariot diable \u00e0 plate-forme pliable HT4026A - INNOVEX Alg\u00e9rie | Manutention<\/title>\n<meta name=\"robots\" content=\"index, follow, max-snippet:-1, max-image-preview:large, max-video-preview:-1\" \/>\n<link rel=\"canonical\" href=\"https:\/\/innovexalgerie.com\/manutention\/produit\/chariot-diable-a-plate-forme-pliable-ht4026a\/\" \/>\n<meta property=\"og:locale\" content=\"fr_FR\" \/>\n<meta property=\"og:type\" content=\"article\" \/>\n<meta property=\"og:title\" content=\"Chariot diable \u00e0 plate-forme pliable HT4026A - INNOVEX Alg\u00e9rie | Manutention\" \/>\n<meta property=\"og:description\" content=\"Chariot diable \u00e0 plate-forme fixe et et plate forme repliable en acier l\u00e9ger, maniable et robuste. Peut supporter un poids allant jusqu&#039;\u00e0 250 kg. Il est con\u00e7u pour un usage professionnel et id\u00e9al pour d\u00e9placer des charges dans divers environnements\" \/>\n<meta property=\"og:url\" content=\"https:\/\/innovexalgerie.com\/manutention\/produit\/chariot-diable-a-plate-forme-pliable-ht4026a\/\" \/>\n<meta property=\"og:site_name\" content=\"INNOVEX Alg\u00e9rie | Manutention\" \/>\n<meta property=\"article:modified_time\" content=\"2024-06-29T14:55:08+00:00\" \/>\n<meta property=\"og:image\" content=\"https:\/\/innovexalgerie.com\/manutention\/wp-content\/uploads\/2024\/06\/HT4026A.png\" \/>\n\t<meta property=\"og:image:width\" content=\"1000\" \/>\n\t<meta property=\"og:image:height\" content=\"1000\" \/>\n\t<meta property=\"og:image:type\" content=\"image\/png\" \/>\n<meta name=\"twitter:card\" content=\"summary_large_image\" \/>\n<meta name=\"twitter:label1\" content=\"Dur\u00e9e de lecture estim\u00e9e\" \/>\n\t<meta name=\"twitter:data1\" content=\"1 minute\" \/>\n<script type=\"application\/ld+json\" class=\"yoast-schema-graph\">{\"@context\":\"https:\/\/schema.org\",\"@graph\":[{\"@type\":\"WebPage\",\"@id\":\"https:\/\/innovexalgerie.com\/manutention\/produit\/chariot-diable-a-plate-forme-pliable-ht4026a\/\",\"url\":\"https:\/\/innovexalgerie.com\/manutention\/produit\/chariot-diable-a-plate-forme-pliable-ht4026a\/\",\"name\":\"Chariot diable \u00e0 plate-forme pliable HT4026A - INNOVEX Alg\u00e9rie | Manutention\",\"isPartOf\":{\"@id\":\"https:\/\/innovexalgerie.com\/manutention\/#website\"},\"primaryImageOfPage\":{\"@id\":\"https:\/\/innovexalgerie.com\/manutention\/produit\/chariot-diable-a-plate-forme-pliable-ht4026a\/#primaryimage\"},\"image\":{\"@id\":\"https:\/\/innovexalgerie.com\/manutention\/produit\/chariot-diable-a-plate-forme-pliable-ht4026a\/#primaryimage\"},\"thumbnailUrl\":\"https:\/\/innovexalgerie.com\/manutention\/wp-content\/uploads\/2024\/06\/HT4026A.png\",\"datePublished\":\"2024-06-29T14:50:05+00:00\",\"dateModified\":\"2024-06-29T14:55:08+00:00\",\"breadcrumb\":{\"@id\":\"https:\/\/innovexalgerie.com\/manutention\/produit\/chariot-diable-a-plate-forme-pliable-ht4026a\/#breadcrumb\"},\"inLanguage\":\"fr-FR\",\"potentialAction\":[{\"@type\":\"ReadAction\",\"target\":[\"https:\/\/innovexalgerie.com\/manutention\/produit\/chariot-diable-a-plate-forme-pliable-ht4026a\/\"]}]},{\"@type\":\"ImageObject\",\"inLanguage\":\"fr-FR\",\"@id\":\"https:\/\/innovexalgerie.com\/manutention\/produit\/chariot-diable-a-plate-forme-pliable-ht4026a\/#primaryimage\",\"url\":\"https:\/\/innovexalgerie.com\/manutention\/wp-content\/uploads\/2024\/06\/HT4026A.png\",\"contentUrl\":\"https:\/\/innovexalgerie.com\/manutention\/wp-content\/uploads\/2024\/06\/HT4026A.png\",\"width\":1000,\"height\":1000,\"caption\":\"CHARIOT DIABLE PLIABLE HT4026A INNOVEX ALGERIE\"},{\"@type\":\"BreadcrumbList\",\"@id\":\"https:\/\/innovexalgerie.com\/manutention\/produit\/chariot-diable-a-plate-forme-pliable-ht4026a\/#breadcrumb\",\"itemListElement\":[{\"@type\":\"ListItem\",\"position\":1,\"name\":\"Accueil\",\"item\":\"https:\/\/innovexalgerie.com\/manutention\/\"},{\"@type\":\"ListItem\",\"position\":2,\"name\":\"Boutique\",\"item\":\"https:\/\/innovexalgerie.com\/manutention\/boutique\/\"},{\"@type\":\"ListItem\",\"position\":3,\"name\":\"Chariot diable \u00e0 plate-forme pliable HT4026A\"}]},{\"@type\":\"WebSite\",\"@id\":\"https:\/\/innovexalgerie.com\/manutention\/#website\",\"url\":\"https:\/\/innovexalgerie.com\/manutention\/\",\"name\":\"INNOVEX Alg\u00e9rie | Manutention\",\"description\":\"Manutention\",\"publisher\":{\"@id\":\"https:\/\/innovexalgerie.com\/manutention\/#organization\"},\"potentialAction\":[{\"@type\":\"SearchAction\",\"target\":{\"@type\":\"EntryPoint\",\"urlTemplate\":\"https:\/\/innovexalgerie.com\/manutention\/?s={search_term_string}\"},\"query-input\":\"required name=search_term_string\"}],\"inLanguage\":\"fr-FR\"},{\"@type\":\"Organization\",\"@id\":\"https:\/\/innovexalgerie.com\/manutention\/#organization\",\"name\":\"INNOVEX Alg\u00e9rie | Manutention\",\"url\":\"https:\/\/innovexalgerie.com\/manutention\/\",\"logo\":{\"@type\":\"ImageObject\",\"inLanguage\":\"fr-FR\",\"@id\":\"https:\/\/innovexalgerie.com\/manutention\/#\/schema\/logo\/image\/\",\"url\":\"https:\/\/innovexalgerie.com\/manutention\/wp-content\/uploads\/2022\/03\/innovex_manutention_logo.svg\",\"contentUrl\":\"https:\/\/innovexalgerie.com\/manutention\/wp-content\/uploads\/2022\/03\/innovex_manutention_logo.svg\",\"width\":133,\"height\":36,\"caption\":\"INNOVEX Alg\u00e9rie | Manutention\"},\"image\":{\"@id\":\"https:\/\/innovexalgerie.com\/manutention\/#\/schema\/logo\/image\/\"}}]}<\/script>\n<!-- \/ Yoast SEO plugin. -->","yoast_head_json":{"title":"Chariot diable \u00e0 plate-forme pliable HT4026A - INNOVEX Alg\u00e9rie | Manutention","robots":{"index":"index","follow":"follow","max-snippet":"max-snippet:-1","max-image-preview":"max-image-preview:large","max-video-preview":"max-video-preview:-1"},"canonical":"https:\/\/innovexalgerie.com\/manutention\/produit\/chariot-diable-a-plate-forme-pliable-ht4026a\/","og_locale":"fr_FR","og_type":"article","og_title":"Chariot diable \u00e0 plate-forme pliable HT4026A - INNOVEX Alg\u00e9rie | Manutention","og_description":"Chariot diable \u00e0 plate-forme fixe et et plate forme repliable en acier l\u00e9ger, maniable et robuste. Peut supporter un poids allant jusqu'\u00e0 250 kg. Il est con\u00e7u pour un usage professionnel et id\u00e9al pour d\u00e9placer des charges dans divers environnements","og_url":"https:\/\/innovexalgerie.com\/manutention\/produit\/chariot-diable-a-plate-forme-pliable-ht4026a\/","og_site_name":"INNOVEX Alg\u00e9rie | Manutention","article_modified_time":"2024-06-29T14:55:08+00:00","og_image":[{"width":1000,"height":1000,"url":"https:\/\/innovexalgerie.com\/manutention\/wp-content\/uploads\/2024\/06\/HT4026A.png","type":"image\/png"}],"twitter_card":"summary_large_image","twitter_misc":{"Dur\u00e9e de lecture estim\u00e9e":"1 minute"},"schema":{"@context":"https:\/\/schema.org","@graph":[{"@type":"WebPage","@id":"https:\/\/innovexalgerie.com\/manutention\/produit\/chariot-diable-a-plate-forme-pliable-ht4026a\/","url":"https:\/\/innovexalgerie.com\/manutention\/produit\/chariot-diable-a-plate-forme-pliable-ht4026a\/","name":"Chariot diable \u00e0 plate-forme pliable HT4026A - INNOVEX Alg\u00e9rie | Manutention","isPartOf":{"@id":"https:\/\/innovexalgerie.com\/manutention\/#website"},"primaryImageOfPage":{"@id":"https:\/\/innovexalgerie.com\/manutention\/produit\/chariot-diable-a-plate-forme-pliable-ht4026a\/#primaryimage"},"image":{"@id":"https:\/\/innovexalgerie.com\/manutention\/produit\/chariot-diable-a-plate-forme-pliable-ht4026a\/#primaryimage"},"thumbnailUrl":"https:\/\/innovexalgerie.com\/manutention\/wp-content\/uploads\/2024\/06\/HT4026A.png","datePublished":"2024-06-29T14:50:05+00:00","dateModified":"2024-06-29T14:55:08+00:00","breadcrumb":{"@id":"https:\/\/innovexalgerie.com\/manutention\/produit\/chariot-diable-a-plate-forme-pliable-ht4026a\/#breadcrumb"},"inLanguage":"fr-FR","potentialAction":[{"@type":"ReadAction","target":["https:\/\/innovexalgerie.com\/manutention\/produit\/chariot-diable-a-plate-forme-pliable-ht4026a\/"]}]},{"@type":"ImageObject","inLanguage":"fr-FR","@id":"https:\/\/innovexalgerie.com\/manutention\/produit\/chariot-diable-a-plate-forme-pliable-ht4026a\/#primaryimage","url":"https:\/\/innovexalgerie.com\/manutention\/wp-content\/uploads\/2024\/06\/HT4026A.png","contentUrl":"https:\/\/innovexalgerie.com\/manutention\/wp-content\/uploads\/2024\/06\/HT4026A.png","width":1000,"height":1000,"caption":"CHARIOT DIABLE PLIABLE HT4026A INNOVEX ALGERIE"},{"@type":"BreadcrumbList","@id":"https:\/\/innovexalgerie.com\/manutention\/produit\/chariot-diable-a-plate-forme-pliable-ht4026a\/#breadcrumb","itemListElement":[{"@type":"ListItem","position":1,"name":"Accueil","item":"https:\/\/innovexalgerie.com\/manutention\/"},{"@type":"ListItem","position":2,"name":"Boutique","item":"https:\/\/innovexalgerie.com\/manutention\/boutique\/"},{"@type":"ListItem","position":3,"name":"Chariot diable \u00e0 plate-forme pliable HT4026A"}]},{"@type":"WebSite","@id":"https:\/\/innovexalgerie.com\/manutention\/#website","url":"https:\/\/innovexalgerie.com\/manutention\/","name":"INNOVEX Alg\u00e9rie | Manutention","description":"Manutention","publisher":{"@id":"https:\/\/innovexalgerie.com\/manutention\/#organization"},"potentialAction":[{"@type":"SearchAction","target":{"@type":"EntryPoint","urlTemplate":"https:\/\/innovexalgerie.com\/manutention\/?s={search_term_string}"},"query-input":"required name=search_term_string"}],"inLanguage":"fr-FR"},{"@type":"Organization","@id":"https:\/\/innovexalgerie.com\/manutention\/#organization","name":"INNOVEX Alg\u00e9rie | Manutention","url":"https:\/\/innovexalgerie.com\/manutention\/","logo":{"@type":"ImageObject","inLanguage":"fr-FR","@id":"https:\/\/innovexalgerie.com\/manutention\/#\/schema\/logo\/image\/","url":"https:\/\/innovexalgerie.com\/manutention\/wp-content\/uploads\/2022\/03\/innovex_manutention_logo.svg","contentUrl":"https:\/\/innovexalgerie.com\/manutention\/wp-content\/uploads\/2022\/03\/innovex_manutention_logo.svg","width":133,"height":36,"caption":"INNOVEX Alg\u00e9rie | Manutention"},"image":{"@id":"https:\/\/innovexalgerie.com\/manutention\/#\/schema\/logo\/image\/"}}]}},"_links":{"self":[{"href":"https:\/\/innovexalgerie.com\/manutention\/wp-json\/wp\/v2\/product\/3903","targetHints":{"allow":["GET"]}}],"collection":[{"href":"https:\/\/innovexalgerie.com\/manutention\/wp-json\/wp\/v2\/product"}],"about":[{"href":"https:\/\/innovexalgerie.com\/manutention\/wp-json\/wp\/v2\/types\/product"}],"wp:featuredmedia":[{"embeddable":true,"href":"https:\/\/innovexalgerie.com\/manutention\/wp-json\/wp\/v2\/media\/3904"}],"wp:attachment":[{"href":"https:\/\/innovexalgerie.com\/manutention\/wp-json\/wp\/v2\/media?parent=3903"}],"wp:term":[{"taxonomy":"product_cat","embeddable":true,"href":"https:\/\/innovexalgerie.com\/manutention\/wp-json\/wp\/v2\/product_cat?post=3903"},{"taxonomy":"product_tag","embeddable":true,"href":"https:\/\/innovexalgerie.com\/manutention\/wp-json\/wp\/v2\/product_tag?post=3903"}],"curies":[{"name":"wp","href":"https:\/\/api.w.org\/{rel}","templated":true}]}}