{"id":3923,"date":"2024-07-01T15:08:02","date_gmt":"2024-07-01T14:08:02","guid":{"rendered":"https:\/\/innovexalgerie.com\/manutention\/?post_type=product&#038;p=3923"},"modified":"2024-10-03T12:17:46","modified_gmt":"2024-10-03T11:17:46","slug":"chariot-a-main-pour-appareils-electromenagers-pour-escalier-ht0123pr","status":"publish","type":"product","link":"https:\/\/innovexalgerie.com\/manutention\/produit\/chariot-a-main-pour-appareils-electromenagers-pour-escalier-ht0123pr\/","title":{"rendered":"Chariot \u00e0 main pour appareils \u00e9lectrom\u00e9nagers pour escalier HT0123PR"},"content":{"rendered":"<p>Chariot \u00e0 main long pour appareils \u00e9lectrom\u00e9nagers en acier l\u00e9ger, maniable et robuste. peut supporter un poids allant jusqu&rsquo;\u00e0 300 kg. Il est con\u00e7u pour un usage professionnel et id\u00e9al pour d\u00e9placer des charges dans divers environnements.<\/p>\n<ul>\n<li>Facile \u00e0 utiliser, pratique pour une utilisation dans les supermarch\u00e9s et les entrep\u00f4ts.<\/li>\n<li>Poign\u00e9es ergonomiques.<\/li>\n<li>Ceinture de s\u00e9curit\u00e9 pr\u00e9install\u00e9 permet \u00e0 l&rsquo;utilisateur de s\u00e9curiser la charge.<\/li>\n<li>\u00c9quip\u00e9 de (02) roues pneumatiques en caoutchouc solide r\u00e9sistant \u00e0 l&rsquo;usure et (02) roues \u00e9quip\u00e9es de roulements \u00e0 billes.<\/li>\n<li>Possibilit\u00e9 de rangement dans un petit espace.<\/li>\n<\/ul>\n","protected":false},"excerpt":{"rendered":"<p>Chariot \u00e0 main long pour appareils \u00e9lectrom\u00e9nagers pour escalier en acier l\u00e9ger, maniable et robuste. peut supporter un poids allant jusqu&rsquo;\u00e0 300 kg. Il est con\u00e7u pour un usage professionnel et id\u00e9al pour d\u00e9placer des charges dans divers environnements.<\/p>\n","protected":false},"featured_media":3924,"template":"","meta":{"_monsterinsights_skip_tracking":false,"_monsterinsights_sitenote_active":false,"_monsterinsights_sitenote_note":"","_monsterinsights_sitenote_category":0},"product_cat":[77],"product_tag":[],"class_list":["post-3923","product","type-product","status-publish","has-post-thumbnail","hentry","product_cat-chariot-diable"],"acf":[],"yoast_head":"<!-- This site is optimized with the Yoast SEO plugin v22.6 - https:\/\/yoast.com\/wordpress\/plugins\/seo\/ -->\n<title>Chariot \u00e0 main pour appareils \u00e9lectrom\u00e9nagers pour escalier HT0123PR - INNOVEX Alg\u00e9rie | Manutention<\/title>\n<meta name=\"description\" content=\"Chariot \u00e0 main long pour appareils \u00e9lectrom\u00e9nagers en acier l\u00e9ger, maniable et robuste. peut supporter un poids allant jusqu&#039;\u00e0 300 kg\" \/>\n<meta name=\"robots\" content=\"index, follow, max-snippet:-1, max-image-preview:large, max-video-preview:-1\" \/>\n<link rel=\"canonical\" href=\"https:\/\/innovexalgerie.com\/manutention\/produit\/chariot-a-main-pour-appareils-electromenagers-pour-escalier-ht0123pr\/\" \/>\n<meta property=\"og:locale\" content=\"fr_FR\" \/>\n<meta property=\"og:type\" content=\"article\" \/>\n<meta property=\"og:title\" content=\"Chariot \u00e0 main pour appareils \u00e9lectrom\u00e9nagers pour escalier HT0123PR - INNOVEX Alg\u00e9rie | Manutention\" \/>\n<meta property=\"og:description\" content=\"Chariot \u00e0 main long pour appareils \u00e9lectrom\u00e9nagers en acier l\u00e9ger, maniable et robuste. peut supporter un poids allant jusqu&#039;\u00e0 300 kg\" \/>\n<meta property=\"og:url\" content=\"https:\/\/innovexalgerie.com\/manutention\/produit\/chariot-a-main-pour-appareils-electromenagers-pour-escalier-ht0123pr\/\" \/>\n<meta property=\"og:site_name\" content=\"INNOVEX Alg\u00e9rie | Manutention\" \/>\n<meta property=\"article:modified_time\" content=\"2024-10-03T11:17:46+00:00\" \/>\n<meta property=\"og:image\" content=\"https:\/\/innovexalgerie.com\/manutention\/wp-content\/uploads\/2024\/07\/HT0123-PR.png\" \/>\n\t<meta property=\"og:image:width\" content=\"1000\" \/>\n\t<meta property=\"og:image:height\" content=\"1000\" \/>\n\t<meta property=\"og:image:type\" content=\"image\/png\" \/>\n<meta name=\"twitter:card\" content=\"summary_large_image\" \/>\n<meta name=\"twitter:label1\" content=\"Dur\u00e9e de lecture estim\u00e9e\" \/>\n\t<meta name=\"twitter:data1\" content=\"1 minute\" \/>\n<script type=\"application\/ld+json\" class=\"yoast-schema-graph\">{\"@context\":\"https:\/\/schema.org\",\"@graph\":[{\"@type\":\"WebPage\",\"@id\":\"https:\/\/innovexalgerie.com\/manutention\/produit\/chariot-a-main-pour-appareils-electromenagers-pour-escalier-ht0123pr\/\",\"url\":\"https:\/\/innovexalgerie.com\/manutention\/produit\/chariot-a-main-pour-appareils-electromenagers-pour-escalier-ht0123pr\/\",\"name\":\"Chariot \u00e0 main pour appareils \u00e9lectrom\u00e9nagers pour escalier HT0123PR - INNOVEX Alg\u00e9rie | Manutention\",\"isPartOf\":{\"@id\":\"https:\/\/innovexalgerie.com\/manutention\/#website\"},\"primaryImageOfPage\":{\"@id\":\"https:\/\/innovexalgerie.com\/manutention\/produit\/chariot-a-main-pour-appareils-electromenagers-pour-escalier-ht0123pr\/#primaryimage\"},\"image\":{\"@id\":\"https:\/\/innovexalgerie.com\/manutention\/produit\/chariot-a-main-pour-appareils-electromenagers-pour-escalier-ht0123pr\/#primaryimage\"},\"thumbnailUrl\":\"https:\/\/innovexalgerie.com\/manutention\/wp-content\/uploads\/2024\/07\/HT0123-PR.png\",\"datePublished\":\"2024-07-01T14:08:02+00:00\",\"dateModified\":\"2024-10-03T11:17:46+00:00\",\"description\":\"Chariot \u00e0 main long pour appareils \u00e9lectrom\u00e9nagers en acier l\u00e9ger, maniable et robuste. peut supporter un poids allant jusqu'\u00e0 300 kg\",\"breadcrumb\":{\"@id\":\"https:\/\/innovexalgerie.com\/manutention\/produit\/chariot-a-main-pour-appareils-electromenagers-pour-escalier-ht0123pr\/#breadcrumb\"},\"inLanguage\":\"fr-FR\",\"potentialAction\":[{\"@type\":\"ReadAction\",\"target\":[\"https:\/\/innovexalgerie.com\/manutention\/produit\/chariot-a-main-pour-appareils-electromenagers-pour-escalier-ht0123pr\/\"]}]},{\"@type\":\"ImageObject\",\"inLanguage\":\"fr-FR\",\"@id\":\"https:\/\/innovexalgerie.com\/manutention\/produit\/chariot-a-main-pour-appareils-electromenagers-pour-escalier-ht0123pr\/#primaryimage\",\"url\":\"https:\/\/innovexalgerie.com\/manutention\/wp-content\/uploads\/2024\/07\/HT0123-PR.png\",\"contentUrl\":\"https:\/\/innovexalgerie.com\/manutention\/wp-content\/uploads\/2024\/07\/HT0123-PR.png\",\"width\":1000,\"height\":1000},{\"@type\":\"BreadcrumbList\",\"@id\":\"https:\/\/innovexalgerie.com\/manutention\/produit\/chariot-a-main-pour-appareils-electromenagers-pour-escalier-ht0123pr\/#breadcrumb\",\"itemListElement\":[{\"@type\":\"ListItem\",\"position\":1,\"name\":\"Accueil\",\"item\":\"https:\/\/innovexalgerie.com\/manutention\/\"},{\"@type\":\"ListItem\",\"position\":2,\"name\":\"Boutique\",\"item\":\"https:\/\/innovexalgerie.com\/manutention\/boutique\/\"},{\"@type\":\"ListItem\",\"position\":3,\"name\":\"Chariot \u00e0 main pour appareils \u00e9lectrom\u00e9nagers pour escalier HT0123PR\"}]},{\"@type\":\"WebSite\",\"@id\":\"https:\/\/innovexalgerie.com\/manutention\/#website\",\"url\":\"https:\/\/innovexalgerie.com\/manutention\/\",\"name\":\"INNOVEX Alg\u00e9rie | Manutention\",\"description\":\"Manutention\",\"publisher\":{\"@id\":\"https:\/\/innovexalgerie.com\/manutention\/#organization\"},\"potentialAction\":[{\"@type\":\"SearchAction\",\"target\":{\"@type\":\"EntryPoint\",\"urlTemplate\":\"https:\/\/innovexalgerie.com\/manutention\/?s={search_term_string}\"},\"query-input\":\"required name=search_term_string\"}],\"inLanguage\":\"fr-FR\"},{\"@type\":\"Organization\",\"@id\":\"https:\/\/innovexalgerie.com\/manutention\/#organization\",\"name\":\"INNOVEX Alg\u00e9rie | Manutention\",\"url\":\"https:\/\/innovexalgerie.com\/manutention\/\",\"logo\":{\"@type\":\"ImageObject\",\"inLanguage\":\"fr-FR\",\"@id\":\"https:\/\/innovexalgerie.com\/manutention\/#\/schema\/logo\/image\/\",\"url\":\"https:\/\/innovexalgerie.com\/manutention\/wp-content\/uploads\/2022\/03\/innovex_manutention_logo.svg\",\"contentUrl\":\"https:\/\/innovexalgerie.com\/manutention\/wp-content\/uploads\/2022\/03\/innovex_manutention_logo.svg\",\"width\":133,\"height\":36,\"caption\":\"INNOVEX Alg\u00e9rie | Manutention\"},\"image\":{\"@id\":\"https:\/\/innovexalgerie.com\/manutention\/#\/schema\/logo\/image\/\"}}]}<\/script>\n<!-- \/ Yoast SEO plugin. -->","yoast_head_json":{"title":"Chariot \u00e0 main pour appareils \u00e9lectrom\u00e9nagers pour escalier HT0123PR - INNOVEX Alg\u00e9rie | Manutention","description":"Chariot \u00e0 main long pour appareils \u00e9lectrom\u00e9nagers en acier l\u00e9ger, maniable et robuste. peut supporter un poids allant jusqu'\u00e0 300 kg","robots":{"index":"index","follow":"follow","max-snippet":"max-snippet:-1","max-image-preview":"max-image-preview:large","max-video-preview":"max-video-preview:-1"},"canonical":"https:\/\/innovexalgerie.com\/manutention\/produit\/chariot-a-main-pour-appareils-electromenagers-pour-escalier-ht0123pr\/","og_locale":"fr_FR","og_type":"article","og_title":"Chariot \u00e0 main pour appareils \u00e9lectrom\u00e9nagers pour escalier HT0123PR - INNOVEX Alg\u00e9rie | Manutention","og_description":"Chariot \u00e0 main long pour appareils \u00e9lectrom\u00e9nagers en acier l\u00e9ger, maniable et robuste. peut supporter un poids allant jusqu'\u00e0 300 kg","og_url":"https:\/\/innovexalgerie.com\/manutention\/produit\/chariot-a-main-pour-appareils-electromenagers-pour-escalier-ht0123pr\/","og_site_name":"INNOVEX Alg\u00e9rie | Manutention","article_modified_time":"2024-10-03T11:17:46+00:00","og_image":[{"width":1000,"height":1000,"url":"https:\/\/innovexalgerie.com\/manutention\/wp-content\/uploads\/2024\/07\/HT0123-PR.png","type":"image\/png"}],"twitter_card":"summary_large_image","twitter_misc":{"Dur\u00e9e de lecture estim\u00e9e":"1 minute"},"schema":{"@context":"https:\/\/schema.org","@graph":[{"@type":"WebPage","@id":"https:\/\/innovexalgerie.com\/manutention\/produit\/chariot-a-main-pour-appareils-electromenagers-pour-escalier-ht0123pr\/","url":"https:\/\/innovexalgerie.com\/manutention\/produit\/chariot-a-main-pour-appareils-electromenagers-pour-escalier-ht0123pr\/","name":"Chariot \u00e0 main pour appareils \u00e9lectrom\u00e9nagers pour escalier HT0123PR - INNOVEX Alg\u00e9rie | Manutention","isPartOf":{"@id":"https:\/\/innovexalgerie.com\/manutention\/#website"},"primaryImageOfPage":{"@id":"https:\/\/innovexalgerie.com\/manutention\/produit\/chariot-a-main-pour-appareils-electromenagers-pour-escalier-ht0123pr\/#primaryimage"},"image":{"@id":"https:\/\/innovexalgerie.com\/manutention\/produit\/chariot-a-main-pour-appareils-electromenagers-pour-escalier-ht0123pr\/#primaryimage"},"thumbnailUrl":"https:\/\/innovexalgerie.com\/manutention\/wp-content\/uploads\/2024\/07\/HT0123-PR.png","datePublished":"2024-07-01T14:08:02+00:00","dateModified":"2024-10-03T11:17:46+00:00","description":"Chariot \u00e0 main long pour appareils \u00e9lectrom\u00e9nagers en acier l\u00e9ger, maniable et robuste. peut supporter un poids allant jusqu'\u00e0 300 kg","breadcrumb":{"@id":"https:\/\/innovexalgerie.com\/manutention\/produit\/chariot-a-main-pour-appareils-electromenagers-pour-escalier-ht0123pr\/#breadcrumb"},"inLanguage":"fr-FR","potentialAction":[{"@type":"ReadAction","target":["https:\/\/innovexalgerie.com\/manutention\/produit\/chariot-a-main-pour-appareils-electromenagers-pour-escalier-ht0123pr\/"]}]},{"@type":"ImageObject","inLanguage":"fr-FR","@id":"https:\/\/innovexalgerie.com\/manutention\/produit\/chariot-a-main-pour-appareils-electromenagers-pour-escalier-ht0123pr\/#primaryimage","url":"https:\/\/innovexalgerie.com\/manutention\/wp-content\/uploads\/2024\/07\/HT0123-PR.png","contentUrl":"https:\/\/innovexalgerie.com\/manutention\/wp-content\/uploads\/2024\/07\/HT0123-PR.png","width":1000,"height":1000},{"@type":"BreadcrumbList","@id":"https:\/\/innovexalgerie.com\/manutention\/produit\/chariot-a-main-pour-appareils-electromenagers-pour-escalier-ht0123pr\/#breadcrumb","itemListElement":[{"@type":"ListItem","position":1,"name":"Accueil","item":"https:\/\/innovexalgerie.com\/manutention\/"},{"@type":"ListItem","position":2,"name":"Boutique","item":"https:\/\/innovexalgerie.com\/manutention\/boutique\/"},{"@type":"ListItem","position":3,"name":"Chariot \u00e0 main pour appareils \u00e9lectrom\u00e9nagers pour escalier HT0123PR"}]},{"@type":"WebSite","@id":"https:\/\/innovexalgerie.com\/manutention\/#website","url":"https:\/\/innovexalgerie.com\/manutention\/","name":"INNOVEX Alg\u00e9rie | Manutention","description":"Manutention","publisher":{"@id":"https:\/\/innovexalgerie.com\/manutention\/#organization"},"potentialAction":[{"@type":"SearchAction","target":{"@type":"EntryPoint","urlTemplate":"https:\/\/innovexalgerie.com\/manutention\/?s={search_term_string}"},"query-input":"required name=search_term_string"}],"inLanguage":"fr-FR"},{"@type":"Organization","@id":"https:\/\/innovexalgerie.com\/manutention\/#organization","name":"INNOVEX Alg\u00e9rie | Manutention","url":"https:\/\/innovexalgerie.com\/manutention\/","logo":{"@type":"ImageObject","inLanguage":"fr-FR","@id":"https:\/\/innovexalgerie.com\/manutention\/#\/schema\/logo\/image\/","url":"https:\/\/innovexalgerie.com\/manutention\/wp-content\/uploads\/2022\/03\/innovex_manutention_logo.svg","contentUrl":"https:\/\/innovexalgerie.com\/manutention\/wp-content\/uploads\/2022\/03\/innovex_manutention_logo.svg","width":133,"height":36,"caption":"INNOVEX Alg\u00e9rie | Manutention"},"image":{"@id":"https:\/\/innovexalgerie.com\/manutention\/#\/schema\/logo\/image\/"}}]}},"_links":{"self":[{"href":"https:\/\/innovexalgerie.com\/manutention\/wp-json\/wp\/v2\/product\/3923","targetHints":{"allow":["GET"]}}],"collection":[{"href":"https:\/\/innovexalgerie.com\/manutention\/wp-json\/wp\/v2\/product"}],"about":[{"href":"https:\/\/innovexalgerie.com\/manutention\/wp-json\/wp\/v2\/types\/product"}],"wp:featuredmedia":[{"embeddable":true,"href":"https:\/\/innovexalgerie.com\/manutention\/wp-json\/wp\/v2\/media\/3924"}],"wp:attachment":[{"href":"https:\/\/innovexalgerie.com\/manutention\/wp-json\/wp\/v2\/media?parent=3923"}],"wp:term":[{"taxonomy":"product_cat","embeddable":true,"href":"https:\/\/innovexalgerie.com\/manutention\/wp-json\/wp\/v2\/product_cat?post=3923"},{"taxonomy":"product_tag","embeddable":true,"href":"https:\/\/innovexalgerie.com\/manutention\/wp-json\/wp\/v2\/product_tag?post=3923"}],"curies":[{"name":"wp","href":"https:\/\/api.w.org\/{rel}","templated":true}]}}