{"id":3964,"date":"2024-07-23T15:02:19","date_gmt":"2024-07-23T14:02:19","guid":{"rendered":"https:\/\/innovexalgerie.com\/manutention\/?post_type=product&#038;p=3964"},"modified":"2024-07-23T16:03:48","modified_gmt":"2024-07-23T15:03:48","slug":"chariot-conteneur-en-bois-grillage-en-acier-pb-1000gr","status":"publish","type":"product","link":"https:\/\/innovexalgerie.com\/manutention\/produit\/chariot-conteneur-en-bois-grillage-en-acier-pb-1000gr\/","title":{"rendered":"Chariot conteneur en bois grillag\u00e9 en acier PB-1000GR"},"content":{"rendered":"<p>Chariot conteneur grillag\u00e9<strong> PB-1000GR<\/strong> avec platefome en bois antid\u00e9rapante, id\u00e9al pour collection, manutention et stockage des marchandises. il peut supporter une charge allant jusqu\u2019\u00e0 1000Kg.<\/p>\n","protected":false},"excerpt":{"rendered":"<p>Chariot conteneur grillag\u00e9 en acier avec platefome en bois antid\u00e9rapante, est une solution id\u00e9ale pour la manutention des entrep\u00f4ts.<\/p>\n<div class=\"chat-list relative custom-scrollbar-reset-margin custom-scrollbar custom-scrollbar-hidden pb-9 flex-1 overflow-y-auto\">\n<div class=\"mx-auto max-w-[790px]\">\n<div class=\"message-item-outer relative px-3\" data-id=\"abc7119e-dc35-4983-b0c6-fd0d9c59ed69\">\n<div class=\"content-area pl-[26px]\">\n<div class=\"message-item select-text relative\">\n<div class=\"message-inner relative\">\n<div class=\"py-[2px]\">\n<div class=\"actions relative -left-1 h-[22px] mt-[6px] z-20 gap-1 flex justify-start items-center !visible\"><\/div>\n<\/div>\n<\/div>\n<\/div>\n<\/div>\n<\/div>\n<\/div>\n<\/div>\n","protected":false},"featured_media":3965,"template":"","meta":{"_monsterinsights_skip_tracking":false,"_monsterinsights_sitenote_active":false,"_monsterinsights_sitenote_note":"","_monsterinsights_sitenote_category":0},"product_cat":[18],"product_tag":[19,20,21],"class_list":["post-3964","product","type-product","status-publish","has-post-thumbnail","hentry","product_cat-chariot-a-plateforme","product_tag-chariot","product_tag-table","product_tag-trolley"],"acf":[],"yoast_head":"<!-- This site is optimized with the Yoast SEO plugin v22.6 - https:\/\/yoast.com\/wordpress\/plugins\/seo\/ -->\n<title>Chariot conteneur en bois grillag\u00e9 en acier PB-1000GR - INNOVEX Alg\u00e9rie | Manutention<\/title>\n<meta name=\"robots\" content=\"index, follow, max-snippet:-1, max-image-preview:large, max-video-preview:-1\" \/>\n<link rel=\"canonical\" href=\"https:\/\/innovexalgerie.com\/manutention\/produit\/chariot-conteneur-en-bois-grillage-en-acier-pb-1000gr\/\" \/>\n<meta property=\"og:locale\" content=\"fr_FR\" \/>\n<meta property=\"og:type\" content=\"article\" \/>\n<meta property=\"og:title\" content=\"Chariot conteneur en bois grillag\u00e9 en acier PB-1000GR - INNOVEX Alg\u00e9rie | Manutention\" \/>\n<meta property=\"og:description\" content=\"Chariot conteneur grillag\u00e9 en acier avec platefome en bois antid\u00e9rapante, est une solution id\u00e9ale pour la manutention des entrep\u00f4ts.\" \/>\n<meta property=\"og:url\" content=\"https:\/\/innovexalgerie.com\/manutention\/produit\/chariot-conteneur-en-bois-grillage-en-acier-pb-1000gr\/\" \/>\n<meta property=\"og:site_name\" content=\"INNOVEX Alg\u00e9rie | Manutention\" \/>\n<meta property=\"article:modified_time\" content=\"2024-07-23T15:03:48+00:00\" \/>\n<meta property=\"og:image\" content=\"https:\/\/innovexalgerie.com\/manutention\/wp-content\/uploads\/2024\/07\/PB-1000GR.jpg\" \/>\n\t<meta property=\"og:image:width\" content=\"1000\" \/>\n\t<meta property=\"og:image:height\" content=\"1000\" \/>\n\t<meta property=\"og:image:type\" content=\"image\/jpeg\" \/>\n<meta name=\"twitter:card\" content=\"summary_large_image\" \/>\n<meta name=\"twitter:label1\" content=\"Dur\u00e9e de lecture estim\u00e9e\" \/>\n\t<meta name=\"twitter:data1\" content=\"1 minute\" \/>\n<script type=\"application\/ld+json\" class=\"yoast-schema-graph\">{\"@context\":\"https:\/\/schema.org\",\"@graph\":[{\"@type\":\"WebPage\",\"@id\":\"https:\/\/innovexalgerie.com\/manutention\/produit\/chariot-conteneur-en-bois-grillage-en-acier-pb-1000gr\/\",\"url\":\"https:\/\/innovexalgerie.com\/manutention\/produit\/chariot-conteneur-en-bois-grillage-en-acier-pb-1000gr\/\",\"name\":\"Chariot conteneur en bois grillag\u00e9 en acier PB-1000GR - INNOVEX Alg\u00e9rie | Manutention\",\"isPartOf\":{\"@id\":\"https:\/\/innovexalgerie.com\/manutention\/#website\"},\"primaryImageOfPage\":{\"@id\":\"https:\/\/innovexalgerie.com\/manutention\/produit\/chariot-conteneur-en-bois-grillage-en-acier-pb-1000gr\/#primaryimage\"},\"image\":{\"@id\":\"https:\/\/innovexalgerie.com\/manutention\/produit\/chariot-conteneur-en-bois-grillage-en-acier-pb-1000gr\/#primaryimage\"},\"thumbnailUrl\":\"https:\/\/innovexalgerie.com\/manutention\/wp-content\/uploads\/2024\/07\/PB-1000GR.jpg\",\"datePublished\":\"2024-07-23T14:02:19+00:00\",\"dateModified\":\"2024-07-23T15:03:48+00:00\",\"breadcrumb\":{\"@id\":\"https:\/\/innovexalgerie.com\/manutention\/produit\/chariot-conteneur-en-bois-grillage-en-acier-pb-1000gr\/#breadcrumb\"},\"inLanguage\":\"fr-FR\",\"potentialAction\":[{\"@type\":\"ReadAction\",\"target\":[\"https:\/\/innovexalgerie.com\/manutention\/produit\/chariot-conteneur-en-bois-grillage-en-acier-pb-1000gr\/\"]}]},{\"@type\":\"ImageObject\",\"inLanguage\":\"fr-FR\",\"@id\":\"https:\/\/innovexalgerie.com\/manutention\/produit\/chariot-conteneur-en-bois-grillage-en-acier-pb-1000gr\/#primaryimage\",\"url\":\"https:\/\/innovexalgerie.com\/manutention\/wp-content\/uploads\/2024\/07\/PB-1000GR.jpg\",\"contentUrl\":\"https:\/\/innovexalgerie.com\/manutention\/wp-content\/uploads\/2024\/07\/PB-1000GR.jpg\",\"width\":1000,\"height\":1000,\"caption\":\"PB-1000GR innovex algerie\"},{\"@type\":\"BreadcrumbList\",\"@id\":\"https:\/\/innovexalgerie.com\/manutention\/produit\/chariot-conteneur-en-bois-grillage-en-acier-pb-1000gr\/#breadcrumb\",\"itemListElement\":[{\"@type\":\"ListItem\",\"position\":1,\"name\":\"Accueil\",\"item\":\"https:\/\/innovexalgerie.com\/manutention\/\"},{\"@type\":\"ListItem\",\"position\":2,\"name\":\"Boutique\",\"item\":\"https:\/\/innovexalgerie.com\/manutention\/boutique\/\"},{\"@type\":\"ListItem\",\"position\":3,\"name\":\"Chariot conteneur en bois grillag\u00e9 en acier PB-1000GR\"}]},{\"@type\":\"WebSite\",\"@id\":\"https:\/\/innovexalgerie.com\/manutention\/#website\",\"url\":\"https:\/\/innovexalgerie.com\/manutention\/\",\"name\":\"INNOVEX Alg\u00e9rie | Manutention\",\"description\":\"Manutention\",\"publisher\":{\"@id\":\"https:\/\/innovexalgerie.com\/manutention\/#organization\"},\"potentialAction\":[{\"@type\":\"SearchAction\",\"target\":{\"@type\":\"EntryPoint\",\"urlTemplate\":\"https:\/\/innovexalgerie.com\/manutention\/?s={search_term_string}\"},\"query-input\":\"required name=search_term_string\"}],\"inLanguage\":\"fr-FR\"},{\"@type\":\"Organization\",\"@id\":\"https:\/\/innovexalgerie.com\/manutention\/#organization\",\"name\":\"INNOVEX Alg\u00e9rie | Manutention\",\"url\":\"https:\/\/innovexalgerie.com\/manutention\/\",\"logo\":{\"@type\":\"ImageObject\",\"inLanguage\":\"fr-FR\",\"@id\":\"https:\/\/innovexalgerie.com\/manutention\/#\/schema\/logo\/image\/\",\"url\":\"https:\/\/innovexalgerie.com\/manutention\/wp-content\/uploads\/2022\/03\/innovex_manutention_logo.svg\",\"contentUrl\":\"https:\/\/innovexalgerie.com\/manutention\/wp-content\/uploads\/2022\/03\/innovex_manutention_logo.svg\",\"width\":133,\"height\":36,\"caption\":\"INNOVEX Alg\u00e9rie | Manutention\"},\"image\":{\"@id\":\"https:\/\/innovexalgerie.com\/manutention\/#\/schema\/logo\/image\/\"}}]}<\/script>\n<!-- \/ Yoast SEO plugin. -->","yoast_head_json":{"title":"Chariot conteneur en bois grillag\u00e9 en acier PB-1000GR - INNOVEX Alg\u00e9rie | Manutention","robots":{"index":"index","follow":"follow","max-snippet":"max-snippet:-1","max-image-preview":"max-image-preview:large","max-video-preview":"max-video-preview:-1"},"canonical":"https:\/\/innovexalgerie.com\/manutention\/produit\/chariot-conteneur-en-bois-grillage-en-acier-pb-1000gr\/","og_locale":"fr_FR","og_type":"article","og_title":"Chariot conteneur en bois grillag\u00e9 en acier PB-1000GR - INNOVEX Alg\u00e9rie | Manutention","og_description":"Chariot conteneur grillag\u00e9 en acier avec platefome en bois antid\u00e9rapante, est une solution id\u00e9ale pour la manutention des entrep\u00f4ts.","og_url":"https:\/\/innovexalgerie.com\/manutention\/produit\/chariot-conteneur-en-bois-grillage-en-acier-pb-1000gr\/","og_site_name":"INNOVEX Alg\u00e9rie | Manutention","article_modified_time":"2024-07-23T15:03:48+00:00","og_image":[{"width":1000,"height":1000,"url":"https:\/\/innovexalgerie.com\/manutention\/wp-content\/uploads\/2024\/07\/PB-1000GR.jpg","type":"image\/jpeg"}],"twitter_card":"summary_large_image","twitter_misc":{"Dur\u00e9e de lecture estim\u00e9e":"1 minute"},"schema":{"@context":"https:\/\/schema.org","@graph":[{"@type":"WebPage","@id":"https:\/\/innovexalgerie.com\/manutention\/produit\/chariot-conteneur-en-bois-grillage-en-acier-pb-1000gr\/","url":"https:\/\/innovexalgerie.com\/manutention\/produit\/chariot-conteneur-en-bois-grillage-en-acier-pb-1000gr\/","name":"Chariot conteneur en bois grillag\u00e9 en acier PB-1000GR - INNOVEX Alg\u00e9rie | Manutention","isPartOf":{"@id":"https:\/\/innovexalgerie.com\/manutention\/#website"},"primaryImageOfPage":{"@id":"https:\/\/innovexalgerie.com\/manutention\/produit\/chariot-conteneur-en-bois-grillage-en-acier-pb-1000gr\/#primaryimage"},"image":{"@id":"https:\/\/innovexalgerie.com\/manutention\/produit\/chariot-conteneur-en-bois-grillage-en-acier-pb-1000gr\/#primaryimage"},"thumbnailUrl":"https:\/\/innovexalgerie.com\/manutention\/wp-content\/uploads\/2024\/07\/PB-1000GR.jpg","datePublished":"2024-07-23T14:02:19+00:00","dateModified":"2024-07-23T15:03:48+00:00","breadcrumb":{"@id":"https:\/\/innovexalgerie.com\/manutention\/produit\/chariot-conteneur-en-bois-grillage-en-acier-pb-1000gr\/#breadcrumb"},"inLanguage":"fr-FR","potentialAction":[{"@type":"ReadAction","target":["https:\/\/innovexalgerie.com\/manutention\/produit\/chariot-conteneur-en-bois-grillage-en-acier-pb-1000gr\/"]}]},{"@type":"ImageObject","inLanguage":"fr-FR","@id":"https:\/\/innovexalgerie.com\/manutention\/produit\/chariot-conteneur-en-bois-grillage-en-acier-pb-1000gr\/#primaryimage","url":"https:\/\/innovexalgerie.com\/manutention\/wp-content\/uploads\/2024\/07\/PB-1000GR.jpg","contentUrl":"https:\/\/innovexalgerie.com\/manutention\/wp-content\/uploads\/2024\/07\/PB-1000GR.jpg","width":1000,"height":1000,"caption":"PB-1000GR innovex algerie"},{"@type":"BreadcrumbList","@id":"https:\/\/innovexalgerie.com\/manutention\/produit\/chariot-conteneur-en-bois-grillage-en-acier-pb-1000gr\/#breadcrumb","itemListElement":[{"@type":"ListItem","position":1,"name":"Accueil","item":"https:\/\/innovexalgerie.com\/manutention\/"},{"@type":"ListItem","position":2,"name":"Boutique","item":"https:\/\/innovexalgerie.com\/manutention\/boutique\/"},{"@type":"ListItem","position":3,"name":"Chariot conteneur en bois grillag\u00e9 en acier PB-1000GR"}]},{"@type":"WebSite","@id":"https:\/\/innovexalgerie.com\/manutention\/#website","url":"https:\/\/innovexalgerie.com\/manutention\/","name":"INNOVEX Alg\u00e9rie | Manutention","description":"Manutention","publisher":{"@id":"https:\/\/innovexalgerie.com\/manutention\/#organization"},"potentialAction":[{"@type":"SearchAction","target":{"@type":"EntryPoint","urlTemplate":"https:\/\/innovexalgerie.com\/manutention\/?s={search_term_string}"},"query-input":"required name=search_term_string"}],"inLanguage":"fr-FR"},{"@type":"Organization","@id":"https:\/\/innovexalgerie.com\/manutention\/#organization","name":"INNOVEX Alg\u00e9rie | Manutention","url":"https:\/\/innovexalgerie.com\/manutention\/","logo":{"@type":"ImageObject","inLanguage":"fr-FR","@id":"https:\/\/innovexalgerie.com\/manutention\/#\/schema\/logo\/image\/","url":"https:\/\/innovexalgerie.com\/manutention\/wp-content\/uploads\/2022\/03\/innovex_manutention_logo.svg","contentUrl":"https:\/\/innovexalgerie.com\/manutention\/wp-content\/uploads\/2022\/03\/innovex_manutention_logo.svg","width":133,"height":36,"caption":"INNOVEX Alg\u00e9rie | Manutention"},"image":{"@id":"https:\/\/innovexalgerie.com\/manutention\/#\/schema\/logo\/image\/"}}]}},"_links":{"self":[{"href":"https:\/\/innovexalgerie.com\/manutention\/wp-json\/wp\/v2\/product\/3964","targetHints":{"allow":["GET"]}}],"collection":[{"href":"https:\/\/innovexalgerie.com\/manutention\/wp-json\/wp\/v2\/product"}],"about":[{"href":"https:\/\/innovexalgerie.com\/manutention\/wp-json\/wp\/v2\/types\/product"}],"wp:featuredmedia":[{"embeddable":true,"href":"https:\/\/innovexalgerie.com\/manutention\/wp-json\/wp\/v2\/media\/3965"}],"wp:attachment":[{"href":"https:\/\/innovexalgerie.com\/manutention\/wp-json\/wp\/v2\/media?parent=3964"}],"wp:term":[{"taxonomy":"product_cat","embeddable":true,"href":"https:\/\/innovexalgerie.com\/manutention\/wp-json\/wp\/v2\/product_cat?post=3964"},{"taxonomy":"product_tag","embeddable":true,"href":"https:\/\/innovexalgerie.com\/manutention\/wp-json\/wp\/v2\/product_tag?post=3964"}],"curies":[{"name":"wp","href":"https:\/\/api.w.org\/{rel}","templated":true}]}}