{"id":4091,"date":"2024-09-29T14:35:29","date_gmt":"2024-09-29T13:35:29","guid":{"rendered":"https:\/\/innovexalgerie.com\/manutention\/?post_type=product&#038;p=4091"},"modified":"2026-04-15T12:56:32","modified_gmt":"2026-04-15T11:56:32","slug":"quai-de-dechargement-amovible","status":"publish","type":"product","link":"https:\/\/innovexalgerie.com\/manutention\/produit\/quai-de-dechargement-amovible\/","title":{"rendered":"Quai de d\u00e9chargement amovible QU-2017"},"content":{"rendered":"<div class=\"chat-list relative custom-scrollbar-reset-margin custom-scrollbar custom-scrollbar-hidden pb-9 flex-1 overflow-y-auto\">\n<div class=\"mx-auto max-w-[790px]\">\n<div class=\"message-item-outer relative px-3\" data-id=\"fb61c22d-10b8-4183-8c60-d416ca19dac4\">\n<div class=\"content-area pl-[26px]\">\n<div class=\"message-item select-text relative\">\n<div class=\"message-inner relative\">\n<div class=\"py-[2px]\">\n<div class=\"flex flex-col gap-2\">\n<div class=\"answer-markdown-box overflow-x-auto select-text custom-scrollbar\">\n<div class=\"markdown-body\">\n<p style=\"text-align: left;\">Le quai de d\u00e9chargement amovible <strong>QU-2017<\/strong> \u00e0 d\u00e9placement manuel et levage \u00e9lectrique, est la solution parfaite pour optimiser les op\u00e9rations de chargement et d\u00e9chargement dans les environnements logistiques. Con\u00e7u pour offrir flexibilit\u00e9, s\u00e9curit\u00e9 et efficacit\u00e9, ce quai amovible permet un positionnement facile et rapide tout en offrant une \u00e9l\u00e9vation \u00e9lectrique fiable et sans effort.<\/p>\n<ul>\n<li style=\"text-align: left;\">Un \u00e9quipement essentiel pour simplifier et s\u00e9curiser le transfert des marchandises depuis ou vers des camions ou des conteneurs.<\/li>\n<li style=\"text-align: left;\">Elle est dot\u00e9e d&rsquo;une grande surface de travail, r\u00e9glable en hauteur pour s&rsquo;adapter pr\u00e9cis\u00e9ment \u00e0 la benne des camions ou \u00e0 l&rsquo;ouverture des conteneurs,<br \/>\nfacilitant ainsi l&rsquo;alignement et l&rsquo;efficacit\u00e9 des op\u00e9rations de manutention.<\/li>\n<li style=\"text-align: left;\">Vitesse de descente r\u00e9glable.<\/li>\n<li style=\"text-align: left;\">\u00a0Quai de d\u00e9chargement amoviable \u00e9lectrique: d\u00e9placement manuel et \u00e9l\u00e9vation \u00e9lectrique par prise de 220V.<\/li>\n<li style=\"text-align: left;\">\u00a0Capacit\u00e9 de 2 tonnes et hauteur de levage 1700mm.<\/li>\n<li style=\"text-align: left;\">\u00a0Quai de d\u00e9chargement adopte une structure en acier \u00e0 haute r\u00e9sistance.<\/li>\n<li style=\"text-align: left;\">\u00a0Quatre roues en polyur\u00e9thane de haute qualit\u00e9<\/li>\n<li style=\"text-align: left;\">\u00a02 stabilisateurs de s\u00e9curit\u00e9 sur l&rsquo;\u00e9quipement durant le levage.<\/li>\n<\/ul>\n<\/div>\n<\/div>\n<\/div>\n<\/div>\n<\/div>\n<\/div>\n<\/div>\n<\/div>\n<\/div>\n<\/div>\n","protected":false},"excerpt":{"rendered":"<p>Quai de d\u00e9chargement amovible \u00e0 d\u00e9placement manuel et levage \u00e9lectrique, c&rsquo;est un \u00e9quipement essentiel pour simplifier et s\u00e9curiser le transfert des marchandises depuis ou vers des camions ou des conteneurs.<\/p>\n","protected":false},"featured_media":4092,"template":"","meta":{"_monsterinsights_skip_tracking":false,"_monsterinsights_sitenote_active":false,"_monsterinsights_sitenote_note":"","_monsterinsights_sitenote_category":0},"product_cat":[81],"product_tag":[37,38],"class_list":["post-4091","product","type-product","status-publish","has-post-thumbnail","hentry","product_cat-quai-de-dechargement-amovible","product_tag-levage","product_tag-manutention"],"acf":[],"yoast_head":"<!-- This site is optimized with the Yoast SEO plugin v22.6 - https:\/\/yoast.com\/wordpress\/plugins\/seo\/ -->\n<title>Quai de d\u00e9chargement amovible QU-2017 - INNOVEX Alg\u00e9rie | Manutention<\/title>\n<meta name=\"robots\" content=\"index, follow, max-snippet:-1, max-image-preview:large, max-video-preview:-1\" \/>\n<link rel=\"canonical\" href=\"https:\/\/innovexalgerie.com\/manutention\/produit\/quai-de-dechargement-amovible\/\" \/>\n<meta property=\"og:locale\" content=\"fr_FR\" \/>\n<meta property=\"og:type\" content=\"article\" \/>\n<meta property=\"og:title\" content=\"Quai de d\u00e9chargement amovible QU-2017 - INNOVEX Alg\u00e9rie | Manutention\" \/>\n<meta property=\"og:description\" content=\"Quai de d\u00e9chargement amovible \u00e0 d\u00e9placement manuel et levage \u00e9lectrique, c&#039;est un \u00e9quipement essentiel pour simplifier et s\u00e9curiser le transfert des marchandises depuis ou vers des camions ou des conteneurs.\" \/>\n<meta property=\"og:url\" content=\"https:\/\/innovexalgerie.com\/manutention\/produit\/quai-de-dechargement-amovible\/\" \/>\n<meta property=\"og:site_name\" content=\"INNOVEX Alg\u00e9rie | Manutention\" \/>\n<meta property=\"article:modified_time\" content=\"2026-04-15T11:56:32+00:00\" \/>\n<meta property=\"og:image\" content=\"https:\/\/innovexalgerie.com\/manutention\/wp-content\/uploads\/2024\/09\/QUAI-DE-DECHARGEMENT-AMOVIBLE-INNOVEX-ALGERIE-.jpg\" \/>\n\t<meta property=\"og:image:width\" content=\"1000\" \/>\n\t<meta property=\"og:image:height\" content=\"1000\" \/>\n\t<meta property=\"og:image:type\" content=\"image\/jpeg\" \/>\n<meta name=\"twitter:card\" content=\"summary_large_image\" \/>\n<meta name=\"twitter:label1\" content=\"Dur\u00e9e de lecture estim\u00e9e\" \/>\n\t<meta name=\"twitter:data1\" content=\"2 minutes\" \/>\n<script type=\"application\/ld+json\" class=\"yoast-schema-graph\">{\"@context\":\"https:\/\/schema.org\",\"@graph\":[{\"@type\":\"WebPage\",\"@id\":\"https:\/\/innovexalgerie.com\/manutention\/produit\/quai-de-dechargement-amovible\/\",\"url\":\"https:\/\/innovexalgerie.com\/manutention\/produit\/quai-de-dechargement-amovible\/\",\"name\":\"Quai de d\u00e9chargement amovible QU-2017 - INNOVEX Alg\u00e9rie | Manutention\",\"isPartOf\":{\"@id\":\"https:\/\/innovexalgerie.com\/manutention\/#website\"},\"primaryImageOfPage\":{\"@id\":\"https:\/\/innovexalgerie.com\/manutention\/produit\/quai-de-dechargement-amovible\/#primaryimage\"},\"image\":{\"@id\":\"https:\/\/innovexalgerie.com\/manutention\/produit\/quai-de-dechargement-amovible\/#primaryimage\"},\"thumbnailUrl\":\"https:\/\/innovexalgerie.com\/manutention\/wp-content\/uploads\/2024\/09\/QUAI-DE-DECHARGEMENT-AMOVIBLE-INNOVEX-ALGERIE-.jpg\",\"datePublished\":\"2024-09-29T13:35:29+00:00\",\"dateModified\":\"2026-04-15T11:56:32+00:00\",\"breadcrumb\":{\"@id\":\"https:\/\/innovexalgerie.com\/manutention\/produit\/quai-de-dechargement-amovible\/#breadcrumb\"},\"inLanguage\":\"fr-FR\",\"potentialAction\":[{\"@type\":\"ReadAction\",\"target\":[\"https:\/\/innovexalgerie.com\/manutention\/produit\/quai-de-dechargement-amovible\/\"]}]},{\"@type\":\"ImageObject\",\"inLanguage\":\"fr-FR\",\"@id\":\"https:\/\/innovexalgerie.com\/manutention\/produit\/quai-de-dechargement-amovible\/#primaryimage\",\"url\":\"https:\/\/innovexalgerie.com\/manutention\/wp-content\/uploads\/2024\/09\/QUAI-DE-DECHARGEMENT-AMOVIBLE-INNOVEX-ALGERIE-.jpg\",\"contentUrl\":\"https:\/\/innovexalgerie.com\/manutention\/wp-content\/uploads\/2024\/09\/QUAI-DE-DECHARGEMENT-AMOVIBLE-INNOVEX-ALGERIE-.jpg\",\"width\":1000,\"height\":1000,\"caption\":\"Quai de d\u00e9chargement\"},{\"@type\":\"BreadcrumbList\",\"@id\":\"https:\/\/innovexalgerie.com\/manutention\/produit\/quai-de-dechargement-amovible\/#breadcrumb\",\"itemListElement\":[{\"@type\":\"ListItem\",\"position\":1,\"name\":\"Accueil\",\"item\":\"https:\/\/innovexalgerie.com\/manutention\/\"},{\"@type\":\"ListItem\",\"position\":2,\"name\":\"Boutique\",\"item\":\"https:\/\/innovexalgerie.com\/manutention\/boutique\/\"},{\"@type\":\"ListItem\",\"position\":3,\"name\":\"Quai de d\u00e9chargement amovible QU-2017\"}]},{\"@type\":\"WebSite\",\"@id\":\"https:\/\/innovexalgerie.com\/manutention\/#website\",\"url\":\"https:\/\/innovexalgerie.com\/manutention\/\",\"name\":\"INNOVEX Alg\u00e9rie | Manutention\",\"description\":\"Manutention\",\"publisher\":{\"@id\":\"https:\/\/innovexalgerie.com\/manutention\/#organization\"},\"potentialAction\":[{\"@type\":\"SearchAction\",\"target\":{\"@type\":\"EntryPoint\",\"urlTemplate\":\"https:\/\/innovexalgerie.com\/manutention\/?s={search_term_string}\"},\"query-input\":\"required name=search_term_string\"}],\"inLanguage\":\"fr-FR\"},{\"@type\":\"Organization\",\"@id\":\"https:\/\/innovexalgerie.com\/manutention\/#organization\",\"name\":\"INNOVEX Alg\u00e9rie | Manutention\",\"url\":\"https:\/\/innovexalgerie.com\/manutention\/\",\"logo\":{\"@type\":\"ImageObject\",\"inLanguage\":\"fr-FR\",\"@id\":\"https:\/\/innovexalgerie.com\/manutention\/#\/schema\/logo\/image\/\",\"url\":\"https:\/\/innovexalgerie.com\/manutention\/wp-content\/uploads\/2022\/03\/innovex_manutention_logo.svg\",\"contentUrl\":\"https:\/\/innovexalgerie.com\/manutention\/wp-content\/uploads\/2022\/03\/innovex_manutention_logo.svg\",\"width\":133,\"height\":36,\"caption\":\"INNOVEX Alg\u00e9rie | Manutention\"},\"image\":{\"@id\":\"https:\/\/innovexalgerie.com\/manutention\/#\/schema\/logo\/image\/\"}}]}<\/script>\n<!-- \/ Yoast SEO plugin. -->","yoast_head_json":{"title":"Quai de d\u00e9chargement amovible QU-2017 - INNOVEX Alg\u00e9rie | Manutention","robots":{"index":"index","follow":"follow","max-snippet":"max-snippet:-1","max-image-preview":"max-image-preview:large","max-video-preview":"max-video-preview:-1"},"canonical":"https:\/\/innovexalgerie.com\/manutention\/produit\/quai-de-dechargement-amovible\/","og_locale":"fr_FR","og_type":"article","og_title":"Quai de d\u00e9chargement amovible QU-2017 - INNOVEX Alg\u00e9rie | Manutention","og_description":"Quai de d\u00e9chargement amovible \u00e0 d\u00e9placement manuel et levage \u00e9lectrique, c'est un \u00e9quipement essentiel pour simplifier et s\u00e9curiser le transfert des marchandises depuis ou vers des camions ou des conteneurs.","og_url":"https:\/\/innovexalgerie.com\/manutention\/produit\/quai-de-dechargement-amovible\/","og_site_name":"INNOVEX Alg\u00e9rie | Manutention","article_modified_time":"2026-04-15T11:56:32+00:00","og_image":[{"width":1000,"height":1000,"url":"https:\/\/innovexalgerie.com\/manutention\/wp-content\/uploads\/2024\/09\/QUAI-DE-DECHARGEMENT-AMOVIBLE-INNOVEX-ALGERIE-.jpg","type":"image\/jpeg"}],"twitter_card":"summary_large_image","twitter_misc":{"Dur\u00e9e de lecture estim\u00e9e":"2 minutes"},"schema":{"@context":"https:\/\/schema.org","@graph":[{"@type":"WebPage","@id":"https:\/\/innovexalgerie.com\/manutention\/produit\/quai-de-dechargement-amovible\/","url":"https:\/\/innovexalgerie.com\/manutention\/produit\/quai-de-dechargement-amovible\/","name":"Quai de d\u00e9chargement amovible QU-2017 - INNOVEX Alg\u00e9rie | Manutention","isPartOf":{"@id":"https:\/\/innovexalgerie.com\/manutention\/#website"},"primaryImageOfPage":{"@id":"https:\/\/innovexalgerie.com\/manutention\/produit\/quai-de-dechargement-amovible\/#primaryimage"},"image":{"@id":"https:\/\/innovexalgerie.com\/manutention\/produit\/quai-de-dechargement-amovible\/#primaryimage"},"thumbnailUrl":"https:\/\/innovexalgerie.com\/manutention\/wp-content\/uploads\/2024\/09\/QUAI-DE-DECHARGEMENT-AMOVIBLE-INNOVEX-ALGERIE-.jpg","datePublished":"2024-09-29T13:35:29+00:00","dateModified":"2026-04-15T11:56:32+00:00","breadcrumb":{"@id":"https:\/\/innovexalgerie.com\/manutention\/produit\/quai-de-dechargement-amovible\/#breadcrumb"},"inLanguage":"fr-FR","potentialAction":[{"@type":"ReadAction","target":["https:\/\/innovexalgerie.com\/manutention\/produit\/quai-de-dechargement-amovible\/"]}]},{"@type":"ImageObject","inLanguage":"fr-FR","@id":"https:\/\/innovexalgerie.com\/manutention\/produit\/quai-de-dechargement-amovible\/#primaryimage","url":"https:\/\/innovexalgerie.com\/manutention\/wp-content\/uploads\/2024\/09\/QUAI-DE-DECHARGEMENT-AMOVIBLE-INNOVEX-ALGERIE-.jpg","contentUrl":"https:\/\/innovexalgerie.com\/manutention\/wp-content\/uploads\/2024\/09\/QUAI-DE-DECHARGEMENT-AMOVIBLE-INNOVEX-ALGERIE-.jpg","width":1000,"height":1000,"caption":"Quai de d\u00e9chargement"},{"@type":"BreadcrumbList","@id":"https:\/\/innovexalgerie.com\/manutention\/produit\/quai-de-dechargement-amovible\/#breadcrumb","itemListElement":[{"@type":"ListItem","position":1,"name":"Accueil","item":"https:\/\/innovexalgerie.com\/manutention\/"},{"@type":"ListItem","position":2,"name":"Boutique","item":"https:\/\/innovexalgerie.com\/manutention\/boutique\/"},{"@type":"ListItem","position":3,"name":"Quai de d\u00e9chargement amovible QU-2017"}]},{"@type":"WebSite","@id":"https:\/\/innovexalgerie.com\/manutention\/#website","url":"https:\/\/innovexalgerie.com\/manutention\/","name":"INNOVEX Alg\u00e9rie | Manutention","description":"Manutention","publisher":{"@id":"https:\/\/innovexalgerie.com\/manutention\/#organization"},"potentialAction":[{"@type":"SearchAction","target":{"@type":"EntryPoint","urlTemplate":"https:\/\/innovexalgerie.com\/manutention\/?s={search_term_string}"},"query-input":"required name=search_term_string"}],"inLanguage":"fr-FR"},{"@type":"Organization","@id":"https:\/\/innovexalgerie.com\/manutention\/#organization","name":"INNOVEX Alg\u00e9rie | Manutention","url":"https:\/\/innovexalgerie.com\/manutention\/","logo":{"@type":"ImageObject","inLanguage":"fr-FR","@id":"https:\/\/innovexalgerie.com\/manutention\/#\/schema\/logo\/image\/","url":"https:\/\/innovexalgerie.com\/manutention\/wp-content\/uploads\/2022\/03\/innovex_manutention_logo.svg","contentUrl":"https:\/\/innovexalgerie.com\/manutention\/wp-content\/uploads\/2022\/03\/innovex_manutention_logo.svg","width":133,"height":36,"caption":"INNOVEX Alg\u00e9rie | Manutention"},"image":{"@id":"https:\/\/innovexalgerie.com\/manutention\/#\/schema\/logo\/image\/"}}]}},"_links":{"self":[{"href":"https:\/\/innovexalgerie.com\/manutention\/wp-json\/wp\/v2\/product\/4091","targetHints":{"allow":["GET"]}}],"collection":[{"href":"https:\/\/innovexalgerie.com\/manutention\/wp-json\/wp\/v2\/product"}],"about":[{"href":"https:\/\/innovexalgerie.com\/manutention\/wp-json\/wp\/v2\/types\/product"}],"wp:featuredmedia":[{"embeddable":true,"href":"https:\/\/innovexalgerie.com\/manutention\/wp-json\/wp\/v2\/media\/4092"}],"wp:attachment":[{"href":"https:\/\/innovexalgerie.com\/manutention\/wp-json\/wp\/v2\/media?parent=4091"}],"wp:term":[{"taxonomy":"product_cat","embeddable":true,"href":"https:\/\/innovexalgerie.com\/manutention\/wp-json\/wp\/v2\/product_cat?post=4091"},{"taxonomy":"product_tag","embeddable":true,"href":"https:\/\/innovexalgerie.com\/manutention\/wp-json\/wp\/v2\/product_tag?post=4091"}],"curies":[{"name":"wp","href":"https:\/\/api.w.org\/{rel}","templated":true}]}}