{"id":4145,"date":"2024-10-20T10:16:51","date_gmt":"2024-10-20T09:16:51","guid":{"rendered":"https:\/\/innovexalgerie.com\/manutention\/?post_type=product&#038;p=4145"},"modified":"2025-01-06T16:21:07","modified_gmt":"2025-01-06T15:21:07","slug":"pince-bobine-pour-chariot-elevateur-rcf12g-007a","status":"publish","type":"product","link":"https:\/\/innovexalgerie.com\/manutention\/produit\/pince-bobine-pour-chariot-elevateur-rcf12g-007a\/","title":{"rendered":"Pince bobine pour chariot \u00e9l\u00e9vateur RCF12G-007A"},"content":{"rendered":"<div class=\"chat-list relative custom-scrollbar-reset-margin custom-scrollbar custom-scrollbar-hidden pb-9 flex-1 overflow-y-auto\">\n<div class=\"mx-auto max-w-[790px]\">\n<div class=\"message-item-outer relative px-3\" data-id=\"fb61c22d-10b8-4183-8c60-d416ca19dac4\">\n<div class=\"content-area pl-[26px]\">\n<div class=\"message-item select-text relative\">\n<div class=\"message-inner relative\">\n<div class=\"py-[2px]\">\n<div class=\"flex flex-col gap-2\">\n<div class=\"answer-markdown-box overflow-x-auto select-text custom-scrollbar\">\n<div class=\"markdown-body\">\n<p>Pince bobine pour chariot \u00e9l\u00e9vateur<strong>RCF12G-007A<\/strong> \u00e0 deux bras est la solution id\u00e9ale pour manipuler en toute s\u00e9curit\u00e9 les bobines dans des environnements industriels exigeants. Compatible avec divers chariots \u00e9l\u00e9vateurs, elle permet de saisir et d\u00e9placer les bobines de mani\u00e8re pr\u00e9cise et fiable, sans risque de dommages.<\/p>\n<\/div>\n<\/div>\n<\/div>\n<\/div>\n<\/div>\n<\/div>\n<\/div>\n<\/div>\n<\/div>\n<\/div>\n<ul>\n<li>Manipulez diff\u00e9rents types de bobines, tubes et charges cylindriques peu importe si du papier, plastique, du b\u00e9ton ou autres mati\u00e8res, la pince rotative \u00e0 bobine assure avec ma\u00eetrise la manutention et le transport de vos charges m\u00eame les plus compliqu\u00e9es.<\/li>\n<li>Capacit\u00e9 de charge 1100kg et ouverture de 490 &#8211; 1525mmm.<\/li>\n<li>\u00a0Rotation 360\u00b0 sans fin et r\u00e9versible dans les deux sens par moteur r\u00e9ducteur hydraulique.<\/li>\n<li>L&rsquo;accrochage de cet accessoire correspond au norme ISO 2A, il est pratiquement adaptable au chariots de capacit\u00e9 de 1100 au 2500kg.<\/li>\n<li>Toutes les fonctions hydrauliques sont prot\u00e9g\u00e9es par des clapets de d\u00e9charge et des clapets de retenue incorpor\u00e9s.<\/li>\n<\/ul>\n","protected":false},"excerpt":{"rendered":"<p>Pince \u00e0 bobine \u00e0 deux bras utilis\u00e9e dans les besoins quotidiens non intensifs en assurent la manipulation des bobines de petits et moyennes dimensions de palstique, papiers ou autres mati\u00e8res.<\/p>\n","protected":false},"featured_media":4146,"template":"","meta":{"_monsterinsights_skip_tracking":false,"_monsterinsights_sitenote_active":false,"_monsterinsights_sitenote_note":"","_monsterinsights_sitenote_category":0},"product_cat":[82],"product_tag":[64,37,38,63],"class_list":["post-4145","product","type-product","status-publish","has-post-thumbnail","hentry","product_cat-accessoires-chariot-elevateur","product_tag-fut","product_tag-levage","product_tag-manutention","product_tag-pince"],"acf":[],"yoast_head":"<!-- This site is optimized with the Yoast SEO plugin v22.6 - https:\/\/yoast.com\/wordpress\/plugins\/seo\/ -->\n<title>Pince bobine pour chariot \u00e9l\u00e9vateur RCF12G-007A - INNOVEX Alg\u00e9rie | Manutention<\/title>\n<meta name=\"robots\" content=\"index, follow, max-snippet:-1, max-image-preview:large, max-video-preview:-1\" \/>\n<link rel=\"canonical\" href=\"https:\/\/innovexalgerie.com\/manutention\/produit\/pince-bobine-pour-chariot-elevateur-rcf12g-007a\/\" \/>\n<meta property=\"og:locale\" content=\"fr_FR\" \/>\n<meta property=\"og:type\" content=\"article\" \/>\n<meta property=\"og:title\" content=\"Pince bobine pour chariot \u00e9l\u00e9vateur RCF12G-007A - INNOVEX Alg\u00e9rie | Manutention\" \/>\n<meta property=\"og:description\" content=\"Pince \u00e0 bobine \u00e0 deux bras utilis\u00e9e dans les besoins quotidiens non intensifs en assurent la manipulation des bobines de petits et moyennes dimensions de palstique, papiers ou autres mati\u00e8res.\" \/>\n<meta property=\"og:url\" content=\"https:\/\/innovexalgerie.com\/manutention\/produit\/pince-bobine-pour-chariot-elevateur-rcf12g-007a\/\" \/>\n<meta property=\"og:site_name\" content=\"INNOVEX Alg\u00e9rie | Manutention\" \/>\n<meta property=\"article:modified_time\" content=\"2025-01-06T15:21:07+00:00\" \/>\n<meta property=\"og:image\" content=\"https:\/\/innovexalgerie.com\/manutention\/wp-content\/uploads\/2024\/10\/Pince-bobine-pour-chariot.jpg\" \/>\n\t<meta property=\"og:image:width\" content=\"1000\" \/>\n\t<meta property=\"og:image:height\" content=\"1000\" \/>\n\t<meta property=\"og:image:type\" content=\"image\/jpeg\" \/>\n<meta name=\"twitter:card\" content=\"summary_large_image\" \/>\n<meta name=\"twitter:label1\" content=\"Dur\u00e9e de lecture estim\u00e9e\" \/>\n\t<meta name=\"twitter:data1\" content=\"1 minute\" \/>\n<script type=\"application\/ld+json\" class=\"yoast-schema-graph\">{\"@context\":\"https:\/\/schema.org\",\"@graph\":[{\"@type\":\"WebPage\",\"@id\":\"https:\/\/innovexalgerie.com\/manutention\/produit\/pince-bobine-pour-chariot-elevateur-rcf12g-007a\/\",\"url\":\"https:\/\/innovexalgerie.com\/manutention\/produit\/pince-bobine-pour-chariot-elevateur-rcf12g-007a\/\",\"name\":\"Pince bobine pour chariot \u00e9l\u00e9vateur RCF12G-007A - INNOVEX Alg\u00e9rie | Manutention\",\"isPartOf\":{\"@id\":\"https:\/\/innovexalgerie.com\/manutention\/#website\"},\"primaryImageOfPage\":{\"@id\":\"https:\/\/innovexalgerie.com\/manutention\/produit\/pince-bobine-pour-chariot-elevateur-rcf12g-007a\/#primaryimage\"},\"image\":{\"@id\":\"https:\/\/innovexalgerie.com\/manutention\/produit\/pince-bobine-pour-chariot-elevateur-rcf12g-007a\/#primaryimage\"},\"thumbnailUrl\":\"https:\/\/innovexalgerie.com\/manutention\/wp-content\/uploads\/2024\/10\/Pince-bobine-pour-chariot.jpg\",\"datePublished\":\"2024-10-20T09:16:51+00:00\",\"dateModified\":\"2025-01-06T15:21:07+00:00\",\"breadcrumb\":{\"@id\":\"https:\/\/innovexalgerie.com\/manutention\/produit\/pince-bobine-pour-chariot-elevateur-rcf12g-007a\/#breadcrumb\"},\"inLanguage\":\"fr-FR\",\"potentialAction\":[{\"@type\":\"ReadAction\",\"target\":[\"https:\/\/innovexalgerie.com\/manutention\/produit\/pince-bobine-pour-chariot-elevateur-rcf12g-007a\/\"]}]},{\"@type\":\"ImageObject\",\"inLanguage\":\"fr-FR\",\"@id\":\"https:\/\/innovexalgerie.com\/manutention\/produit\/pince-bobine-pour-chariot-elevateur-rcf12g-007a\/#primaryimage\",\"url\":\"https:\/\/innovexalgerie.com\/manutention\/wp-content\/uploads\/2024\/10\/Pince-bobine-pour-chariot.jpg\",\"contentUrl\":\"https:\/\/innovexalgerie.com\/manutention\/wp-content\/uploads\/2024\/10\/Pince-bobine-pour-chariot.jpg\",\"width\":1000,\"height\":1000,\"caption\":\"Pince bobine pour chariot RCF12G-007A Innovex algerie\"},{\"@type\":\"BreadcrumbList\",\"@id\":\"https:\/\/innovexalgerie.com\/manutention\/produit\/pince-bobine-pour-chariot-elevateur-rcf12g-007a\/#breadcrumb\",\"itemListElement\":[{\"@type\":\"ListItem\",\"position\":1,\"name\":\"Accueil\",\"item\":\"https:\/\/innovexalgerie.com\/manutention\/\"},{\"@type\":\"ListItem\",\"position\":2,\"name\":\"Boutique\",\"item\":\"https:\/\/innovexalgerie.com\/manutention\/boutique\/\"},{\"@type\":\"ListItem\",\"position\":3,\"name\":\"Pince bobine pour chariot \u00e9l\u00e9vateur RCF12G-007A\"}]},{\"@type\":\"WebSite\",\"@id\":\"https:\/\/innovexalgerie.com\/manutention\/#website\",\"url\":\"https:\/\/innovexalgerie.com\/manutention\/\",\"name\":\"INNOVEX Alg\u00e9rie | Manutention\",\"description\":\"Manutention\",\"publisher\":{\"@id\":\"https:\/\/innovexalgerie.com\/manutention\/#organization\"},\"potentialAction\":[{\"@type\":\"SearchAction\",\"target\":{\"@type\":\"EntryPoint\",\"urlTemplate\":\"https:\/\/innovexalgerie.com\/manutention\/?s={search_term_string}\"},\"query-input\":\"required name=search_term_string\"}],\"inLanguage\":\"fr-FR\"},{\"@type\":\"Organization\",\"@id\":\"https:\/\/innovexalgerie.com\/manutention\/#organization\",\"name\":\"INNOVEX Alg\u00e9rie | Manutention\",\"url\":\"https:\/\/innovexalgerie.com\/manutention\/\",\"logo\":{\"@type\":\"ImageObject\",\"inLanguage\":\"fr-FR\",\"@id\":\"https:\/\/innovexalgerie.com\/manutention\/#\/schema\/logo\/image\/\",\"url\":\"https:\/\/innovexalgerie.com\/manutention\/wp-content\/uploads\/2022\/03\/innovex_manutention_logo.svg\",\"contentUrl\":\"https:\/\/innovexalgerie.com\/manutention\/wp-content\/uploads\/2022\/03\/innovex_manutention_logo.svg\",\"width\":133,\"height\":36,\"caption\":\"INNOVEX Alg\u00e9rie | Manutention\"},\"image\":{\"@id\":\"https:\/\/innovexalgerie.com\/manutention\/#\/schema\/logo\/image\/\"}}]}<\/script>\n<!-- \/ Yoast SEO plugin. -->","yoast_head_json":{"title":"Pince bobine pour chariot \u00e9l\u00e9vateur RCF12G-007A - INNOVEX Alg\u00e9rie | Manutention","robots":{"index":"index","follow":"follow","max-snippet":"max-snippet:-1","max-image-preview":"max-image-preview:large","max-video-preview":"max-video-preview:-1"},"canonical":"https:\/\/innovexalgerie.com\/manutention\/produit\/pince-bobine-pour-chariot-elevateur-rcf12g-007a\/","og_locale":"fr_FR","og_type":"article","og_title":"Pince bobine pour chariot \u00e9l\u00e9vateur RCF12G-007A - INNOVEX Alg\u00e9rie | Manutention","og_description":"Pince \u00e0 bobine \u00e0 deux bras utilis\u00e9e dans les besoins quotidiens non intensifs en assurent la manipulation des bobines de petits et moyennes dimensions de palstique, papiers ou autres mati\u00e8res.","og_url":"https:\/\/innovexalgerie.com\/manutention\/produit\/pince-bobine-pour-chariot-elevateur-rcf12g-007a\/","og_site_name":"INNOVEX Alg\u00e9rie | Manutention","article_modified_time":"2025-01-06T15:21:07+00:00","og_image":[{"width":1000,"height":1000,"url":"https:\/\/innovexalgerie.com\/manutention\/wp-content\/uploads\/2024\/10\/Pince-bobine-pour-chariot.jpg","type":"image\/jpeg"}],"twitter_card":"summary_large_image","twitter_misc":{"Dur\u00e9e de lecture estim\u00e9e":"1 minute"},"schema":{"@context":"https:\/\/schema.org","@graph":[{"@type":"WebPage","@id":"https:\/\/innovexalgerie.com\/manutention\/produit\/pince-bobine-pour-chariot-elevateur-rcf12g-007a\/","url":"https:\/\/innovexalgerie.com\/manutention\/produit\/pince-bobine-pour-chariot-elevateur-rcf12g-007a\/","name":"Pince bobine pour chariot \u00e9l\u00e9vateur RCF12G-007A - INNOVEX Alg\u00e9rie | Manutention","isPartOf":{"@id":"https:\/\/innovexalgerie.com\/manutention\/#website"},"primaryImageOfPage":{"@id":"https:\/\/innovexalgerie.com\/manutention\/produit\/pince-bobine-pour-chariot-elevateur-rcf12g-007a\/#primaryimage"},"image":{"@id":"https:\/\/innovexalgerie.com\/manutention\/produit\/pince-bobine-pour-chariot-elevateur-rcf12g-007a\/#primaryimage"},"thumbnailUrl":"https:\/\/innovexalgerie.com\/manutention\/wp-content\/uploads\/2024\/10\/Pince-bobine-pour-chariot.jpg","datePublished":"2024-10-20T09:16:51+00:00","dateModified":"2025-01-06T15:21:07+00:00","breadcrumb":{"@id":"https:\/\/innovexalgerie.com\/manutention\/produit\/pince-bobine-pour-chariot-elevateur-rcf12g-007a\/#breadcrumb"},"inLanguage":"fr-FR","potentialAction":[{"@type":"ReadAction","target":["https:\/\/innovexalgerie.com\/manutention\/produit\/pince-bobine-pour-chariot-elevateur-rcf12g-007a\/"]}]},{"@type":"ImageObject","inLanguage":"fr-FR","@id":"https:\/\/innovexalgerie.com\/manutention\/produit\/pince-bobine-pour-chariot-elevateur-rcf12g-007a\/#primaryimage","url":"https:\/\/innovexalgerie.com\/manutention\/wp-content\/uploads\/2024\/10\/Pince-bobine-pour-chariot.jpg","contentUrl":"https:\/\/innovexalgerie.com\/manutention\/wp-content\/uploads\/2024\/10\/Pince-bobine-pour-chariot.jpg","width":1000,"height":1000,"caption":"Pince bobine pour chariot RCF12G-007A Innovex algerie"},{"@type":"BreadcrumbList","@id":"https:\/\/innovexalgerie.com\/manutention\/produit\/pince-bobine-pour-chariot-elevateur-rcf12g-007a\/#breadcrumb","itemListElement":[{"@type":"ListItem","position":1,"name":"Accueil","item":"https:\/\/innovexalgerie.com\/manutention\/"},{"@type":"ListItem","position":2,"name":"Boutique","item":"https:\/\/innovexalgerie.com\/manutention\/boutique\/"},{"@type":"ListItem","position":3,"name":"Pince bobine pour chariot \u00e9l\u00e9vateur RCF12G-007A"}]},{"@type":"WebSite","@id":"https:\/\/innovexalgerie.com\/manutention\/#website","url":"https:\/\/innovexalgerie.com\/manutention\/","name":"INNOVEX Alg\u00e9rie | Manutention","description":"Manutention","publisher":{"@id":"https:\/\/innovexalgerie.com\/manutention\/#organization"},"potentialAction":[{"@type":"SearchAction","target":{"@type":"EntryPoint","urlTemplate":"https:\/\/innovexalgerie.com\/manutention\/?s={search_term_string}"},"query-input":"required name=search_term_string"}],"inLanguage":"fr-FR"},{"@type":"Organization","@id":"https:\/\/innovexalgerie.com\/manutention\/#organization","name":"INNOVEX Alg\u00e9rie | Manutention","url":"https:\/\/innovexalgerie.com\/manutention\/","logo":{"@type":"ImageObject","inLanguage":"fr-FR","@id":"https:\/\/innovexalgerie.com\/manutention\/#\/schema\/logo\/image\/","url":"https:\/\/innovexalgerie.com\/manutention\/wp-content\/uploads\/2022\/03\/innovex_manutention_logo.svg","contentUrl":"https:\/\/innovexalgerie.com\/manutention\/wp-content\/uploads\/2022\/03\/innovex_manutention_logo.svg","width":133,"height":36,"caption":"INNOVEX Alg\u00e9rie | Manutention"},"image":{"@id":"https:\/\/innovexalgerie.com\/manutention\/#\/schema\/logo\/image\/"}}]}},"_links":{"self":[{"href":"https:\/\/innovexalgerie.com\/manutention\/wp-json\/wp\/v2\/product\/4145","targetHints":{"allow":["GET"]}}],"collection":[{"href":"https:\/\/innovexalgerie.com\/manutention\/wp-json\/wp\/v2\/product"}],"about":[{"href":"https:\/\/innovexalgerie.com\/manutention\/wp-json\/wp\/v2\/types\/product"}],"wp:featuredmedia":[{"embeddable":true,"href":"https:\/\/innovexalgerie.com\/manutention\/wp-json\/wp\/v2\/media\/4146"}],"wp:attachment":[{"href":"https:\/\/innovexalgerie.com\/manutention\/wp-json\/wp\/v2\/media?parent=4145"}],"wp:term":[{"taxonomy":"product_cat","embeddable":true,"href":"https:\/\/innovexalgerie.com\/manutention\/wp-json\/wp\/v2\/product_cat?post=4145"},{"taxonomy":"product_tag","embeddable":true,"href":"https:\/\/innovexalgerie.com\/manutention\/wp-json\/wp\/v2\/product_tag?post=4145"}],"curies":[{"name":"wp","href":"https:\/\/api.w.org\/{rel}","templated":true}]}}