{"id":4161,"date":"2024-10-21T13:28:39","date_gmt":"2024-10-21T12:28:39","guid":{"rendered":"https:\/\/innovexalgerie.com\/manutention\/?post_type=product&#038;p=4161"},"modified":"2025-10-19T14:53:48","modified_gmt":"2025-10-19T13:53:48","slug":"rotateur-rrb30d-009a","status":"publish","type":"product","link":"https:\/\/innovexalgerie.com\/manutention\/produit\/rotateur-rrb30d-009a\/","title":{"rendered":"Rotateur RRB30D-009A"},"content":{"rendered":"<div class=\"chat-list relative custom-scrollbar-reset-margin custom-scrollbar custom-scrollbar-hidden pb-9 flex-1 overflow-y-auto\">\n<div class=\"mx-auto max-w-[790px]\">\n<div class=\"message-item-outer relative px-3\" data-id=\"fb61c22d-10b8-4183-8c60-d416ca19dac4\">\n<div class=\"content-area pl-[26px]\">\n<div class=\"message-item select-text relative\">\n<div class=\"message-inner relative\">\n<div class=\"py-[2px]\">\n<div class=\"flex flex-col gap-2\">\n<div class=\"answer-markdown-box overflow-x-auto select-text custom-scrollbar\">\n<div class=\"markdown-body\">\n<p>Rotateur d&rsquo;accessoire de chariot \u00e9l\u00e9vateur<strong> RRB30D-009A<\/strong> permet de faire tourner rapidement les conteneurs pour vider leur contenu, sont largement utilis\u00e9es dans les domaines de la transformation des produits alimentaires, de la production automobile, du traitement chimique, du recyclage, des op\u00e9rations de fusion et de moulage&#8230;etc<\/p>\n<ul>\n<li>Rotation \u00e0 360 degr\u00e9s, pour r\u00e9pondre \u00e0 une utilisation multi-angle.<\/li>\n<li>Fabriqu\u00e9 en acier et peut supporter jusqu&rsquo;\u00e0 3000kg de poids.<\/li>\n<li>L&rsquo;accrochage de cet accessoire correspond au norme ISO 2A, il est pratiquement adaptable au chariots de capacit\u00e9 de 1100 au 2500kg.<\/li>\n<li>Fonctionnement stable, longue dur\u00e9e de vie.<\/li>\n<li>Avec un couple d&rsquo;entra\u00eenement de super rotation pour assurer une rotation fluide et fiable.<\/li>\n<li>Facile \u00e0 installer, directement connect\u00e9 au chariot \u00e0 fourche.<\/li>\n<\/ul>\n<\/div>\n<\/div>\n<\/div>\n<\/div>\n<\/div>\n<\/div>\n<\/div>\n<\/div>\n<\/div>\n<\/div>\n","protected":false},"excerpt":{"rendered":"<p>Rotateur d&rsquo;accessoire de chariot \u00e9l\u00e9vateur permet de faire tourner rapidement les conteneurs pour vider leur contenu.<\/p>\n","protected":false},"featured_media":4160,"template":"","meta":{"_monsterinsights_skip_tracking":false,"_monsterinsights_sitenote_active":false,"_monsterinsights_sitenote_note":"","_monsterinsights_sitenote_category":0},"product_cat":[82],"product_tag":[64,37,38,63],"class_list":["post-4161","product","type-product","status-publish","has-post-thumbnail","hentry","product_cat-accessoires-chariot-elevateur","product_tag-fut","product_tag-levage","product_tag-manutention","product_tag-pince"],"acf":[],"yoast_head":"<!-- This site is optimized with the Yoast SEO plugin v22.6 - https:\/\/yoast.com\/wordpress\/plugins\/seo\/ -->\n<title>Rotateur RRB30D-009A - INNOVEX Alg\u00e9rie | Manutention<\/title>\n<meta name=\"description\" content=\"Rotateur d&#039;accessoire de chariot \u00e9l\u00e9vateur RRB30D-009A permet de faire tourner rapidement les conteneurs pour vider leur contenu, innovex algerie\" \/>\n<meta name=\"robots\" content=\"index, follow, max-snippet:-1, max-image-preview:large, max-video-preview:-1\" \/>\n<link rel=\"canonical\" href=\"https:\/\/innovexalgerie.com\/manutention\/produit\/rotateur-rrb30d-009a\/\" \/>\n<meta property=\"og:locale\" content=\"fr_FR\" \/>\n<meta property=\"og:type\" content=\"article\" \/>\n<meta property=\"og:title\" content=\"Rotateur RRB30D-009A - INNOVEX Alg\u00e9rie | Manutention\" \/>\n<meta property=\"og:description\" content=\"Rotateur d&#039;accessoire de chariot \u00e9l\u00e9vateur RRB30D-009A permet de faire tourner rapidement les conteneurs pour vider leur contenu, innovex algerie\" \/>\n<meta property=\"og:url\" content=\"https:\/\/innovexalgerie.com\/manutention\/produit\/rotateur-rrb30d-009a\/\" \/>\n<meta property=\"og:site_name\" content=\"INNOVEX Alg\u00e9rie | Manutention\" \/>\n<meta property=\"article:modified_time\" content=\"2025-10-19T13:53:48+00:00\" \/>\n<meta property=\"og:image\" content=\"https:\/\/innovexalgerie.com\/manutention\/wp-content\/uploads\/2024\/10\/ROTATEUR-CHARIOT-ELEV.jpg\" \/>\n\t<meta property=\"og:image:width\" content=\"1000\" \/>\n\t<meta property=\"og:image:height\" content=\"1000\" \/>\n\t<meta property=\"og:image:type\" content=\"image\/jpeg\" \/>\n<meta name=\"twitter:card\" content=\"summary_large_image\" \/>\n<meta name=\"twitter:label1\" content=\"Dur\u00e9e de lecture estim\u00e9e\" \/>\n\t<meta name=\"twitter:data1\" content=\"1 minute\" \/>\n<script type=\"application\/ld+json\" class=\"yoast-schema-graph\">{\"@context\":\"https:\/\/schema.org\",\"@graph\":[{\"@type\":\"WebPage\",\"@id\":\"https:\/\/innovexalgerie.com\/manutention\/produit\/rotateur-rrb30d-009a\/\",\"url\":\"https:\/\/innovexalgerie.com\/manutention\/produit\/rotateur-rrb30d-009a\/\",\"name\":\"Rotateur RRB30D-009A - INNOVEX Alg\u00e9rie | Manutention\",\"isPartOf\":{\"@id\":\"https:\/\/innovexalgerie.com\/manutention\/#website\"},\"primaryImageOfPage\":{\"@id\":\"https:\/\/innovexalgerie.com\/manutention\/produit\/rotateur-rrb30d-009a\/#primaryimage\"},\"image\":{\"@id\":\"https:\/\/innovexalgerie.com\/manutention\/produit\/rotateur-rrb30d-009a\/#primaryimage\"},\"thumbnailUrl\":\"https:\/\/innovexalgerie.com\/manutention\/wp-content\/uploads\/2024\/10\/ROTATEUR-CHARIOT-ELEV.jpg\",\"datePublished\":\"2024-10-21T12:28:39+00:00\",\"dateModified\":\"2025-10-19T13:53:48+00:00\",\"description\":\"Rotateur d'accessoire de chariot \u00e9l\u00e9vateur RRB30D-009A permet de faire tourner rapidement les conteneurs pour vider leur contenu, innovex algerie\",\"breadcrumb\":{\"@id\":\"https:\/\/innovexalgerie.com\/manutention\/produit\/rotateur-rrb30d-009a\/#breadcrumb\"},\"inLanguage\":\"fr-FR\",\"potentialAction\":[{\"@type\":\"ReadAction\",\"target\":[\"https:\/\/innovexalgerie.com\/manutention\/produit\/rotateur-rrb30d-009a\/\"]}]},{\"@type\":\"ImageObject\",\"inLanguage\":\"fr-FR\",\"@id\":\"https:\/\/innovexalgerie.com\/manutention\/produit\/rotateur-rrb30d-009a\/#primaryimage\",\"url\":\"https:\/\/innovexalgerie.com\/manutention\/wp-content\/uploads\/2024\/10\/ROTATEUR-CHARIOT-ELEV.jpg\",\"contentUrl\":\"https:\/\/innovexalgerie.com\/manutention\/wp-content\/uploads\/2024\/10\/ROTATEUR-CHARIOT-ELEV.jpg\",\"width\":1000,\"height\":1000,\"caption\":\"ROTATEUR CHARIOT ELEV INNOVEX ALGERIE\"},{\"@type\":\"BreadcrumbList\",\"@id\":\"https:\/\/innovexalgerie.com\/manutention\/produit\/rotateur-rrb30d-009a\/#breadcrumb\",\"itemListElement\":[{\"@type\":\"ListItem\",\"position\":1,\"name\":\"Accueil\",\"item\":\"https:\/\/innovexalgerie.com\/manutention\/\"},{\"@type\":\"ListItem\",\"position\":2,\"name\":\"Boutique\",\"item\":\"https:\/\/innovexalgerie.com\/manutention\/boutique\/\"},{\"@type\":\"ListItem\",\"position\":3,\"name\":\"Rotateur RRB30D-009A\"}]},{\"@type\":\"WebSite\",\"@id\":\"https:\/\/innovexalgerie.com\/manutention\/#website\",\"url\":\"https:\/\/innovexalgerie.com\/manutention\/\",\"name\":\"INNOVEX Alg\u00e9rie | Manutention\",\"description\":\"Manutention\",\"publisher\":{\"@id\":\"https:\/\/innovexalgerie.com\/manutention\/#organization\"},\"potentialAction\":[{\"@type\":\"SearchAction\",\"target\":{\"@type\":\"EntryPoint\",\"urlTemplate\":\"https:\/\/innovexalgerie.com\/manutention\/?s={search_term_string}\"},\"query-input\":\"required name=search_term_string\"}],\"inLanguage\":\"fr-FR\"},{\"@type\":\"Organization\",\"@id\":\"https:\/\/innovexalgerie.com\/manutention\/#organization\",\"name\":\"INNOVEX Alg\u00e9rie | Manutention\",\"url\":\"https:\/\/innovexalgerie.com\/manutention\/\",\"logo\":{\"@type\":\"ImageObject\",\"inLanguage\":\"fr-FR\",\"@id\":\"https:\/\/innovexalgerie.com\/manutention\/#\/schema\/logo\/image\/\",\"url\":\"https:\/\/innovexalgerie.com\/manutention\/wp-content\/uploads\/2022\/03\/innovex_manutention_logo.svg\",\"contentUrl\":\"https:\/\/innovexalgerie.com\/manutention\/wp-content\/uploads\/2022\/03\/innovex_manutention_logo.svg\",\"width\":133,\"height\":36,\"caption\":\"INNOVEX Alg\u00e9rie | Manutention\"},\"image\":{\"@id\":\"https:\/\/innovexalgerie.com\/manutention\/#\/schema\/logo\/image\/\"}}]}<\/script>\n<!-- \/ Yoast SEO plugin. -->","yoast_head_json":{"title":"Rotateur RRB30D-009A - INNOVEX Alg\u00e9rie | Manutention","description":"Rotateur d'accessoire de chariot \u00e9l\u00e9vateur RRB30D-009A permet de faire tourner rapidement les conteneurs pour vider leur contenu, innovex algerie","robots":{"index":"index","follow":"follow","max-snippet":"max-snippet:-1","max-image-preview":"max-image-preview:large","max-video-preview":"max-video-preview:-1"},"canonical":"https:\/\/innovexalgerie.com\/manutention\/produit\/rotateur-rrb30d-009a\/","og_locale":"fr_FR","og_type":"article","og_title":"Rotateur RRB30D-009A - INNOVEX Alg\u00e9rie | Manutention","og_description":"Rotateur d'accessoire de chariot \u00e9l\u00e9vateur RRB30D-009A permet de faire tourner rapidement les conteneurs pour vider leur contenu, innovex algerie","og_url":"https:\/\/innovexalgerie.com\/manutention\/produit\/rotateur-rrb30d-009a\/","og_site_name":"INNOVEX Alg\u00e9rie | Manutention","article_modified_time":"2025-10-19T13:53:48+00:00","og_image":[{"width":1000,"height":1000,"url":"https:\/\/innovexalgerie.com\/manutention\/wp-content\/uploads\/2024\/10\/ROTATEUR-CHARIOT-ELEV.jpg","type":"image\/jpeg"}],"twitter_card":"summary_large_image","twitter_misc":{"Dur\u00e9e de lecture estim\u00e9e":"1 minute"},"schema":{"@context":"https:\/\/schema.org","@graph":[{"@type":"WebPage","@id":"https:\/\/innovexalgerie.com\/manutention\/produit\/rotateur-rrb30d-009a\/","url":"https:\/\/innovexalgerie.com\/manutention\/produit\/rotateur-rrb30d-009a\/","name":"Rotateur RRB30D-009A - INNOVEX Alg\u00e9rie | Manutention","isPartOf":{"@id":"https:\/\/innovexalgerie.com\/manutention\/#website"},"primaryImageOfPage":{"@id":"https:\/\/innovexalgerie.com\/manutention\/produit\/rotateur-rrb30d-009a\/#primaryimage"},"image":{"@id":"https:\/\/innovexalgerie.com\/manutention\/produit\/rotateur-rrb30d-009a\/#primaryimage"},"thumbnailUrl":"https:\/\/innovexalgerie.com\/manutention\/wp-content\/uploads\/2024\/10\/ROTATEUR-CHARIOT-ELEV.jpg","datePublished":"2024-10-21T12:28:39+00:00","dateModified":"2025-10-19T13:53:48+00:00","description":"Rotateur d'accessoire de chariot \u00e9l\u00e9vateur RRB30D-009A permet de faire tourner rapidement les conteneurs pour vider leur contenu, innovex algerie","breadcrumb":{"@id":"https:\/\/innovexalgerie.com\/manutention\/produit\/rotateur-rrb30d-009a\/#breadcrumb"},"inLanguage":"fr-FR","potentialAction":[{"@type":"ReadAction","target":["https:\/\/innovexalgerie.com\/manutention\/produit\/rotateur-rrb30d-009a\/"]}]},{"@type":"ImageObject","inLanguage":"fr-FR","@id":"https:\/\/innovexalgerie.com\/manutention\/produit\/rotateur-rrb30d-009a\/#primaryimage","url":"https:\/\/innovexalgerie.com\/manutention\/wp-content\/uploads\/2024\/10\/ROTATEUR-CHARIOT-ELEV.jpg","contentUrl":"https:\/\/innovexalgerie.com\/manutention\/wp-content\/uploads\/2024\/10\/ROTATEUR-CHARIOT-ELEV.jpg","width":1000,"height":1000,"caption":"ROTATEUR CHARIOT ELEV INNOVEX ALGERIE"},{"@type":"BreadcrumbList","@id":"https:\/\/innovexalgerie.com\/manutention\/produit\/rotateur-rrb30d-009a\/#breadcrumb","itemListElement":[{"@type":"ListItem","position":1,"name":"Accueil","item":"https:\/\/innovexalgerie.com\/manutention\/"},{"@type":"ListItem","position":2,"name":"Boutique","item":"https:\/\/innovexalgerie.com\/manutention\/boutique\/"},{"@type":"ListItem","position":3,"name":"Rotateur RRB30D-009A"}]},{"@type":"WebSite","@id":"https:\/\/innovexalgerie.com\/manutention\/#website","url":"https:\/\/innovexalgerie.com\/manutention\/","name":"INNOVEX Alg\u00e9rie | Manutention","description":"Manutention","publisher":{"@id":"https:\/\/innovexalgerie.com\/manutention\/#organization"},"potentialAction":[{"@type":"SearchAction","target":{"@type":"EntryPoint","urlTemplate":"https:\/\/innovexalgerie.com\/manutention\/?s={search_term_string}"},"query-input":"required name=search_term_string"}],"inLanguage":"fr-FR"},{"@type":"Organization","@id":"https:\/\/innovexalgerie.com\/manutention\/#organization","name":"INNOVEX Alg\u00e9rie | Manutention","url":"https:\/\/innovexalgerie.com\/manutention\/","logo":{"@type":"ImageObject","inLanguage":"fr-FR","@id":"https:\/\/innovexalgerie.com\/manutention\/#\/schema\/logo\/image\/","url":"https:\/\/innovexalgerie.com\/manutention\/wp-content\/uploads\/2022\/03\/innovex_manutention_logo.svg","contentUrl":"https:\/\/innovexalgerie.com\/manutention\/wp-content\/uploads\/2022\/03\/innovex_manutention_logo.svg","width":133,"height":36,"caption":"INNOVEX Alg\u00e9rie | Manutention"},"image":{"@id":"https:\/\/innovexalgerie.com\/manutention\/#\/schema\/logo\/image\/"}}]}},"_links":{"self":[{"href":"https:\/\/innovexalgerie.com\/manutention\/wp-json\/wp\/v2\/product\/4161","targetHints":{"allow":["GET"]}}],"collection":[{"href":"https:\/\/innovexalgerie.com\/manutention\/wp-json\/wp\/v2\/product"}],"about":[{"href":"https:\/\/innovexalgerie.com\/manutention\/wp-json\/wp\/v2\/types\/product"}],"wp:featuredmedia":[{"embeddable":true,"href":"https:\/\/innovexalgerie.com\/manutention\/wp-json\/wp\/v2\/media\/4160"}],"wp:attachment":[{"href":"https:\/\/innovexalgerie.com\/manutention\/wp-json\/wp\/v2\/media?parent=4161"}],"wp:term":[{"taxonomy":"product_cat","embeddable":true,"href":"https:\/\/innovexalgerie.com\/manutention\/wp-json\/wp\/v2\/product_cat?post=4161"},{"taxonomy":"product_tag","embeddable":true,"href":"https:\/\/innovexalgerie.com\/manutention\/wp-json\/wp\/v2\/product_tag?post=4161"}],"curies":[{"name":"wp","href":"https:\/\/api.w.org\/{rel}","templated":true}]}}