{"id":4202,"date":"2024-10-28T09:23:24","date_gmt":"2024-10-28T08:23:24","guid":{"rendered":"https:\/\/innovexalgerie.com\/manutention\/?post_type=product&#038;p=4202"},"modified":"2026-02-03T13:35:47","modified_gmt":"2026-02-03T12:35:47","slug":"ceinture-chauffante-pour-fut-cf25","status":"publish","type":"product","link":"https:\/\/innovexalgerie.com\/manutention\/produit\/ceinture-chauffante-pour-fut-cf25\/","title":{"rendered":"Ceinture chauffante pour f\u00fbt CF25"},"content":{"rendered":"<p style=\"text-align: left;\">La ceinture chauffante en caoutchouc de silicone <strong>CF25<\/strong> qui offre une solution efficace et \u00e9conomique pour chauffer les f\u00fbts et autres r\u00e9cipients cylindriques.<\/p>\n<ul>\n<li style=\"text-align: left;\">les ceintures chauffantes en silicone sont fabriqu\u00e9es \u00e0 partir de mat\u00e9riaux de haute qualit\u00e9 qui r\u00e9sistent aux temp\u00e9ratures extr\u00eame et aux environnements difficiles et garantissant ainsi que le r\u00e9cipient est chauff\u00e9 de mani\u00e8re uniforme et compl\u00e8te.<\/li>\n<li style=\"text-align: left;\">\u00a0Elles sont con\u00e7ues pour r\u00e9sister \u00e0 une utilisation intensive et assurer une dur\u00e9e de vie plus longue.<\/li>\n<li style=\"text-align: left;\">Le mat\u00e9riau en caoutchouc de silicone imperm\u00e9able \u00e0 l&rsquo;humidit\u00e9 et antid\u00e9rapant.<\/li>\n<li style=\"text-align: left;\">\u00a0Le chauffage est contr\u00f4l\u00e9 par un thermostat r\u00e9glable avec une plage de r\u00e9glage de la temp\u00e9rature de 30 \u00e0 150 \u00b0C, il est recommand\u00e9 de r\u00e9gler le thermostat \u00e0 100 \u00b0C pour les f\u00fbts en plastique.<\/li>\n<li style=\"text-align: left;\">\u00a0Ressort r\u00e9silient s&rsquo;adapte \u00e0 la plupart des f\u00fbts de 200L, il sont utilis\u00e9s pour maintenir le radiateur en silicone autour des f\u00fbts de diff\u00e9rents diam\u00e8tres.<\/li>\n<\/ul>\n","protected":false},"excerpt":{"rendered":"<p>La ceinture chauffante en caoutchouc de silicone\u00a0qui offre une solution efficace et \u00e9conomique pour chauffer les f\u00fbts et autres r\u00e9cipients cylindriques.<\/p>\n","protected":false},"featured_media":4203,"template":"","meta":{"_monsterinsights_skip_tracking":false,"_monsterinsights_sitenote_active":false,"_monsterinsights_sitenote_note":"","_monsterinsights_sitenote_category":0},"product_cat":[34,83],"product_tag":[],"class_list":["post-4202","product","type-product","status-publish","has-post-thumbnail","hentry","product_cat-manutention-des-futs","product_cat-ceinture-chauffante-pour-fut"],"acf":[],"yoast_head":"<!-- This site is optimized with the Yoast SEO plugin v22.6 - https:\/\/yoast.com\/wordpress\/plugins\/seo\/ -->\n<title>Ceinture chauffante pour f\u00fbt CF25 - INNOVEX Alg\u00e9rie | Manutention<\/title>\n<meta name=\"description\" content=\"La ceinture chauffante en caoutchouc de silicone CF25 qui offre une solution efficace et \u00e9conomique pour chauffer les f\u00fbts innovex algerie\" \/>\n<meta name=\"robots\" content=\"index, follow, max-snippet:-1, max-image-preview:large, max-video-preview:-1\" \/>\n<link rel=\"canonical\" href=\"https:\/\/innovexalgerie.com\/manutention\/produit\/ceinture-chauffante-pour-fut-cf25\/\" \/>\n<meta property=\"og:locale\" content=\"fr_FR\" \/>\n<meta property=\"og:type\" content=\"article\" \/>\n<meta property=\"og:title\" content=\"Ceinture chauffante pour f\u00fbt CF25 - INNOVEX Alg\u00e9rie | Manutention\" \/>\n<meta property=\"og:description\" content=\"La ceinture chauffante en caoutchouc de silicone CF25 qui offre une solution efficace et \u00e9conomique pour chauffer les f\u00fbts innovex algerie\" \/>\n<meta property=\"og:url\" content=\"https:\/\/innovexalgerie.com\/manutention\/produit\/ceinture-chauffante-pour-fut-cf25\/\" \/>\n<meta property=\"og:site_name\" content=\"INNOVEX Alg\u00e9rie | Manutention\" \/>\n<meta property=\"article:modified_time\" content=\"2026-02-03T12:35:47+00:00\" \/>\n<meta property=\"og:image\" content=\"https:\/\/innovexalgerie.com\/manutention\/wp-content\/uploads\/2024\/10\/ceinture-chauffante-CF25.jpg\" \/>\n\t<meta property=\"og:image:width\" content=\"1000\" \/>\n\t<meta property=\"og:image:height\" content=\"1000\" \/>\n\t<meta property=\"og:image:type\" content=\"image\/jpeg\" \/>\n<meta name=\"twitter:card\" content=\"summary_large_image\" \/>\n<meta name=\"twitter:label1\" content=\"Dur\u00e9e de lecture estim\u00e9e\" \/>\n\t<meta name=\"twitter:data1\" content=\"1 minute\" \/>\n<script type=\"application\/ld+json\" class=\"yoast-schema-graph\">{\"@context\":\"https:\/\/schema.org\",\"@graph\":[{\"@type\":\"WebPage\",\"@id\":\"https:\/\/innovexalgerie.com\/manutention\/produit\/ceinture-chauffante-pour-fut-cf25\/\",\"url\":\"https:\/\/innovexalgerie.com\/manutention\/produit\/ceinture-chauffante-pour-fut-cf25\/\",\"name\":\"Ceinture chauffante pour f\u00fbt CF25 - INNOVEX Alg\u00e9rie | Manutention\",\"isPartOf\":{\"@id\":\"https:\/\/innovexalgerie.com\/manutention\/#website\"},\"primaryImageOfPage\":{\"@id\":\"https:\/\/innovexalgerie.com\/manutention\/produit\/ceinture-chauffante-pour-fut-cf25\/#primaryimage\"},\"image\":{\"@id\":\"https:\/\/innovexalgerie.com\/manutention\/produit\/ceinture-chauffante-pour-fut-cf25\/#primaryimage\"},\"thumbnailUrl\":\"https:\/\/innovexalgerie.com\/manutention\/wp-content\/uploads\/2024\/10\/ceinture-chauffante-CF25.jpg\",\"datePublished\":\"2024-10-28T08:23:24+00:00\",\"dateModified\":\"2026-02-03T12:35:47+00:00\",\"description\":\"La ceinture chauffante en caoutchouc de silicone CF25 qui offre une solution efficace et \u00e9conomique pour chauffer les f\u00fbts innovex algerie\",\"breadcrumb\":{\"@id\":\"https:\/\/innovexalgerie.com\/manutention\/produit\/ceinture-chauffante-pour-fut-cf25\/#breadcrumb\"},\"inLanguage\":\"fr-FR\",\"potentialAction\":[{\"@type\":\"ReadAction\",\"target\":[\"https:\/\/innovexalgerie.com\/manutention\/produit\/ceinture-chauffante-pour-fut-cf25\/\"]}]},{\"@type\":\"ImageObject\",\"inLanguage\":\"fr-FR\",\"@id\":\"https:\/\/innovexalgerie.com\/manutention\/produit\/ceinture-chauffante-pour-fut-cf25\/#primaryimage\",\"url\":\"https:\/\/innovexalgerie.com\/manutention\/wp-content\/uploads\/2024\/10\/ceinture-chauffante-CF25.jpg\",\"contentUrl\":\"https:\/\/innovexalgerie.com\/manutention\/wp-content\/uploads\/2024\/10\/ceinture-chauffante-CF25.jpg\",\"width\":1000,\"height\":1000,\"caption\":\"ceinture chauffante CF25 innovex algerie\"},{\"@type\":\"BreadcrumbList\",\"@id\":\"https:\/\/innovexalgerie.com\/manutention\/produit\/ceinture-chauffante-pour-fut-cf25\/#breadcrumb\",\"itemListElement\":[{\"@type\":\"ListItem\",\"position\":1,\"name\":\"Accueil\",\"item\":\"https:\/\/innovexalgerie.com\/manutention\/\"},{\"@type\":\"ListItem\",\"position\":2,\"name\":\"Boutique\",\"item\":\"https:\/\/innovexalgerie.com\/manutention\/boutique\/\"},{\"@type\":\"ListItem\",\"position\":3,\"name\":\"Ceinture chauffante pour f\u00fbt CF25\"}]},{\"@type\":\"WebSite\",\"@id\":\"https:\/\/innovexalgerie.com\/manutention\/#website\",\"url\":\"https:\/\/innovexalgerie.com\/manutention\/\",\"name\":\"INNOVEX Alg\u00e9rie | Manutention\",\"description\":\"Manutention\",\"publisher\":{\"@id\":\"https:\/\/innovexalgerie.com\/manutention\/#organization\"},\"potentialAction\":[{\"@type\":\"SearchAction\",\"target\":{\"@type\":\"EntryPoint\",\"urlTemplate\":\"https:\/\/innovexalgerie.com\/manutention\/?s={search_term_string}\"},\"query-input\":\"required name=search_term_string\"}],\"inLanguage\":\"fr-FR\"},{\"@type\":\"Organization\",\"@id\":\"https:\/\/innovexalgerie.com\/manutention\/#organization\",\"name\":\"INNOVEX Alg\u00e9rie | Manutention\",\"url\":\"https:\/\/innovexalgerie.com\/manutention\/\",\"logo\":{\"@type\":\"ImageObject\",\"inLanguage\":\"fr-FR\",\"@id\":\"https:\/\/innovexalgerie.com\/manutention\/#\/schema\/logo\/image\/\",\"url\":\"https:\/\/innovexalgerie.com\/manutention\/wp-content\/uploads\/2022\/03\/innovex_manutention_logo.svg\",\"contentUrl\":\"https:\/\/innovexalgerie.com\/manutention\/wp-content\/uploads\/2022\/03\/innovex_manutention_logo.svg\",\"width\":133,\"height\":36,\"caption\":\"INNOVEX Alg\u00e9rie | Manutention\"},\"image\":{\"@id\":\"https:\/\/innovexalgerie.com\/manutention\/#\/schema\/logo\/image\/\"}}]}<\/script>\n<!-- \/ Yoast SEO plugin. -->","yoast_head_json":{"title":"Ceinture chauffante pour f\u00fbt CF25 - INNOVEX Alg\u00e9rie | Manutention","description":"La ceinture chauffante en caoutchouc de silicone CF25 qui offre une solution efficace et \u00e9conomique pour chauffer les f\u00fbts innovex algerie","robots":{"index":"index","follow":"follow","max-snippet":"max-snippet:-1","max-image-preview":"max-image-preview:large","max-video-preview":"max-video-preview:-1"},"canonical":"https:\/\/innovexalgerie.com\/manutention\/produit\/ceinture-chauffante-pour-fut-cf25\/","og_locale":"fr_FR","og_type":"article","og_title":"Ceinture chauffante pour f\u00fbt CF25 - INNOVEX Alg\u00e9rie | Manutention","og_description":"La ceinture chauffante en caoutchouc de silicone CF25 qui offre une solution efficace et \u00e9conomique pour chauffer les f\u00fbts innovex algerie","og_url":"https:\/\/innovexalgerie.com\/manutention\/produit\/ceinture-chauffante-pour-fut-cf25\/","og_site_name":"INNOVEX Alg\u00e9rie | Manutention","article_modified_time":"2026-02-03T12:35:47+00:00","og_image":[{"width":1000,"height":1000,"url":"https:\/\/innovexalgerie.com\/manutention\/wp-content\/uploads\/2024\/10\/ceinture-chauffante-CF25.jpg","type":"image\/jpeg"}],"twitter_card":"summary_large_image","twitter_misc":{"Dur\u00e9e de lecture estim\u00e9e":"1 minute"},"schema":{"@context":"https:\/\/schema.org","@graph":[{"@type":"WebPage","@id":"https:\/\/innovexalgerie.com\/manutention\/produit\/ceinture-chauffante-pour-fut-cf25\/","url":"https:\/\/innovexalgerie.com\/manutention\/produit\/ceinture-chauffante-pour-fut-cf25\/","name":"Ceinture chauffante pour f\u00fbt CF25 - INNOVEX Alg\u00e9rie | Manutention","isPartOf":{"@id":"https:\/\/innovexalgerie.com\/manutention\/#website"},"primaryImageOfPage":{"@id":"https:\/\/innovexalgerie.com\/manutention\/produit\/ceinture-chauffante-pour-fut-cf25\/#primaryimage"},"image":{"@id":"https:\/\/innovexalgerie.com\/manutention\/produit\/ceinture-chauffante-pour-fut-cf25\/#primaryimage"},"thumbnailUrl":"https:\/\/innovexalgerie.com\/manutention\/wp-content\/uploads\/2024\/10\/ceinture-chauffante-CF25.jpg","datePublished":"2024-10-28T08:23:24+00:00","dateModified":"2026-02-03T12:35:47+00:00","description":"La ceinture chauffante en caoutchouc de silicone CF25 qui offre une solution efficace et \u00e9conomique pour chauffer les f\u00fbts innovex algerie","breadcrumb":{"@id":"https:\/\/innovexalgerie.com\/manutention\/produit\/ceinture-chauffante-pour-fut-cf25\/#breadcrumb"},"inLanguage":"fr-FR","potentialAction":[{"@type":"ReadAction","target":["https:\/\/innovexalgerie.com\/manutention\/produit\/ceinture-chauffante-pour-fut-cf25\/"]}]},{"@type":"ImageObject","inLanguage":"fr-FR","@id":"https:\/\/innovexalgerie.com\/manutention\/produit\/ceinture-chauffante-pour-fut-cf25\/#primaryimage","url":"https:\/\/innovexalgerie.com\/manutention\/wp-content\/uploads\/2024\/10\/ceinture-chauffante-CF25.jpg","contentUrl":"https:\/\/innovexalgerie.com\/manutention\/wp-content\/uploads\/2024\/10\/ceinture-chauffante-CF25.jpg","width":1000,"height":1000,"caption":"ceinture chauffante CF25 innovex algerie"},{"@type":"BreadcrumbList","@id":"https:\/\/innovexalgerie.com\/manutention\/produit\/ceinture-chauffante-pour-fut-cf25\/#breadcrumb","itemListElement":[{"@type":"ListItem","position":1,"name":"Accueil","item":"https:\/\/innovexalgerie.com\/manutention\/"},{"@type":"ListItem","position":2,"name":"Boutique","item":"https:\/\/innovexalgerie.com\/manutention\/boutique\/"},{"@type":"ListItem","position":3,"name":"Ceinture chauffante pour f\u00fbt CF25"}]},{"@type":"WebSite","@id":"https:\/\/innovexalgerie.com\/manutention\/#website","url":"https:\/\/innovexalgerie.com\/manutention\/","name":"INNOVEX Alg\u00e9rie | Manutention","description":"Manutention","publisher":{"@id":"https:\/\/innovexalgerie.com\/manutention\/#organization"},"potentialAction":[{"@type":"SearchAction","target":{"@type":"EntryPoint","urlTemplate":"https:\/\/innovexalgerie.com\/manutention\/?s={search_term_string}"},"query-input":"required name=search_term_string"}],"inLanguage":"fr-FR"},{"@type":"Organization","@id":"https:\/\/innovexalgerie.com\/manutention\/#organization","name":"INNOVEX Alg\u00e9rie | Manutention","url":"https:\/\/innovexalgerie.com\/manutention\/","logo":{"@type":"ImageObject","inLanguage":"fr-FR","@id":"https:\/\/innovexalgerie.com\/manutention\/#\/schema\/logo\/image\/","url":"https:\/\/innovexalgerie.com\/manutention\/wp-content\/uploads\/2022\/03\/innovex_manutention_logo.svg","contentUrl":"https:\/\/innovexalgerie.com\/manutention\/wp-content\/uploads\/2022\/03\/innovex_manutention_logo.svg","width":133,"height":36,"caption":"INNOVEX Alg\u00e9rie | Manutention"},"image":{"@id":"https:\/\/innovexalgerie.com\/manutention\/#\/schema\/logo\/image\/"}}]}},"_links":{"self":[{"href":"https:\/\/innovexalgerie.com\/manutention\/wp-json\/wp\/v2\/product\/4202","targetHints":{"allow":["GET"]}}],"collection":[{"href":"https:\/\/innovexalgerie.com\/manutention\/wp-json\/wp\/v2\/product"}],"about":[{"href":"https:\/\/innovexalgerie.com\/manutention\/wp-json\/wp\/v2\/types\/product"}],"wp:featuredmedia":[{"embeddable":true,"href":"https:\/\/innovexalgerie.com\/manutention\/wp-json\/wp\/v2\/media\/4203"}],"wp:attachment":[{"href":"https:\/\/innovexalgerie.com\/manutention\/wp-json\/wp\/v2\/media?parent=4202"}],"wp:term":[{"taxonomy":"product_cat","embeddable":true,"href":"https:\/\/innovexalgerie.com\/manutention\/wp-json\/wp\/v2\/product_cat?post=4202"},{"taxonomy":"product_tag","embeddable":true,"href":"https:\/\/innovexalgerie.com\/manutention\/wp-json\/wp\/v2\/product_tag?post=4202"}],"curies":[{"name":"wp","href":"https:\/\/api.w.org\/{rel}","templated":true}]}}