{"id":4294,"date":"2024-12-18T14:56:04","date_gmt":"2024-12-18T13:56:04","guid":{"rendered":"https:\/\/innovexalgerie.com\/manutention\/?post_type=product&#038;p=4294"},"modified":"2024-12-18T15:26:00","modified_gmt":"2024-12-18T14:26:00","slug":"pince-a-balle-pour-chariot-elevateur-11mcs20-b001","status":"publish","type":"product","link":"https:\/\/innovexalgerie.com\/manutention\/produit\/pince-a-balle-pour-chariot-elevateur-11mcs20-b001\/","title":{"rendered":"Pince \u00e0 balle pour chariot \u00e9l\u00e9vateur 11MCS20-B001"},"content":{"rendered":"<div class=\"chat-list relative custom-scrollbar-reset-margin custom-scrollbar custom-scrollbar-hidden pb-9 flex-1 overflow-y-auto\">\n<div class=\"mx-auto max-w-[790px]\">\n<div class=\"message-item-outer relative px-3\" data-id=\"fb61c22d-10b8-4183-8c60-d416ca19dac4\">\n<div class=\"content-area pl-[26px]\">\n<div class=\"message-item select-text relative\">\n<div class=\"message-inner relative\">\n<div class=\"py-[2px]\">\n<div class=\"flex flex-col gap-2\">\n<div class=\"answer-markdown-box overflow-x-auto select-text custom-scrollbar\">\n<div class=\"markdown-body\">\n<p>Pince \u00e0 balle pour chariot \u00e9l\u00e9vateur<strong>11MCS20-B001 <\/strong>avec contact en catchouc pour proteger les marchandises lors de levage de mani\u00e8re s\u00fbre et e cace, telles que des cartons, des caisses en bois, des caisses en m\u00e9tal ou des sacs souples.<\/p>\n<ul>\n<li>Il est adapt\u00e9 aux op\u00e9rations de manutention et de stockage sans palette<br \/>\ndans les industries de la papeterie, des fibres chimiques, des ateliers, des ports et d&rsquo;autres secteurs.<\/li>\n<li>Il est fabriqu\u00e9 en acier et peut supporter jusqu&rsquo;\u00e0 2000kg de poids et une plage d ouverture de 540 \u00e0 1840 mm.<\/li>\n<li>Syst\u00e8me Hydraulique Int\u00e9gr\u00e9: Permet un contr\u00f4le pr\u00e9cis de l&rsquo;ouverture et de la fermeture des bras.<\/li>\n<li>Bras antid\u00e9rapants avec pads en caoutchouc pour un maintien s\u00e9curis\u00e9 sans endommager la marchandise.<\/li>\n<li>L&rsquo;accrochage de cet accessoire correspond au norme ISO 3A, il est pratiquement adaptable au chariots de capacit\u00e9 de 2501 au 4999kg.<\/li>\n<\/ul>\n<\/div>\n<\/div>\n<\/div>\n<\/div>\n<\/div>\n<\/div>\n<\/div>\n<\/div>\n<\/div>\n<\/div>\n","protected":false},"excerpt":{"rendered":"<p>Pince \u00e0 balle avec contact en catchouc multi usage pour proteger les marchandises lors de levage de mani\u00e8re s\u00fbre et efficace, telles que des cartons,<br \/>\ndes caisses en bois, des caisses en m\u00e9tal ou des sacs souples.<\/p>\n","protected":false},"featured_media":4295,"template":"","meta":{"_monsterinsights_skip_tracking":false,"_monsterinsights_sitenote_active":false,"_monsterinsights_sitenote_note":"","_monsterinsights_sitenote_category":0},"product_cat":[82],"product_tag":[64,37,38,63],"class_list":["post-4294","product","type-product","status-publish","has-post-thumbnail","hentry","product_cat-accessoires-chariot-elevateur","product_tag-fut","product_tag-levage","product_tag-manutention","product_tag-pince"],"acf":[],"yoast_head":"<!-- This site is optimized with the Yoast SEO plugin v22.6 - https:\/\/yoast.com\/wordpress\/plugins\/seo\/ -->\n<title>Pince \u00e0 balle pour chariot \u00e9l\u00e9vateur 11MCS20-B001 - INNOVEX Alg\u00e9rie | Manutention<\/title>\n<meta name=\"robots\" content=\"index, follow, max-snippet:-1, max-image-preview:large, max-video-preview:-1\" \/>\n<link rel=\"canonical\" href=\"https:\/\/innovexalgerie.com\/manutention\/produit\/pince-a-balle-pour-chariot-elevateur-11mcs20-b001\/\" \/>\n<meta property=\"og:locale\" content=\"fr_FR\" \/>\n<meta property=\"og:type\" content=\"article\" \/>\n<meta property=\"og:title\" content=\"Pince \u00e0 balle pour chariot \u00e9l\u00e9vateur 11MCS20-B001 - INNOVEX Alg\u00e9rie | Manutention\" \/>\n<meta property=\"og:description\" content=\"Pince \u00e0 balle avec contact en catchouc multi usage pour proteger les marchandises lors de levage de mani\u00e8re s\u00fbre et efficace, telles que des cartons, des caisses en bois, des caisses en m\u00e9tal ou des sacs souples.\" \/>\n<meta property=\"og:url\" content=\"https:\/\/innovexalgerie.com\/manutention\/produit\/pince-a-balle-pour-chariot-elevateur-11mcs20-b001\/\" \/>\n<meta property=\"og:site_name\" content=\"INNOVEX Alg\u00e9rie | Manutention\" \/>\n<meta property=\"article:modified_time\" content=\"2024-12-18T14:26:00+00:00\" \/>\n<meta property=\"og:image\" content=\"https:\/\/innovexalgerie.com\/manutention\/wp-content\/uploads\/2024\/12\/11MCS20-B001-PINCE-A-BALLE.jpg\" \/>\n\t<meta property=\"og:image:width\" content=\"1000\" \/>\n\t<meta property=\"og:image:height\" content=\"1000\" \/>\n\t<meta property=\"og:image:type\" content=\"image\/jpeg\" \/>\n<meta name=\"twitter:card\" content=\"summary_large_image\" \/>\n<meta name=\"twitter:label1\" content=\"Dur\u00e9e de lecture estim\u00e9e\" \/>\n\t<meta name=\"twitter:data1\" content=\"1 minute\" \/>\n<script type=\"application\/ld+json\" class=\"yoast-schema-graph\">{\"@context\":\"https:\/\/schema.org\",\"@graph\":[{\"@type\":\"WebPage\",\"@id\":\"https:\/\/innovexalgerie.com\/manutention\/produit\/pince-a-balle-pour-chariot-elevateur-11mcs20-b001\/\",\"url\":\"https:\/\/innovexalgerie.com\/manutention\/produit\/pince-a-balle-pour-chariot-elevateur-11mcs20-b001\/\",\"name\":\"Pince \u00e0 balle pour chariot \u00e9l\u00e9vateur 11MCS20-B001 - INNOVEX Alg\u00e9rie | Manutention\",\"isPartOf\":{\"@id\":\"https:\/\/innovexalgerie.com\/manutention\/#website\"},\"primaryImageOfPage\":{\"@id\":\"https:\/\/innovexalgerie.com\/manutention\/produit\/pince-a-balle-pour-chariot-elevateur-11mcs20-b001\/#primaryimage\"},\"image\":{\"@id\":\"https:\/\/innovexalgerie.com\/manutention\/produit\/pince-a-balle-pour-chariot-elevateur-11mcs20-b001\/#primaryimage\"},\"thumbnailUrl\":\"https:\/\/innovexalgerie.com\/manutention\/wp-content\/uploads\/2024\/12\/11MCS20-B001-PINCE-A-BALLE.jpg\",\"datePublished\":\"2024-12-18T13:56:04+00:00\",\"dateModified\":\"2024-12-18T14:26:00+00:00\",\"breadcrumb\":{\"@id\":\"https:\/\/innovexalgerie.com\/manutention\/produit\/pince-a-balle-pour-chariot-elevateur-11mcs20-b001\/#breadcrumb\"},\"inLanguage\":\"fr-FR\",\"potentialAction\":[{\"@type\":\"ReadAction\",\"target\":[\"https:\/\/innovexalgerie.com\/manutention\/produit\/pince-a-balle-pour-chariot-elevateur-11mcs20-b001\/\"]}]},{\"@type\":\"ImageObject\",\"inLanguage\":\"fr-FR\",\"@id\":\"https:\/\/innovexalgerie.com\/manutention\/produit\/pince-a-balle-pour-chariot-elevateur-11mcs20-b001\/#primaryimage\",\"url\":\"https:\/\/innovexalgerie.com\/manutention\/wp-content\/uploads\/2024\/12\/11MCS20-B001-PINCE-A-BALLE.jpg\",\"contentUrl\":\"https:\/\/innovexalgerie.com\/manutention\/wp-content\/uploads\/2024\/12\/11MCS20-B001-PINCE-A-BALLE.jpg\",\"width\":1000,\"height\":1000,\"caption\":\"11MCS20-B001-PINCE-A-BALLE INNOVEX ALGERIE\"},{\"@type\":\"BreadcrumbList\",\"@id\":\"https:\/\/innovexalgerie.com\/manutention\/produit\/pince-a-balle-pour-chariot-elevateur-11mcs20-b001\/#breadcrumb\",\"itemListElement\":[{\"@type\":\"ListItem\",\"position\":1,\"name\":\"Accueil\",\"item\":\"https:\/\/innovexalgerie.com\/manutention\/\"},{\"@type\":\"ListItem\",\"position\":2,\"name\":\"Boutique\",\"item\":\"https:\/\/innovexalgerie.com\/manutention\/boutique\/\"},{\"@type\":\"ListItem\",\"position\":3,\"name\":\"Pince \u00e0 balle pour chariot \u00e9l\u00e9vateur 11MCS20-B001\"}]},{\"@type\":\"WebSite\",\"@id\":\"https:\/\/innovexalgerie.com\/manutention\/#website\",\"url\":\"https:\/\/innovexalgerie.com\/manutention\/\",\"name\":\"INNOVEX Alg\u00e9rie | Manutention\",\"description\":\"Manutention\",\"publisher\":{\"@id\":\"https:\/\/innovexalgerie.com\/manutention\/#organization\"},\"potentialAction\":[{\"@type\":\"SearchAction\",\"target\":{\"@type\":\"EntryPoint\",\"urlTemplate\":\"https:\/\/innovexalgerie.com\/manutention\/?s={search_term_string}\"},\"query-input\":\"required name=search_term_string\"}],\"inLanguage\":\"fr-FR\"},{\"@type\":\"Organization\",\"@id\":\"https:\/\/innovexalgerie.com\/manutention\/#organization\",\"name\":\"INNOVEX Alg\u00e9rie | Manutention\",\"url\":\"https:\/\/innovexalgerie.com\/manutention\/\",\"logo\":{\"@type\":\"ImageObject\",\"inLanguage\":\"fr-FR\",\"@id\":\"https:\/\/innovexalgerie.com\/manutention\/#\/schema\/logo\/image\/\",\"url\":\"https:\/\/innovexalgerie.com\/manutention\/wp-content\/uploads\/2022\/03\/innovex_manutention_logo.svg\",\"contentUrl\":\"https:\/\/innovexalgerie.com\/manutention\/wp-content\/uploads\/2022\/03\/innovex_manutention_logo.svg\",\"width\":133,\"height\":36,\"caption\":\"INNOVEX Alg\u00e9rie | Manutention\"},\"image\":{\"@id\":\"https:\/\/innovexalgerie.com\/manutention\/#\/schema\/logo\/image\/\"}}]}<\/script>\n<!-- \/ Yoast SEO plugin. -->","yoast_head_json":{"title":"Pince \u00e0 balle pour chariot \u00e9l\u00e9vateur 11MCS20-B001 - INNOVEX Alg\u00e9rie | Manutention","robots":{"index":"index","follow":"follow","max-snippet":"max-snippet:-1","max-image-preview":"max-image-preview:large","max-video-preview":"max-video-preview:-1"},"canonical":"https:\/\/innovexalgerie.com\/manutention\/produit\/pince-a-balle-pour-chariot-elevateur-11mcs20-b001\/","og_locale":"fr_FR","og_type":"article","og_title":"Pince \u00e0 balle pour chariot \u00e9l\u00e9vateur 11MCS20-B001 - INNOVEX Alg\u00e9rie | Manutention","og_description":"Pince \u00e0 balle avec contact en catchouc multi usage pour proteger les marchandises lors de levage de mani\u00e8re s\u00fbre et efficace, telles que des cartons, des caisses en bois, des caisses en m\u00e9tal ou des sacs souples.","og_url":"https:\/\/innovexalgerie.com\/manutention\/produit\/pince-a-balle-pour-chariot-elevateur-11mcs20-b001\/","og_site_name":"INNOVEX Alg\u00e9rie | Manutention","article_modified_time":"2024-12-18T14:26:00+00:00","og_image":[{"width":1000,"height":1000,"url":"https:\/\/innovexalgerie.com\/manutention\/wp-content\/uploads\/2024\/12\/11MCS20-B001-PINCE-A-BALLE.jpg","type":"image\/jpeg"}],"twitter_card":"summary_large_image","twitter_misc":{"Dur\u00e9e de lecture estim\u00e9e":"1 minute"},"schema":{"@context":"https:\/\/schema.org","@graph":[{"@type":"WebPage","@id":"https:\/\/innovexalgerie.com\/manutention\/produit\/pince-a-balle-pour-chariot-elevateur-11mcs20-b001\/","url":"https:\/\/innovexalgerie.com\/manutention\/produit\/pince-a-balle-pour-chariot-elevateur-11mcs20-b001\/","name":"Pince \u00e0 balle pour chariot \u00e9l\u00e9vateur 11MCS20-B001 - INNOVEX Alg\u00e9rie | Manutention","isPartOf":{"@id":"https:\/\/innovexalgerie.com\/manutention\/#website"},"primaryImageOfPage":{"@id":"https:\/\/innovexalgerie.com\/manutention\/produit\/pince-a-balle-pour-chariot-elevateur-11mcs20-b001\/#primaryimage"},"image":{"@id":"https:\/\/innovexalgerie.com\/manutention\/produit\/pince-a-balle-pour-chariot-elevateur-11mcs20-b001\/#primaryimage"},"thumbnailUrl":"https:\/\/innovexalgerie.com\/manutention\/wp-content\/uploads\/2024\/12\/11MCS20-B001-PINCE-A-BALLE.jpg","datePublished":"2024-12-18T13:56:04+00:00","dateModified":"2024-12-18T14:26:00+00:00","breadcrumb":{"@id":"https:\/\/innovexalgerie.com\/manutention\/produit\/pince-a-balle-pour-chariot-elevateur-11mcs20-b001\/#breadcrumb"},"inLanguage":"fr-FR","potentialAction":[{"@type":"ReadAction","target":["https:\/\/innovexalgerie.com\/manutention\/produit\/pince-a-balle-pour-chariot-elevateur-11mcs20-b001\/"]}]},{"@type":"ImageObject","inLanguage":"fr-FR","@id":"https:\/\/innovexalgerie.com\/manutention\/produit\/pince-a-balle-pour-chariot-elevateur-11mcs20-b001\/#primaryimage","url":"https:\/\/innovexalgerie.com\/manutention\/wp-content\/uploads\/2024\/12\/11MCS20-B001-PINCE-A-BALLE.jpg","contentUrl":"https:\/\/innovexalgerie.com\/manutention\/wp-content\/uploads\/2024\/12\/11MCS20-B001-PINCE-A-BALLE.jpg","width":1000,"height":1000,"caption":"11MCS20-B001-PINCE-A-BALLE INNOVEX ALGERIE"},{"@type":"BreadcrumbList","@id":"https:\/\/innovexalgerie.com\/manutention\/produit\/pince-a-balle-pour-chariot-elevateur-11mcs20-b001\/#breadcrumb","itemListElement":[{"@type":"ListItem","position":1,"name":"Accueil","item":"https:\/\/innovexalgerie.com\/manutention\/"},{"@type":"ListItem","position":2,"name":"Boutique","item":"https:\/\/innovexalgerie.com\/manutention\/boutique\/"},{"@type":"ListItem","position":3,"name":"Pince \u00e0 balle pour chariot \u00e9l\u00e9vateur 11MCS20-B001"}]},{"@type":"WebSite","@id":"https:\/\/innovexalgerie.com\/manutention\/#website","url":"https:\/\/innovexalgerie.com\/manutention\/","name":"INNOVEX Alg\u00e9rie | Manutention","description":"Manutention","publisher":{"@id":"https:\/\/innovexalgerie.com\/manutention\/#organization"},"potentialAction":[{"@type":"SearchAction","target":{"@type":"EntryPoint","urlTemplate":"https:\/\/innovexalgerie.com\/manutention\/?s={search_term_string}"},"query-input":"required name=search_term_string"}],"inLanguage":"fr-FR"},{"@type":"Organization","@id":"https:\/\/innovexalgerie.com\/manutention\/#organization","name":"INNOVEX Alg\u00e9rie | Manutention","url":"https:\/\/innovexalgerie.com\/manutention\/","logo":{"@type":"ImageObject","inLanguage":"fr-FR","@id":"https:\/\/innovexalgerie.com\/manutention\/#\/schema\/logo\/image\/","url":"https:\/\/innovexalgerie.com\/manutention\/wp-content\/uploads\/2022\/03\/innovex_manutention_logo.svg","contentUrl":"https:\/\/innovexalgerie.com\/manutention\/wp-content\/uploads\/2022\/03\/innovex_manutention_logo.svg","width":133,"height":36,"caption":"INNOVEX Alg\u00e9rie | Manutention"},"image":{"@id":"https:\/\/innovexalgerie.com\/manutention\/#\/schema\/logo\/image\/"}}]}},"_links":{"self":[{"href":"https:\/\/innovexalgerie.com\/manutention\/wp-json\/wp\/v2\/product\/4294","targetHints":{"allow":["GET"]}}],"collection":[{"href":"https:\/\/innovexalgerie.com\/manutention\/wp-json\/wp\/v2\/product"}],"about":[{"href":"https:\/\/innovexalgerie.com\/manutention\/wp-json\/wp\/v2\/types\/product"}],"wp:featuredmedia":[{"embeddable":true,"href":"https:\/\/innovexalgerie.com\/manutention\/wp-json\/wp\/v2\/media\/4295"}],"wp:attachment":[{"href":"https:\/\/innovexalgerie.com\/manutention\/wp-json\/wp\/v2\/media?parent=4294"}],"wp:term":[{"taxonomy":"product_cat","embeddable":true,"href":"https:\/\/innovexalgerie.com\/manutention\/wp-json\/wp\/v2\/product_cat?post=4294"},{"taxonomy":"product_tag","embeddable":true,"href":"https:\/\/innovexalgerie.com\/manutention\/wp-json\/wp\/v2\/product_tag?post=4294"}],"curies":[{"name":"wp","href":"https:\/\/api.w.org\/{rel}","templated":true}]}}