{"id":4301,"date":"2024-12-19T11:00:22","date_gmt":"2024-12-19T10:00:22","guid":{"rendered":"https:\/\/innovexalgerie.com\/manutention\/?post_type=product&#038;p=4301"},"modified":"2026-04-15T12:51:13","modified_gmt":"2026-04-15T11:51:13","slug":"pont-roulant-portique-electrique-gca","status":"publish","type":"product","link":"https:\/\/innovexalgerie.com\/manutention\/produit\/pont-roulant-portique-electrique-gca\/","title":{"rendered":"Pont roulant portique \u00e9lectrique GCA"},"content":{"rendered":"<p style=\"text-align: left;\"><strong>Pont roulant portique \u00e0 d\u00e9placement motoris\u00e9 GCA qui peut soulever des charges divers selon le mod\u00e8le.<\/strong><\/p>\n<ul>\n<li style=\"text-align: left;\">Il est facile \u00e0 utiliser et peut \u00eatre contr\u00f4l\u00e9 \u00e0 distance \u00e0 l&rsquo;aide d&rsquo;un panneau de commande \u00e9lectrique.<\/li>\n<li style=\"text-align: left;\">Ils sont largement utilis\u00e9s dans les entrep\u00f4ts, les usines et les chantiers de construction pour faciliter les op\u00e9rations de levage et de d\u00e9placement de mat\u00e9riaux lourds et volumineux.<\/li>\n<li style=\"text-align: left;\">Principalement utilis\u00e9 sur les chantiers de construction, les usines, les entrep\u00f4ts les gares, les h\u00f4tels, les a\u00e9roports, les quais, les stations-service et autres \u00e9quipements \u00e0 haute altitude.<\/li>\n<li style=\"text-align: left;\">Deux roues motiriser et deux de direction, les roues sont fabriqu\u00e9es en polyur\u00e9thane haute haute r\u00e9sistance.<\/li>\n<li style=\"text-align: left;\">Nos ponts sont livr\u00e9s avec un palan de votre choix.<\/li>\n<li style=\"text-align: left;\">Vous pouvez s\u00e9lectionner parmi diff\u00e9rents mod\u00e8les de palans adapt\u00e9s\u00a0\u00e0\u00a0vos\u00a0besoins.<\/li>\n<\/ul>\n<div class=\"chat-list relative custom-scrollbar-reset-margin custom-scrollbar custom-scrollbar-hidden custom-scrollbar-float pb-9 flex-1 overflow-y-auto\">\n<div class=\"mx-auto max-w-[790px]\">\n<div class=\"message-item-outer relative px-4 mb-2\" data-id=\"20b25339-c0b4-4712-88da-f57ea02d3b41\">\n<div class=\"content-area pl-[0px]\">\n<div class=\"message-item select-text relative\">\n<div class=\"message-inner relative\">\n<div class=\"py-[2px]\">\n<div class=\"flex flex-col gap-2\">\n<div class=\"answer-markdown-box overflow-x-auto select-text custom-scrollbar\">\n<div class=\"markdown-body\">\n<p style=\"text-align: left;\"><strong>Nos ponts roulants sont disponibles en plusieurs dimensions. Veuillez consulter notre fiche technique pour plus d&rsquo;informations.<\/strong><\/p>\n<p style=\"text-align: left;\">\n<\/div>\n<\/div>\n<\/div>\n<\/div>\n<\/div>\n<\/div>\n<\/div>\n<\/div>\n<\/div>\n<\/div>\n","protected":false},"excerpt":{"rendered":"<p>Pont roulant portique \u00e0 d\u00e9placement \u00e9lectrique, sont largement utilis\u00e9s dans les entrep\u00f4ts, les usines et les chantiers de construction pour faciliter les op\u00e9rations de levage et de d\u00e9placement de mat\u00e9riaux lourds et volumineux.<\/p>\n","protected":false},"featured_media":4303,"template":"","meta":{"_monsterinsights_skip_tracking":false,"_monsterinsights_sitenote_active":false,"_monsterinsights_sitenote_note":"","_monsterinsights_sitenote_category":0},"product_cat":[75],"product_tag":[42],"class_list":["post-4301","product","type-product","status-publish","has-post-thumbnail","hentry","product_cat-pont-roulant-portique","product_tag-nacelle"],"acf":[],"yoast_head":"<!-- This site is optimized with the Yoast SEO plugin v22.6 - https:\/\/yoast.com\/wordpress\/plugins\/seo\/ -->\n<title>Pont roulant portique \u00e9lectrique GCA - INNOVEX Alg\u00e9rie | Manutention<\/title>\n<meta name=\"robots\" content=\"index, follow, max-snippet:-1, max-image-preview:large, max-video-preview:-1\" \/>\n<link rel=\"canonical\" href=\"https:\/\/innovexalgerie.com\/manutention\/produit\/pont-roulant-portique-electrique-gca\/\" \/>\n<meta property=\"og:locale\" content=\"fr_FR\" \/>\n<meta property=\"og:type\" content=\"article\" \/>\n<meta property=\"og:title\" content=\"Pont roulant portique \u00e9lectrique GCA - INNOVEX Alg\u00e9rie | Manutention\" \/>\n<meta property=\"og:description\" content=\"Pont roulant portique \u00e0 d\u00e9placement \u00e9lectrique, sont largement utilis\u00e9s dans les entrep\u00f4ts, les usines et les chantiers de construction pour faciliter les op\u00e9rations de levage et de d\u00e9placement de mat\u00e9riaux lourds et volumineux.\" \/>\n<meta property=\"og:url\" content=\"https:\/\/innovexalgerie.com\/manutention\/produit\/pont-roulant-portique-electrique-gca\/\" \/>\n<meta property=\"og:site_name\" content=\"INNOVEX Alg\u00e9rie | Manutention\" \/>\n<meta property=\"article:modified_time\" content=\"2026-04-15T11:51:13+00:00\" \/>\n<meta property=\"og:image\" content=\"https:\/\/innovexalgerie.com\/manutention\/wp-content\/uploads\/2024\/12\/GCA-3044-Pont-roulant-portique-electrique-motorise-1.jpg\" \/>\n\t<meta property=\"og:image:width\" content=\"1000\" \/>\n\t<meta property=\"og:image:height\" content=\"1000\" \/>\n\t<meta property=\"og:image:type\" content=\"image\/jpeg\" \/>\n<meta name=\"twitter:card\" content=\"summary_large_image\" \/>\n<meta name=\"twitter:label1\" content=\"Dur\u00e9e de lecture estim\u00e9e\" \/>\n\t<meta name=\"twitter:data1\" content=\"1 minute\" \/>\n<script type=\"application\/ld+json\" class=\"yoast-schema-graph\">{\"@context\":\"https:\/\/schema.org\",\"@graph\":[{\"@type\":\"WebPage\",\"@id\":\"https:\/\/innovexalgerie.com\/manutention\/produit\/pont-roulant-portique-electrique-gca\/\",\"url\":\"https:\/\/innovexalgerie.com\/manutention\/produit\/pont-roulant-portique-electrique-gca\/\",\"name\":\"Pont roulant portique \u00e9lectrique GCA - INNOVEX Alg\u00e9rie | Manutention\",\"isPartOf\":{\"@id\":\"https:\/\/innovexalgerie.com\/manutention\/#website\"},\"primaryImageOfPage\":{\"@id\":\"https:\/\/innovexalgerie.com\/manutention\/produit\/pont-roulant-portique-electrique-gca\/#primaryimage\"},\"image\":{\"@id\":\"https:\/\/innovexalgerie.com\/manutention\/produit\/pont-roulant-portique-electrique-gca\/#primaryimage\"},\"thumbnailUrl\":\"https:\/\/innovexalgerie.com\/manutention\/wp-content\/uploads\/2024\/12\/GCA-3044-Pont-roulant-portique-electrique-motorise-1.jpg\",\"datePublished\":\"2024-12-19T10:00:22+00:00\",\"dateModified\":\"2026-04-15T11:51:13+00:00\",\"breadcrumb\":{\"@id\":\"https:\/\/innovexalgerie.com\/manutention\/produit\/pont-roulant-portique-electrique-gca\/#breadcrumb\"},\"inLanguage\":\"fr-FR\",\"potentialAction\":[{\"@type\":\"ReadAction\",\"target\":[\"https:\/\/innovexalgerie.com\/manutention\/produit\/pont-roulant-portique-electrique-gca\/\"]}]},{\"@type\":\"ImageObject\",\"inLanguage\":\"fr-FR\",\"@id\":\"https:\/\/innovexalgerie.com\/manutention\/produit\/pont-roulant-portique-electrique-gca\/#primaryimage\",\"url\":\"https:\/\/innovexalgerie.com\/manutention\/wp-content\/uploads\/2024\/12\/GCA-3044-Pont-roulant-portique-electrique-motorise-1.jpg\",\"contentUrl\":\"https:\/\/innovexalgerie.com\/manutention\/wp-content\/uploads\/2024\/12\/GCA-3044-Pont-roulant-portique-electrique-motorise-1.jpg\",\"width\":1000,\"height\":1000,\"caption\":\"GCA-3044 Pont roulant portique \u00e9lectrique motoris\u00e9\"},{\"@type\":\"BreadcrumbList\",\"@id\":\"https:\/\/innovexalgerie.com\/manutention\/produit\/pont-roulant-portique-electrique-gca\/#breadcrumb\",\"itemListElement\":[{\"@type\":\"ListItem\",\"position\":1,\"name\":\"Accueil\",\"item\":\"https:\/\/innovexalgerie.com\/manutention\/\"},{\"@type\":\"ListItem\",\"position\":2,\"name\":\"Boutique\",\"item\":\"https:\/\/innovexalgerie.com\/manutention\/boutique\/\"},{\"@type\":\"ListItem\",\"position\":3,\"name\":\"Pont roulant portique \u00e9lectrique GCA\"}]},{\"@type\":\"WebSite\",\"@id\":\"https:\/\/innovexalgerie.com\/manutention\/#website\",\"url\":\"https:\/\/innovexalgerie.com\/manutention\/\",\"name\":\"INNOVEX Alg\u00e9rie | Manutention\",\"description\":\"Manutention\",\"publisher\":{\"@id\":\"https:\/\/innovexalgerie.com\/manutention\/#organization\"},\"potentialAction\":[{\"@type\":\"SearchAction\",\"target\":{\"@type\":\"EntryPoint\",\"urlTemplate\":\"https:\/\/innovexalgerie.com\/manutention\/?s={search_term_string}\"},\"query-input\":\"required name=search_term_string\"}],\"inLanguage\":\"fr-FR\"},{\"@type\":\"Organization\",\"@id\":\"https:\/\/innovexalgerie.com\/manutention\/#organization\",\"name\":\"INNOVEX Alg\u00e9rie | Manutention\",\"url\":\"https:\/\/innovexalgerie.com\/manutention\/\",\"logo\":{\"@type\":\"ImageObject\",\"inLanguage\":\"fr-FR\",\"@id\":\"https:\/\/innovexalgerie.com\/manutention\/#\/schema\/logo\/image\/\",\"url\":\"https:\/\/innovexalgerie.com\/manutention\/wp-content\/uploads\/2022\/03\/innovex_manutention_logo.svg\",\"contentUrl\":\"https:\/\/innovexalgerie.com\/manutention\/wp-content\/uploads\/2022\/03\/innovex_manutention_logo.svg\",\"width\":133,\"height\":36,\"caption\":\"INNOVEX Alg\u00e9rie | Manutention\"},\"image\":{\"@id\":\"https:\/\/innovexalgerie.com\/manutention\/#\/schema\/logo\/image\/\"}}]}<\/script>\n<!-- \/ Yoast SEO plugin. -->","yoast_head_json":{"title":"Pont roulant portique \u00e9lectrique GCA - INNOVEX Alg\u00e9rie | Manutention","robots":{"index":"index","follow":"follow","max-snippet":"max-snippet:-1","max-image-preview":"max-image-preview:large","max-video-preview":"max-video-preview:-1"},"canonical":"https:\/\/innovexalgerie.com\/manutention\/produit\/pont-roulant-portique-electrique-gca\/","og_locale":"fr_FR","og_type":"article","og_title":"Pont roulant portique \u00e9lectrique GCA - INNOVEX Alg\u00e9rie | Manutention","og_description":"Pont roulant portique \u00e0 d\u00e9placement \u00e9lectrique, sont largement utilis\u00e9s dans les entrep\u00f4ts, les usines et les chantiers de construction pour faciliter les op\u00e9rations de levage et de d\u00e9placement de mat\u00e9riaux lourds et volumineux.","og_url":"https:\/\/innovexalgerie.com\/manutention\/produit\/pont-roulant-portique-electrique-gca\/","og_site_name":"INNOVEX Alg\u00e9rie | Manutention","article_modified_time":"2026-04-15T11:51:13+00:00","og_image":[{"width":1000,"height":1000,"url":"https:\/\/innovexalgerie.com\/manutention\/wp-content\/uploads\/2024\/12\/GCA-3044-Pont-roulant-portique-electrique-motorise-1.jpg","type":"image\/jpeg"}],"twitter_card":"summary_large_image","twitter_misc":{"Dur\u00e9e de lecture estim\u00e9e":"1 minute"},"schema":{"@context":"https:\/\/schema.org","@graph":[{"@type":"WebPage","@id":"https:\/\/innovexalgerie.com\/manutention\/produit\/pont-roulant-portique-electrique-gca\/","url":"https:\/\/innovexalgerie.com\/manutention\/produit\/pont-roulant-portique-electrique-gca\/","name":"Pont roulant portique \u00e9lectrique GCA - INNOVEX Alg\u00e9rie | Manutention","isPartOf":{"@id":"https:\/\/innovexalgerie.com\/manutention\/#website"},"primaryImageOfPage":{"@id":"https:\/\/innovexalgerie.com\/manutention\/produit\/pont-roulant-portique-electrique-gca\/#primaryimage"},"image":{"@id":"https:\/\/innovexalgerie.com\/manutention\/produit\/pont-roulant-portique-electrique-gca\/#primaryimage"},"thumbnailUrl":"https:\/\/innovexalgerie.com\/manutention\/wp-content\/uploads\/2024\/12\/GCA-3044-Pont-roulant-portique-electrique-motorise-1.jpg","datePublished":"2024-12-19T10:00:22+00:00","dateModified":"2026-04-15T11:51:13+00:00","breadcrumb":{"@id":"https:\/\/innovexalgerie.com\/manutention\/produit\/pont-roulant-portique-electrique-gca\/#breadcrumb"},"inLanguage":"fr-FR","potentialAction":[{"@type":"ReadAction","target":["https:\/\/innovexalgerie.com\/manutention\/produit\/pont-roulant-portique-electrique-gca\/"]}]},{"@type":"ImageObject","inLanguage":"fr-FR","@id":"https:\/\/innovexalgerie.com\/manutention\/produit\/pont-roulant-portique-electrique-gca\/#primaryimage","url":"https:\/\/innovexalgerie.com\/manutention\/wp-content\/uploads\/2024\/12\/GCA-3044-Pont-roulant-portique-electrique-motorise-1.jpg","contentUrl":"https:\/\/innovexalgerie.com\/manutention\/wp-content\/uploads\/2024\/12\/GCA-3044-Pont-roulant-portique-electrique-motorise-1.jpg","width":1000,"height":1000,"caption":"GCA-3044 Pont roulant portique \u00e9lectrique motoris\u00e9"},{"@type":"BreadcrumbList","@id":"https:\/\/innovexalgerie.com\/manutention\/produit\/pont-roulant-portique-electrique-gca\/#breadcrumb","itemListElement":[{"@type":"ListItem","position":1,"name":"Accueil","item":"https:\/\/innovexalgerie.com\/manutention\/"},{"@type":"ListItem","position":2,"name":"Boutique","item":"https:\/\/innovexalgerie.com\/manutention\/boutique\/"},{"@type":"ListItem","position":3,"name":"Pont roulant portique \u00e9lectrique GCA"}]},{"@type":"WebSite","@id":"https:\/\/innovexalgerie.com\/manutention\/#website","url":"https:\/\/innovexalgerie.com\/manutention\/","name":"INNOVEX Alg\u00e9rie | Manutention","description":"Manutention","publisher":{"@id":"https:\/\/innovexalgerie.com\/manutention\/#organization"},"potentialAction":[{"@type":"SearchAction","target":{"@type":"EntryPoint","urlTemplate":"https:\/\/innovexalgerie.com\/manutention\/?s={search_term_string}"},"query-input":"required name=search_term_string"}],"inLanguage":"fr-FR"},{"@type":"Organization","@id":"https:\/\/innovexalgerie.com\/manutention\/#organization","name":"INNOVEX Alg\u00e9rie | Manutention","url":"https:\/\/innovexalgerie.com\/manutention\/","logo":{"@type":"ImageObject","inLanguage":"fr-FR","@id":"https:\/\/innovexalgerie.com\/manutention\/#\/schema\/logo\/image\/","url":"https:\/\/innovexalgerie.com\/manutention\/wp-content\/uploads\/2022\/03\/innovex_manutention_logo.svg","contentUrl":"https:\/\/innovexalgerie.com\/manutention\/wp-content\/uploads\/2022\/03\/innovex_manutention_logo.svg","width":133,"height":36,"caption":"INNOVEX Alg\u00e9rie | Manutention"},"image":{"@id":"https:\/\/innovexalgerie.com\/manutention\/#\/schema\/logo\/image\/"}}]}},"_links":{"self":[{"href":"https:\/\/innovexalgerie.com\/manutention\/wp-json\/wp\/v2\/product\/4301","targetHints":{"allow":["GET"]}}],"collection":[{"href":"https:\/\/innovexalgerie.com\/manutention\/wp-json\/wp\/v2\/product"}],"about":[{"href":"https:\/\/innovexalgerie.com\/manutention\/wp-json\/wp\/v2\/types\/product"}],"wp:featuredmedia":[{"embeddable":true,"href":"https:\/\/innovexalgerie.com\/manutention\/wp-json\/wp\/v2\/media\/4303"}],"wp:attachment":[{"href":"https:\/\/innovexalgerie.com\/manutention\/wp-json\/wp\/v2\/media?parent=4301"}],"wp:term":[{"taxonomy":"product_cat","embeddable":true,"href":"https:\/\/innovexalgerie.com\/manutention\/wp-json\/wp\/v2\/product_cat?post=4301"},{"taxonomy":"product_tag","embeddable":true,"href":"https:\/\/innovexalgerie.com\/manutention\/wp-json\/wp\/v2\/product_tag?post=4301"}],"curies":[{"name":"wp","href":"https:\/\/api.w.org\/{rel}","templated":true}]}}