{"id":4317,"date":"2024-12-22T12:11:11","date_gmt":"2024-12-22T11:11:11","guid":{"rendered":"https:\/\/innovexalgerie.com\/manutention\/?post_type=product&#038;p=4317"},"modified":"2025-03-06T10:25:25","modified_gmt":"2025-03-06T09:25:25","slug":"pont-roulant-portique-manuel-gcm","status":"publish","type":"product","link":"https:\/\/innovexalgerie.com\/manutention\/produit\/pont-roulant-portique-manuel-gcm\/","title":{"rendered":"Pont roulant portique manuel GCM"},"content":{"rendered":"<p style=\"text-align: left;\"><strong>Pont roulant portique levage \u00e9lectrique\u00a0 et d\u00e9placement manuel GCM\u00a0qui peut soulever des charges divers selon le mod\u00e8le.<\/strong><\/p>\n<ul>\n<li style=\"text-align: left;\">\u00a0Les ponts roulants sont largement utilis\u00e9s dans les entrep\u00f4ts, les usines et les chantiers de construction pour faciliter les op\u00e9rations de levage et de d\u00e9placement de mat\u00e9riaux lourds et volumineux.<\/li>\n<li style=\"text-align: left;\">Quatre roues de direction, les roues sont fabriqu\u00e9es en polyur\u00e9thane haute haute r\u00e9sistance.<\/li>\n<li style=\"text-align: left;\">Nos ponts sont livr\u00e9s avec un palan de votre choix.<\/li>\n<li>Vous pouvez s\u00e9lectionner parmi diff\u00e9rents mod\u00e8les de palans adapt\u00e9s \u00e0 vos besoins.<\/li>\n<\/ul>\n<p><strong class=\"default_cursor_cs\">Nos ponts roulants sont disponibles en plusieurs dimensions. Veuillez consulter notre fiche pour plus d\u2019informations.<\/strong><\/p>\n<section class=\"elementor-section elementor-top-section elementor-element elementor-element-be694aa elementor-section-boxed elementor-section-height-default elementor-section-height-default\" data-id=\"be694aa\" data-element_type=\"section\">\n<div class=\"elementor-container elementor-column-gap-default\">\n<div class=\"elementor-column elementor-col-100 elementor-top-column elementor-element elementor-element-67dee37\" data-id=\"67dee37\" data-element_type=\"column\">\n<div class=\"elementor-widget-wrap elementor-element-populated default_cursor_cs\">\n<div class=\"elementor-element elementor-element-459a956 elementor-widget elementor-widget-woocommerce-product-content default_cursor_cs\" data-id=\"459a956\" data-element_type=\"widget\" data-widget_type=\"woocommerce-product-content.default\">\n<div class=\"elementor-widget-container\">\n<div class=\"chat-list relative custom-scrollbar-reset-margin custom-scrollbar custom-scrollbar-hidden custom-scrollbar-float pb-9 flex-1 overflow-y-auto\">\n<div class=\"mx-auto max-w-[790px]\">\n<div class=\"message-item-outer relative px-4 mb-2\" data-id=\"20b25339-c0b4-4712-88da-f57ea02d3b41\">\n<div class=\"content-area pl-[0px]\">\n<div class=\"message-item select-text relative\">\n<div class=\"message-inner relative\">\n<div class=\"py-[2px]\">\n<div class=\"compare-btn group relative z-10 text-xs my-3 flex select-none rounded-full w-fit overflow-hidden\">\n<div class=\"flex items-center text-[12px] w-fit leading-4 py-[6px] pr-[8px] pl-[8px] cursor-pointer rounded-s-lg text-brand-primary-normal bg-grey-fill2-normal hover:bg-grey-fill2-hover w-full pr-[3px]\"><\/div>\n<\/div>\n<\/div>\n<\/div>\n<\/div>\n<\/div>\n<\/div>\n<\/div>\n<\/div>\n<div><\/div>\n<\/div>\n<\/div>\n<\/div>\n<\/div>\n<\/div>\n<\/section>\n<section class=\"elementor-section elementor-top-section elementor-element elementor-element-11d2be5 shortcode-section concu-section elementor-section-boxed elementor-section-height-default elementor-section-height-default\" data-id=\"11d2be5\" data-element_type=\"section\" data-settings=\"{&quot;background_background&quot;:&quot;classic&quot;}\">\n<div class=\"elementor-container elementor-column-gap-no\">\n<div class=\"elementor-column elementor-col-100 elementor-top-column elementor-element elementor-element-3ecb8c8\" data-id=\"3ecb8c8\" data-element_type=\"column\">\n<div class=\"elementor-widget-wrap elementor-element-populated\">\n<div class=\"elementor-element elementor-element-c0666c9 elementor-widget elementor-widget-shortcode default_cursor_cs\" data-id=\"c0666c9\" data-element_type=\"widget\" data-widget_type=\"shortcode.default\">\n<div class=\"elementor-widget-container\"><\/div>\n<\/div>\n<\/div>\n<\/div>\n<\/div>\n<\/section>\n","protected":false},"excerpt":{"rendered":"<p>Pont roulant portique levage \u00e9lectrique\u00a0 et d\u00e9placement manuel, sont largement utilis\u00e9s dans les entrep\u00f4ts, les usines et les chantiers de construction pour faciliter les op\u00e9rations de levage et de d\u00e9placement de mat\u00e9riaux lourds et volumineux.<\/p>\n","protected":false},"featured_media":4512,"template":"","meta":{"_monsterinsights_skip_tracking":false,"_monsterinsights_sitenote_active":false,"_monsterinsights_sitenote_note":"","_monsterinsights_sitenote_category":0},"product_cat":[23,75],"product_tag":[42],"class_list":["post-4317","product","type-product","status-publish","has-post-thumbnail","hentry","product_cat-accessoires","product_cat-pont-roulant-portique","product_tag-nacelle"],"acf":[],"yoast_head":"<!-- This site is optimized with the Yoast SEO plugin v22.6 - https:\/\/yoast.com\/wordpress\/plugins\/seo\/ -->\n<title>Pont roulant portique manuel GCM - INNOVEX Alg\u00e9rie | Manutention<\/title>\n<meta name=\"robots\" content=\"index, follow, max-snippet:-1, max-image-preview:large, max-video-preview:-1\" \/>\n<link rel=\"canonical\" href=\"https:\/\/innovexalgerie.com\/manutention\/produit\/pont-roulant-portique-manuel-gcm\/\" \/>\n<meta property=\"og:locale\" content=\"fr_FR\" \/>\n<meta property=\"og:type\" content=\"article\" \/>\n<meta property=\"og:title\" content=\"Pont roulant portique manuel GCM - INNOVEX Alg\u00e9rie | Manutention\" \/>\n<meta property=\"og:description\" content=\"Pont roulant portique levage \u00e9lectrique\u00a0 et d\u00e9placement manuel, sont largement utilis\u00e9s dans les entrep\u00f4ts, les usines et les chantiers de construction pour faciliter les op\u00e9rations de levage et de d\u00e9placement de mat\u00e9riaux lourds et volumineux.\" \/>\n<meta property=\"og:url\" content=\"https:\/\/innovexalgerie.com\/manutention\/produit\/pont-roulant-portique-manuel-gcm\/\" \/>\n<meta property=\"og:site_name\" content=\"INNOVEX Alg\u00e9rie | Manutention\" \/>\n<meta property=\"article:modified_time\" content=\"2025-03-06T09:25:25+00:00\" \/>\n<meta property=\"og:image\" content=\"https:\/\/innovexalgerie.com\/manutention\/wp-content\/uploads\/2022\/05\/PONT-ROULANT-PORTIQUE-INNOVEX-ALGERIE.jpg\" \/>\n\t<meta property=\"og:image:width\" content=\"1000\" \/>\n\t<meta property=\"og:image:height\" content=\"1000\" \/>\n\t<meta property=\"og:image:type\" content=\"image\/jpeg\" \/>\n<meta name=\"twitter:card\" content=\"summary_large_image\" \/>\n<meta name=\"twitter:label1\" content=\"Dur\u00e9e de lecture estim\u00e9e\" \/>\n\t<meta name=\"twitter:data1\" content=\"1 minute\" \/>\n<script type=\"application\/ld+json\" class=\"yoast-schema-graph\">{\"@context\":\"https:\/\/schema.org\",\"@graph\":[{\"@type\":\"WebPage\",\"@id\":\"https:\/\/innovexalgerie.com\/manutention\/produit\/pont-roulant-portique-manuel-gcm\/\",\"url\":\"https:\/\/innovexalgerie.com\/manutention\/produit\/pont-roulant-portique-manuel-gcm\/\",\"name\":\"Pont roulant portique manuel GCM - INNOVEX Alg\u00e9rie | Manutention\",\"isPartOf\":{\"@id\":\"https:\/\/innovexalgerie.com\/manutention\/#website\"},\"primaryImageOfPage\":{\"@id\":\"https:\/\/innovexalgerie.com\/manutention\/produit\/pont-roulant-portique-manuel-gcm\/#primaryimage\"},\"image\":{\"@id\":\"https:\/\/innovexalgerie.com\/manutention\/produit\/pont-roulant-portique-manuel-gcm\/#primaryimage\"},\"thumbnailUrl\":\"https:\/\/innovexalgerie.com\/manutention\/wp-content\/uploads\/2022\/05\/PONT-ROULANT-PORTIQUE-INNOVEX-ALGERIE.jpg\",\"datePublished\":\"2024-12-22T11:11:11+00:00\",\"dateModified\":\"2025-03-06T09:25:25+00:00\",\"breadcrumb\":{\"@id\":\"https:\/\/innovexalgerie.com\/manutention\/produit\/pont-roulant-portique-manuel-gcm\/#breadcrumb\"},\"inLanguage\":\"fr-FR\",\"potentialAction\":[{\"@type\":\"ReadAction\",\"target\":[\"https:\/\/innovexalgerie.com\/manutention\/produit\/pont-roulant-portique-manuel-gcm\/\"]}]},{\"@type\":\"ImageObject\",\"inLanguage\":\"fr-FR\",\"@id\":\"https:\/\/innovexalgerie.com\/manutention\/produit\/pont-roulant-portique-manuel-gcm\/#primaryimage\",\"url\":\"https:\/\/innovexalgerie.com\/manutention\/wp-content\/uploads\/2022\/05\/PONT-ROULANT-PORTIQUE-INNOVEX-ALGERIE.jpg\",\"contentUrl\":\"https:\/\/innovexalgerie.com\/manutention\/wp-content\/uploads\/2022\/05\/PONT-ROULANT-PORTIQUE-INNOVEX-ALGERIE.jpg\",\"width\":1000,\"height\":1000,\"caption\":\"Pont roulant portique\"},{\"@type\":\"BreadcrumbList\",\"@id\":\"https:\/\/innovexalgerie.com\/manutention\/produit\/pont-roulant-portique-manuel-gcm\/#breadcrumb\",\"itemListElement\":[{\"@type\":\"ListItem\",\"position\":1,\"name\":\"Accueil\",\"item\":\"https:\/\/innovexalgerie.com\/manutention\/\"},{\"@type\":\"ListItem\",\"position\":2,\"name\":\"Boutique\",\"item\":\"https:\/\/innovexalgerie.com\/manutention\/boutique\/\"},{\"@type\":\"ListItem\",\"position\":3,\"name\":\"Pont roulant portique manuel GCM\"}]},{\"@type\":\"WebSite\",\"@id\":\"https:\/\/innovexalgerie.com\/manutention\/#website\",\"url\":\"https:\/\/innovexalgerie.com\/manutention\/\",\"name\":\"INNOVEX Alg\u00e9rie | Manutention\",\"description\":\"Manutention\",\"publisher\":{\"@id\":\"https:\/\/innovexalgerie.com\/manutention\/#organization\"},\"potentialAction\":[{\"@type\":\"SearchAction\",\"target\":{\"@type\":\"EntryPoint\",\"urlTemplate\":\"https:\/\/innovexalgerie.com\/manutention\/?s={search_term_string}\"},\"query-input\":\"required name=search_term_string\"}],\"inLanguage\":\"fr-FR\"},{\"@type\":\"Organization\",\"@id\":\"https:\/\/innovexalgerie.com\/manutention\/#organization\",\"name\":\"INNOVEX Alg\u00e9rie | Manutention\",\"url\":\"https:\/\/innovexalgerie.com\/manutention\/\",\"logo\":{\"@type\":\"ImageObject\",\"inLanguage\":\"fr-FR\",\"@id\":\"https:\/\/innovexalgerie.com\/manutention\/#\/schema\/logo\/image\/\",\"url\":\"https:\/\/innovexalgerie.com\/manutention\/wp-content\/uploads\/2022\/03\/innovex_manutention_logo.svg\",\"contentUrl\":\"https:\/\/innovexalgerie.com\/manutention\/wp-content\/uploads\/2022\/03\/innovex_manutention_logo.svg\",\"width\":133,\"height\":36,\"caption\":\"INNOVEX Alg\u00e9rie | Manutention\"},\"image\":{\"@id\":\"https:\/\/innovexalgerie.com\/manutention\/#\/schema\/logo\/image\/\"}}]}<\/script>\n<!-- \/ Yoast SEO plugin. -->","yoast_head_json":{"title":"Pont roulant portique manuel GCM - INNOVEX Alg\u00e9rie | Manutention","robots":{"index":"index","follow":"follow","max-snippet":"max-snippet:-1","max-image-preview":"max-image-preview:large","max-video-preview":"max-video-preview:-1"},"canonical":"https:\/\/innovexalgerie.com\/manutention\/produit\/pont-roulant-portique-manuel-gcm\/","og_locale":"fr_FR","og_type":"article","og_title":"Pont roulant portique manuel GCM - INNOVEX Alg\u00e9rie | Manutention","og_description":"Pont roulant portique levage \u00e9lectrique\u00a0 et d\u00e9placement manuel, sont largement utilis\u00e9s dans les entrep\u00f4ts, les usines et les chantiers de construction pour faciliter les op\u00e9rations de levage et de d\u00e9placement de mat\u00e9riaux lourds et volumineux.","og_url":"https:\/\/innovexalgerie.com\/manutention\/produit\/pont-roulant-portique-manuel-gcm\/","og_site_name":"INNOVEX Alg\u00e9rie | Manutention","article_modified_time":"2025-03-06T09:25:25+00:00","og_image":[{"width":1000,"height":1000,"url":"https:\/\/innovexalgerie.com\/manutention\/wp-content\/uploads\/2022\/05\/PONT-ROULANT-PORTIQUE-INNOVEX-ALGERIE.jpg","type":"image\/jpeg"}],"twitter_card":"summary_large_image","twitter_misc":{"Dur\u00e9e de lecture estim\u00e9e":"1 minute"},"schema":{"@context":"https:\/\/schema.org","@graph":[{"@type":"WebPage","@id":"https:\/\/innovexalgerie.com\/manutention\/produit\/pont-roulant-portique-manuel-gcm\/","url":"https:\/\/innovexalgerie.com\/manutention\/produit\/pont-roulant-portique-manuel-gcm\/","name":"Pont roulant portique manuel GCM - INNOVEX Alg\u00e9rie | Manutention","isPartOf":{"@id":"https:\/\/innovexalgerie.com\/manutention\/#website"},"primaryImageOfPage":{"@id":"https:\/\/innovexalgerie.com\/manutention\/produit\/pont-roulant-portique-manuel-gcm\/#primaryimage"},"image":{"@id":"https:\/\/innovexalgerie.com\/manutention\/produit\/pont-roulant-portique-manuel-gcm\/#primaryimage"},"thumbnailUrl":"https:\/\/innovexalgerie.com\/manutention\/wp-content\/uploads\/2022\/05\/PONT-ROULANT-PORTIQUE-INNOVEX-ALGERIE.jpg","datePublished":"2024-12-22T11:11:11+00:00","dateModified":"2025-03-06T09:25:25+00:00","breadcrumb":{"@id":"https:\/\/innovexalgerie.com\/manutention\/produit\/pont-roulant-portique-manuel-gcm\/#breadcrumb"},"inLanguage":"fr-FR","potentialAction":[{"@type":"ReadAction","target":["https:\/\/innovexalgerie.com\/manutention\/produit\/pont-roulant-portique-manuel-gcm\/"]}]},{"@type":"ImageObject","inLanguage":"fr-FR","@id":"https:\/\/innovexalgerie.com\/manutention\/produit\/pont-roulant-portique-manuel-gcm\/#primaryimage","url":"https:\/\/innovexalgerie.com\/manutention\/wp-content\/uploads\/2022\/05\/PONT-ROULANT-PORTIQUE-INNOVEX-ALGERIE.jpg","contentUrl":"https:\/\/innovexalgerie.com\/manutention\/wp-content\/uploads\/2022\/05\/PONT-ROULANT-PORTIQUE-INNOVEX-ALGERIE.jpg","width":1000,"height":1000,"caption":"Pont roulant portique"},{"@type":"BreadcrumbList","@id":"https:\/\/innovexalgerie.com\/manutention\/produit\/pont-roulant-portique-manuel-gcm\/#breadcrumb","itemListElement":[{"@type":"ListItem","position":1,"name":"Accueil","item":"https:\/\/innovexalgerie.com\/manutention\/"},{"@type":"ListItem","position":2,"name":"Boutique","item":"https:\/\/innovexalgerie.com\/manutention\/boutique\/"},{"@type":"ListItem","position":3,"name":"Pont roulant portique manuel GCM"}]},{"@type":"WebSite","@id":"https:\/\/innovexalgerie.com\/manutention\/#website","url":"https:\/\/innovexalgerie.com\/manutention\/","name":"INNOVEX Alg\u00e9rie | Manutention","description":"Manutention","publisher":{"@id":"https:\/\/innovexalgerie.com\/manutention\/#organization"},"potentialAction":[{"@type":"SearchAction","target":{"@type":"EntryPoint","urlTemplate":"https:\/\/innovexalgerie.com\/manutention\/?s={search_term_string}"},"query-input":"required name=search_term_string"}],"inLanguage":"fr-FR"},{"@type":"Organization","@id":"https:\/\/innovexalgerie.com\/manutention\/#organization","name":"INNOVEX Alg\u00e9rie | Manutention","url":"https:\/\/innovexalgerie.com\/manutention\/","logo":{"@type":"ImageObject","inLanguage":"fr-FR","@id":"https:\/\/innovexalgerie.com\/manutention\/#\/schema\/logo\/image\/","url":"https:\/\/innovexalgerie.com\/manutention\/wp-content\/uploads\/2022\/03\/innovex_manutention_logo.svg","contentUrl":"https:\/\/innovexalgerie.com\/manutention\/wp-content\/uploads\/2022\/03\/innovex_manutention_logo.svg","width":133,"height":36,"caption":"INNOVEX Alg\u00e9rie | Manutention"},"image":{"@id":"https:\/\/innovexalgerie.com\/manutention\/#\/schema\/logo\/image\/"}}]}},"_links":{"self":[{"href":"https:\/\/innovexalgerie.com\/manutention\/wp-json\/wp\/v2\/product\/4317","targetHints":{"allow":["GET"]}}],"collection":[{"href":"https:\/\/innovexalgerie.com\/manutention\/wp-json\/wp\/v2\/product"}],"about":[{"href":"https:\/\/innovexalgerie.com\/manutention\/wp-json\/wp\/v2\/types\/product"}],"wp:featuredmedia":[{"embeddable":true,"href":"https:\/\/innovexalgerie.com\/manutention\/wp-json\/wp\/v2\/media\/4512"}],"wp:attachment":[{"href":"https:\/\/innovexalgerie.com\/manutention\/wp-json\/wp\/v2\/media?parent=4317"}],"wp:term":[{"taxonomy":"product_cat","embeddable":true,"href":"https:\/\/innovexalgerie.com\/manutention\/wp-json\/wp\/v2\/product_cat?post=4317"},{"taxonomy":"product_tag","embeddable":true,"href":"https:\/\/innovexalgerie.com\/manutention\/wp-json\/wp\/v2\/product_tag?post=4317"}],"curies":[{"name":"wp","href":"https:\/\/api.w.org\/{rel}","templated":true}]}}