{"id":4330,"date":"2024-12-28T11:05:12","date_gmt":"2024-12-28T10:05:12","guid":{"rendered":"https:\/\/innovexalgerie.com\/manutention\/?post_type=product&#038;p=4330"},"modified":"2025-07-17T11:25:08","modified_gmt":"2025-07-17T10:25:08","slug":"pont-pivotant-electrique-motorise-pva","status":"publish","type":"product","link":"https:\/\/innovexalgerie.com\/manutention\/produit\/pont-pivotant-electrique-motorise-pva\/","title":{"rendered":"Pont pivotant \u00e9lectrique motoris\u00e9 PVA"},"content":{"rendered":"<p data-start=\"107\" data-end=\"390\" data-cur=\"cursor\"><strong>Pont roulant pivotant \u00e0 colonne motoris\u00e9<\/strong>, fix\u00e9 au sol, con\u00e7u pour le levage et la rotation \u00e9lectrique de charges jusqu\u2019\u00e0 1 tonne. Id\u00e9al pour une utilisation en int\u00e9rieur (usines, ateliers, entrep\u00f4ts), il offre une port\u00e9e maximale de 4 m\u00e8tres avec une rotation \u00e0 360\u00b0.<\/p>\n<ul style=\"text-align: left;\">\n<li>Structure robuste en acier avec bras motoris\u00e9 et commande \u00e9lectrique \u00e0 distance. Adapt\u00e9 au d\u00e9placement lat\u00e9ral de palans sur rail.<\/li>\n<li>Pont roulant pivotant \u00e0 colonne fix\u00e9 au sol \u00e0 rotation \u00e9lectrique qui peut soulever des charges divers selon le mod\u00e8le.<\/li>\n<li>Con\u00e7ue pour le montage libre sur la dalle b\u00e9ton d\u2019un hall en service int\u00e9rieur, Ils sont largement utilis\u00e9s dans les entrep\u00f4ts, les usines et les chantiers de construction pour faciliter les op\u00e9rations de levage et de d\u00e9placement de mat\u00e9riaux lourds et volumineux.<\/li>\n<li>Pont pivotant dispose d\u2019un rayon d\u2019action de 360\u00b0 et d\u2019une port\u00e9e allant jusqu\u2019\u00e0 4 m\u00e8tres.<\/li>\n<li>Colonne en acier m\u00e9cano-soud\u00e9 ancr\u00e9e au sol \u00e0 l\u2019aide d\u2019une platine ou d\u2019un socle de fondation.<\/li>\n<li>Elle constitue l\u2019axe de rotation du syst\u00e8me.<\/li>\n<li>Bras horizontal (fl\u00e8che) en profil\u00e9 acier ou en poutre en L, il supporte le rail de guidage du palan et permet le d\u00e9placement lat\u00e9ral de la charge.<\/li>\n<li>Syst\u00e8me de rotation motoris\u00e9 situ\u00e9 \u00e0 la base du bras, il est compos\u00e9 d\u2019un motor\u00e9ducteur \u00e9lectrique, assurant une rotation r\u00e9guli\u00e8re et contr\u00f4l\u00e9e de l\u2019ensemble du bras. &#8211;<\/li>\n<li>Facile \u00e0 utiliser et peut \u00eatre contr\u00f4l\u00e9 \u00e0 distance \u00e0 l&rsquo;aide d&rsquo;un panneau de commande \u00e9lectrique.<\/li>\n<\/ul>\n<p style=\"text-align: left;\"><strong class=\"default_cursor_cs\">Nos ponts pivotant sont disponibles en 02 dimensions. Veuillez consulter notre fiche pour plus d\u2019informations.<\/strong><\/p>\n<section class=\"elementor-section elementor-top-section elementor-element elementor-element-be694aa elementor-section-boxed elementor-section-height-default elementor-section-height-default\" data-id=\"be694aa\" data-element_type=\"section\">\n<div class=\"elementor-container elementor-column-gap-default\">\n<div class=\"elementor-column elementor-col-100 elementor-top-column elementor-element elementor-element-67dee37\" data-id=\"67dee37\" data-element_type=\"column\">\n<div class=\"elementor-widget-wrap elementor-element-populated default_cursor_cs\">\n<div class=\"elementor-element elementor-element-459a956 elementor-widget elementor-widget-woocommerce-product-content default_cursor_cs\" data-id=\"459a956\" data-element_type=\"widget\" data-widget_type=\"woocommerce-product-content.default\">\n<div class=\"elementor-widget-container\">\n<div class=\"chat-list relative custom-scrollbar-reset-margin custom-scrollbar custom-scrollbar-hidden custom-scrollbar-float pb-9 flex-1 overflow-y-auto\">\n<div class=\"mx-auto max-w-[790px]\">\n<div class=\"message-item-outer relative px-4 mb-2\" data-id=\"20b25339-c0b4-4712-88da-f57ea02d3b41\">\n<div class=\"content-area pl-[0px]\">\n<div class=\"message-item select-text relative\">\n<div class=\"message-inner relative\">\n<div class=\"py-[2px]\">\n<div class=\"compare-btn group relative z-10 text-xs my-3 flex select-none rounded-full w-fit overflow-hidden\">\n<div class=\"flex items-center text-[12px] w-fit leading-4 py-[6px] pr-[8px] pl-[8px] cursor-pointer rounded-s-lg text-brand-primary-normal bg-grey-fill2-normal hover:bg-grey-fill2-hover w-full pr-[3px]\" style=\"text-align: left;\"><\/div>\n<\/div>\n<\/div>\n<\/div>\n<\/div>\n<\/div>\n<\/div>\n<\/div>\n<\/div>\n<div><\/div>\n<\/div>\n<\/div>\n<\/div>\n<\/div>\n<\/div>\n<\/section>\n<section class=\"elementor-section elementor-top-section elementor-element elementor-element-11d2be5 shortcode-section concu-section elementor-section-boxed elementor-section-height-default elementor-section-height-default\" data-id=\"11d2be5\" data-element_type=\"section\" data-settings=\"{&quot;background_background&quot;:&quot;classic&quot;}\">\n<div class=\"elementor-container elementor-column-gap-no\">\n<div class=\"elementor-column elementor-col-100 elementor-top-column elementor-element elementor-element-3ecb8c8\" data-id=\"3ecb8c8\" data-element_type=\"column\">\n<div class=\"elementor-widget-wrap elementor-element-populated\">\n<div class=\"elementor-element elementor-element-c0666c9 elementor-widget elementor-widget-shortcode default_cursor_cs\" data-id=\"c0666c9\" data-element_type=\"widget\" data-widget_type=\"shortcode.default\">\n<div class=\"elementor-widget-container\"><\/div>\n<\/div>\n<\/div>\n<\/div>\n<\/div>\n<\/section>\n","protected":false},"excerpt":{"rendered":"<p data-start=\"204\" data-end=\"447\" data-cur=\"cursor\">Pont roulant pivotant \u00e0 colonne motoris\u00e9, fix\u00e9 au sol, con\u00e7u pour le levage et la rotation \u00e9lectrique de charges lourde jusqu\u2019\u00e0 1 tonne. Id\u00e9al pour un usage int\u00e9rieur (usines, entrep\u00f4ts), il offre une port\u00e9e jusqu\u2019\u00e0 4 m\u00e8tres.<\/p>\n<p data-start=\"204\" data-end=\"447\" data-cur=\"cursor\">\n","protected":false},"featured_media":4793,"template":"","meta":{"_monsterinsights_skip_tracking":false,"_monsterinsights_sitenote_active":false,"_monsterinsights_sitenote_note":"","_monsterinsights_sitenote_category":0},"product_cat":[23,75],"product_tag":[101,102,100,99],"class_list":["post-4330","product","type-product","status-publish","has-post-thumbnail","hentry","product_cat-accessoires","product_cat-pont-roulant-portique","product_tag-electrique","product_tag-palan","product_tag-pivotant","product_tag-pont"],"acf":[],"yoast_head":"<!-- This site is optimized with the Yoast SEO plugin v22.6 - https:\/\/yoast.com\/wordpress\/plugins\/seo\/ -->\n<title>Pont pivotant \u00e9lectrique motoris\u00e9 PVA - INNOVEX Alg\u00e9rie | Manutention<\/title>\n<meta name=\"description\" content=\"Le pont roulant pivotant \u00e0 colonne motoriser est un \u00e9quipement de levage fixe, con\u00e7u pour la manutention de charges lourdes.\" \/>\n<meta name=\"robots\" content=\"index, follow, max-snippet:-1, max-image-preview:large, max-video-preview:-1\" \/>\n<link rel=\"canonical\" href=\"https:\/\/innovexalgerie.com\/manutention\/produit\/pont-pivotant-electrique-motorise-pva\/\" \/>\n<meta property=\"og:locale\" content=\"fr_FR\" \/>\n<meta property=\"og:type\" content=\"article\" \/>\n<meta property=\"og:title\" content=\"Pont pivotant \u00e9lectrique motoris\u00e9 PVA - INNOVEX Alg\u00e9rie | Manutention\" \/>\n<meta property=\"og:description\" content=\"Le pont roulant pivotant \u00e0 colonne motoriser est un \u00e9quipement de levage fixe, con\u00e7u pour la manutention de charges lourdes.\" \/>\n<meta property=\"og:url\" content=\"https:\/\/innovexalgerie.com\/manutention\/produit\/pont-pivotant-electrique-motorise-pva\/\" \/>\n<meta property=\"og:site_name\" content=\"INNOVEX Alg\u00e9rie | Manutention\" \/>\n<meta property=\"article:modified_time\" content=\"2025-07-17T10:25:08+00:00\" \/>\n<meta property=\"og:image\" content=\"https:\/\/innovexalgerie.com\/manutention\/wp-content\/uploads\/2024\/12\/pont-pivotant-PVA.jpg\" \/>\n\t<meta property=\"og:image:width\" content=\"1000\" \/>\n\t<meta property=\"og:image:height\" content=\"1000\" \/>\n\t<meta property=\"og:image:type\" content=\"image\/jpeg\" \/>\n<meta name=\"twitter:card\" content=\"summary_large_image\" \/>\n<meta name=\"twitter:label1\" content=\"Dur\u00e9e de lecture estim\u00e9e\" \/>\n\t<meta name=\"twitter:data1\" content=\"2 minutes\" \/>\n<script type=\"application\/ld+json\" class=\"yoast-schema-graph\">{\"@context\":\"https:\/\/schema.org\",\"@graph\":[{\"@type\":\"WebPage\",\"@id\":\"https:\/\/innovexalgerie.com\/manutention\/produit\/pont-pivotant-electrique-motorise-pva\/\",\"url\":\"https:\/\/innovexalgerie.com\/manutention\/produit\/pont-pivotant-electrique-motorise-pva\/\",\"name\":\"Pont pivotant \u00e9lectrique motoris\u00e9 PVA - INNOVEX Alg\u00e9rie | Manutention\",\"isPartOf\":{\"@id\":\"https:\/\/innovexalgerie.com\/manutention\/#website\"},\"primaryImageOfPage\":{\"@id\":\"https:\/\/innovexalgerie.com\/manutention\/produit\/pont-pivotant-electrique-motorise-pva\/#primaryimage\"},\"image\":{\"@id\":\"https:\/\/innovexalgerie.com\/manutention\/produit\/pont-pivotant-electrique-motorise-pva\/#primaryimage\"},\"thumbnailUrl\":\"https:\/\/innovexalgerie.com\/manutention\/wp-content\/uploads\/2024\/12\/pont-pivotant-PVA.jpg\",\"datePublished\":\"2024-12-28T10:05:12+00:00\",\"dateModified\":\"2025-07-17T10:25:08+00:00\",\"description\":\"Le pont roulant pivotant \u00e0 colonne motoriser est un \u00e9quipement de levage fixe, con\u00e7u pour la manutention de charges lourdes.\",\"breadcrumb\":{\"@id\":\"https:\/\/innovexalgerie.com\/manutention\/produit\/pont-pivotant-electrique-motorise-pva\/#breadcrumb\"},\"inLanguage\":\"fr-FR\",\"potentialAction\":[{\"@type\":\"ReadAction\",\"target\":[\"https:\/\/innovexalgerie.com\/manutention\/produit\/pont-pivotant-electrique-motorise-pva\/\"]}]},{\"@type\":\"ImageObject\",\"inLanguage\":\"fr-FR\",\"@id\":\"https:\/\/innovexalgerie.com\/manutention\/produit\/pont-pivotant-electrique-motorise-pva\/#primaryimage\",\"url\":\"https:\/\/innovexalgerie.com\/manutention\/wp-content\/uploads\/2024\/12\/pont-pivotant-PVA.jpg\",\"contentUrl\":\"https:\/\/innovexalgerie.com\/manutention\/wp-content\/uploads\/2024\/12\/pont-pivotant-PVA.jpg\",\"width\":1000,\"height\":1000,\"caption\":\"pont-pivotant-PVA INNOVEX ALGERIE 1\"},{\"@type\":\"BreadcrumbList\",\"@id\":\"https:\/\/innovexalgerie.com\/manutention\/produit\/pont-pivotant-electrique-motorise-pva\/#breadcrumb\",\"itemListElement\":[{\"@type\":\"ListItem\",\"position\":1,\"name\":\"Accueil\",\"item\":\"https:\/\/innovexalgerie.com\/manutention\/\"},{\"@type\":\"ListItem\",\"position\":2,\"name\":\"Boutique\",\"item\":\"https:\/\/innovexalgerie.com\/manutention\/boutique\/\"},{\"@type\":\"ListItem\",\"position\":3,\"name\":\"Pont pivotant \u00e9lectrique motoris\u00e9 PVA\"}]},{\"@type\":\"WebSite\",\"@id\":\"https:\/\/innovexalgerie.com\/manutention\/#website\",\"url\":\"https:\/\/innovexalgerie.com\/manutention\/\",\"name\":\"INNOVEX Alg\u00e9rie | Manutention\",\"description\":\"Manutention\",\"publisher\":{\"@id\":\"https:\/\/innovexalgerie.com\/manutention\/#organization\"},\"potentialAction\":[{\"@type\":\"SearchAction\",\"target\":{\"@type\":\"EntryPoint\",\"urlTemplate\":\"https:\/\/innovexalgerie.com\/manutention\/?s={search_term_string}\"},\"query-input\":\"required name=search_term_string\"}],\"inLanguage\":\"fr-FR\"},{\"@type\":\"Organization\",\"@id\":\"https:\/\/innovexalgerie.com\/manutention\/#organization\",\"name\":\"INNOVEX Alg\u00e9rie | Manutention\",\"url\":\"https:\/\/innovexalgerie.com\/manutention\/\",\"logo\":{\"@type\":\"ImageObject\",\"inLanguage\":\"fr-FR\",\"@id\":\"https:\/\/innovexalgerie.com\/manutention\/#\/schema\/logo\/image\/\",\"url\":\"https:\/\/innovexalgerie.com\/manutention\/wp-content\/uploads\/2022\/03\/innovex_manutention_logo.svg\",\"contentUrl\":\"https:\/\/innovexalgerie.com\/manutention\/wp-content\/uploads\/2022\/03\/innovex_manutention_logo.svg\",\"width\":133,\"height\":36,\"caption\":\"INNOVEX Alg\u00e9rie | Manutention\"},\"image\":{\"@id\":\"https:\/\/innovexalgerie.com\/manutention\/#\/schema\/logo\/image\/\"}}]}<\/script>\n<!-- \/ Yoast SEO plugin. -->","yoast_head_json":{"title":"Pont pivotant \u00e9lectrique motoris\u00e9 PVA - INNOVEX Alg\u00e9rie | Manutention","description":"Le pont roulant pivotant \u00e0 colonne motoriser est un \u00e9quipement de levage fixe, con\u00e7u pour la manutention de charges lourdes.","robots":{"index":"index","follow":"follow","max-snippet":"max-snippet:-1","max-image-preview":"max-image-preview:large","max-video-preview":"max-video-preview:-1"},"canonical":"https:\/\/innovexalgerie.com\/manutention\/produit\/pont-pivotant-electrique-motorise-pva\/","og_locale":"fr_FR","og_type":"article","og_title":"Pont pivotant \u00e9lectrique motoris\u00e9 PVA - INNOVEX Alg\u00e9rie | Manutention","og_description":"Le pont roulant pivotant \u00e0 colonne motoriser est un \u00e9quipement de levage fixe, con\u00e7u pour la manutention de charges lourdes.","og_url":"https:\/\/innovexalgerie.com\/manutention\/produit\/pont-pivotant-electrique-motorise-pva\/","og_site_name":"INNOVEX Alg\u00e9rie | Manutention","article_modified_time":"2025-07-17T10:25:08+00:00","og_image":[{"width":1000,"height":1000,"url":"https:\/\/innovexalgerie.com\/manutention\/wp-content\/uploads\/2024\/12\/pont-pivotant-PVA.jpg","type":"image\/jpeg"}],"twitter_card":"summary_large_image","twitter_misc":{"Dur\u00e9e de lecture estim\u00e9e":"2 minutes"},"schema":{"@context":"https:\/\/schema.org","@graph":[{"@type":"WebPage","@id":"https:\/\/innovexalgerie.com\/manutention\/produit\/pont-pivotant-electrique-motorise-pva\/","url":"https:\/\/innovexalgerie.com\/manutention\/produit\/pont-pivotant-electrique-motorise-pva\/","name":"Pont pivotant \u00e9lectrique motoris\u00e9 PVA - INNOVEX Alg\u00e9rie | Manutention","isPartOf":{"@id":"https:\/\/innovexalgerie.com\/manutention\/#website"},"primaryImageOfPage":{"@id":"https:\/\/innovexalgerie.com\/manutention\/produit\/pont-pivotant-electrique-motorise-pva\/#primaryimage"},"image":{"@id":"https:\/\/innovexalgerie.com\/manutention\/produit\/pont-pivotant-electrique-motorise-pva\/#primaryimage"},"thumbnailUrl":"https:\/\/innovexalgerie.com\/manutention\/wp-content\/uploads\/2024\/12\/pont-pivotant-PVA.jpg","datePublished":"2024-12-28T10:05:12+00:00","dateModified":"2025-07-17T10:25:08+00:00","description":"Le pont roulant pivotant \u00e0 colonne motoriser est un \u00e9quipement de levage fixe, con\u00e7u pour la manutention de charges lourdes.","breadcrumb":{"@id":"https:\/\/innovexalgerie.com\/manutention\/produit\/pont-pivotant-electrique-motorise-pva\/#breadcrumb"},"inLanguage":"fr-FR","potentialAction":[{"@type":"ReadAction","target":["https:\/\/innovexalgerie.com\/manutention\/produit\/pont-pivotant-electrique-motorise-pva\/"]}]},{"@type":"ImageObject","inLanguage":"fr-FR","@id":"https:\/\/innovexalgerie.com\/manutention\/produit\/pont-pivotant-electrique-motorise-pva\/#primaryimage","url":"https:\/\/innovexalgerie.com\/manutention\/wp-content\/uploads\/2024\/12\/pont-pivotant-PVA.jpg","contentUrl":"https:\/\/innovexalgerie.com\/manutention\/wp-content\/uploads\/2024\/12\/pont-pivotant-PVA.jpg","width":1000,"height":1000,"caption":"pont-pivotant-PVA INNOVEX ALGERIE 1"},{"@type":"BreadcrumbList","@id":"https:\/\/innovexalgerie.com\/manutention\/produit\/pont-pivotant-electrique-motorise-pva\/#breadcrumb","itemListElement":[{"@type":"ListItem","position":1,"name":"Accueil","item":"https:\/\/innovexalgerie.com\/manutention\/"},{"@type":"ListItem","position":2,"name":"Boutique","item":"https:\/\/innovexalgerie.com\/manutention\/boutique\/"},{"@type":"ListItem","position":3,"name":"Pont pivotant \u00e9lectrique motoris\u00e9 PVA"}]},{"@type":"WebSite","@id":"https:\/\/innovexalgerie.com\/manutention\/#website","url":"https:\/\/innovexalgerie.com\/manutention\/","name":"INNOVEX Alg\u00e9rie | Manutention","description":"Manutention","publisher":{"@id":"https:\/\/innovexalgerie.com\/manutention\/#organization"},"potentialAction":[{"@type":"SearchAction","target":{"@type":"EntryPoint","urlTemplate":"https:\/\/innovexalgerie.com\/manutention\/?s={search_term_string}"},"query-input":"required name=search_term_string"}],"inLanguage":"fr-FR"},{"@type":"Organization","@id":"https:\/\/innovexalgerie.com\/manutention\/#organization","name":"INNOVEX Alg\u00e9rie | Manutention","url":"https:\/\/innovexalgerie.com\/manutention\/","logo":{"@type":"ImageObject","inLanguage":"fr-FR","@id":"https:\/\/innovexalgerie.com\/manutention\/#\/schema\/logo\/image\/","url":"https:\/\/innovexalgerie.com\/manutention\/wp-content\/uploads\/2022\/03\/innovex_manutention_logo.svg","contentUrl":"https:\/\/innovexalgerie.com\/manutention\/wp-content\/uploads\/2022\/03\/innovex_manutention_logo.svg","width":133,"height":36,"caption":"INNOVEX Alg\u00e9rie | Manutention"},"image":{"@id":"https:\/\/innovexalgerie.com\/manutention\/#\/schema\/logo\/image\/"}}]}},"_links":{"self":[{"href":"https:\/\/innovexalgerie.com\/manutention\/wp-json\/wp\/v2\/product\/4330","targetHints":{"allow":["GET"]}}],"collection":[{"href":"https:\/\/innovexalgerie.com\/manutention\/wp-json\/wp\/v2\/product"}],"about":[{"href":"https:\/\/innovexalgerie.com\/manutention\/wp-json\/wp\/v2\/types\/product"}],"wp:featuredmedia":[{"embeddable":true,"href":"https:\/\/innovexalgerie.com\/manutention\/wp-json\/wp\/v2\/media\/4793"}],"wp:attachment":[{"href":"https:\/\/innovexalgerie.com\/manutention\/wp-json\/wp\/v2\/media?parent=4330"}],"wp:term":[{"taxonomy":"product_cat","embeddable":true,"href":"https:\/\/innovexalgerie.com\/manutention\/wp-json\/wp\/v2\/product_cat?post=4330"},{"taxonomy":"product_tag","embeddable":true,"href":"https:\/\/innovexalgerie.com\/manutention\/wp-json\/wp\/v2\/product_tag?post=4330"}],"curies":[{"name":"wp","href":"https:\/\/api.w.org\/{rel}","templated":true}]}}