{"id":4349,"date":"2025-01-06T15:56:57","date_gmt":"2025-01-06T14:56:57","guid":{"rendered":"https:\/\/innovexalgerie.com\/manutention\/?post_type=product&#038;p=4349"},"modified":"2025-01-07T11:06:31","modified_gmt":"2025-01-07T10:06:31","slug":"pinces-a-futs-pour-chariot-elevateur-dts20d-003a","status":"publish","type":"product","link":"https:\/\/innovexalgerie.com\/manutention\/produit\/pinces-a-futs-pour-chariot-elevateur-dts20d-003a\/","title":{"rendered":"Pinces \u00e0 f\u00fbts pour chariot \u00e9l\u00e9vateur DTS20D-003A"},"content":{"rendered":"<div class=\"chat-list relative custom-scrollbar-reset-margin custom-scrollbar custom-scrollbar-hidden pb-9 flex-1 overflow-y-auto\">\n<div class=\"mx-auto max-w-[790px]\">\n<div class=\"message-item-outer relative px-3\" data-id=\"fb61c22d-10b8-4183-8c60-d416ca19dac4\">\n<div class=\"content-area pl-[26px]\">\n<div class=\"message-item select-text relative\">\n<div class=\"message-inner relative\">\n<div class=\"py-[2px]\">\n<div class=\"flex flex-col gap-2\">\n<div class=\"answer-markdown-box overflow-x-auto select-text custom-scrollbar\">\n<div class=\"markdown-body\">\n<p class=\"default_cursor_cs\" style=\"text-align: left;\">La pince \u00e0 f\u00fbts <strong><span class=\"default_cursor_cs\">DTS20D-003A<\/span><\/strong><span class=\"default_cursor_cs\"> est un accessoire polyvalent con\u00e7u pour faciliter la manipulation s\u00e9curis\u00e9e des f\u00fbts avec un chariot \u00e9l\u00e9vateur. Id\u00e9ale pour les applications industrielles, cette pince offre une solution robuste et efficace pour transporter, lever et d\u00e9poser diff\u00e9rents types de f\u00fbts m\u00e9talliques ou plastiques, tout en garantissant une excellente stabilit\u00e9 et un fonctionnement en toute s\u00e9curit\u00e9.<\/span><\/p>\n<ul style=\"text-align: left;\">\n<li style=\"text-align: left;\">Rev\u00eatement des pinces en caoutchouc pour manipuler les futs en toute s\u00e9curit\u00e9.<\/li>\n<li style=\"text-align: left;\">Syst\u00e8me de manipulation \u00e0 d\u00e9placement non tournant.<\/li>\n<li>Compatible avec une large gamme de f\u00fbts, qu&rsquo;ils soient m\u00e9talliques ou plastiques.<\/li>\n<li style=\"text-align: left;\">L&rsquo;accrochage de cet accessoire correspond au norme ISO 2A, il est pratiquement adaptable au chariots de capacit\u00e9 de 1001 au 2500kg.<\/li>\n<\/ul>\n<p style=\"text-align: left;\">\n<\/div>\n<\/div>\n<\/div>\n<\/div>\n<\/div>\n<\/div>\n<\/div>\n<\/div>\n<\/div>\n<\/div>\n","protected":false},"excerpt":{"rendered":"<div class=\"flex max-w-full flex-col flex-grow\">\n<div class=\"min-h-8 text-message flex w-full flex-col items-end gap-2 whitespace-normal break-words text-start [.text-message+&amp;]:mt-5\" dir=\"auto\" data-message-author-role=\"assistant\" data-message-id=\"268ee0a4-430c-46e1-9198-95cab6f3efd9\" data-message-model-slug=\"gpt-4o\">\n<div class=\"flex w-full flex-col gap-1 empty:hidden first:pt-[3px]\">\n<div class=\"markdown prose w-full break-words dark:prose-invert light default_cursor_cs\">\n<p class=\"default_cursor_cs\"><span class=\"default_cursor_cs\">La pince \u00e0 f\u00fbts est un \u00e9quipement polyvalent utilis\u00e9 pour manipuler des f\u00fbts cylindriques dans divers secteurs, offrant un transport s\u00e9curis\u00e9 et efficace, m\u00eame dans des environnements exigeants.<\/span><\/p>\n<\/div>\n<\/div>\n<\/div>\n<\/div>\n","protected":false},"featured_media":4350,"template":"","meta":{"_monsterinsights_skip_tracking":false,"_monsterinsights_sitenote_active":false,"_monsterinsights_sitenote_note":"","_monsterinsights_sitenote_category":0},"product_cat":[82],"product_tag":[68,64,37,38,63],"class_list":["post-4349","product","type-product","status-publish","has-post-thumbnail","hentry","product_cat-accessoires-chariot-elevateur","product_tag-chariot-elevateur","product_tag-fut","product_tag-levage","product_tag-manutention","product_tag-pince"],"acf":[],"yoast_head":"<!-- This site is optimized with the Yoast SEO plugin v22.6 - https:\/\/yoast.com\/wordpress\/plugins\/seo\/ -->\n<title>Pinces \u00e0 f\u00fbts pour chariot \u00e9l\u00e9vateur DTS20D-003A - INNOVEX Alg\u00e9rie | Manutention<\/title>\n<meta name=\"robots\" content=\"index, follow, max-snippet:-1, max-image-preview:large, max-video-preview:-1\" \/>\n<link rel=\"canonical\" href=\"https:\/\/innovexalgerie.com\/manutention\/produit\/pinces-a-futs-pour-chariot-elevateur-dts20d-003a\/\" \/>\n<meta property=\"og:locale\" content=\"fr_FR\" \/>\n<meta property=\"og:type\" content=\"article\" \/>\n<meta property=\"og:title\" content=\"Pinces \u00e0 f\u00fbts pour chariot \u00e9l\u00e9vateur DTS20D-003A - INNOVEX Alg\u00e9rie | Manutention\" \/>\n<meta property=\"og:description\" content=\"La pince \u00e0 f\u00fbts est un \u00e9quipement polyvalent utilis\u00e9 pour manipuler des f\u00fbts cylindriques dans divers secteurs, offrant un transport s\u00e9curis\u00e9 et efficace, m\u00eame dans des environnements exigeants.\" \/>\n<meta property=\"og:url\" content=\"https:\/\/innovexalgerie.com\/manutention\/produit\/pinces-a-futs-pour-chariot-elevateur-dts20d-003a\/\" \/>\n<meta property=\"og:site_name\" content=\"INNOVEX Alg\u00e9rie | Manutention\" \/>\n<meta property=\"article:modified_time\" content=\"2025-01-07T10:06:31+00:00\" \/>\n<meta property=\"og:image\" content=\"https:\/\/innovexalgerie.com\/manutention\/wp-content\/uploads\/2025\/01\/poince-a-fut-pour-chariot-elevateur.jpg\" \/>\n\t<meta property=\"og:image:width\" content=\"1000\" \/>\n\t<meta property=\"og:image:height\" content=\"1000\" \/>\n\t<meta property=\"og:image:type\" content=\"image\/jpeg\" \/>\n<meta name=\"twitter:card\" content=\"summary_large_image\" \/>\n<meta name=\"twitter:label1\" content=\"Dur\u00e9e de lecture estim\u00e9e\" \/>\n\t<meta name=\"twitter:data1\" content=\"1 minute\" \/>\n<script type=\"application\/ld+json\" class=\"yoast-schema-graph\">{\"@context\":\"https:\/\/schema.org\",\"@graph\":[{\"@type\":\"WebPage\",\"@id\":\"https:\/\/innovexalgerie.com\/manutention\/produit\/pinces-a-futs-pour-chariot-elevateur-dts20d-003a\/\",\"url\":\"https:\/\/innovexalgerie.com\/manutention\/produit\/pinces-a-futs-pour-chariot-elevateur-dts20d-003a\/\",\"name\":\"Pinces \u00e0 f\u00fbts pour chariot \u00e9l\u00e9vateur DTS20D-003A - INNOVEX Alg\u00e9rie | Manutention\",\"isPartOf\":{\"@id\":\"https:\/\/innovexalgerie.com\/manutention\/#website\"},\"primaryImageOfPage\":{\"@id\":\"https:\/\/innovexalgerie.com\/manutention\/produit\/pinces-a-futs-pour-chariot-elevateur-dts20d-003a\/#primaryimage\"},\"image\":{\"@id\":\"https:\/\/innovexalgerie.com\/manutention\/produit\/pinces-a-futs-pour-chariot-elevateur-dts20d-003a\/#primaryimage\"},\"thumbnailUrl\":\"https:\/\/innovexalgerie.com\/manutention\/wp-content\/uploads\/2025\/01\/poince-a-fut-pour-chariot-elevateur.jpg\",\"datePublished\":\"2025-01-06T14:56:57+00:00\",\"dateModified\":\"2025-01-07T10:06:31+00:00\",\"breadcrumb\":{\"@id\":\"https:\/\/innovexalgerie.com\/manutention\/produit\/pinces-a-futs-pour-chariot-elevateur-dts20d-003a\/#breadcrumb\"},\"inLanguage\":\"fr-FR\",\"potentialAction\":[{\"@type\":\"ReadAction\",\"target\":[\"https:\/\/innovexalgerie.com\/manutention\/produit\/pinces-a-futs-pour-chariot-elevateur-dts20d-003a\/\"]}]},{\"@type\":\"ImageObject\",\"inLanguage\":\"fr-FR\",\"@id\":\"https:\/\/innovexalgerie.com\/manutention\/produit\/pinces-a-futs-pour-chariot-elevateur-dts20d-003a\/#primaryimage\",\"url\":\"https:\/\/innovexalgerie.com\/manutention\/wp-content\/uploads\/2025\/01\/poince-a-fut-pour-chariot-elevateur.jpg\",\"contentUrl\":\"https:\/\/innovexalgerie.com\/manutention\/wp-content\/uploads\/2025\/01\/poince-a-fut-pour-chariot-elevateur.jpg\",\"width\":1000,\"height\":1000,\"caption\":\"pince-a-fut-pour-chariot-elevateur\"},{\"@type\":\"BreadcrumbList\",\"@id\":\"https:\/\/innovexalgerie.com\/manutention\/produit\/pinces-a-futs-pour-chariot-elevateur-dts20d-003a\/#breadcrumb\",\"itemListElement\":[{\"@type\":\"ListItem\",\"position\":1,\"name\":\"Accueil\",\"item\":\"https:\/\/innovexalgerie.com\/manutention\/\"},{\"@type\":\"ListItem\",\"position\":2,\"name\":\"Boutique\",\"item\":\"https:\/\/innovexalgerie.com\/manutention\/boutique\/\"},{\"@type\":\"ListItem\",\"position\":3,\"name\":\"Pinces \u00e0 f\u00fbts pour chariot \u00e9l\u00e9vateur DTS20D-003A\"}]},{\"@type\":\"WebSite\",\"@id\":\"https:\/\/innovexalgerie.com\/manutention\/#website\",\"url\":\"https:\/\/innovexalgerie.com\/manutention\/\",\"name\":\"INNOVEX Alg\u00e9rie | Manutention\",\"description\":\"Manutention\",\"publisher\":{\"@id\":\"https:\/\/innovexalgerie.com\/manutention\/#organization\"},\"potentialAction\":[{\"@type\":\"SearchAction\",\"target\":{\"@type\":\"EntryPoint\",\"urlTemplate\":\"https:\/\/innovexalgerie.com\/manutention\/?s={search_term_string}\"},\"query-input\":\"required name=search_term_string\"}],\"inLanguage\":\"fr-FR\"},{\"@type\":\"Organization\",\"@id\":\"https:\/\/innovexalgerie.com\/manutention\/#organization\",\"name\":\"INNOVEX Alg\u00e9rie | Manutention\",\"url\":\"https:\/\/innovexalgerie.com\/manutention\/\",\"logo\":{\"@type\":\"ImageObject\",\"inLanguage\":\"fr-FR\",\"@id\":\"https:\/\/innovexalgerie.com\/manutention\/#\/schema\/logo\/image\/\",\"url\":\"https:\/\/innovexalgerie.com\/manutention\/wp-content\/uploads\/2022\/03\/innovex_manutention_logo.svg\",\"contentUrl\":\"https:\/\/innovexalgerie.com\/manutention\/wp-content\/uploads\/2022\/03\/innovex_manutention_logo.svg\",\"width\":133,\"height\":36,\"caption\":\"INNOVEX Alg\u00e9rie | Manutention\"},\"image\":{\"@id\":\"https:\/\/innovexalgerie.com\/manutention\/#\/schema\/logo\/image\/\"}}]}<\/script>\n<!-- \/ Yoast SEO plugin. -->","yoast_head_json":{"title":"Pinces \u00e0 f\u00fbts pour chariot \u00e9l\u00e9vateur DTS20D-003A - INNOVEX Alg\u00e9rie | Manutention","robots":{"index":"index","follow":"follow","max-snippet":"max-snippet:-1","max-image-preview":"max-image-preview:large","max-video-preview":"max-video-preview:-1"},"canonical":"https:\/\/innovexalgerie.com\/manutention\/produit\/pinces-a-futs-pour-chariot-elevateur-dts20d-003a\/","og_locale":"fr_FR","og_type":"article","og_title":"Pinces \u00e0 f\u00fbts pour chariot \u00e9l\u00e9vateur DTS20D-003A - INNOVEX Alg\u00e9rie | Manutention","og_description":"La pince \u00e0 f\u00fbts est un \u00e9quipement polyvalent utilis\u00e9 pour manipuler des f\u00fbts cylindriques dans divers secteurs, offrant un transport s\u00e9curis\u00e9 et efficace, m\u00eame dans des environnements exigeants.","og_url":"https:\/\/innovexalgerie.com\/manutention\/produit\/pinces-a-futs-pour-chariot-elevateur-dts20d-003a\/","og_site_name":"INNOVEX Alg\u00e9rie | Manutention","article_modified_time":"2025-01-07T10:06:31+00:00","og_image":[{"width":1000,"height":1000,"url":"https:\/\/innovexalgerie.com\/manutention\/wp-content\/uploads\/2025\/01\/poince-a-fut-pour-chariot-elevateur.jpg","type":"image\/jpeg"}],"twitter_card":"summary_large_image","twitter_misc":{"Dur\u00e9e de lecture estim\u00e9e":"1 minute"},"schema":{"@context":"https:\/\/schema.org","@graph":[{"@type":"WebPage","@id":"https:\/\/innovexalgerie.com\/manutention\/produit\/pinces-a-futs-pour-chariot-elevateur-dts20d-003a\/","url":"https:\/\/innovexalgerie.com\/manutention\/produit\/pinces-a-futs-pour-chariot-elevateur-dts20d-003a\/","name":"Pinces \u00e0 f\u00fbts pour chariot \u00e9l\u00e9vateur DTS20D-003A - INNOVEX Alg\u00e9rie | Manutention","isPartOf":{"@id":"https:\/\/innovexalgerie.com\/manutention\/#website"},"primaryImageOfPage":{"@id":"https:\/\/innovexalgerie.com\/manutention\/produit\/pinces-a-futs-pour-chariot-elevateur-dts20d-003a\/#primaryimage"},"image":{"@id":"https:\/\/innovexalgerie.com\/manutention\/produit\/pinces-a-futs-pour-chariot-elevateur-dts20d-003a\/#primaryimage"},"thumbnailUrl":"https:\/\/innovexalgerie.com\/manutention\/wp-content\/uploads\/2025\/01\/poince-a-fut-pour-chariot-elevateur.jpg","datePublished":"2025-01-06T14:56:57+00:00","dateModified":"2025-01-07T10:06:31+00:00","breadcrumb":{"@id":"https:\/\/innovexalgerie.com\/manutention\/produit\/pinces-a-futs-pour-chariot-elevateur-dts20d-003a\/#breadcrumb"},"inLanguage":"fr-FR","potentialAction":[{"@type":"ReadAction","target":["https:\/\/innovexalgerie.com\/manutention\/produit\/pinces-a-futs-pour-chariot-elevateur-dts20d-003a\/"]}]},{"@type":"ImageObject","inLanguage":"fr-FR","@id":"https:\/\/innovexalgerie.com\/manutention\/produit\/pinces-a-futs-pour-chariot-elevateur-dts20d-003a\/#primaryimage","url":"https:\/\/innovexalgerie.com\/manutention\/wp-content\/uploads\/2025\/01\/poince-a-fut-pour-chariot-elevateur.jpg","contentUrl":"https:\/\/innovexalgerie.com\/manutention\/wp-content\/uploads\/2025\/01\/poince-a-fut-pour-chariot-elevateur.jpg","width":1000,"height":1000,"caption":"pince-a-fut-pour-chariot-elevateur"},{"@type":"BreadcrumbList","@id":"https:\/\/innovexalgerie.com\/manutention\/produit\/pinces-a-futs-pour-chariot-elevateur-dts20d-003a\/#breadcrumb","itemListElement":[{"@type":"ListItem","position":1,"name":"Accueil","item":"https:\/\/innovexalgerie.com\/manutention\/"},{"@type":"ListItem","position":2,"name":"Boutique","item":"https:\/\/innovexalgerie.com\/manutention\/boutique\/"},{"@type":"ListItem","position":3,"name":"Pinces \u00e0 f\u00fbts pour chariot \u00e9l\u00e9vateur DTS20D-003A"}]},{"@type":"WebSite","@id":"https:\/\/innovexalgerie.com\/manutention\/#website","url":"https:\/\/innovexalgerie.com\/manutention\/","name":"INNOVEX Alg\u00e9rie | Manutention","description":"Manutention","publisher":{"@id":"https:\/\/innovexalgerie.com\/manutention\/#organization"},"potentialAction":[{"@type":"SearchAction","target":{"@type":"EntryPoint","urlTemplate":"https:\/\/innovexalgerie.com\/manutention\/?s={search_term_string}"},"query-input":"required name=search_term_string"}],"inLanguage":"fr-FR"},{"@type":"Organization","@id":"https:\/\/innovexalgerie.com\/manutention\/#organization","name":"INNOVEX Alg\u00e9rie | Manutention","url":"https:\/\/innovexalgerie.com\/manutention\/","logo":{"@type":"ImageObject","inLanguage":"fr-FR","@id":"https:\/\/innovexalgerie.com\/manutention\/#\/schema\/logo\/image\/","url":"https:\/\/innovexalgerie.com\/manutention\/wp-content\/uploads\/2022\/03\/innovex_manutention_logo.svg","contentUrl":"https:\/\/innovexalgerie.com\/manutention\/wp-content\/uploads\/2022\/03\/innovex_manutention_logo.svg","width":133,"height":36,"caption":"INNOVEX Alg\u00e9rie | Manutention"},"image":{"@id":"https:\/\/innovexalgerie.com\/manutention\/#\/schema\/logo\/image\/"}}]}},"_links":{"self":[{"href":"https:\/\/innovexalgerie.com\/manutention\/wp-json\/wp\/v2\/product\/4349","targetHints":{"allow":["GET"]}}],"collection":[{"href":"https:\/\/innovexalgerie.com\/manutention\/wp-json\/wp\/v2\/product"}],"about":[{"href":"https:\/\/innovexalgerie.com\/manutention\/wp-json\/wp\/v2\/types\/product"}],"wp:featuredmedia":[{"embeddable":true,"href":"https:\/\/innovexalgerie.com\/manutention\/wp-json\/wp\/v2\/media\/4350"}],"wp:attachment":[{"href":"https:\/\/innovexalgerie.com\/manutention\/wp-json\/wp\/v2\/media?parent=4349"}],"wp:term":[{"taxonomy":"product_cat","embeddable":true,"href":"https:\/\/innovexalgerie.com\/manutention\/wp-json\/wp\/v2\/product_cat?post=4349"},{"taxonomy":"product_tag","embeddable":true,"href":"https:\/\/innovexalgerie.com\/manutention\/wp-json\/wp\/v2\/product_tag?post=4349"}],"curies":[{"name":"wp","href":"https:\/\/api.w.org\/{rel}","templated":true}]}}