{"id":4485,"date":"2025-02-27T11:26:56","date_gmt":"2025-02-27T10:26:56","guid":{"rendered":"https:\/\/innovexalgerie.com\/manutention\/?post_type=product&#038;p=4485"},"modified":"2025-10-19T15:20:18","modified_gmt":"2025-10-19T14:20:18","slug":"pince-a-carton-pour-chariot-elevateur-11ccs15-a022","status":"publish","type":"product","link":"https:\/\/innovexalgerie.com\/manutention\/produit\/pince-a-carton-pour-chariot-elevateur-11ccs15-a022\/","title":{"rendered":"Pince \u00e0 carton pour chariot \u00e9l\u00e9vateur 11CCS15-A022"},"content":{"rendered":"<div class=\"chat-list relative custom-scrollbar-reset-margin custom-scrollbar custom-scrollbar-hidden pb-9 flex-1 overflow-y-auto\">\n<div class=\"mx-auto max-w-[790px]\">\n<div class=\"message-item-outer relative px-3\" data-id=\"fb61c22d-10b8-4183-8c60-d416ca19dac4\">\n<div class=\"content-area pl-[26px]\">\n<div class=\"message-item select-text relative\">\n<div class=\"message-inner relative\">\n<div class=\"py-[2px]\">\n<div class=\"flex flex-col gap-2\">\n<div class=\"answer-markdown-box overflow-x-auto select-text custom-scrollbar\">\n<div class=\"markdown-body\">\n<p>Pince \u00e0 carton pour chariot \u00e9l\u00e9vateur <strong>11CCS15-A022 <\/strong>avec contact en catchouc pour proteger les marchandises lors de levage de mani\u00e8re s\u00fbre et efficace, telles que des cartons, con\u00e7u pour faciliter la manutention et le transport de charges volumineuses non palettis\u00e9es, il s&rsquo;adapte \u00e0 divers types de marchandises et convient \u00e0 de nombreux secteurs industriels et logistiques.<\/p>\n<ul>\n<li>Id\u00e9al pour manipuler des cartons volumineux, des \u00e9lectrom\u00e9nagers emball\u00e9s, et de marchandises encombrantes dans les<br \/>\nd\u00e9p\u00f4ts ou centres de distribution ou d\u2019autres charges sans palette.<\/li>\n<li>Syst\u00e8me de s\u00e9curit\u00e9 hydraulique avec soupapes int\u00e9gr\u00e9es pour \u00e9viter d&rsquo;endommager la marchanadise.<\/li>\n<li>Capacit\u00e9 de charge 1500 kg et ouverture de 550 \u00e0 2000mm.<\/li>\n<li>Pads antid\u00e9rapants avec rev\u00eatement en caoutchouc sur les bras pour pr\u00e9venir les glissades et prot\u00e9ger<br \/>\nles cartons des dommages lors de la manipulation.<\/li>\n<li>L&rsquo;accrochage de cet accessoire correspond au norme ISO 2A, il est pratiquement adaptable au chariots<br \/>\nde capacit\u00e9 de 1100 au 2500kg<\/li>\n<\/ul>\n<\/div>\n<\/div>\n<\/div>\n<\/div>\n<\/div>\n<\/div>\n<\/div>\n<\/div>\n<\/div>\n<\/div>\n","protected":false},"excerpt":{"rendered":"<p>Pince \u00e0 carton avec contact en catchouc multi usage pour proteger les marchandises lors de levage de mani\u00e8re s\u00fbre et efficace,telles que des cartons, con\u00e7u pour faciliter la manutention et le transport de charges volumineuses non palettis\u00e9es.<\/p>\n","protected":false},"featured_media":4486,"template":"","meta":{"_monsterinsights_skip_tracking":false,"_monsterinsights_sitenote_active":false,"_monsterinsights_sitenote_note":"","_monsterinsights_sitenote_category":0},"product_cat":[82],"product_tag":[64,37,38,63],"class_list":["post-4485","product","type-product","status-publish","has-post-thumbnail","hentry","product_cat-accessoires-chariot-elevateur","product_tag-fut","product_tag-levage","product_tag-manutention","product_tag-pince"],"acf":[],"yoast_head":"<!-- This site is optimized with the Yoast SEO plugin v22.6 - https:\/\/yoast.com\/wordpress\/plugins\/seo\/ -->\n<title>Pince \u00e0 carton pour chariot \u00e9l\u00e9vateur 11CCS15-A022 - INNOVEX Alg\u00e9rie | Manutention<\/title>\n<meta name=\"description\" content=\"Pince \u00e0 carton avec contact en catchouc multi usage pour proteger les marchandises lors de levage de mani\u00e8re s\u00fbre et efficace,telles que des cartons.innovex\" \/>\n<meta name=\"robots\" content=\"index, follow, max-snippet:-1, max-image-preview:large, max-video-preview:-1\" \/>\n<link rel=\"canonical\" href=\"https:\/\/innovexalgerie.com\/manutention\/produit\/pince-a-carton-pour-chariot-elevateur-11ccs15-a022\/\" \/>\n<meta property=\"og:locale\" content=\"fr_FR\" \/>\n<meta property=\"og:type\" content=\"article\" \/>\n<meta property=\"og:title\" content=\"Pince \u00e0 carton pour chariot \u00e9l\u00e9vateur 11CCS15-A022 - INNOVEX Alg\u00e9rie | Manutention\" \/>\n<meta property=\"og:description\" content=\"Pince \u00e0 carton avec contact en catchouc multi usage pour proteger les marchandises lors de levage de mani\u00e8re s\u00fbre et efficace,telles que des cartons.innovex\" \/>\n<meta property=\"og:url\" content=\"https:\/\/innovexalgerie.com\/manutention\/produit\/pince-a-carton-pour-chariot-elevateur-11ccs15-a022\/\" \/>\n<meta property=\"og:site_name\" content=\"INNOVEX Alg\u00e9rie | Manutention\" \/>\n<meta property=\"article:modified_time\" content=\"2025-10-19T14:20:18+00:00\" \/>\n<meta property=\"og:image\" content=\"https:\/\/innovexalgerie.com\/manutention\/wp-content\/uploads\/2025\/02\/pince-a-carton.jpg\" \/>\n\t<meta property=\"og:image:width\" content=\"1000\" \/>\n\t<meta property=\"og:image:height\" content=\"1000\" \/>\n\t<meta property=\"og:image:type\" content=\"image\/jpeg\" \/>\n<meta name=\"twitter:card\" content=\"summary_large_image\" \/>\n<meta name=\"twitter:label1\" content=\"Dur\u00e9e de lecture estim\u00e9e\" \/>\n\t<meta name=\"twitter:data1\" content=\"1 minute\" \/>\n<script type=\"application\/ld+json\" class=\"yoast-schema-graph\">{\"@context\":\"https:\/\/schema.org\",\"@graph\":[{\"@type\":\"WebPage\",\"@id\":\"https:\/\/innovexalgerie.com\/manutention\/produit\/pince-a-carton-pour-chariot-elevateur-11ccs15-a022\/\",\"url\":\"https:\/\/innovexalgerie.com\/manutention\/produit\/pince-a-carton-pour-chariot-elevateur-11ccs15-a022\/\",\"name\":\"Pince \u00e0 carton pour chariot \u00e9l\u00e9vateur 11CCS15-A022 - INNOVEX Alg\u00e9rie | Manutention\",\"isPartOf\":{\"@id\":\"https:\/\/innovexalgerie.com\/manutention\/#website\"},\"primaryImageOfPage\":{\"@id\":\"https:\/\/innovexalgerie.com\/manutention\/produit\/pince-a-carton-pour-chariot-elevateur-11ccs15-a022\/#primaryimage\"},\"image\":{\"@id\":\"https:\/\/innovexalgerie.com\/manutention\/produit\/pince-a-carton-pour-chariot-elevateur-11ccs15-a022\/#primaryimage\"},\"thumbnailUrl\":\"https:\/\/innovexalgerie.com\/manutention\/wp-content\/uploads\/2025\/02\/pince-a-carton.jpg\",\"datePublished\":\"2025-02-27T10:26:56+00:00\",\"dateModified\":\"2025-10-19T14:20:18+00:00\",\"description\":\"Pince \u00e0 carton avec contact en catchouc multi usage pour proteger les marchandises lors de levage de mani\u00e8re s\u00fbre et efficace,telles que des cartons.innovex\",\"breadcrumb\":{\"@id\":\"https:\/\/innovexalgerie.com\/manutention\/produit\/pince-a-carton-pour-chariot-elevateur-11ccs15-a022\/#breadcrumb\"},\"inLanguage\":\"fr-FR\",\"potentialAction\":[{\"@type\":\"ReadAction\",\"target\":[\"https:\/\/innovexalgerie.com\/manutention\/produit\/pince-a-carton-pour-chariot-elevateur-11ccs15-a022\/\"]}]},{\"@type\":\"ImageObject\",\"inLanguage\":\"fr-FR\",\"@id\":\"https:\/\/innovexalgerie.com\/manutention\/produit\/pince-a-carton-pour-chariot-elevateur-11ccs15-a022\/#primaryimage\",\"url\":\"https:\/\/innovexalgerie.com\/manutention\/wp-content\/uploads\/2025\/02\/pince-a-carton.jpg\",\"contentUrl\":\"https:\/\/innovexalgerie.com\/manutention\/wp-content\/uploads\/2025\/02\/pince-a-carton.jpg\",\"width\":1000,\"height\":1000,\"caption\":\"pince a carton 11CCS15-A022 innovex algerie\"},{\"@type\":\"BreadcrumbList\",\"@id\":\"https:\/\/innovexalgerie.com\/manutention\/produit\/pince-a-carton-pour-chariot-elevateur-11ccs15-a022\/#breadcrumb\",\"itemListElement\":[{\"@type\":\"ListItem\",\"position\":1,\"name\":\"Accueil\",\"item\":\"https:\/\/innovexalgerie.com\/manutention\/\"},{\"@type\":\"ListItem\",\"position\":2,\"name\":\"Boutique\",\"item\":\"https:\/\/innovexalgerie.com\/manutention\/boutique\/\"},{\"@type\":\"ListItem\",\"position\":3,\"name\":\"Pince \u00e0 carton pour chariot \u00e9l\u00e9vateur 11CCS15-A022\"}]},{\"@type\":\"WebSite\",\"@id\":\"https:\/\/innovexalgerie.com\/manutention\/#website\",\"url\":\"https:\/\/innovexalgerie.com\/manutention\/\",\"name\":\"INNOVEX Alg\u00e9rie | Manutention\",\"description\":\"Manutention\",\"publisher\":{\"@id\":\"https:\/\/innovexalgerie.com\/manutention\/#organization\"},\"potentialAction\":[{\"@type\":\"SearchAction\",\"target\":{\"@type\":\"EntryPoint\",\"urlTemplate\":\"https:\/\/innovexalgerie.com\/manutention\/?s={search_term_string}\"},\"query-input\":\"required name=search_term_string\"}],\"inLanguage\":\"fr-FR\"},{\"@type\":\"Organization\",\"@id\":\"https:\/\/innovexalgerie.com\/manutention\/#organization\",\"name\":\"INNOVEX Alg\u00e9rie | Manutention\",\"url\":\"https:\/\/innovexalgerie.com\/manutention\/\",\"logo\":{\"@type\":\"ImageObject\",\"inLanguage\":\"fr-FR\",\"@id\":\"https:\/\/innovexalgerie.com\/manutention\/#\/schema\/logo\/image\/\",\"url\":\"https:\/\/innovexalgerie.com\/manutention\/wp-content\/uploads\/2022\/03\/innovex_manutention_logo.svg\",\"contentUrl\":\"https:\/\/innovexalgerie.com\/manutention\/wp-content\/uploads\/2022\/03\/innovex_manutention_logo.svg\",\"width\":133,\"height\":36,\"caption\":\"INNOVEX Alg\u00e9rie | Manutention\"},\"image\":{\"@id\":\"https:\/\/innovexalgerie.com\/manutention\/#\/schema\/logo\/image\/\"}}]}<\/script>\n<!-- \/ Yoast SEO plugin. -->","yoast_head_json":{"title":"Pince \u00e0 carton pour chariot \u00e9l\u00e9vateur 11CCS15-A022 - INNOVEX Alg\u00e9rie | Manutention","description":"Pince \u00e0 carton avec contact en catchouc multi usage pour proteger les marchandises lors de levage de mani\u00e8re s\u00fbre et efficace,telles que des cartons.innovex","robots":{"index":"index","follow":"follow","max-snippet":"max-snippet:-1","max-image-preview":"max-image-preview:large","max-video-preview":"max-video-preview:-1"},"canonical":"https:\/\/innovexalgerie.com\/manutention\/produit\/pince-a-carton-pour-chariot-elevateur-11ccs15-a022\/","og_locale":"fr_FR","og_type":"article","og_title":"Pince \u00e0 carton pour chariot \u00e9l\u00e9vateur 11CCS15-A022 - INNOVEX Alg\u00e9rie | Manutention","og_description":"Pince \u00e0 carton avec contact en catchouc multi usage pour proteger les marchandises lors de levage de mani\u00e8re s\u00fbre et efficace,telles que des cartons.innovex","og_url":"https:\/\/innovexalgerie.com\/manutention\/produit\/pince-a-carton-pour-chariot-elevateur-11ccs15-a022\/","og_site_name":"INNOVEX Alg\u00e9rie | Manutention","article_modified_time":"2025-10-19T14:20:18+00:00","og_image":[{"width":1000,"height":1000,"url":"https:\/\/innovexalgerie.com\/manutention\/wp-content\/uploads\/2025\/02\/pince-a-carton.jpg","type":"image\/jpeg"}],"twitter_card":"summary_large_image","twitter_misc":{"Dur\u00e9e de lecture estim\u00e9e":"1 minute"},"schema":{"@context":"https:\/\/schema.org","@graph":[{"@type":"WebPage","@id":"https:\/\/innovexalgerie.com\/manutention\/produit\/pince-a-carton-pour-chariot-elevateur-11ccs15-a022\/","url":"https:\/\/innovexalgerie.com\/manutention\/produit\/pince-a-carton-pour-chariot-elevateur-11ccs15-a022\/","name":"Pince \u00e0 carton pour chariot \u00e9l\u00e9vateur 11CCS15-A022 - INNOVEX Alg\u00e9rie | Manutention","isPartOf":{"@id":"https:\/\/innovexalgerie.com\/manutention\/#website"},"primaryImageOfPage":{"@id":"https:\/\/innovexalgerie.com\/manutention\/produit\/pince-a-carton-pour-chariot-elevateur-11ccs15-a022\/#primaryimage"},"image":{"@id":"https:\/\/innovexalgerie.com\/manutention\/produit\/pince-a-carton-pour-chariot-elevateur-11ccs15-a022\/#primaryimage"},"thumbnailUrl":"https:\/\/innovexalgerie.com\/manutention\/wp-content\/uploads\/2025\/02\/pince-a-carton.jpg","datePublished":"2025-02-27T10:26:56+00:00","dateModified":"2025-10-19T14:20:18+00:00","description":"Pince \u00e0 carton avec contact en catchouc multi usage pour proteger les marchandises lors de levage de mani\u00e8re s\u00fbre et efficace,telles que des cartons.innovex","breadcrumb":{"@id":"https:\/\/innovexalgerie.com\/manutention\/produit\/pince-a-carton-pour-chariot-elevateur-11ccs15-a022\/#breadcrumb"},"inLanguage":"fr-FR","potentialAction":[{"@type":"ReadAction","target":["https:\/\/innovexalgerie.com\/manutention\/produit\/pince-a-carton-pour-chariot-elevateur-11ccs15-a022\/"]}]},{"@type":"ImageObject","inLanguage":"fr-FR","@id":"https:\/\/innovexalgerie.com\/manutention\/produit\/pince-a-carton-pour-chariot-elevateur-11ccs15-a022\/#primaryimage","url":"https:\/\/innovexalgerie.com\/manutention\/wp-content\/uploads\/2025\/02\/pince-a-carton.jpg","contentUrl":"https:\/\/innovexalgerie.com\/manutention\/wp-content\/uploads\/2025\/02\/pince-a-carton.jpg","width":1000,"height":1000,"caption":"pince a carton 11CCS15-A022 innovex algerie"},{"@type":"BreadcrumbList","@id":"https:\/\/innovexalgerie.com\/manutention\/produit\/pince-a-carton-pour-chariot-elevateur-11ccs15-a022\/#breadcrumb","itemListElement":[{"@type":"ListItem","position":1,"name":"Accueil","item":"https:\/\/innovexalgerie.com\/manutention\/"},{"@type":"ListItem","position":2,"name":"Boutique","item":"https:\/\/innovexalgerie.com\/manutention\/boutique\/"},{"@type":"ListItem","position":3,"name":"Pince \u00e0 carton pour chariot \u00e9l\u00e9vateur 11CCS15-A022"}]},{"@type":"WebSite","@id":"https:\/\/innovexalgerie.com\/manutention\/#website","url":"https:\/\/innovexalgerie.com\/manutention\/","name":"INNOVEX Alg\u00e9rie | Manutention","description":"Manutention","publisher":{"@id":"https:\/\/innovexalgerie.com\/manutention\/#organization"},"potentialAction":[{"@type":"SearchAction","target":{"@type":"EntryPoint","urlTemplate":"https:\/\/innovexalgerie.com\/manutention\/?s={search_term_string}"},"query-input":"required name=search_term_string"}],"inLanguage":"fr-FR"},{"@type":"Organization","@id":"https:\/\/innovexalgerie.com\/manutention\/#organization","name":"INNOVEX Alg\u00e9rie | Manutention","url":"https:\/\/innovexalgerie.com\/manutention\/","logo":{"@type":"ImageObject","inLanguage":"fr-FR","@id":"https:\/\/innovexalgerie.com\/manutention\/#\/schema\/logo\/image\/","url":"https:\/\/innovexalgerie.com\/manutention\/wp-content\/uploads\/2022\/03\/innovex_manutention_logo.svg","contentUrl":"https:\/\/innovexalgerie.com\/manutention\/wp-content\/uploads\/2022\/03\/innovex_manutention_logo.svg","width":133,"height":36,"caption":"INNOVEX Alg\u00e9rie | Manutention"},"image":{"@id":"https:\/\/innovexalgerie.com\/manutention\/#\/schema\/logo\/image\/"}}]}},"_links":{"self":[{"href":"https:\/\/innovexalgerie.com\/manutention\/wp-json\/wp\/v2\/product\/4485","targetHints":{"allow":["GET"]}}],"collection":[{"href":"https:\/\/innovexalgerie.com\/manutention\/wp-json\/wp\/v2\/product"}],"about":[{"href":"https:\/\/innovexalgerie.com\/manutention\/wp-json\/wp\/v2\/types\/product"}],"wp:featuredmedia":[{"embeddable":true,"href":"https:\/\/innovexalgerie.com\/manutention\/wp-json\/wp\/v2\/media\/4486"}],"wp:attachment":[{"href":"https:\/\/innovexalgerie.com\/manutention\/wp-json\/wp\/v2\/media?parent=4485"}],"wp:term":[{"taxonomy":"product_cat","embeddable":true,"href":"https:\/\/innovexalgerie.com\/manutention\/wp-json\/wp\/v2\/product_cat?post=4485"},{"taxonomy":"product_tag","embeddable":true,"href":"https:\/\/innovexalgerie.com\/manutention\/wp-json\/wp\/v2\/product_tag?post=4485"}],"curies":[{"name":"wp","href":"https:\/\/api.w.org\/{rel}","templated":true}]}}