{"id":4648,"date":"2025-05-19T15:33:45","date_gmt":"2025-05-19T14:33:45","guid":{"rendered":"https:\/\/innovexalgerie.com\/manutention\/?post_type=product&#038;p=4648"},"modified":"2026-02-01T09:32:23","modified_gmt":"2026-02-01T08:32:23","slug":"gerbeur-electrique-a-usage-intensif-ps16n","status":"publish","type":"product","link":"https:\/\/innovexalgerie.com\/manutention\/produit\/gerbeur-electrique-a-usage-intensif-ps16n\/","title":{"rendered":"Gerbeur \u00e9lectrique \u00e0 usage intensif PS16N"},"content":{"rendered":"<p style=\"text-align: left;\">Gerbeur \u00e9lectrique \u00e0 usage intensif <strong>PS16N <\/strong>avec direction assist\u00e9e EPS,\u00a0 Il supporte une capacit\u00e9 de charge de 1.6Tonnes et une hauteur de levage triplex m\u00e2t \u00e0 levage libre (FFL, full free lift) jusqu\u2019a 5300mm. Il dispose d\u2019une batterie int\u00e9gr\u00e9e, puissante et r\u00e9sistante de 24V et une capacit\u00e9 de 240 Ah, qui assure les besoins op\u00e9rationnels \u00e0 long terme.<\/p>\n","protected":false},"excerpt":{"rendered":"<p>Le gerbeur \u00e9lectrique \u00e0 usage intensif <strong>PS 16N <\/strong>avec direction assist\u00e9e\u00a0EPS\u00a0 est une solution pratique et efficace pour les op\u00e9rations de magasinage dans les entrep\u00f4ts et les usines.<\/p>\n","protected":false},"featured_media":4655,"template":"","meta":{"_monsterinsights_skip_tracking":false,"_monsterinsights_sitenote_active":false,"_monsterinsights_sitenote_note":"","_monsterinsights_sitenote_category":0},"product_cat":[17],"product_tag":[],"class_list":["post-4648","product","type-product","status-publish","has-post-thumbnail","hentry","product_cat-gerbeurs-electrique"],"acf":[],"yoast_head":"<!-- This site is optimized with the Yoast SEO plugin v22.6 - https:\/\/yoast.com\/wordpress\/plugins\/seo\/ -->\n<title>Gerbeur \u00e9lectrique \u00e0 usage intensif PS16N - INNOVEX Alg\u00e9rie | Manutention<\/title>\n<meta name=\"robots\" content=\"index, follow, max-snippet:-1, max-image-preview:large, max-video-preview:-1\" \/>\n<link rel=\"canonical\" href=\"https:\/\/innovexalgerie.com\/manutention\/produit\/gerbeur-electrique-a-usage-intensif-ps16n\/\" \/>\n<meta property=\"og:locale\" content=\"fr_FR\" \/>\n<meta property=\"og:type\" content=\"article\" \/>\n<meta property=\"og:title\" content=\"Gerbeur \u00e9lectrique \u00e0 usage intensif PS16N - INNOVEX Alg\u00e9rie | Manutention\" \/>\n<meta property=\"og:description\" content=\"Le gerbeur \u00e9lectrique \u00e0 usage intensif PS 16N avec direction assist\u00e9e\u00a0EPS\u00a0 est une solution pratique et efficace pour les op\u00e9rations de magasinage dans les entrep\u00f4ts et les usines.\" \/>\n<meta property=\"og:url\" content=\"https:\/\/innovexalgerie.com\/manutention\/produit\/gerbeur-electrique-a-usage-intensif-ps16n\/\" \/>\n<meta property=\"og:site_name\" content=\"INNOVEX Alg\u00e9rie | Manutention\" \/>\n<meta property=\"article:modified_time\" content=\"2026-02-01T08:32:23+00:00\" \/>\n<meta property=\"og:image\" content=\"https:\/\/innovexalgerie.com\/manutention\/wp-content\/uploads\/2025\/05\/PS16N.jpg\" \/>\n\t<meta property=\"og:image:width\" content=\"1000\" \/>\n\t<meta property=\"og:image:height\" content=\"1000\" \/>\n\t<meta property=\"og:image:type\" content=\"image\/jpeg\" \/>\n<meta name=\"twitter:card\" content=\"summary_large_image\" \/>\n<meta name=\"twitter:label1\" content=\"Dur\u00e9e de lecture estim\u00e9e\" \/>\n\t<meta name=\"twitter:data1\" content=\"1 minute\" \/>\n<script type=\"application\/ld+json\" class=\"yoast-schema-graph\">{\"@context\":\"https:\/\/schema.org\",\"@graph\":[{\"@type\":\"WebPage\",\"@id\":\"https:\/\/innovexalgerie.com\/manutention\/produit\/gerbeur-electrique-a-usage-intensif-ps16n\/\",\"url\":\"https:\/\/innovexalgerie.com\/manutention\/produit\/gerbeur-electrique-a-usage-intensif-ps16n\/\",\"name\":\"Gerbeur \u00e9lectrique \u00e0 usage intensif PS16N - INNOVEX Alg\u00e9rie | Manutention\",\"isPartOf\":{\"@id\":\"https:\/\/innovexalgerie.com\/manutention\/#website\"},\"primaryImageOfPage\":{\"@id\":\"https:\/\/innovexalgerie.com\/manutention\/produit\/gerbeur-electrique-a-usage-intensif-ps16n\/#primaryimage\"},\"image\":{\"@id\":\"https:\/\/innovexalgerie.com\/manutention\/produit\/gerbeur-electrique-a-usage-intensif-ps16n\/#primaryimage\"},\"thumbnailUrl\":\"https:\/\/innovexalgerie.com\/manutention\/wp-content\/uploads\/2025\/05\/PS16N.jpg\",\"datePublished\":\"2025-05-19T14:33:45+00:00\",\"dateModified\":\"2026-02-01T08:32:23+00:00\",\"breadcrumb\":{\"@id\":\"https:\/\/innovexalgerie.com\/manutention\/produit\/gerbeur-electrique-a-usage-intensif-ps16n\/#breadcrumb\"},\"inLanguage\":\"fr-FR\",\"potentialAction\":[{\"@type\":\"ReadAction\",\"target\":[\"https:\/\/innovexalgerie.com\/manutention\/produit\/gerbeur-electrique-a-usage-intensif-ps16n\/\"]}]},{\"@type\":\"ImageObject\",\"inLanguage\":\"fr-FR\",\"@id\":\"https:\/\/innovexalgerie.com\/manutention\/produit\/gerbeur-electrique-a-usage-intensif-ps16n\/#primaryimage\",\"url\":\"https:\/\/innovexalgerie.com\/manutention\/wp-content\/uploads\/2025\/05\/PS16N.jpg\",\"contentUrl\":\"https:\/\/innovexalgerie.com\/manutention\/wp-content\/uploads\/2025\/05\/PS16N.jpg\",\"width\":1000,\"height\":1000},{\"@type\":\"BreadcrumbList\",\"@id\":\"https:\/\/innovexalgerie.com\/manutention\/produit\/gerbeur-electrique-a-usage-intensif-ps16n\/#breadcrumb\",\"itemListElement\":[{\"@type\":\"ListItem\",\"position\":1,\"name\":\"Accueil\",\"item\":\"https:\/\/innovexalgerie.com\/manutention\/\"},{\"@type\":\"ListItem\",\"position\":2,\"name\":\"Boutique\",\"item\":\"https:\/\/innovexalgerie.com\/manutention\/boutique\/\"},{\"@type\":\"ListItem\",\"position\":3,\"name\":\"Gerbeur \u00e9lectrique \u00e0 usage intensif PS16N\"}]},{\"@type\":\"WebSite\",\"@id\":\"https:\/\/innovexalgerie.com\/manutention\/#website\",\"url\":\"https:\/\/innovexalgerie.com\/manutention\/\",\"name\":\"INNOVEX Alg\u00e9rie | Manutention\",\"description\":\"Manutention\",\"publisher\":{\"@id\":\"https:\/\/innovexalgerie.com\/manutention\/#organization\"},\"potentialAction\":[{\"@type\":\"SearchAction\",\"target\":{\"@type\":\"EntryPoint\",\"urlTemplate\":\"https:\/\/innovexalgerie.com\/manutention\/?s={search_term_string}\"},\"query-input\":\"required name=search_term_string\"}],\"inLanguage\":\"fr-FR\"},{\"@type\":\"Organization\",\"@id\":\"https:\/\/innovexalgerie.com\/manutention\/#organization\",\"name\":\"INNOVEX Alg\u00e9rie | Manutention\",\"url\":\"https:\/\/innovexalgerie.com\/manutention\/\",\"logo\":{\"@type\":\"ImageObject\",\"inLanguage\":\"fr-FR\",\"@id\":\"https:\/\/innovexalgerie.com\/manutention\/#\/schema\/logo\/image\/\",\"url\":\"https:\/\/innovexalgerie.com\/manutention\/wp-content\/uploads\/2022\/03\/innovex_manutention_logo.svg\",\"contentUrl\":\"https:\/\/innovexalgerie.com\/manutention\/wp-content\/uploads\/2022\/03\/innovex_manutention_logo.svg\",\"width\":133,\"height\":36,\"caption\":\"INNOVEX Alg\u00e9rie | Manutention\"},\"image\":{\"@id\":\"https:\/\/innovexalgerie.com\/manutention\/#\/schema\/logo\/image\/\"}}]}<\/script>\n<!-- \/ Yoast SEO plugin. -->","yoast_head_json":{"title":"Gerbeur \u00e9lectrique \u00e0 usage intensif PS16N - INNOVEX Alg\u00e9rie | Manutention","robots":{"index":"index","follow":"follow","max-snippet":"max-snippet:-1","max-image-preview":"max-image-preview:large","max-video-preview":"max-video-preview:-1"},"canonical":"https:\/\/innovexalgerie.com\/manutention\/produit\/gerbeur-electrique-a-usage-intensif-ps16n\/","og_locale":"fr_FR","og_type":"article","og_title":"Gerbeur \u00e9lectrique \u00e0 usage intensif PS16N - INNOVEX Alg\u00e9rie | Manutention","og_description":"Le gerbeur \u00e9lectrique \u00e0 usage intensif PS 16N avec direction assist\u00e9e\u00a0EPS\u00a0 est une solution pratique et efficace pour les op\u00e9rations de magasinage dans les entrep\u00f4ts et les usines.","og_url":"https:\/\/innovexalgerie.com\/manutention\/produit\/gerbeur-electrique-a-usage-intensif-ps16n\/","og_site_name":"INNOVEX Alg\u00e9rie | Manutention","article_modified_time":"2026-02-01T08:32:23+00:00","og_image":[{"width":1000,"height":1000,"url":"https:\/\/innovexalgerie.com\/manutention\/wp-content\/uploads\/2025\/05\/PS16N.jpg","type":"image\/jpeg"}],"twitter_card":"summary_large_image","twitter_misc":{"Dur\u00e9e de lecture estim\u00e9e":"1 minute"},"schema":{"@context":"https:\/\/schema.org","@graph":[{"@type":"WebPage","@id":"https:\/\/innovexalgerie.com\/manutention\/produit\/gerbeur-electrique-a-usage-intensif-ps16n\/","url":"https:\/\/innovexalgerie.com\/manutention\/produit\/gerbeur-electrique-a-usage-intensif-ps16n\/","name":"Gerbeur \u00e9lectrique \u00e0 usage intensif PS16N - INNOVEX Alg\u00e9rie | Manutention","isPartOf":{"@id":"https:\/\/innovexalgerie.com\/manutention\/#website"},"primaryImageOfPage":{"@id":"https:\/\/innovexalgerie.com\/manutention\/produit\/gerbeur-electrique-a-usage-intensif-ps16n\/#primaryimage"},"image":{"@id":"https:\/\/innovexalgerie.com\/manutention\/produit\/gerbeur-electrique-a-usage-intensif-ps16n\/#primaryimage"},"thumbnailUrl":"https:\/\/innovexalgerie.com\/manutention\/wp-content\/uploads\/2025\/05\/PS16N.jpg","datePublished":"2025-05-19T14:33:45+00:00","dateModified":"2026-02-01T08:32:23+00:00","breadcrumb":{"@id":"https:\/\/innovexalgerie.com\/manutention\/produit\/gerbeur-electrique-a-usage-intensif-ps16n\/#breadcrumb"},"inLanguage":"fr-FR","potentialAction":[{"@type":"ReadAction","target":["https:\/\/innovexalgerie.com\/manutention\/produit\/gerbeur-electrique-a-usage-intensif-ps16n\/"]}]},{"@type":"ImageObject","inLanguage":"fr-FR","@id":"https:\/\/innovexalgerie.com\/manutention\/produit\/gerbeur-electrique-a-usage-intensif-ps16n\/#primaryimage","url":"https:\/\/innovexalgerie.com\/manutention\/wp-content\/uploads\/2025\/05\/PS16N.jpg","contentUrl":"https:\/\/innovexalgerie.com\/manutention\/wp-content\/uploads\/2025\/05\/PS16N.jpg","width":1000,"height":1000},{"@type":"BreadcrumbList","@id":"https:\/\/innovexalgerie.com\/manutention\/produit\/gerbeur-electrique-a-usage-intensif-ps16n\/#breadcrumb","itemListElement":[{"@type":"ListItem","position":1,"name":"Accueil","item":"https:\/\/innovexalgerie.com\/manutention\/"},{"@type":"ListItem","position":2,"name":"Boutique","item":"https:\/\/innovexalgerie.com\/manutention\/boutique\/"},{"@type":"ListItem","position":3,"name":"Gerbeur \u00e9lectrique \u00e0 usage intensif PS16N"}]},{"@type":"WebSite","@id":"https:\/\/innovexalgerie.com\/manutention\/#website","url":"https:\/\/innovexalgerie.com\/manutention\/","name":"INNOVEX Alg\u00e9rie | Manutention","description":"Manutention","publisher":{"@id":"https:\/\/innovexalgerie.com\/manutention\/#organization"},"potentialAction":[{"@type":"SearchAction","target":{"@type":"EntryPoint","urlTemplate":"https:\/\/innovexalgerie.com\/manutention\/?s={search_term_string}"},"query-input":"required name=search_term_string"}],"inLanguage":"fr-FR"},{"@type":"Organization","@id":"https:\/\/innovexalgerie.com\/manutention\/#organization","name":"INNOVEX Alg\u00e9rie | Manutention","url":"https:\/\/innovexalgerie.com\/manutention\/","logo":{"@type":"ImageObject","inLanguage":"fr-FR","@id":"https:\/\/innovexalgerie.com\/manutention\/#\/schema\/logo\/image\/","url":"https:\/\/innovexalgerie.com\/manutention\/wp-content\/uploads\/2022\/03\/innovex_manutention_logo.svg","contentUrl":"https:\/\/innovexalgerie.com\/manutention\/wp-content\/uploads\/2022\/03\/innovex_manutention_logo.svg","width":133,"height":36,"caption":"INNOVEX Alg\u00e9rie | Manutention"},"image":{"@id":"https:\/\/innovexalgerie.com\/manutention\/#\/schema\/logo\/image\/"}}]}},"_links":{"self":[{"href":"https:\/\/innovexalgerie.com\/manutention\/wp-json\/wp\/v2\/product\/4648","targetHints":{"allow":["GET"]}}],"collection":[{"href":"https:\/\/innovexalgerie.com\/manutention\/wp-json\/wp\/v2\/product"}],"about":[{"href":"https:\/\/innovexalgerie.com\/manutention\/wp-json\/wp\/v2\/types\/product"}],"wp:featuredmedia":[{"embeddable":true,"href":"https:\/\/innovexalgerie.com\/manutention\/wp-json\/wp\/v2\/media\/4655"}],"wp:attachment":[{"href":"https:\/\/innovexalgerie.com\/manutention\/wp-json\/wp\/v2\/media?parent=4648"}],"wp:term":[{"taxonomy":"product_cat","embeddable":true,"href":"https:\/\/innovexalgerie.com\/manutention\/wp-json\/wp\/v2\/product_cat?post=4648"},{"taxonomy":"product_tag","embeddable":true,"href":"https:\/\/innovexalgerie.com\/manutention\/wp-json\/wp\/v2\/product_tag?post=4648"}],"curies":[{"name":"wp","href":"https:\/\/api.w.org\/{rel}","templated":true}]}}