{"id":4730,"date":"2025-07-03T11:14:35","date_gmt":"2025-07-03T10:14:35","guid":{"rendered":"https:\/\/innovexalgerie.com\/manutention\/?post_type=product&#038;p=4730"},"modified":"2025-07-16T16:04:08","modified_gmt":"2025-07-16T15:04:08","slug":"nacelle-plateforme-elevatrice-mono-mat-en-aluminium-ybc01-8","status":"publish","type":"product","link":"https:\/\/innovexalgerie.com\/manutention\/produit\/nacelle-plateforme-elevatrice-mono-mat-en-aluminium-ybc01-8\/","title":{"rendered":"Nacelle\/Plateforme \u00e9l\u00e9vatrice mono m\u00e2t en aluminium YBC01-8"},"content":{"rendered":"<article class=\"text-token-text-primary w-full\" dir=\"auto\" data-testid=\"conversation-turn-7\" data-scroll-anchor=\"false\">\n<div class=\"text-base my-auto mx-auto py-5 [--thread-content-margin:--spacing(4)] @[37rem]:[--thread-content-margin:--spacing(6)] @[72rem]:[--thread-content-margin:--spacing(16)] px-(--thread-content-margin)\" data-cur=\"cursor\">\n<div class=\"[--thread-content-max-width:32rem] @[34rem]:[--thread-content-max-width:40rem] @[64rem]:[--thread-content-max-width:48rem] mx-auto flex max-w-(--thread-content-max-width) flex-1 text-base gap-4 md:gap-5 lg:gap-6 group\/turn-messages focus-visible:outline-hidden\" tabindex=\"-1\">\n<div class=\"group\/conversation-turn relative flex w-full min-w-0 flex-col\">\n<div class=\"relative flex-col gap-1 md:gap-3\">\n<div class=\"flex max-w-full flex-col grow\">\n<div class=\"min-h-8 text-message relative flex w-full flex-col items-end gap-2 text-start break-words whitespace-normal [.text-message+&amp;]:mt-5\" dir=\"auto\" data-message-author-role=\"user\" data-message-id=\"da8b7d77-99de-4145-b6e5-a6cea126dbad\">\n<div class=\"flex w-full flex-col gap-1 empty:hidden items-end rtl:items-start\">\n<div class=\"relative max-w-[var(--user-chat-width,70%)] bg-token-message-surface rounded-3xl px-5 py-2.5\" data-cur=\"cursor\">\n<div class=\"whitespace-pre-wrap\" style=\"text-align: left;\" data-cur=\"cursor\">Plateforme \u00e9l\u00e9vatrice de travail mobile mono m\u00e2t en aluminium semi \u00e9lectrique <strong>YBC01-8<\/strong> d\u00e9placement manuel et \u00e9l\u00e9vation \u00e9lectrique par prise de 220V. Con\u00e7ue pour simplifier les t\u00e2ches n\u00e9cessitant une \u00e9l\u00e9vation. L\u00e9g\u00e8re, compacte et facile \u00e0 man\u0153uvrer, elle peut \u00eatre utiliser par une seule personne en toute s\u00e9curit\u00e9. Con\u00e7u pour les travaux de maintenance,d\u2019installation et de nettoyage dans des environnements tels que les usines, h\u00f4tels, centres commerciaux, a\u00e9roports, etc.<\/div>\n<\/div>\n<\/div>\n<\/div>\n<\/div>\n<\/div>\n<\/div>\n<\/div>\n<\/div>\n<\/article>\n<p style=\"text-align: left;\">Quelques applications :<\/p>\n<div class=\"sc-3fi1by-0 hlEuXW\" style=\"text-align: left;\">&#8211; Pose et installations \u00e9clairage, climatisation, installation \u00e9lectrique-hydraulique-incendie.<br \/>\n&#8211; Restauration, isolation, s\u00e9curit\u00e9 b\u00e2timents.<br \/>\n&#8211; Stockage, logistique, gestion des stocks, rayonnage.<br \/>\n&#8211; Nettoyage.<br \/>\n&#8211; Peinture &#8230;..<\/div>\n","protected":false},"excerpt":{"rendered":"<p>Plateforme \u00e9l\u00e9vatrice de travail mobile mono m\u00e2t en aluminium semi \u00e9lectrique permet un d\u00e9placement manuel et une \u00e9l\u00e9vation \u00e9lectrique via une prise de 220V, pour effectuer des travaux de maintenance et de r\u00e9paration en hauteur dans des espaces restreints.<\/p>\n","protected":false},"featured_media":4784,"template":"","meta":{"_monsterinsights_skip_tracking":false,"_monsterinsights_sitenote_active":false,"_monsterinsights_sitenote_note":"","_monsterinsights_sitenote_category":0},"product_cat":[62,23],"product_tag":[91,92,93,42,66],"class_list":["post-4730","product","type-product","status-publish","has-post-thumbnail","hentry","product_cat-nacelle","product_cat-accessoires","product_tag-elevatrice","product_tag-mat","product_tag-mono","product_tag-nacelle","product_tag-plate-forme"],"acf":[],"yoast_head":"<!-- This site is optimized with the Yoast SEO plugin v22.6 - https:\/\/yoast.com\/wordpress\/plugins\/seo\/ -->\n<title>Nacelle\/Plateforme \u00e9l\u00e9vatrice mono m\u00e2t en aluminium YBC01-8 - INNOVEX Alg\u00e9rie | Manutention<\/title>\n<meta name=\"robots\" content=\"index, follow, max-snippet:-1, max-image-preview:large, max-video-preview:-1\" \/>\n<link rel=\"canonical\" href=\"https:\/\/innovexalgerie.com\/manutention\/produit\/nacelle-plateforme-elevatrice-mono-mat-en-aluminium-ybc01-8\/\" \/>\n<meta property=\"og:locale\" content=\"fr_FR\" \/>\n<meta property=\"og:type\" content=\"article\" \/>\n<meta property=\"og:title\" content=\"Nacelle\/Plateforme \u00e9l\u00e9vatrice mono m\u00e2t en aluminium YBC01-8 - INNOVEX Alg\u00e9rie | Manutention\" \/>\n<meta property=\"og:description\" content=\"Plateforme \u00e9l\u00e9vatrice de travail mobile mono m\u00e2t en aluminium semi \u00e9lectrique permet un d\u00e9placement manuel et une \u00e9l\u00e9vation \u00e9lectrique via une prise de 220V, pour effectuer des travaux de maintenance et de r\u00e9paration en hauteur dans des espaces restreints.\" \/>\n<meta property=\"og:url\" content=\"https:\/\/innovexalgerie.com\/manutention\/produit\/nacelle-plateforme-elevatrice-mono-mat-en-aluminium-ybc01-8\/\" \/>\n<meta property=\"og:site_name\" content=\"INNOVEX Alg\u00e9rie | Manutention\" \/>\n<meta property=\"article:modified_time\" content=\"2025-07-16T15:04:08+00:00\" \/>\n<meta property=\"og:image\" content=\"https:\/\/innovexalgerie.com\/manutention\/wp-content\/uploads\/2025\/07\/nacelle-plateforme-mono.jpg\" \/>\n\t<meta property=\"og:image:width\" content=\"1000\" \/>\n\t<meta property=\"og:image:height\" content=\"1000\" \/>\n\t<meta property=\"og:image:type\" content=\"image\/jpeg\" \/>\n<meta name=\"twitter:card\" content=\"summary_large_image\" \/>\n<meta name=\"twitter:label1\" content=\"Dur\u00e9e de lecture estim\u00e9e\" \/>\n\t<meta name=\"twitter:data1\" content=\"1 minute\" \/>\n<script type=\"application\/ld+json\" class=\"yoast-schema-graph\">{\"@context\":\"https:\/\/schema.org\",\"@graph\":[{\"@type\":\"WebPage\",\"@id\":\"https:\/\/innovexalgerie.com\/manutention\/produit\/nacelle-plateforme-elevatrice-mono-mat-en-aluminium-ybc01-8\/\",\"url\":\"https:\/\/innovexalgerie.com\/manutention\/produit\/nacelle-plateforme-elevatrice-mono-mat-en-aluminium-ybc01-8\/\",\"name\":\"Nacelle\/Plateforme \u00e9l\u00e9vatrice mono m\u00e2t en aluminium YBC01-8 - INNOVEX Alg\u00e9rie | Manutention\",\"isPartOf\":{\"@id\":\"https:\/\/innovexalgerie.com\/manutention\/#website\"},\"primaryImageOfPage\":{\"@id\":\"https:\/\/innovexalgerie.com\/manutention\/produit\/nacelle-plateforme-elevatrice-mono-mat-en-aluminium-ybc01-8\/#primaryimage\"},\"image\":{\"@id\":\"https:\/\/innovexalgerie.com\/manutention\/produit\/nacelle-plateforme-elevatrice-mono-mat-en-aluminium-ybc01-8\/#primaryimage\"},\"thumbnailUrl\":\"https:\/\/innovexalgerie.com\/manutention\/wp-content\/uploads\/2025\/07\/nacelle-plateforme-mono.jpg\",\"datePublished\":\"2025-07-03T10:14:35+00:00\",\"dateModified\":\"2025-07-16T15:04:08+00:00\",\"breadcrumb\":{\"@id\":\"https:\/\/innovexalgerie.com\/manutention\/produit\/nacelle-plateforme-elevatrice-mono-mat-en-aluminium-ybc01-8\/#breadcrumb\"},\"inLanguage\":\"fr-FR\",\"potentialAction\":[{\"@type\":\"ReadAction\",\"target\":[\"https:\/\/innovexalgerie.com\/manutention\/produit\/nacelle-plateforme-elevatrice-mono-mat-en-aluminium-ybc01-8\/\"]}]},{\"@type\":\"ImageObject\",\"inLanguage\":\"fr-FR\",\"@id\":\"https:\/\/innovexalgerie.com\/manutention\/produit\/nacelle-plateforme-elevatrice-mono-mat-en-aluminium-ybc01-8\/#primaryimage\",\"url\":\"https:\/\/innovexalgerie.com\/manutention\/wp-content\/uploads\/2025\/07\/nacelle-plateforme-mono.jpg\",\"contentUrl\":\"https:\/\/innovexalgerie.com\/manutention\/wp-content\/uploads\/2025\/07\/nacelle-plateforme-mono.jpg\",\"width\":1000,\"height\":1000,\"caption\":\"nacelle-plateforme YCB01.8 MONO-MAT innovex algerie\"},{\"@type\":\"BreadcrumbList\",\"@id\":\"https:\/\/innovexalgerie.com\/manutention\/produit\/nacelle-plateforme-elevatrice-mono-mat-en-aluminium-ybc01-8\/#breadcrumb\",\"itemListElement\":[{\"@type\":\"ListItem\",\"position\":1,\"name\":\"Accueil\",\"item\":\"https:\/\/innovexalgerie.com\/manutention\/\"},{\"@type\":\"ListItem\",\"position\":2,\"name\":\"Boutique\",\"item\":\"https:\/\/innovexalgerie.com\/manutention\/boutique\/\"},{\"@type\":\"ListItem\",\"position\":3,\"name\":\"Nacelle\/Plateforme \u00e9l\u00e9vatrice mono m\u00e2t en aluminium YBC01-8\"}]},{\"@type\":\"WebSite\",\"@id\":\"https:\/\/innovexalgerie.com\/manutention\/#website\",\"url\":\"https:\/\/innovexalgerie.com\/manutention\/\",\"name\":\"INNOVEX Alg\u00e9rie | Manutention\",\"description\":\"Manutention\",\"publisher\":{\"@id\":\"https:\/\/innovexalgerie.com\/manutention\/#organization\"},\"potentialAction\":[{\"@type\":\"SearchAction\",\"target\":{\"@type\":\"EntryPoint\",\"urlTemplate\":\"https:\/\/innovexalgerie.com\/manutention\/?s={search_term_string}\"},\"query-input\":\"required name=search_term_string\"}],\"inLanguage\":\"fr-FR\"},{\"@type\":\"Organization\",\"@id\":\"https:\/\/innovexalgerie.com\/manutention\/#organization\",\"name\":\"INNOVEX Alg\u00e9rie | Manutention\",\"url\":\"https:\/\/innovexalgerie.com\/manutention\/\",\"logo\":{\"@type\":\"ImageObject\",\"inLanguage\":\"fr-FR\",\"@id\":\"https:\/\/innovexalgerie.com\/manutention\/#\/schema\/logo\/image\/\",\"url\":\"https:\/\/innovexalgerie.com\/manutention\/wp-content\/uploads\/2022\/03\/innovex_manutention_logo.svg\",\"contentUrl\":\"https:\/\/innovexalgerie.com\/manutention\/wp-content\/uploads\/2022\/03\/innovex_manutention_logo.svg\",\"width\":133,\"height\":36,\"caption\":\"INNOVEX Alg\u00e9rie | Manutention\"},\"image\":{\"@id\":\"https:\/\/innovexalgerie.com\/manutention\/#\/schema\/logo\/image\/\"}}]}<\/script>\n<!-- \/ Yoast SEO plugin. -->","yoast_head_json":{"title":"Nacelle\/Plateforme \u00e9l\u00e9vatrice mono m\u00e2t en aluminium YBC01-8 - INNOVEX Alg\u00e9rie | Manutention","robots":{"index":"index","follow":"follow","max-snippet":"max-snippet:-1","max-image-preview":"max-image-preview:large","max-video-preview":"max-video-preview:-1"},"canonical":"https:\/\/innovexalgerie.com\/manutention\/produit\/nacelle-plateforme-elevatrice-mono-mat-en-aluminium-ybc01-8\/","og_locale":"fr_FR","og_type":"article","og_title":"Nacelle\/Plateforme \u00e9l\u00e9vatrice mono m\u00e2t en aluminium YBC01-8 - INNOVEX Alg\u00e9rie | Manutention","og_description":"Plateforme \u00e9l\u00e9vatrice de travail mobile mono m\u00e2t en aluminium semi \u00e9lectrique permet un d\u00e9placement manuel et une \u00e9l\u00e9vation \u00e9lectrique via une prise de 220V, pour effectuer des travaux de maintenance et de r\u00e9paration en hauteur dans des espaces restreints.","og_url":"https:\/\/innovexalgerie.com\/manutention\/produit\/nacelle-plateforme-elevatrice-mono-mat-en-aluminium-ybc01-8\/","og_site_name":"INNOVEX Alg\u00e9rie | Manutention","article_modified_time":"2025-07-16T15:04:08+00:00","og_image":[{"width":1000,"height":1000,"url":"https:\/\/innovexalgerie.com\/manutention\/wp-content\/uploads\/2025\/07\/nacelle-plateforme-mono.jpg","type":"image\/jpeg"}],"twitter_card":"summary_large_image","twitter_misc":{"Dur\u00e9e de lecture estim\u00e9e":"1 minute"},"schema":{"@context":"https:\/\/schema.org","@graph":[{"@type":"WebPage","@id":"https:\/\/innovexalgerie.com\/manutention\/produit\/nacelle-plateforme-elevatrice-mono-mat-en-aluminium-ybc01-8\/","url":"https:\/\/innovexalgerie.com\/manutention\/produit\/nacelle-plateforme-elevatrice-mono-mat-en-aluminium-ybc01-8\/","name":"Nacelle\/Plateforme \u00e9l\u00e9vatrice mono m\u00e2t en aluminium YBC01-8 - INNOVEX Alg\u00e9rie | Manutention","isPartOf":{"@id":"https:\/\/innovexalgerie.com\/manutention\/#website"},"primaryImageOfPage":{"@id":"https:\/\/innovexalgerie.com\/manutention\/produit\/nacelle-plateforme-elevatrice-mono-mat-en-aluminium-ybc01-8\/#primaryimage"},"image":{"@id":"https:\/\/innovexalgerie.com\/manutention\/produit\/nacelle-plateforme-elevatrice-mono-mat-en-aluminium-ybc01-8\/#primaryimage"},"thumbnailUrl":"https:\/\/innovexalgerie.com\/manutention\/wp-content\/uploads\/2025\/07\/nacelle-plateforme-mono.jpg","datePublished":"2025-07-03T10:14:35+00:00","dateModified":"2025-07-16T15:04:08+00:00","breadcrumb":{"@id":"https:\/\/innovexalgerie.com\/manutention\/produit\/nacelle-plateforme-elevatrice-mono-mat-en-aluminium-ybc01-8\/#breadcrumb"},"inLanguage":"fr-FR","potentialAction":[{"@type":"ReadAction","target":["https:\/\/innovexalgerie.com\/manutention\/produit\/nacelle-plateforme-elevatrice-mono-mat-en-aluminium-ybc01-8\/"]}]},{"@type":"ImageObject","inLanguage":"fr-FR","@id":"https:\/\/innovexalgerie.com\/manutention\/produit\/nacelle-plateforme-elevatrice-mono-mat-en-aluminium-ybc01-8\/#primaryimage","url":"https:\/\/innovexalgerie.com\/manutention\/wp-content\/uploads\/2025\/07\/nacelle-plateforme-mono.jpg","contentUrl":"https:\/\/innovexalgerie.com\/manutention\/wp-content\/uploads\/2025\/07\/nacelle-plateforme-mono.jpg","width":1000,"height":1000,"caption":"nacelle-plateforme YCB01.8 MONO-MAT innovex algerie"},{"@type":"BreadcrumbList","@id":"https:\/\/innovexalgerie.com\/manutention\/produit\/nacelle-plateforme-elevatrice-mono-mat-en-aluminium-ybc01-8\/#breadcrumb","itemListElement":[{"@type":"ListItem","position":1,"name":"Accueil","item":"https:\/\/innovexalgerie.com\/manutention\/"},{"@type":"ListItem","position":2,"name":"Boutique","item":"https:\/\/innovexalgerie.com\/manutention\/boutique\/"},{"@type":"ListItem","position":3,"name":"Nacelle\/Plateforme \u00e9l\u00e9vatrice mono m\u00e2t en aluminium YBC01-8"}]},{"@type":"WebSite","@id":"https:\/\/innovexalgerie.com\/manutention\/#website","url":"https:\/\/innovexalgerie.com\/manutention\/","name":"INNOVEX Alg\u00e9rie | Manutention","description":"Manutention","publisher":{"@id":"https:\/\/innovexalgerie.com\/manutention\/#organization"},"potentialAction":[{"@type":"SearchAction","target":{"@type":"EntryPoint","urlTemplate":"https:\/\/innovexalgerie.com\/manutention\/?s={search_term_string}"},"query-input":"required name=search_term_string"}],"inLanguage":"fr-FR"},{"@type":"Organization","@id":"https:\/\/innovexalgerie.com\/manutention\/#organization","name":"INNOVEX Alg\u00e9rie | Manutention","url":"https:\/\/innovexalgerie.com\/manutention\/","logo":{"@type":"ImageObject","inLanguage":"fr-FR","@id":"https:\/\/innovexalgerie.com\/manutention\/#\/schema\/logo\/image\/","url":"https:\/\/innovexalgerie.com\/manutention\/wp-content\/uploads\/2022\/03\/innovex_manutention_logo.svg","contentUrl":"https:\/\/innovexalgerie.com\/manutention\/wp-content\/uploads\/2022\/03\/innovex_manutention_logo.svg","width":133,"height":36,"caption":"INNOVEX Alg\u00e9rie | Manutention"},"image":{"@id":"https:\/\/innovexalgerie.com\/manutention\/#\/schema\/logo\/image\/"}}]}},"_links":{"self":[{"href":"https:\/\/innovexalgerie.com\/manutention\/wp-json\/wp\/v2\/product\/4730","targetHints":{"allow":["GET"]}}],"collection":[{"href":"https:\/\/innovexalgerie.com\/manutention\/wp-json\/wp\/v2\/product"}],"about":[{"href":"https:\/\/innovexalgerie.com\/manutention\/wp-json\/wp\/v2\/types\/product"}],"wp:featuredmedia":[{"embeddable":true,"href":"https:\/\/innovexalgerie.com\/manutention\/wp-json\/wp\/v2\/media\/4784"}],"wp:attachment":[{"href":"https:\/\/innovexalgerie.com\/manutention\/wp-json\/wp\/v2\/media?parent=4730"}],"wp:term":[{"taxonomy":"product_cat","embeddable":true,"href":"https:\/\/innovexalgerie.com\/manutention\/wp-json\/wp\/v2\/product_cat?post=4730"},{"taxonomy":"product_tag","embeddable":true,"href":"https:\/\/innovexalgerie.com\/manutention\/wp-json\/wp\/v2\/product_tag?post=4730"}],"curies":[{"name":"wp","href":"https:\/\/api.w.org\/{rel}","templated":true}]}}