{"id":4776,"date":"2025-07-14T16:07:39","date_gmt":"2025-07-14T15:07:39","guid":{"rendered":"https:\/\/innovexalgerie.com\/manutention\/?post_type=product&#038;p=4776"},"modified":"2025-10-21T14:38:38","modified_gmt":"2025-10-21T13:38:38","slug":"cric-monobloc-hydraulique-a-patte-hg-10","status":"publish","type":"product","link":"https:\/\/innovexalgerie.com\/manutention\/produit\/cric-monobloc-hydraulique-a-patte-hg-10\/","title":{"rendered":"Cric monobloc hydraulique \u00e0 patte HG-10"},"content":{"rendered":"<section class=\"elementor-section elementor-top-section elementor-element elementor-element-be694aa elementor-section-boxed elementor-section-height-default elementor-section-height-default\" data-id=\"be694aa\" data-element_type=\"section\">\n<div class=\"elementor-container elementor-column-gap-default\">\n<div class=\"elementor-column elementor-col-100 elementor-top-column elementor-element elementor-element-67dee37\" data-id=\"67dee37\" data-element_type=\"column\">\n<div class=\"elementor-widget-wrap elementor-element-populated\">\n<div class=\"elementor-element elementor-element-459a956 elementor-widget elementor-widget-woocommerce-product-content\" data-id=\"459a956\" data-element_type=\"widget\" data-widget_type=\"woocommerce-product-content.default\">\n<div class=\"elementor-widget-container\">Le cric hydraulique \u00e0 patte<strong> HG-10<\/strong>, est sp\u00e9cialement con\u00e7u pour le levage de charges lourdes jusqu\u2019\u00e0 20 tonnes dans des environnements industriels exigeants. Sa structure monobloc en acier haute r\u00e9sistance assure robustesse, long\u00e9vit\u00e9 et stabilit\u00e9 durant les op\u00e9rations.<\/div>\n<ul>\n<li class=\"elementor-widget-container\">Dot\u00e9 d\u2019une patte de levage ultra basse, il permet de soulever les charges d\u00e8s le niveau du sol, tout en offrant \u00e9galement un levage par la t\u00eate pour plus de flexibilit\u00e9.<\/li>\n<li class=\"elementor-widget-container\">Compact, fiable et facile \u00e0 utiliser.<\/li>\n<li class=\"elementor-widget-container\">Ce cric fonctionne dans toutes les positions gr\u00e2ce \u00e0 sa patte pivotante. Il est id\u00e9al pour les interventions de maintenance, l\u2019installation de machines, le levage de structures m\u00e9talliques ou le d\u00e9placement d\u2019\u00e9quipements lourds.<\/li>\n<\/ul>\n<\/div>\n<\/div>\n<\/div>\n<\/div>\n<\/section>\n","protected":false},"excerpt":{"rendered":"<p>Le cric hydraulique \u00e0 patte est sp\u00e9cialement con\u00e7u pour le levage de charges lourdes jusqu\u2019\u00e0 20 tonnes dans des environnements industriels exigeants.<\/p>\n","protected":false},"featured_media":4775,"template":"","meta":{"_monsterinsights_skip_tracking":false,"_monsterinsights_sitenote_active":false,"_monsterinsights_sitenote_note":"","_monsterinsights_sitenote_category":0},"product_cat":[23,51],"product_tag":[96,98,97],"class_list":["post-4776","product","type-product","status-publish","has-post-thumbnail","hentry","product_cat-accessoires","product_cat-cric-monobloc-hydraulique","product_tag-cric","product_tag-cric-hydraulique","product_tag-mono-bloc"],"acf":[],"yoast_head":"<!-- This site is optimized with the Yoast SEO plugin v22.6 - https:\/\/yoast.com\/wordpress\/plugins\/seo\/ -->\n<title>Cric monobloc hydraulique \u00e0 patte HG-10 - INNOVEX Alg\u00e9rie | Manutention<\/title>\n<meta name=\"description\" content=\"Le cric hydraulique \u00e0 patte HG-10, est sp\u00e9cialement con\u00e7u pour le levage de charges lourdes jusqu\u2019\u00e0 20 tonnes dans des environnements industriels exigeants.\" \/>\n<meta name=\"robots\" content=\"index, follow, max-snippet:-1, max-image-preview:large, max-video-preview:-1\" \/>\n<link rel=\"canonical\" href=\"https:\/\/innovexalgerie.com\/manutention\/produit\/cric-monobloc-hydraulique-a-patte-hg-10\/\" \/>\n<meta property=\"og:locale\" content=\"fr_FR\" \/>\n<meta property=\"og:type\" content=\"article\" \/>\n<meta property=\"og:title\" content=\"Cric monobloc hydraulique \u00e0 patte HG-10 - INNOVEX Alg\u00e9rie | Manutention\" \/>\n<meta property=\"og:description\" content=\"Le cric hydraulique \u00e0 patte HG-10, est sp\u00e9cialement con\u00e7u pour le levage de charges lourdes jusqu\u2019\u00e0 20 tonnes dans des environnements industriels exigeants.\" \/>\n<meta property=\"og:url\" content=\"https:\/\/innovexalgerie.com\/manutention\/produit\/cric-monobloc-hydraulique-a-patte-hg-10\/\" \/>\n<meta property=\"og:site_name\" content=\"INNOVEX Alg\u00e9rie | Manutention\" \/>\n<meta property=\"article:modified_time\" content=\"2025-10-21T13:38:38+00:00\" \/>\n<meta property=\"og:image\" content=\"https:\/\/innovexalgerie.com\/manutention\/wp-content\/uploads\/2025\/07\/cric-mono-bloc-HG-5-HG-10.jpg\" \/>\n\t<meta property=\"og:image:width\" content=\"1000\" \/>\n\t<meta property=\"og:image:height\" content=\"1000\" \/>\n\t<meta property=\"og:image:type\" content=\"image\/jpeg\" \/>\n<meta name=\"twitter:card\" content=\"summary_large_image\" \/>\n<meta name=\"twitter:label1\" content=\"Dur\u00e9e de lecture estim\u00e9e\" \/>\n\t<meta name=\"twitter:data1\" content=\"1 minute\" \/>\n<script type=\"application\/ld+json\" class=\"yoast-schema-graph\">{\"@context\":\"https:\/\/schema.org\",\"@graph\":[{\"@type\":\"WebPage\",\"@id\":\"https:\/\/innovexalgerie.com\/manutention\/produit\/cric-monobloc-hydraulique-a-patte-hg-10\/\",\"url\":\"https:\/\/innovexalgerie.com\/manutention\/produit\/cric-monobloc-hydraulique-a-patte-hg-10\/\",\"name\":\"Cric monobloc hydraulique \u00e0 patte HG-10 - INNOVEX Alg\u00e9rie | Manutention\",\"isPartOf\":{\"@id\":\"https:\/\/innovexalgerie.com\/manutention\/#website\"},\"primaryImageOfPage\":{\"@id\":\"https:\/\/innovexalgerie.com\/manutention\/produit\/cric-monobloc-hydraulique-a-patte-hg-10\/#primaryimage\"},\"image\":{\"@id\":\"https:\/\/innovexalgerie.com\/manutention\/produit\/cric-monobloc-hydraulique-a-patte-hg-10\/#primaryimage\"},\"thumbnailUrl\":\"https:\/\/innovexalgerie.com\/manutention\/wp-content\/uploads\/2025\/07\/cric-mono-bloc-HG-5-HG-10.jpg\",\"datePublished\":\"2025-07-14T15:07:39+00:00\",\"dateModified\":\"2025-10-21T13:38:38+00:00\",\"description\":\"Le cric hydraulique \u00e0 patte HG-10, est sp\u00e9cialement con\u00e7u pour le levage de charges lourdes jusqu\u2019\u00e0 20 tonnes dans des environnements industriels exigeants.\",\"breadcrumb\":{\"@id\":\"https:\/\/innovexalgerie.com\/manutention\/produit\/cric-monobloc-hydraulique-a-patte-hg-10\/#breadcrumb\"},\"inLanguage\":\"fr-FR\",\"potentialAction\":[{\"@type\":\"ReadAction\",\"target\":[\"https:\/\/innovexalgerie.com\/manutention\/produit\/cric-monobloc-hydraulique-a-patte-hg-10\/\"]}]},{\"@type\":\"ImageObject\",\"inLanguage\":\"fr-FR\",\"@id\":\"https:\/\/innovexalgerie.com\/manutention\/produit\/cric-monobloc-hydraulique-a-patte-hg-10\/#primaryimage\",\"url\":\"https:\/\/innovexalgerie.com\/manutention\/wp-content\/uploads\/2025\/07\/cric-mono-bloc-HG-5-HG-10.jpg\",\"contentUrl\":\"https:\/\/innovexalgerie.com\/manutention\/wp-content\/uploads\/2025\/07\/cric-mono-bloc-HG-5-HG-10.jpg\",\"width\":1000,\"height\":1000,\"caption\":\"cric-mono-bloc-HG-5-HG-10 INNOVEX ALGERIE\"},{\"@type\":\"BreadcrumbList\",\"@id\":\"https:\/\/innovexalgerie.com\/manutention\/produit\/cric-monobloc-hydraulique-a-patte-hg-10\/#breadcrumb\",\"itemListElement\":[{\"@type\":\"ListItem\",\"position\":1,\"name\":\"Accueil\",\"item\":\"https:\/\/innovexalgerie.com\/manutention\/\"},{\"@type\":\"ListItem\",\"position\":2,\"name\":\"Boutique\",\"item\":\"https:\/\/innovexalgerie.com\/manutention\/boutique\/\"},{\"@type\":\"ListItem\",\"position\":3,\"name\":\"Cric monobloc hydraulique \u00e0 patte HG-10\"}]},{\"@type\":\"WebSite\",\"@id\":\"https:\/\/innovexalgerie.com\/manutention\/#website\",\"url\":\"https:\/\/innovexalgerie.com\/manutention\/\",\"name\":\"INNOVEX Alg\u00e9rie | Manutention\",\"description\":\"Manutention\",\"publisher\":{\"@id\":\"https:\/\/innovexalgerie.com\/manutention\/#organization\"},\"potentialAction\":[{\"@type\":\"SearchAction\",\"target\":{\"@type\":\"EntryPoint\",\"urlTemplate\":\"https:\/\/innovexalgerie.com\/manutention\/?s={search_term_string}\"},\"query-input\":\"required name=search_term_string\"}],\"inLanguage\":\"fr-FR\"},{\"@type\":\"Organization\",\"@id\":\"https:\/\/innovexalgerie.com\/manutention\/#organization\",\"name\":\"INNOVEX Alg\u00e9rie | Manutention\",\"url\":\"https:\/\/innovexalgerie.com\/manutention\/\",\"logo\":{\"@type\":\"ImageObject\",\"inLanguage\":\"fr-FR\",\"@id\":\"https:\/\/innovexalgerie.com\/manutention\/#\/schema\/logo\/image\/\",\"url\":\"https:\/\/innovexalgerie.com\/manutention\/wp-content\/uploads\/2022\/03\/innovex_manutention_logo.svg\",\"contentUrl\":\"https:\/\/innovexalgerie.com\/manutention\/wp-content\/uploads\/2022\/03\/innovex_manutention_logo.svg\",\"width\":133,\"height\":36,\"caption\":\"INNOVEX Alg\u00e9rie | Manutention\"},\"image\":{\"@id\":\"https:\/\/innovexalgerie.com\/manutention\/#\/schema\/logo\/image\/\"}}]}<\/script>\n<!-- \/ Yoast SEO plugin. -->","yoast_head_json":{"title":"Cric monobloc hydraulique \u00e0 patte HG-10 - INNOVEX Alg\u00e9rie | Manutention","description":"Le cric hydraulique \u00e0 patte HG-10, est sp\u00e9cialement con\u00e7u pour le levage de charges lourdes jusqu\u2019\u00e0 20 tonnes dans des environnements industriels exigeants.","robots":{"index":"index","follow":"follow","max-snippet":"max-snippet:-1","max-image-preview":"max-image-preview:large","max-video-preview":"max-video-preview:-1"},"canonical":"https:\/\/innovexalgerie.com\/manutention\/produit\/cric-monobloc-hydraulique-a-patte-hg-10\/","og_locale":"fr_FR","og_type":"article","og_title":"Cric monobloc hydraulique \u00e0 patte HG-10 - INNOVEX Alg\u00e9rie | Manutention","og_description":"Le cric hydraulique \u00e0 patte HG-10, est sp\u00e9cialement con\u00e7u pour le levage de charges lourdes jusqu\u2019\u00e0 20 tonnes dans des environnements industriels exigeants.","og_url":"https:\/\/innovexalgerie.com\/manutention\/produit\/cric-monobloc-hydraulique-a-patte-hg-10\/","og_site_name":"INNOVEX Alg\u00e9rie | Manutention","article_modified_time":"2025-10-21T13:38:38+00:00","og_image":[{"width":1000,"height":1000,"url":"https:\/\/innovexalgerie.com\/manutention\/wp-content\/uploads\/2025\/07\/cric-mono-bloc-HG-5-HG-10.jpg","type":"image\/jpeg"}],"twitter_card":"summary_large_image","twitter_misc":{"Dur\u00e9e de lecture estim\u00e9e":"1 minute"},"schema":{"@context":"https:\/\/schema.org","@graph":[{"@type":"WebPage","@id":"https:\/\/innovexalgerie.com\/manutention\/produit\/cric-monobloc-hydraulique-a-patte-hg-10\/","url":"https:\/\/innovexalgerie.com\/manutention\/produit\/cric-monobloc-hydraulique-a-patte-hg-10\/","name":"Cric monobloc hydraulique \u00e0 patte HG-10 - INNOVEX Alg\u00e9rie | Manutention","isPartOf":{"@id":"https:\/\/innovexalgerie.com\/manutention\/#website"},"primaryImageOfPage":{"@id":"https:\/\/innovexalgerie.com\/manutention\/produit\/cric-monobloc-hydraulique-a-patte-hg-10\/#primaryimage"},"image":{"@id":"https:\/\/innovexalgerie.com\/manutention\/produit\/cric-monobloc-hydraulique-a-patte-hg-10\/#primaryimage"},"thumbnailUrl":"https:\/\/innovexalgerie.com\/manutention\/wp-content\/uploads\/2025\/07\/cric-mono-bloc-HG-5-HG-10.jpg","datePublished":"2025-07-14T15:07:39+00:00","dateModified":"2025-10-21T13:38:38+00:00","description":"Le cric hydraulique \u00e0 patte HG-10, est sp\u00e9cialement con\u00e7u pour le levage de charges lourdes jusqu\u2019\u00e0 20 tonnes dans des environnements industriels exigeants.","breadcrumb":{"@id":"https:\/\/innovexalgerie.com\/manutention\/produit\/cric-monobloc-hydraulique-a-patte-hg-10\/#breadcrumb"},"inLanguage":"fr-FR","potentialAction":[{"@type":"ReadAction","target":["https:\/\/innovexalgerie.com\/manutention\/produit\/cric-monobloc-hydraulique-a-patte-hg-10\/"]}]},{"@type":"ImageObject","inLanguage":"fr-FR","@id":"https:\/\/innovexalgerie.com\/manutention\/produit\/cric-monobloc-hydraulique-a-patte-hg-10\/#primaryimage","url":"https:\/\/innovexalgerie.com\/manutention\/wp-content\/uploads\/2025\/07\/cric-mono-bloc-HG-5-HG-10.jpg","contentUrl":"https:\/\/innovexalgerie.com\/manutention\/wp-content\/uploads\/2025\/07\/cric-mono-bloc-HG-5-HG-10.jpg","width":1000,"height":1000,"caption":"cric-mono-bloc-HG-5-HG-10 INNOVEX ALGERIE"},{"@type":"BreadcrumbList","@id":"https:\/\/innovexalgerie.com\/manutention\/produit\/cric-monobloc-hydraulique-a-patte-hg-10\/#breadcrumb","itemListElement":[{"@type":"ListItem","position":1,"name":"Accueil","item":"https:\/\/innovexalgerie.com\/manutention\/"},{"@type":"ListItem","position":2,"name":"Boutique","item":"https:\/\/innovexalgerie.com\/manutention\/boutique\/"},{"@type":"ListItem","position":3,"name":"Cric monobloc hydraulique \u00e0 patte HG-10"}]},{"@type":"WebSite","@id":"https:\/\/innovexalgerie.com\/manutention\/#website","url":"https:\/\/innovexalgerie.com\/manutention\/","name":"INNOVEX Alg\u00e9rie | Manutention","description":"Manutention","publisher":{"@id":"https:\/\/innovexalgerie.com\/manutention\/#organization"},"potentialAction":[{"@type":"SearchAction","target":{"@type":"EntryPoint","urlTemplate":"https:\/\/innovexalgerie.com\/manutention\/?s={search_term_string}"},"query-input":"required name=search_term_string"}],"inLanguage":"fr-FR"},{"@type":"Organization","@id":"https:\/\/innovexalgerie.com\/manutention\/#organization","name":"INNOVEX Alg\u00e9rie | Manutention","url":"https:\/\/innovexalgerie.com\/manutention\/","logo":{"@type":"ImageObject","inLanguage":"fr-FR","@id":"https:\/\/innovexalgerie.com\/manutention\/#\/schema\/logo\/image\/","url":"https:\/\/innovexalgerie.com\/manutention\/wp-content\/uploads\/2022\/03\/innovex_manutention_logo.svg","contentUrl":"https:\/\/innovexalgerie.com\/manutention\/wp-content\/uploads\/2022\/03\/innovex_manutention_logo.svg","width":133,"height":36,"caption":"INNOVEX Alg\u00e9rie | Manutention"},"image":{"@id":"https:\/\/innovexalgerie.com\/manutention\/#\/schema\/logo\/image\/"}}]}},"_links":{"self":[{"href":"https:\/\/innovexalgerie.com\/manutention\/wp-json\/wp\/v2\/product\/4776","targetHints":{"allow":["GET"]}}],"collection":[{"href":"https:\/\/innovexalgerie.com\/manutention\/wp-json\/wp\/v2\/product"}],"about":[{"href":"https:\/\/innovexalgerie.com\/manutention\/wp-json\/wp\/v2\/types\/product"}],"wp:featuredmedia":[{"embeddable":true,"href":"https:\/\/innovexalgerie.com\/manutention\/wp-json\/wp\/v2\/media\/4775"}],"wp:attachment":[{"href":"https:\/\/innovexalgerie.com\/manutention\/wp-json\/wp\/v2\/media?parent=4776"}],"wp:term":[{"taxonomy":"product_cat","embeddable":true,"href":"https:\/\/innovexalgerie.com\/manutention\/wp-json\/wp\/v2\/product_cat?post=4776"},{"taxonomy":"product_tag","embeddable":true,"href":"https:\/\/innovexalgerie.com\/manutention\/wp-json\/wp\/v2\/product_tag?post=4776"}],"curies":[{"name":"wp","href":"https:\/\/api.w.org\/{rel}","templated":true}]}}