{"id":4803,"date":"2025-07-17T12:17:16","date_gmt":"2025-07-17T11:17:16","guid":{"rendered":"https:\/\/innovexalgerie.com\/manutention\/?post_type=product&#038;p=4803"},"modified":"2025-10-26T14:38:01","modified_gmt":"2025-10-26T13:38:01","slug":"hayon-elevateur-hydraulique-en-acier-pour-camions-hal-18","status":"publish","type":"product","link":"https:\/\/innovexalgerie.com\/manutention\/produit\/hayon-elevateur-hydraulique-en-acier-pour-camions-hal-18\/","title":{"rendered":"Hayon \u00e9l\u00e9vateur hydraulique en aluminium pour camions HAL-18"},"content":{"rendered":"<p style=\"text-align: left;\">Le hayon \u00e9l\u00e9vateur hydraulique en aluminium <strong>HAL18<\/strong>\u00a0 pour camion, est un \u00e9quipement indispensable pour le chargement et le d\u00e9chargement des marchandises en toute s\u00e9curit\u00e9.<\/p>\n<ul style=\"text-align: left;\">\n<li style=\"text-align: left;\">Fabriqu\u00e9 en aluminium il offre une combinaison optimale entre l\u00e9g\u00e8ret\u00e9, r\u00e9sistance et durabilit\u00e9 .<\/li>\n<li style=\"text-align: left;\">Capacit\u00e9 de charge allant jusq\u2019\u00e0 1500kg.<\/li>\n<li style=\"text-align: left;\">Syst\u00e8me hydraulique performant est compos\u00e9 d&rsquo;un plateau \u00e9l\u00e9vateur, de v\u00e9rins hydrauliques et d&rsquo;un m\u00e9canisme de commande permettant de lever et d&rsquo;abaisser les marchandises sans effort.<\/li>\n<li style=\"text-align: left;\">Permet de soulever des charges lourdes sans effort, r\u00e9duisant ainsi les risques de blessures et optimisant la productivit\u00e9 des op\u00e9rations de transport.<\/li>\n<li style=\"text-align: left;\">Syst\u00e8mes de s\u00e9curit\u00e9 int\u00e9gr\u00e9s:<\/li>\n<\/ul>\n<ol>\n<li style=\"text-align: left;\">Clapets anti-chute pour \u00e9viter la descente accidentelle.<\/li>\n<li style=\"text-align: left;\">\u00a0Verrouillage automatique en position repli\u00e9e.<\/li>\n<li style=\"text-align: left;\">Protection contre la surcharge.<\/li>\n<\/ol>\n","protected":false},"excerpt":{"rendered":"<p data-start=\"84\" data-end=\"341\" data-cur=\"cursor\">Hayon \u00e9l\u00e9vateur hydraulique en aluminium pour camion, con\u00e7u pour faciliter le chargement et le d\u00e9chargement s\u00e9curis\u00e9s des marchandises. Robuste et fiable, il assure une manutention efficace directement depuis le sol vers la plateforme du v\u00e9hicule.<\/p>\n","protected":false},"featured_media":4804,"template":"","meta":{"_monsterinsights_skip_tracking":false,"_monsterinsights_sitenote_active":false,"_monsterinsights_sitenote_note":"","_monsterinsights_sitenote_category":0},"product_cat":[23,103],"product_tag":[105,91,106,108,109,107,104],"class_list":["post-4803","product","type-product","status-publish","has-post-thumbnail","hentry","product_cat-accessoires","product_cat-hayon-elevateur-pour-camions","product_tag-camion","product_tag-elevatrice","product_tag-hayon","product_tag-hayon-elevateur","product_tag-hayon-en-acier","product_tag-hayon-hudraulique","product_tag-plateforme"],"acf":[],"yoast_head":"<!-- This site is optimized with the Yoast SEO plugin v22.6 - https:\/\/yoast.com\/wordpress\/plugins\/seo\/ -->\n<title>Hayon \u00e9l\u00e9vateur hydraulique en aluminium pour camions HAL-18 - INNOVEX Alg\u00e9rie | Manutention<\/title>\n<meta name=\"description\" content=\"Hayon \u00e9l\u00e9vateur hydraulique en aluminium pour camion, con\u00e7u pour faciliter le chargement et le d\u00e9chargement s\u00e9curis\u00e9s des marchandises.\" \/>\n<meta name=\"robots\" content=\"index, follow, max-snippet:-1, max-image-preview:large, max-video-preview:-1\" \/>\n<link rel=\"canonical\" href=\"https:\/\/innovexalgerie.com\/manutention\/produit\/hayon-elevateur-hydraulique-en-acier-pour-camions-hal-18\/\" \/>\n<meta property=\"og:locale\" content=\"fr_FR\" \/>\n<meta property=\"og:type\" content=\"article\" \/>\n<meta property=\"og:title\" content=\"Hayon \u00e9l\u00e9vateur hydraulique en aluminium pour camions HAL-18 - INNOVEX Alg\u00e9rie | Manutention\" \/>\n<meta property=\"og:description\" content=\"Hayon \u00e9l\u00e9vateur hydraulique en aluminium pour camion, con\u00e7u pour faciliter le chargement et le d\u00e9chargement s\u00e9curis\u00e9s des marchandises.\" \/>\n<meta property=\"og:url\" content=\"https:\/\/innovexalgerie.com\/manutention\/produit\/hayon-elevateur-hydraulique-en-acier-pour-camions-hal-18\/\" \/>\n<meta property=\"og:site_name\" content=\"INNOVEX Alg\u00e9rie | Manutention\" \/>\n<meta property=\"article:modified_time\" content=\"2025-10-26T13:38:01+00:00\" \/>\n<meta property=\"og:image\" content=\"https:\/\/innovexalgerie.com\/manutention\/wp-content\/uploads\/2025\/07\/hayon-camion-HAL18.jpg\" \/>\n\t<meta property=\"og:image:width\" content=\"1000\" \/>\n\t<meta property=\"og:image:height\" content=\"1000\" \/>\n\t<meta property=\"og:image:type\" content=\"image\/jpeg\" \/>\n<meta name=\"twitter:card\" content=\"summary_large_image\" \/>\n<meta name=\"twitter:label1\" content=\"Dur\u00e9e de lecture estim\u00e9e\" \/>\n\t<meta name=\"twitter:data1\" content=\"1 minute\" \/>\n<script type=\"application\/ld+json\" class=\"yoast-schema-graph\">{\"@context\":\"https:\/\/schema.org\",\"@graph\":[{\"@type\":\"WebPage\",\"@id\":\"https:\/\/innovexalgerie.com\/manutention\/produit\/hayon-elevateur-hydraulique-en-acier-pour-camions-hal-18\/\",\"url\":\"https:\/\/innovexalgerie.com\/manutention\/produit\/hayon-elevateur-hydraulique-en-acier-pour-camions-hal-18\/\",\"name\":\"Hayon \u00e9l\u00e9vateur hydraulique en aluminium pour camions HAL-18 - INNOVEX Alg\u00e9rie | Manutention\",\"isPartOf\":{\"@id\":\"https:\/\/innovexalgerie.com\/manutention\/#website\"},\"primaryImageOfPage\":{\"@id\":\"https:\/\/innovexalgerie.com\/manutention\/produit\/hayon-elevateur-hydraulique-en-acier-pour-camions-hal-18\/#primaryimage\"},\"image\":{\"@id\":\"https:\/\/innovexalgerie.com\/manutention\/produit\/hayon-elevateur-hydraulique-en-acier-pour-camions-hal-18\/#primaryimage\"},\"thumbnailUrl\":\"https:\/\/innovexalgerie.com\/manutention\/wp-content\/uploads\/2025\/07\/hayon-camion-HAL18.jpg\",\"datePublished\":\"2025-07-17T11:17:16+00:00\",\"dateModified\":\"2025-10-26T13:38:01+00:00\",\"description\":\"Hayon \u00e9l\u00e9vateur hydraulique en aluminium pour camion, con\u00e7u pour faciliter le chargement et le d\u00e9chargement s\u00e9curis\u00e9s des marchandises.\",\"breadcrumb\":{\"@id\":\"https:\/\/innovexalgerie.com\/manutention\/produit\/hayon-elevateur-hydraulique-en-acier-pour-camions-hal-18\/#breadcrumb\"},\"inLanguage\":\"fr-FR\",\"potentialAction\":[{\"@type\":\"ReadAction\",\"target\":[\"https:\/\/innovexalgerie.com\/manutention\/produit\/hayon-elevateur-hydraulique-en-acier-pour-camions-hal-18\/\"]}]},{\"@type\":\"ImageObject\",\"inLanguage\":\"fr-FR\",\"@id\":\"https:\/\/innovexalgerie.com\/manutention\/produit\/hayon-elevateur-hydraulique-en-acier-pour-camions-hal-18\/#primaryimage\",\"url\":\"https:\/\/innovexalgerie.com\/manutention\/wp-content\/uploads\/2025\/07\/hayon-camion-HAL18.jpg\",\"contentUrl\":\"https:\/\/innovexalgerie.com\/manutention\/wp-content\/uploads\/2025\/07\/hayon-camion-HAL18.jpg\",\"width\":1000,\"height\":1000,\"caption\":\"hayon-camion-HAL18 innovex algerie\"},{\"@type\":\"BreadcrumbList\",\"@id\":\"https:\/\/innovexalgerie.com\/manutention\/produit\/hayon-elevateur-hydraulique-en-acier-pour-camions-hal-18\/#breadcrumb\",\"itemListElement\":[{\"@type\":\"ListItem\",\"position\":1,\"name\":\"Accueil\",\"item\":\"https:\/\/innovexalgerie.com\/manutention\/\"},{\"@type\":\"ListItem\",\"position\":2,\"name\":\"Boutique\",\"item\":\"https:\/\/innovexalgerie.com\/manutention\/boutique\/\"},{\"@type\":\"ListItem\",\"position\":3,\"name\":\"Hayon \u00e9l\u00e9vateur hydraulique en aluminium pour camions HAL-18\"}]},{\"@type\":\"WebSite\",\"@id\":\"https:\/\/innovexalgerie.com\/manutention\/#website\",\"url\":\"https:\/\/innovexalgerie.com\/manutention\/\",\"name\":\"INNOVEX Alg\u00e9rie | Manutention\",\"description\":\"Manutention\",\"publisher\":{\"@id\":\"https:\/\/innovexalgerie.com\/manutention\/#organization\"},\"potentialAction\":[{\"@type\":\"SearchAction\",\"target\":{\"@type\":\"EntryPoint\",\"urlTemplate\":\"https:\/\/innovexalgerie.com\/manutention\/?s={search_term_string}\"},\"query-input\":\"required name=search_term_string\"}],\"inLanguage\":\"fr-FR\"},{\"@type\":\"Organization\",\"@id\":\"https:\/\/innovexalgerie.com\/manutention\/#organization\",\"name\":\"INNOVEX Alg\u00e9rie | Manutention\",\"url\":\"https:\/\/innovexalgerie.com\/manutention\/\",\"logo\":{\"@type\":\"ImageObject\",\"inLanguage\":\"fr-FR\",\"@id\":\"https:\/\/innovexalgerie.com\/manutention\/#\/schema\/logo\/image\/\",\"url\":\"https:\/\/innovexalgerie.com\/manutention\/wp-content\/uploads\/2022\/03\/innovex_manutention_logo.svg\",\"contentUrl\":\"https:\/\/innovexalgerie.com\/manutention\/wp-content\/uploads\/2022\/03\/innovex_manutention_logo.svg\",\"width\":133,\"height\":36,\"caption\":\"INNOVEX Alg\u00e9rie | Manutention\"},\"image\":{\"@id\":\"https:\/\/innovexalgerie.com\/manutention\/#\/schema\/logo\/image\/\"}}]}<\/script>\n<!-- \/ Yoast SEO plugin. -->","yoast_head_json":{"title":"Hayon \u00e9l\u00e9vateur hydraulique en aluminium pour camions HAL-18 - INNOVEX Alg\u00e9rie | Manutention","description":"Hayon \u00e9l\u00e9vateur hydraulique en aluminium pour camion, con\u00e7u pour faciliter le chargement et le d\u00e9chargement s\u00e9curis\u00e9s des marchandises.","robots":{"index":"index","follow":"follow","max-snippet":"max-snippet:-1","max-image-preview":"max-image-preview:large","max-video-preview":"max-video-preview:-1"},"canonical":"https:\/\/innovexalgerie.com\/manutention\/produit\/hayon-elevateur-hydraulique-en-acier-pour-camions-hal-18\/","og_locale":"fr_FR","og_type":"article","og_title":"Hayon \u00e9l\u00e9vateur hydraulique en aluminium pour camions HAL-18 - INNOVEX Alg\u00e9rie | Manutention","og_description":"Hayon \u00e9l\u00e9vateur hydraulique en aluminium pour camion, con\u00e7u pour faciliter le chargement et le d\u00e9chargement s\u00e9curis\u00e9s des marchandises.","og_url":"https:\/\/innovexalgerie.com\/manutention\/produit\/hayon-elevateur-hydraulique-en-acier-pour-camions-hal-18\/","og_site_name":"INNOVEX Alg\u00e9rie | Manutention","article_modified_time":"2025-10-26T13:38:01+00:00","og_image":[{"width":1000,"height":1000,"url":"https:\/\/innovexalgerie.com\/manutention\/wp-content\/uploads\/2025\/07\/hayon-camion-HAL18.jpg","type":"image\/jpeg"}],"twitter_card":"summary_large_image","twitter_misc":{"Dur\u00e9e de lecture estim\u00e9e":"1 minute"},"schema":{"@context":"https:\/\/schema.org","@graph":[{"@type":"WebPage","@id":"https:\/\/innovexalgerie.com\/manutention\/produit\/hayon-elevateur-hydraulique-en-acier-pour-camions-hal-18\/","url":"https:\/\/innovexalgerie.com\/manutention\/produit\/hayon-elevateur-hydraulique-en-acier-pour-camions-hal-18\/","name":"Hayon \u00e9l\u00e9vateur hydraulique en aluminium pour camions HAL-18 - INNOVEX Alg\u00e9rie | Manutention","isPartOf":{"@id":"https:\/\/innovexalgerie.com\/manutention\/#website"},"primaryImageOfPage":{"@id":"https:\/\/innovexalgerie.com\/manutention\/produit\/hayon-elevateur-hydraulique-en-acier-pour-camions-hal-18\/#primaryimage"},"image":{"@id":"https:\/\/innovexalgerie.com\/manutention\/produit\/hayon-elevateur-hydraulique-en-acier-pour-camions-hal-18\/#primaryimage"},"thumbnailUrl":"https:\/\/innovexalgerie.com\/manutention\/wp-content\/uploads\/2025\/07\/hayon-camion-HAL18.jpg","datePublished":"2025-07-17T11:17:16+00:00","dateModified":"2025-10-26T13:38:01+00:00","description":"Hayon \u00e9l\u00e9vateur hydraulique en aluminium pour camion, con\u00e7u pour faciliter le chargement et le d\u00e9chargement s\u00e9curis\u00e9s des marchandises.","breadcrumb":{"@id":"https:\/\/innovexalgerie.com\/manutention\/produit\/hayon-elevateur-hydraulique-en-acier-pour-camions-hal-18\/#breadcrumb"},"inLanguage":"fr-FR","potentialAction":[{"@type":"ReadAction","target":["https:\/\/innovexalgerie.com\/manutention\/produit\/hayon-elevateur-hydraulique-en-acier-pour-camions-hal-18\/"]}]},{"@type":"ImageObject","inLanguage":"fr-FR","@id":"https:\/\/innovexalgerie.com\/manutention\/produit\/hayon-elevateur-hydraulique-en-acier-pour-camions-hal-18\/#primaryimage","url":"https:\/\/innovexalgerie.com\/manutention\/wp-content\/uploads\/2025\/07\/hayon-camion-HAL18.jpg","contentUrl":"https:\/\/innovexalgerie.com\/manutention\/wp-content\/uploads\/2025\/07\/hayon-camion-HAL18.jpg","width":1000,"height":1000,"caption":"hayon-camion-HAL18 innovex algerie"},{"@type":"BreadcrumbList","@id":"https:\/\/innovexalgerie.com\/manutention\/produit\/hayon-elevateur-hydraulique-en-acier-pour-camions-hal-18\/#breadcrumb","itemListElement":[{"@type":"ListItem","position":1,"name":"Accueil","item":"https:\/\/innovexalgerie.com\/manutention\/"},{"@type":"ListItem","position":2,"name":"Boutique","item":"https:\/\/innovexalgerie.com\/manutention\/boutique\/"},{"@type":"ListItem","position":3,"name":"Hayon \u00e9l\u00e9vateur hydraulique en aluminium pour camions HAL-18"}]},{"@type":"WebSite","@id":"https:\/\/innovexalgerie.com\/manutention\/#website","url":"https:\/\/innovexalgerie.com\/manutention\/","name":"INNOVEX Alg\u00e9rie | Manutention","description":"Manutention","publisher":{"@id":"https:\/\/innovexalgerie.com\/manutention\/#organization"},"potentialAction":[{"@type":"SearchAction","target":{"@type":"EntryPoint","urlTemplate":"https:\/\/innovexalgerie.com\/manutention\/?s={search_term_string}"},"query-input":"required name=search_term_string"}],"inLanguage":"fr-FR"},{"@type":"Organization","@id":"https:\/\/innovexalgerie.com\/manutention\/#organization","name":"INNOVEX Alg\u00e9rie | Manutention","url":"https:\/\/innovexalgerie.com\/manutention\/","logo":{"@type":"ImageObject","inLanguage":"fr-FR","@id":"https:\/\/innovexalgerie.com\/manutention\/#\/schema\/logo\/image\/","url":"https:\/\/innovexalgerie.com\/manutention\/wp-content\/uploads\/2022\/03\/innovex_manutention_logo.svg","contentUrl":"https:\/\/innovexalgerie.com\/manutention\/wp-content\/uploads\/2022\/03\/innovex_manutention_logo.svg","width":133,"height":36,"caption":"INNOVEX Alg\u00e9rie | Manutention"},"image":{"@id":"https:\/\/innovexalgerie.com\/manutention\/#\/schema\/logo\/image\/"}}]}},"_links":{"self":[{"href":"https:\/\/innovexalgerie.com\/manutention\/wp-json\/wp\/v2\/product\/4803","targetHints":{"allow":["GET"]}}],"collection":[{"href":"https:\/\/innovexalgerie.com\/manutention\/wp-json\/wp\/v2\/product"}],"about":[{"href":"https:\/\/innovexalgerie.com\/manutention\/wp-json\/wp\/v2\/types\/product"}],"wp:featuredmedia":[{"embeddable":true,"href":"https:\/\/innovexalgerie.com\/manutention\/wp-json\/wp\/v2\/media\/4804"}],"wp:attachment":[{"href":"https:\/\/innovexalgerie.com\/manutention\/wp-json\/wp\/v2\/media?parent=4803"}],"wp:term":[{"taxonomy":"product_cat","embeddable":true,"href":"https:\/\/innovexalgerie.com\/manutention\/wp-json\/wp\/v2\/product_cat?post=4803"},{"taxonomy":"product_tag","embeddable":true,"href":"https:\/\/innovexalgerie.com\/manutention\/wp-json\/wp\/v2\/product_tag?post=4803"}],"curies":[{"name":"wp","href":"https:\/\/api.w.org\/{rel}","templated":true}]}}