{"id":4989,"date":"2025-10-22T08:37:47","date_gmt":"2025-10-22T07:37:47","guid":{"rendered":"https:\/\/innovexalgerie.com\/manutention\/?post_type=product&#038;p=4989"},"modified":"2025-10-22T09:53:02","modified_gmt":"2025-10-22T08:53:02","slug":"rotateur-7rrb30-b002","status":"publish","type":"product","link":"https:\/\/innovexalgerie.com\/manutention\/produit\/rotateur-7rrb30-b002\/","title":{"rendered":"Rotateur 7RRB30-B002"},"content":{"rendered":"<div class=\"chat-list relative custom-scrollbar-reset-margin custom-scrollbar custom-scrollbar-hidden pb-9 flex-1 overflow-y-auto\">\n<div class=\"mx-auto max-w-[790px]\">\n<div class=\"message-item-outer relative px-3\" data-id=\"fb61c22d-10b8-4183-8c60-d416ca19dac4\">\n<div class=\"content-area pl-[26px]\">\n<div class=\"message-item select-text relative\">\n<div class=\"message-inner relative\">\n<div class=\"py-[2px]\">\n<div class=\"flex flex-col gap-2\">\n<div class=\"answer-markdown-box overflow-x-auto select-text custom-scrollbar\">\n<div class=\"markdown-body\">\n<p style=\"text-align: left;\">Rotateur d&rsquo;accessoire de chariot \u00e9l\u00e9vateur<strong> 7RRB30-B002 <\/strong>permet de faire tourner rapidement les conteneurs pour vider leur contenu, sont largement utilis\u00e9es dans les domaines de la transformation des produits alimentaires, de la production automobile, du traitement chimique, du recyclage, des op\u00e9rations de fusion et de moulage&#8230;etc<\/p>\n<ul>\n<li style=\"text-align: left;\">Rotation \u00e0 360 degr\u00e9s, pour r\u00e9pondre \u00e0 une utilisation multi-angle.<\/li>\n<li style=\"text-align: left;\">Fabriqu\u00e9 en acier et peut supporter jusqu&rsquo;\u00e0 3000kg de poids.<\/li>\n<li style=\"text-align: left;\">L&rsquo;accrochage de cet accessoire correspond au norme ISO 3A, il est pratiquement adaptable au chariots de capacit\u00e9 de 2501 au 4999kg.<\/li>\n<li style=\"text-align: left;\">Fonctionnement stable, longue dur\u00e9e de vie.<\/li>\n<li style=\"text-align: left;\">Avec un couple d&rsquo;entra\u00eenement de super rotation pour assurer une rotation fluide et fiable.<\/li>\n<li style=\"text-align: left;\">Facile \u00e0 installer, directement connect\u00e9 au chariot \u00e0 fourche.<\/li>\n<\/ul>\n<\/div>\n<\/div>\n<\/div>\n<\/div>\n<\/div>\n<\/div>\n<\/div>\n<\/div>\n<\/div>\n<\/div>\n","protected":false},"excerpt":{"rendered":"<article class=\"text-token-text-primary w-full focus:outline-none [--shadow-height:45px] has-data-writing-block:pointer-events-none has-data-writing-block:-mt-(--shadow-height) has-data-writing-block:pt-(--shadow-height) [&amp;:has([data-writing-block])&gt;*]:pointer-events-auto scroll-mt-[calc(var(--header-height)+min(200px,max(70px,20svh)))]\" dir=\"auto\" tabindex=\"-1\" data-turn-id=\"request-WEB:74d54e91-aa7a-4c77-b621-43389c45b404-4\" data-testid=\"conversation-turn-10\" data-scroll-anchor=\"true\" data-turn=\"assistant\" data-cur=\"cursor\">\n<div class=\"text-base my-auto mx-auto pb-10 [--thread-content-margin:--spacing(4)] thread-sm:[--thread-content-margin:--spacing(6)] thread-lg:[--thread-content-margin:--spacing(16)] px-(--thread-content-margin)\" data-cur=\"cursor\">\n<div class=\"[--thread-content-max-width:40rem] thread-lg:[--thread-content-max-width:48rem] mx-auto max-w-(--thread-content-max-width) flex-1 group\/turn-messages focus-visible:outline-hidden relative flex w-full min-w-0 flex-col agent-turn\" tabindex=\"-1\" data-cur=\"cursor\">\n<div class=\"flex max-w-full flex-col grow\">\n<div class=\"min-h-8 text-message relative flex w-full flex-col items-end gap-2 text-start break-words whitespace-normal [.text-message+&amp;]:mt-1\" dir=\"auto\" data-message-author-role=\"assistant\" data-message-id=\"5d0a245d-bb68-4548-a81a-5833efea2fb6\" data-message-model-slug=\"gpt-5\">\n<div class=\"flex w-full flex-col gap-1 empty:hidden first:pt-[1px]\">\n<div class=\"markdown prose dark:prose-invert w-full break-words dark markdown-new-styling\">\n<p data-start=\"0\" data-end=\"239\" data-is-last-node=\"\" data-is-only-node=\"\" data-cur=\"cursor\">Le rotateur d&rsquo;accessoire pour chariot \u00e9l\u00e9vateur offre une rotation \u00e0 360\u00b0 des conteneurs pour un vidage rapide et efficace, id\u00e9al pour les secteurs de l\u2019agroalimentaire, de l\u2019automobile, de la chimie, du recyclage et du moulage industriel.<\/p>\n<\/div>\n<\/div>\n<\/div>\n<\/div>\n<\/div>\n<\/div>\n<\/article>\n","protected":false},"featured_media":4991,"template":"","meta":{"_monsterinsights_skip_tracking":false,"_monsterinsights_sitenote_active":false,"_monsterinsights_sitenote_note":"","_monsterinsights_sitenote_category":0},"product_cat":[82],"product_tag":[64,37,38,63],"class_list":["post-4989","product","type-product","status-publish","has-post-thumbnail","hentry","product_cat-accessoires-chariot-elevateur","product_tag-fut","product_tag-levage","product_tag-manutention","product_tag-pince"],"acf":[],"yoast_head":"<!-- This site is optimized with the Yoast SEO plugin v22.6 - https:\/\/yoast.com\/wordpress\/plugins\/seo\/ -->\n<title>Rotateur 7RRB30-B002 - INNOVEX Alg\u00e9rie | Manutention<\/title>\n<meta name=\"description\" content=\"Rotateur d&#039;accessoire de chariot \u00e9l\u00e9vateur permet de faire tourner rapidement les conteneurs pour vider leur contenu, rotation 360\" \/>\n<meta name=\"robots\" content=\"index, follow, max-snippet:-1, max-image-preview:large, max-video-preview:-1\" \/>\n<link rel=\"canonical\" href=\"https:\/\/innovexalgerie.com\/manutention\/produit\/rotateur-7rrb30-b002\/\" \/>\n<meta property=\"og:locale\" content=\"fr_FR\" \/>\n<meta property=\"og:type\" content=\"article\" \/>\n<meta property=\"og:title\" content=\"Rotateur 7RRB30-B002 - INNOVEX Alg\u00e9rie | Manutention\" \/>\n<meta property=\"og:description\" content=\"Rotateur d&#039;accessoire de chariot \u00e9l\u00e9vateur permet de faire tourner rapidement les conteneurs pour vider leur contenu, rotation 360\" \/>\n<meta property=\"og:url\" content=\"https:\/\/innovexalgerie.com\/manutention\/produit\/rotateur-7rrb30-b002\/\" \/>\n<meta property=\"og:site_name\" content=\"INNOVEX Alg\u00e9rie | Manutention\" \/>\n<meta property=\"article:modified_time\" content=\"2025-10-22T08:53:02+00:00\" \/>\n<meta property=\"og:image\" content=\"https:\/\/innovexalgerie.com\/manutention\/wp-content\/uploads\/2025\/10\/ROTATEUR-7RRB30-B002.jpg\" \/>\n\t<meta property=\"og:image:width\" content=\"1000\" \/>\n\t<meta property=\"og:image:height\" content=\"1000\" \/>\n\t<meta property=\"og:image:type\" content=\"image\/jpeg\" \/>\n<meta name=\"twitter:card\" content=\"summary_large_image\" \/>\n<meta name=\"twitter:label1\" content=\"Dur\u00e9e de lecture estim\u00e9e\" \/>\n\t<meta name=\"twitter:data1\" content=\"1 minute\" \/>\n<script type=\"application\/ld+json\" class=\"yoast-schema-graph\">{\"@context\":\"https:\/\/schema.org\",\"@graph\":[{\"@type\":\"WebPage\",\"@id\":\"https:\/\/innovexalgerie.com\/manutention\/produit\/rotateur-7rrb30-b002\/\",\"url\":\"https:\/\/innovexalgerie.com\/manutention\/produit\/rotateur-7rrb30-b002\/\",\"name\":\"Rotateur 7RRB30-B002 - INNOVEX Alg\u00e9rie | Manutention\",\"isPartOf\":{\"@id\":\"https:\/\/innovexalgerie.com\/manutention\/#website\"},\"primaryImageOfPage\":{\"@id\":\"https:\/\/innovexalgerie.com\/manutention\/produit\/rotateur-7rrb30-b002\/#primaryimage\"},\"image\":{\"@id\":\"https:\/\/innovexalgerie.com\/manutention\/produit\/rotateur-7rrb30-b002\/#primaryimage\"},\"thumbnailUrl\":\"https:\/\/innovexalgerie.com\/manutention\/wp-content\/uploads\/2025\/10\/ROTATEUR-7RRB30-B002.jpg\",\"datePublished\":\"2025-10-22T07:37:47+00:00\",\"dateModified\":\"2025-10-22T08:53:02+00:00\",\"description\":\"Rotateur d'accessoire de chariot \u00e9l\u00e9vateur permet de faire tourner rapidement les conteneurs pour vider leur contenu, rotation 360\",\"breadcrumb\":{\"@id\":\"https:\/\/innovexalgerie.com\/manutention\/produit\/rotateur-7rrb30-b002\/#breadcrumb\"},\"inLanguage\":\"fr-FR\",\"potentialAction\":[{\"@type\":\"ReadAction\",\"target\":[\"https:\/\/innovexalgerie.com\/manutention\/produit\/rotateur-7rrb30-b002\/\"]}]},{\"@type\":\"ImageObject\",\"inLanguage\":\"fr-FR\",\"@id\":\"https:\/\/innovexalgerie.com\/manutention\/produit\/rotateur-7rrb30-b002\/#primaryimage\",\"url\":\"https:\/\/innovexalgerie.com\/manutention\/wp-content\/uploads\/2025\/10\/ROTATEUR-7RRB30-B002.jpg\",\"contentUrl\":\"https:\/\/innovexalgerie.com\/manutention\/wp-content\/uploads\/2025\/10\/ROTATEUR-7RRB30-B002.jpg\",\"width\":1000,\"height\":1000,\"caption\":\"ROTATEUR CHARIOT ELEV 7RRB25-A010 INNOVEX ALGERIE\"},{\"@type\":\"BreadcrumbList\",\"@id\":\"https:\/\/innovexalgerie.com\/manutention\/produit\/rotateur-7rrb30-b002\/#breadcrumb\",\"itemListElement\":[{\"@type\":\"ListItem\",\"position\":1,\"name\":\"Accueil\",\"item\":\"https:\/\/innovexalgerie.com\/manutention\/\"},{\"@type\":\"ListItem\",\"position\":2,\"name\":\"Boutique\",\"item\":\"https:\/\/innovexalgerie.com\/manutention\/boutique\/\"},{\"@type\":\"ListItem\",\"position\":3,\"name\":\"Rotateur 7RRB30-B002\"}]},{\"@type\":\"WebSite\",\"@id\":\"https:\/\/innovexalgerie.com\/manutention\/#website\",\"url\":\"https:\/\/innovexalgerie.com\/manutention\/\",\"name\":\"INNOVEX Alg\u00e9rie | Manutention\",\"description\":\"Manutention\",\"publisher\":{\"@id\":\"https:\/\/innovexalgerie.com\/manutention\/#organization\"},\"potentialAction\":[{\"@type\":\"SearchAction\",\"target\":{\"@type\":\"EntryPoint\",\"urlTemplate\":\"https:\/\/innovexalgerie.com\/manutention\/?s={search_term_string}\"},\"query-input\":\"required name=search_term_string\"}],\"inLanguage\":\"fr-FR\"},{\"@type\":\"Organization\",\"@id\":\"https:\/\/innovexalgerie.com\/manutention\/#organization\",\"name\":\"INNOVEX Alg\u00e9rie | Manutention\",\"url\":\"https:\/\/innovexalgerie.com\/manutention\/\",\"logo\":{\"@type\":\"ImageObject\",\"inLanguage\":\"fr-FR\",\"@id\":\"https:\/\/innovexalgerie.com\/manutention\/#\/schema\/logo\/image\/\",\"url\":\"https:\/\/innovexalgerie.com\/manutention\/wp-content\/uploads\/2022\/03\/innovex_manutention_logo.svg\",\"contentUrl\":\"https:\/\/innovexalgerie.com\/manutention\/wp-content\/uploads\/2022\/03\/innovex_manutention_logo.svg\",\"width\":133,\"height\":36,\"caption\":\"INNOVEX Alg\u00e9rie | Manutention\"},\"image\":{\"@id\":\"https:\/\/innovexalgerie.com\/manutention\/#\/schema\/logo\/image\/\"}}]}<\/script>\n<!-- \/ Yoast SEO plugin. -->","yoast_head_json":{"title":"Rotateur 7RRB30-B002 - INNOVEX Alg\u00e9rie | Manutention","description":"Rotateur d'accessoire de chariot \u00e9l\u00e9vateur permet de faire tourner rapidement les conteneurs pour vider leur contenu, rotation 360","robots":{"index":"index","follow":"follow","max-snippet":"max-snippet:-1","max-image-preview":"max-image-preview:large","max-video-preview":"max-video-preview:-1"},"canonical":"https:\/\/innovexalgerie.com\/manutention\/produit\/rotateur-7rrb30-b002\/","og_locale":"fr_FR","og_type":"article","og_title":"Rotateur 7RRB30-B002 - INNOVEX Alg\u00e9rie | Manutention","og_description":"Rotateur d'accessoire de chariot \u00e9l\u00e9vateur permet de faire tourner rapidement les conteneurs pour vider leur contenu, rotation 360","og_url":"https:\/\/innovexalgerie.com\/manutention\/produit\/rotateur-7rrb30-b002\/","og_site_name":"INNOVEX Alg\u00e9rie | Manutention","article_modified_time":"2025-10-22T08:53:02+00:00","og_image":[{"width":1000,"height":1000,"url":"https:\/\/innovexalgerie.com\/manutention\/wp-content\/uploads\/2025\/10\/ROTATEUR-7RRB30-B002.jpg","type":"image\/jpeg"}],"twitter_card":"summary_large_image","twitter_misc":{"Dur\u00e9e de lecture estim\u00e9e":"1 minute"},"schema":{"@context":"https:\/\/schema.org","@graph":[{"@type":"WebPage","@id":"https:\/\/innovexalgerie.com\/manutention\/produit\/rotateur-7rrb30-b002\/","url":"https:\/\/innovexalgerie.com\/manutention\/produit\/rotateur-7rrb30-b002\/","name":"Rotateur 7RRB30-B002 - INNOVEX Alg\u00e9rie | Manutention","isPartOf":{"@id":"https:\/\/innovexalgerie.com\/manutention\/#website"},"primaryImageOfPage":{"@id":"https:\/\/innovexalgerie.com\/manutention\/produit\/rotateur-7rrb30-b002\/#primaryimage"},"image":{"@id":"https:\/\/innovexalgerie.com\/manutention\/produit\/rotateur-7rrb30-b002\/#primaryimage"},"thumbnailUrl":"https:\/\/innovexalgerie.com\/manutention\/wp-content\/uploads\/2025\/10\/ROTATEUR-7RRB30-B002.jpg","datePublished":"2025-10-22T07:37:47+00:00","dateModified":"2025-10-22T08:53:02+00:00","description":"Rotateur d'accessoire de chariot \u00e9l\u00e9vateur permet de faire tourner rapidement les conteneurs pour vider leur contenu, rotation 360","breadcrumb":{"@id":"https:\/\/innovexalgerie.com\/manutention\/produit\/rotateur-7rrb30-b002\/#breadcrumb"},"inLanguage":"fr-FR","potentialAction":[{"@type":"ReadAction","target":["https:\/\/innovexalgerie.com\/manutention\/produit\/rotateur-7rrb30-b002\/"]}]},{"@type":"ImageObject","inLanguage":"fr-FR","@id":"https:\/\/innovexalgerie.com\/manutention\/produit\/rotateur-7rrb30-b002\/#primaryimage","url":"https:\/\/innovexalgerie.com\/manutention\/wp-content\/uploads\/2025\/10\/ROTATEUR-7RRB30-B002.jpg","contentUrl":"https:\/\/innovexalgerie.com\/manutention\/wp-content\/uploads\/2025\/10\/ROTATEUR-7RRB30-B002.jpg","width":1000,"height":1000,"caption":"ROTATEUR CHARIOT ELEV 7RRB25-A010 INNOVEX ALGERIE"},{"@type":"BreadcrumbList","@id":"https:\/\/innovexalgerie.com\/manutention\/produit\/rotateur-7rrb30-b002\/#breadcrumb","itemListElement":[{"@type":"ListItem","position":1,"name":"Accueil","item":"https:\/\/innovexalgerie.com\/manutention\/"},{"@type":"ListItem","position":2,"name":"Boutique","item":"https:\/\/innovexalgerie.com\/manutention\/boutique\/"},{"@type":"ListItem","position":3,"name":"Rotateur 7RRB30-B002"}]},{"@type":"WebSite","@id":"https:\/\/innovexalgerie.com\/manutention\/#website","url":"https:\/\/innovexalgerie.com\/manutention\/","name":"INNOVEX Alg\u00e9rie | Manutention","description":"Manutention","publisher":{"@id":"https:\/\/innovexalgerie.com\/manutention\/#organization"},"potentialAction":[{"@type":"SearchAction","target":{"@type":"EntryPoint","urlTemplate":"https:\/\/innovexalgerie.com\/manutention\/?s={search_term_string}"},"query-input":"required name=search_term_string"}],"inLanguage":"fr-FR"},{"@type":"Organization","@id":"https:\/\/innovexalgerie.com\/manutention\/#organization","name":"INNOVEX Alg\u00e9rie | Manutention","url":"https:\/\/innovexalgerie.com\/manutention\/","logo":{"@type":"ImageObject","inLanguage":"fr-FR","@id":"https:\/\/innovexalgerie.com\/manutention\/#\/schema\/logo\/image\/","url":"https:\/\/innovexalgerie.com\/manutention\/wp-content\/uploads\/2022\/03\/innovex_manutention_logo.svg","contentUrl":"https:\/\/innovexalgerie.com\/manutention\/wp-content\/uploads\/2022\/03\/innovex_manutention_logo.svg","width":133,"height":36,"caption":"INNOVEX Alg\u00e9rie | Manutention"},"image":{"@id":"https:\/\/innovexalgerie.com\/manutention\/#\/schema\/logo\/image\/"}}]}},"_links":{"self":[{"href":"https:\/\/innovexalgerie.com\/manutention\/wp-json\/wp\/v2\/product\/4989","targetHints":{"allow":["GET"]}}],"collection":[{"href":"https:\/\/innovexalgerie.com\/manutention\/wp-json\/wp\/v2\/product"}],"about":[{"href":"https:\/\/innovexalgerie.com\/manutention\/wp-json\/wp\/v2\/types\/product"}],"wp:featuredmedia":[{"embeddable":true,"href":"https:\/\/innovexalgerie.com\/manutention\/wp-json\/wp\/v2\/media\/4991"}],"wp:attachment":[{"href":"https:\/\/innovexalgerie.com\/manutention\/wp-json\/wp\/v2\/media?parent=4989"}],"wp:term":[{"taxonomy":"product_cat","embeddable":true,"href":"https:\/\/innovexalgerie.com\/manutention\/wp-json\/wp\/v2\/product_cat?post=4989"},{"taxonomy":"product_tag","embeddable":true,"href":"https:\/\/innovexalgerie.com\/manutention\/wp-json\/wp\/v2\/product_tag?post=4989"}],"curies":[{"name":"wp","href":"https:\/\/api.w.org\/{rel}","templated":true}]}}