{"id":5015,"date":"2025-10-26T08:49:31","date_gmt":"2025-10-26T07:49:31","guid":{"rendered":"https:\/\/innovexalgerie.com\/manutention\/?post_type=product&#038;p=5015"},"modified":"2025-10-26T09:20:37","modified_gmt":"2025-10-26T08:20:37","slug":"pince-a-balle-pour-chariot-elevateur-11bcs20-a201","status":"publish","type":"product","link":"https:\/\/innovexalgerie.com\/manutention\/produit\/pince-a-balle-pour-chariot-elevateur-11bcs20-a201\/","title":{"rendered":"Pince \u00e0 balle pour chariot \u00e9l\u00e9vateur 11BCS20-A201"},"content":{"rendered":"<div class=\"chat-list relative custom-scrollbar-reset-margin custom-scrollbar custom-scrollbar-hidden pb-9 flex-1 overflow-y-auto\">\n<div class=\"mx-auto max-w-[790px]\">\n<div class=\"message-item-outer relative px-3\" data-id=\"fb61c22d-10b8-4183-8c60-d416ca19dac4\">\n<div class=\"content-area pl-[26px]\">\n<div class=\"message-item select-text relative\">\n<div class=\"message-inner relative\">\n<div class=\"py-[2px]\">\n<div class=\"flex flex-col gap-2\">\n<div class=\"answer-markdown-box overflow-x-auto select-text custom-scrollbar\">\n<div class=\"markdown-body\">\n<p style=\"text-align: left;\" data-cur=\"cursor\">Pince \u00e0 balles textiles pour chariot \u00e9l\u00e9vateur <strong>11BCS20-A201,<\/strong>\u00a0sp\u00e9cialement con\u00e7ue pour la manutention de balles de papier, de textile, de plastique et autres mat\u00e9riaux. Id\u00e9ale pour les op\u00e9rations sans palette dans les secteurs de la papeterie, des fibres chimiques, des ateliers, des entrep\u00f4ts et des ports, elle offre une solution efficace et s\u00fbre pour le transport et le stockage.<\/p>\n<ul>\n<li style=\"text-align: left;\">Fabriqu\u00e9 en acier et peut supporter jusqu&rsquo;\u00e0 2000kg de poids et une plage d&rsquo;ouverture de 550 \u00e0 2000mm.<\/li>\n<li style=\"text-align: left;\">Syst\u00e8me Hydraulique Int\u00e9gr\u00e9: Permet un contr\u00f4le pr\u00e9cis de l&rsquo;ouverture et de la fermeture des bras.<\/li>\n<li style=\"text-align: left;\">L&rsquo;accrochage de cet accessoire correspond au norme ISO 2A, il est pratiquement adaptable au chariots de capacit\u00e9 de 1100 au 2500kg.<\/li>\n<li style=\"text-align: left;\">Augmente la productivit\u00e9 en permettant la manipulation rapide et s\u00e9curis\u00e9e des balles sans besoin de repositionner le chariot \u00e9l\u00e9vateur.<\/li>\n<li style=\"text-align: left;\">Adapt\u00e9 aux op\u00e9rations de manutention et de stockage sans palette dans les industries de la papeterie, des fibres chimiques,des ateliers, des ports et d\u2019autres secteurs.<\/li>\n<\/ul>\n<\/div>\n<\/div>\n<\/div>\n<\/div>\n<\/div>\n<\/div>\n<\/div>\n<\/div>\n<\/div>\n<\/div>\n","protected":false},"excerpt":{"rendered":"<article class=\"text-token-text-primary w-full focus:outline-none [--shadow-height:45px] has-data-writing-block:pointer-events-none has-data-writing-block:-mt-(--shadow-height) has-data-writing-block:pt-(--shadow-height) [&amp;:has([data-writing-block])&gt;*]:pointer-events-auto scroll-mt-[calc(var(--header-height)+min(200px,max(70px,20svh)))]\" dir=\"auto\" tabindex=\"-1\" data-turn-id=\"request-WEB:dad22f6c-45c0-49aa-a837-f40b7cf59d4e-4\" data-testid=\"conversation-turn-8\" data-scroll-anchor=\"true\" data-turn=\"assistant\" data-cur=\"cursor\">\n<div class=\"text-base my-auto mx-auto pb-10 [--thread-content-margin:--spacing(4)] thread-sm:[--thread-content-margin:--spacing(6)] thread-lg:[--thread-content-margin:--spacing(16)] px-(--thread-content-margin)\" data-cur=\"cursor\">\n<div class=\"[--thread-content-max-width:40rem] thread-lg:[--thread-content-max-width:48rem] mx-auto max-w-(--thread-content-max-width) flex-1 group\/turn-messages focus-visible:outline-hidden relative flex w-full min-w-0 flex-col agent-turn\" tabindex=\"-1\" data-cur=\"cursor\">\n<div class=\"flex max-w-full flex-col grow\">\n<div class=\"min-h-8 text-message relative flex w-full flex-col items-end gap-2 text-start break-words whitespace-normal [.text-message+&amp;]:mt-1\" dir=\"auto\" data-message-author-role=\"assistant\" data-message-id=\"9527d2ee-2bb2-4034-91af-6d5ce87da593\" data-message-model-slug=\"gpt-5\">\n<div class=\"flex w-full flex-col gap-1 empty:hidden first:pt-[1px]\">\n<div class=\"markdown prose dark:prose-invert w-full break-words dark markdown-new-styling\">\n<p data-start=\"0\" data-end=\"164\" data-is-last-node=\"\" data-is-only-node=\"\" data-cur=\"cursor\">Pince \u00e0 balles pour chariot \u00e9l\u00e9vateur, con\u00e7ue pour manipuler papier, textile ou plastique, id\u00e9ale pour les op\u00e9rations sans palette dans divers secteurs industriels.<\/p>\n<\/div>\n<\/div>\n<\/div>\n<\/div>\n<\/div>\n<\/div>\n<\/article>\n","protected":false},"featured_media":5021,"template":"","meta":{"_monsterinsights_skip_tracking":false,"_monsterinsights_sitenote_active":false,"_monsterinsights_sitenote_note":"","_monsterinsights_sitenote_category":0},"product_cat":[82],"product_tag":[37,38,118,63,113,112,119],"class_list":["post-5015","product","type-product","status-publish","has-post-thumbnail","hentry","product_cat-accessoires-chariot-elevateur","product_tag-levage","product_tag-manutention","product_tag-palette-de-carton","product_tag-pince","product_tag-pince-a-balle","product_tag-pince-pour-carton","product_tag-pince-pour-chariot-elevateur"],"acf":[],"yoast_head":"<!-- This site is optimized with the Yoast SEO plugin v22.6 - https:\/\/yoast.com\/wordpress\/plugins\/seo\/ -->\n<title>Pince \u00e0 balle pour chariot \u00e9l\u00e9vateur 11BCS20-A201 - INNOVEX Alg\u00e9rie | Manutention<\/title>\n<meta name=\"description\" content=\"Pince \u00e0 balles pour chariot \u00e9l\u00e9vateur, con\u00e7ue pour manipuler papier, textile ou plastique, id\u00e9ale pour les op\u00e9rations sans palette dans divers secteurs.\" \/>\n<meta name=\"robots\" content=\"index, follow, max-snippet:-1, max-image-preview:large, max-video-preview:-1\" \/>\n<link rel=\"canonical\" href=\"https:\/\/innovexalgerie.com\/manutention\/produit\/pince-a-balle-pour-chariot-elevateur-11bcs20-a201\/\" \/>\n<meta property=\"og:locale\" content=\"fr_FR\" \/>\n<meta property=\"og:type\" content=\"article\" \/>\n<meta property=\"og:title\" content=\"Pince \u00e0 balle pour chariot \u00e9l\u00e9vateur 11BCS20-A201 - INNOVEX Alg\u00e9rie | Manutention\" \/>\n<meta property=\"og:description\" content=\"Pince \u00e0 balles pour chariot \u00e9l\u00e9vateur, con\u00e7ue pour manipuler papier, textile ou plastique, id\u00e9ale pour les op\u00e9rations sans palette dans divers secteurs.\" \/>\n<meta property=\"og:url\" content=\"https:\/\/innovexalgerie.com\/manutention\/produit\/pince-a-balle-pour-chariot-elevateur-11bcs20-a201\/\" \/>\n<meta property=\"og:site_name\" content=\"INNOVEX Alg\u00e9rie | Manutention\" \/>\n<meta property=\"article:modified_time\" content=\"2025-10-26T08:20:37+00:00\" \/>\n<meta property=\"og:image\" content=\"https:\/\/innovexalgerie.com\/manutention\/wp-content\/uploads\/2025\/10\/Pince-a-balle-pour-chariot-11BCS20-A201.jpg\" \/>\n\t<meta property=\"og:image:width\" content=\"1000\" \/>\n\t<meta property=\"og:image:height\" content=\"1000\" \/>\n\t<meta property=\"og:image:type\" content=\"image\/jpeg\" \/>\n<meta name=\"twitter:card\" content=\"summary_large_image\" \/>\n<meta name=\"twitter:label1\" content=\"Dur\u00e9e de lecture estim\u00e9e\" \/>\n\t<meta name=\"twitter:data1\" content=\"2 minutes\" \/>\n<script type=\"application\/ld+json\" class=\"yoast-schema-graph\">{\"@context\":\"https:\/\/schema.org\",\"@graph\":[{\"@type\":\"WebPage\",\"@id\":\"https:\/\/innovexalgerie.com\/manutention\/produit\/pince-a-balle-pour-chariot-elevateur-11bcs20-a201\/\",\"url\":\"https:\/\/innovexalgerie.com\/manutention\/produit\/pince-a-balle-pour-chariot-elevateur-11bcs20-a201\/\",\"name\":\"Pince \u00e0 balle pour chariot \u00e9l\u00e9vateur 11BCS20-A201 - INNOVEX Alg\u00e9rie | Manutention\",\"isPartOf\":{\"@id\":\"https:\/\/innovexalgerie.com\/manutention\/#website\"},\"primaryImageOfPage\":{\"@id\":\"https:\/\/innovexalgerie.com\/manutention\/produit\/pince-a-balle-pour-chariot-elevateur-11bcs20-a201\/#primaryimage\"},\"image\":{\"@id\":\"https:\/\/innovexalgerie.com\/manutention\/produit\/pince-a-balle-pour-chariot-elevateur-11bcs20-a201\/#primaryimage\"},\"thumbnailUrl\":\"https:\/\/innovexalgerie.com\/manutention\/wp-content\/uploads\/2025\/10\/Pince-a-balle-pour-chariot-11BCS20-A201.jpg\",\"datePublished\":\"2025-10-26T07:49:31+00:00\",\"dateModified\":\"2025-10-26T08:20:37+00:00\",\"description\":\"Pince \u00e0 balles pour chariot \u00e9l\u00e9vateur, con\u00e7ue pour manipuler papier, textile ou plastique, id\u00e9ale pour les op\u00e9rations sans palette dans divers secteurs.\",\"breadcrumb\":{\"@id\":\"https:\/\/innovexalgerie.com\/manutention\/produit\/pince-a-balle-pour-chariot-elevateur-11bcs20-a201\/#breadcrumb\"},\"inLanguage\":\"fr-FR\",\"potentialAction\":[{\"@type\":\"ReadAction\",\"target\":[\"https:\/\/innovexalgerie.com\/manutention\/produit\/pince-a-balle-pour-chariot-elevateur-11bcs20-a201\/\"]}]},{\"@type\":\"ImageObject\",\"inLanguage\":\"fr-FR\",\"@id\":\"https:\/\/innovexalgerie.com\/manutention\/produit\/pince-a-balle-pour-chariot-elevateur-11bcs20-a201\/#primaryimage\",\"url\":\"https:\/\/innovexalgerie.com\/manutention\/wp-content\/uploads\/2025\/10\/Pince-a-balle-pour-chariot-11BCS20-A201.jpg\",\"contentUrl\":\"https:\/\/innovexalgerie.com\/manutention\/wp-content\/uploads\/2025\/10\/Pince-a-balle-pour-chariot-11BCS20-A201.jpg\",\"width\":1000,\"height\":1000,\"caption\":\"Pince a balle pour chariot elev 11BCS20-A201\"},{\"@type\":\"BreadcrumbList\",\"@id\":\"https:\/\/innovexalgerie.com\/manutention\/produit\/pince-a-balle-pour-chariot-elevateur-11bcs20-a201\/#breadcrumb\",\"itemListElement\":[{\"@type\":\"ListItem\",\"position\":1,\"name\":\"Accueil\",\"item\":\"https:\/\/innovexalgerie.com\/manutention\/\"},{\"@type\":\"ListItem\",\"position\":2,\"name\":\"Boutique\",\"item\":\"https:\/\/innovexalgerie.com\/manutention\/boutique\/\"},{\"@type\":\"ListItem\",\"position\":3,\"name\":\"Pince \u00e0 balle pour chariot \u00e9l\u00e9vateur 11BCS20-A201\"}]},{\"@type\":\"WebSite\",\"@id\":\"https:\/\/innovexalgerie.com\/manutention\/#website\",\"url\":\"https:\/\/innovexalgerie.com\/manutention\/\",\"name\":\"INNOVEX Alg\u00e9rie | Manutention\",\"description\":\"Manutention\",\"publisher\":{\"@id\":\"https:\/\/innovexalgerie.com\/manutention\/#organization\"},\"potentialAction\":[{\"@type\":\"SearchAction\",\"target\":{\"@type\":\"EntryPoint\",\"urlTemplate\":\"https:\/\/innovexalgerie.com\/manutention\/?s={search_term_string}\"},\"query-input\":\"required name=search_term_string\"}],\"inLanguage\":\"fr-FR\"},{\"@type\":\"Organization\",\"@id\":\"https:\/\/innovexalgerie.com\/manutention\/#organization\",\"name\":\"INNOVEX Alg\u00e9rie | Manutention\",\"url\":\"https:\/\/innovexalgerie.com\/manutention\/\",\"logo\":{\"@type\":\"ImageObject\",\"inLanguage\":\"fr-FR\",\"@id\":\"https:\/\/innovexalgerie.com\/manutention\/#\/schema\/logo\/image\/\",\"url\":\"https:\/\/innovexalgerie.com\/manutention\/wp-content\/uploads\/2022\/03\/innovex_manutention_logo.svg\",\"contentUrl\":\"https:\/\/innovexalgerie.com\/manutention\/wp-content\/uploads\/2022\/03\/innovex_manutention_logo.svg\",\"width\":133,\"height\":36,\"caption\":\"INNOVEX Alg\u00e9rie | Manutention\"},\"image\":{\"@id\":\"https:\/\/innovexalgerie.com\/manutention\/#\/schema\/logo\/image\/\"}}]}<\/script>\n<!-- \/ Yoast SEO plugin. -->","yoast_head_json":{"title":"Pince \u00e0 balle pour chariot \u00e9l\u00e9vateur 11BCS20-A201 - INNOVEX Alg\u00e9rie | Manutention","description":"Pince \u00e0 balles pour chariot \u00e9l\u00e9vateur, con\u00e7ue pour manipuler papier, textile ou plastique, id\u00e9ale pour les op\u00e9rations sans palette dans divers secteurs.","robots":{"index":"index","follow":"follow","max-snippet":"max-snippet:-1","max-image-preview":"max-image-preview:large","max-video-preview":"max-video-preview:-1"},"canonical":"https:\/\/innovexalgerie.com\/manutention\/produit\/pince-a-balle-pour-chariot-elevateur-11bcs20-a201\/","og_locale":"fr_FR","og_type":"article","og_title":"Pince \u00e0 balle pour chariot \u00e9l\u00e9vateur 11BCS20-A201 - INNOVEX Alg\u00e9rie | Manutention","og_description":"Pince \u00e0 balles pour chariot \u00e9l\u00e9vateur, con\u00e7ue pour manipuler papier, textile ou plastique, id\u00e9ale pour les op\u00e9rations sans palette dans divers secteurs.","og_url":"https:\/\/innovexalgerie.com\/manutention\/produit\/pince-a-balle-pour-chariot-elevateur-11bcs20-a201\/","og_site_name":"INNOVEX Alg\u00e9rie | Manutention","article_modified_time":"2025-10-26T08:20:37+00:00","og_image":[{"width":1000,"height":1000,"url":"https:\/\/innovexalgerie.com\/manutention\/wp-content\/uploads\/2025\/10\/Pince-a-balle-pour-chariot-11BCS20-A201.jpg","type":"image\/jpeg"}],"twitter_card":"summary_large_image","twitter_misc":{"Dur\u00e9e de lecture estim\u00e9e":"2 minutes"},"schema":{"@context":"https:\/\/schema.org","@graph":[{"@type":"WebPage","@id":"https:\/\/innovexalgerie.com\/manutention\/produit\/pince-a-balle-pour-chariot-elevateur-11bcs20-a201\/","url":"https:\/\/innovexalgerie.com\/manutention\/produit\/pince-a-balle-pour-chariot-elevateur-11bcs20-a201\/","name":"Pince \u00e0 balle pour chariot \u00e9l\u00e9vateur 11BCS20-A201 - INNOVEX Alg\u00e9rie | Manutention","isPartOf":{"@id":"https:\/\/innovexalgerie.com\/manutention\/#website"},"primaryImageOfPage":{"@id":"https:\/\/innovexalgerie.com\/manutention\/produit\/pince-a-balle-pour-chariot-elevateur-11bcs20-a201\/#primaryimage"},"image":{"@id":"https:\/\/innovexalgerie.com\/manutention\/produit\/pince-a-balle-pour-chariot-elevateur-11bcs20-a201\/#primaryimage"},"thumbnailUrl":"https:\/\/innovexalgerie.com\/manutention\/wp-content\/uploads\/2025\/10\/Pince-a-balle-pour-chariot-11BCS20-A201.jpg","datePublished":"2025-10-26T07:49:31+00:00","dateModified":"2025-10-26T08:20:37+00:00","description":"Pince \u00e0 balles pour chariot \u00e9l\u00e9vateur, con\u00e7ue pour manipuler papier, textile ou plastique, id\u00e9ale pour les op\u00e9rations sans palette dans divers secteurs.","breadcrumb":{"@id":"https:\/\/innovexalgerie.com\/manutention\/produit\/pince-a-balle-pour-chariot-elevateur-11bcs20-a201\/#breadcrumb"},"inLanguage":"fr-FR","potentialAction":[{"@type":"ReadAction","target":["https:\/\/innovexalgerie.com\/manutention\/produit\/pince-a-balle-pour-chariot-elevateur-11bcs20-a201\/"]}]},{"@type":"ImageObject","inLanguage":"fr-FR","@id":"https:\/\/innovexalgerie.com\/manutention\/produit\/pince-a-balle-pour-chariot-elevateur-11bcs20-a201\/#primaryimage","url":"https:\/\/innovexalgerie.com\/manutention\/wp-content\/uploads\/2025\/10\/Pince-a-balle-pour-chariot-11BCS20-A201.jpg","contentUrl":"https:\/\/innovexalgerie.com\/manutention\/wp-content\/uploads\/2025\/10\/Pince-a-balle-pour-chariot-11BCS20-A201.jpg","width":1000,"height":1000,"caption":"Pince a balle pour chariot elev 11BCS20-A201"},{"@type":"BreadcrumbList","@id":"https:\/\/innovexalgerie.com\/manutention\/produit\/pince-a-balle-pour-chariot-elevateur-11bcs20-a201\/#breadcrumb","itemListElement":[{"@type":"ListItem","position":1,"name":"Accueil","item":"https:\/\/innovexalgerie.com\/manutention\/"},{"@type":"ListItem","position":2,"name":"Boutique","item":"https:\/\/innovexalgerie.com\/manutention\/boutique\/"},{"@type":"ListItem","position":3,"name":"Pince \u00e0 balle pour chariot \u00e9l\u00e9vateur 11BCS20-A201"}]},{"@type":"WebSite","@id":"https:\/\/innovexalgerie.com\/manutention\/#website","url":"https:\/\/innovexalgerie.com\/manutention\/","name":"INNOVEX Alg\u00e9rie | Manutention","description":"Manutention","publisher":{"@id":"https:\/\/innovexalgerie.com\/manutention\/#organization"},"potentialAction":[{"@type":"SearchAction","target":{"@type":"EntryPoint","urlTemplate":"https:\/\/innovexalgerie.com\/manutention\/?s={search_term_string}"},"query-input":"required name=search_term_string"}],"inLanguage":"fr-FR"},{"@type":"Organization","@id":"https:\/\/innovexalgerie.com\/manutention\/#organization","name":"INNOVEX Alg\u00e9rie | Manutention","url":"https:\/\/innovexalgerie.com\/manutention\/","logo":{"@type":"ImageObject","inLanguage":"fr-FR","@id":"https:\/\/innovexalgerie.com\/manutention\/#\/schema\/logo\/image\/","url":"https:\/\/innovexalgerie.com\/manutention\/wp-content\/uploads\/2022\/03\/innovex_manutention_logo.svg","contentUrl":"https:\/\/innovexalgerie.com\/manutention\/wp-content\/uploads\/2022\/03\/innovex_manutention_logo.svg","width":133,"height":36,"caption":"INNOVEX Alg\u00e9rie | Manutention"},"image":{"@id":"https:\/\/innovexalgerie.com\/manutention\/#\/schema\/logo\/image\/"}}]}},"_links":{"self":[{"href":"https:\/\/innovexalgerie.com\/manutention\/wp-json\/wp\/v2\/product\/5015","targetHints":{"allow":["GET"]}}],"collection":[{"href":"https:\/\/innovexalgerie.com\/manutention\/wp-json\/wp\/v2\/product"}],"about":[{"href":"https:\/\/innovexalgerie.com\/manutention\/wp-json\/wp\/v2\/types\/product"}],"wp:featuredmedia":[{"embeddable":true,"href":"https:\/\/innovexalgerie.com\/manutention\/wp-json\/wp\/v2\/media\/5021"}],"wp:attachment":[{"href":"https:\/\/innovexalgerie.com\/manutention\/wp-json\/wp\/v2\/media?parent=5015"}],"wp:term":[{"taxonomy":"product_cat","embeddable":true,"href":"https:\/\/innovexalgerie.com\/manutention\/wp-json\/wp\/v2\/product_cat?post=5015"},{"taxonomy":"product_tag","embeddable":true,"href":"https:\/\/innovexalgerie.com\/manutention\/wp-json\/wp\/v2\/product_tag?post=5015"}],"curies":[{"name":"wp","href":"https:\/\/api.w.org\/{rel}","templated":true}]}}