{"id":5120,"date":"2025-12-08T11:34:56","date_gmt":"2025-12-08T10:34:56","guid":{"rendered":"https:\/\/innovexalgerie.com\/manutention\/?post_type=product&#038;p=5120"},"modified":"2026-04-15T12:57:51","modified_gmt":"2026-04-15T11:57:51","slug":"le-bac-de-retention-scp-b5-150-pour-2-futs","status":"publish","type":"product","link":"https:\/\/innovexalgerie.com\/manutention\/produit\/le-bac-de-retention-scp-b5-150-pour-2-futs\/","title":{"rendered":"Bac de r\u00e9tention SCP-B5-150"},"content":{"rendered":"<p style=\"text-align: left;\" data-start=\"73\" data-end=\"399\" data-cur=\"cursor\">Le bac de r\u00e9tention <strong>SCP-B5-150<\/strong> pour 2 f\u00fbts offre une solution s\u00e9curis\u00e9e et fiable pour le stockage de liquides dangereux, avec une capacit\u00e9 de 150 litres, il permet de contenir efficacement les fuites et d\u00e9versements, assurant ainsi une protection optimale de vos installations et une meilleure s\u00e9curit\u00e9 sur vos zones de travail.<\/p>\n<ul style=\"text-align: left;\">\n<li data-start=\"73\" data-end=\"399\" data-cur=\"cursor\">Con\u00e7u pour assurer une protection optimale de vos installations et renforcer<br \/>\nla s\u00e9curit\u00e9 des zones de travail.<\/li>\n<li data-start=\"73\" data-end=\"399\" data-cur=\"cursor\">Il contribue \u00e9galement au respect de l\u2019environnement.<\/li>\n<li data-start=\"73\" data-end=\"399\" data-cur=\"cursor\">Robuste et r\u00e9sistante aux produits chimiques gr\u00e2ce \u00e0 sa fabrication en poly\u00e9thyl\u00e8ne haute densit\u00e9.<\/li>\n<li data-start=\"73\" data-end=\"399\" data-cur=\"cursor\">Il est \u00e9quip\u00e9e de poches pour chariot \u00e9l\u00e9vateur pour un d\u00e9placement facile.<\/li>\n<li data-start=\"73\" data-end=\"399\" data-cur=\"cursor\">Il est \u00e9quip\u00e9 d\u2019une grille d\u2019\u00e9gouttement, facilitant le nettoyage et garantissant la stabilit\u00e9 des f\u00fbts.<\/li>\n<li data-start=\"73\" data-end=\"399\" data-cur=\"cursor\">Id\u00e9ale pour les environnements industriels.<\/li>\n<\/ul>\n<p style=\"text-align: left;\" data-start=\"401\" data-end=\"713\" data-cur=\"cursor\">\n","protected":false},"excerpt":{"rendered":"<p>Bac de r\u00e9tention pour 2 f\u00fbts offre une solution s\u00e9curis\u00e9e pour le stockage de liquides dangereux. Il retient efficacement les fuites et les d\u00e9versements, avec une capacit\u00e9 de 150 litres.<\/p>\n","protected":false},"featured_media":5123,"template":"","meta":{"_monsterinsights_skip_tracking":false,"_monsterinsights_sitenote_active":false,"_monsterinsights_sitenote_note":"","_monsterinsights_sitenote_category":0},"product_cat":[74,34],"product_tag":[],"class_list":["post-5120","product","type-product","status-publish","has-post-thumbnail","hentry","product_cat-support-de-stockage-de-fut","product_cat-manutention-des-futs"],"acf":[],"yoast_head":"<!-- This site is optimized with the Yoast SEO plugin v22.6 - https:\/\/yoast.com\/wordpress\/plugins\/seo\/ -->\n<title>Bac de r\u00e9tention SCP-B5-150 - INNOVEX Alg\u00e9rie | Manutention<\/title>\n<meta name=\"robots\" content=\"index, follow, max-snippet:-1, max-image-preview:large, max-video-preview:-1\" \/>\n<link rel=\"canonical\" href=\"https:\/\/innovexalgerie.com\/manutention\/produit\/le-bac-de-retention-scp-b5-150-pour-2-futs\/\" \/>\n<meta property=\"og:locale\" content=\"fr_FR\" \/>\n<meta property=\"og:type\" content=\"article\" \/>\n<meta property=\"og:title\" content=\"Bac de r\u00e9tention SCP-B5-150 - INNOVEX Alg\u00e9rie | Manutention\" \/>\n<meta property=\"og:description\" content=\"Bac de r\u00e9tention pour 2 f\u00fbts offre une solution s\u00e9curis\u00e9e pour le stockage de liquides dangereux. Il retient efficacement les fuites et les d\u00e9versements, avec une capacit\u00e9 de 150 litres.\" \/>\n<meta property=\"og:url\" content=\"https:\/\/innovexalgerie.com\/manutention\/produit\/le-bac-de-retention-scp-b5-150-pour-2-futs\/\" \/>\n<meta property=\"og:site_name\" content=\"INNOVEX Alg\u00e9rie | Manutention\" \/>\n<meta property=\"article:modified_time\" content=\"2026-04-15T11:57:51+00:00\" \/>\n<meta property=\"og:image\" content=\"https:\/\/innovexalgerie.com\/manutention\/wp-content\/uploads\/2024\/03\/4.png\" \/>\n\t<meta property=\"og:image:width\" content=\"1000\" \/>\n\t<meta property=\"og:image:height\" content=\"1000\" \/>\n\t<meta property=\"og:image:type\" content=\"image\/png\" \/>\n<meta name=\"twitter:card\" content=\"summary_large_image\" \/>\n<meta name=\"twitter:label1\" content=\"Dur\u00e9e de lecture estim\u00e9e\" \/>\n\t<meta name=\"twitter:data1\" content=\"1 minute\" \/>\n<script type=\"application\/ld+json\" class=\"yoast-schema-graph\">{\"@context\":\"https:\/\/schema.org\",\"@graph\":[{\"@type\":\"WebPage\",\"@id\":\"https:\/\/innovexalgerie.com\/manutention\/produit\/le-bac-de-retention-scp-b5-150-pour-2-futs\/\",\"url\":\"https:\/\/innovexalgerie.com\/manutention\/produit\/le-bac-de-retention-scp-b5-150-pour-2-futs\/\",\"name\":\"Bac de r\u00e9tention SCP-B5-150 - INNOVEX Alg\u00e9rie | Manutention\",\"isPartOf\":{\"@id\":\"https:\/\/innovexalgerie.com\/manutention\/#website\"},\"primaryImageOfPage\":{\"@id\":\"https:\/\/innovexalgerie.com\/manutention\/produit\/le-bac-de-retention-scp-b5-150-pour-2-futs\/#primaryimage\"},\"image\":{\"@id\":\"https:\/\/innovexalgerie.com\/manutention\/produit\/le-bac-de-retention-scp-b5-150-pour-2-futs\/#primaryimage\"},\"thumbnailUrl\":\"https:\/\/innovexalgerie.com\/manutention\/wp-content\/uploads\/2025\/12\/Bac-de-retention-SCP-B5-150-innovex-alegerie.png\",\"datePublished\":\"2025-12-08T10:34:56+00:00\",\"dateModified\":\"2026-04-15T11:57:51+00:00\",\"breadcrumb\":{\"@id\":\"https:\/\/innovexalgerie.com\/manutention\/produit\/le-bac-de-retention-scp-b5-150-pour-2-futs\/#breadcrumb\"},\"inLanguage\":\"fr-FR\",\"potentialAction\":[{\"@type\":\"ReadAction\",\"target\":[\"https:\/\/innovexalgerie.com\/manutention\/produit\/le-bac-de-retention-scp-b5-150-pour-2-futs\/\"]}]},{\"@type\":\"ImageObject\",\"inLanguage\":\"fr-FR\",\"@id\":\"https:\/\/innovexalgerie.com\/manutention\/produit\/le-bac-de-retention-scp-b5-150-pour-2-futs\/#primaryimage\",\"url\":\"https:\/\/innovexalgerie.com\/manutention\/wp-content\/uploads\/2025\/12\/Bac-de-retention-SCP-B5-150-innovex-alegerie.png\",\"contentUrl\":\"https:\/\/innovexalgerie.com\/manutention\/wp-content\/uploads\/2025\/12\/Bac-de-retention-SCP-B5-150-innovex-alegerie.png\",\"width\":1000,\"height\":1000,\"caption\":\"Bac de r\u00e9tention SCPB5150 innovex algerie\"},{\"@type\":\"BreadcrumbList\",\"@id\":\"https:\/\/innovexalgerie.com\/manutention\/produit\/le-bac-de-retention-scp-b5-150-pour-2-futs\/#breadcrumb\",\"itemListElement\":[{\"@type\":\"ListItem\",\"position\":1,\"name\":\"Accueil\",\"item\":\"https:\/\/innovexalgerie.com\/manutention\/\"},{\"@type\":\"ListItem\",\"position\":2,\"name\":\"Boutique\",\"item\":\"https:\/\/innovexalgerie.com\/manutention\/boutique\/\"},{\"@type\":\"ListItem\",\"position\":3,\"name\":\"Bac de r\u00e9tention SCP-B5-150\"}]},{\"@type\":\"WebSite\",\"@id\":\"https:\/\/innovexalgerie.com\/manutention\/#website\",\"url\":\"https:\/\/innovexalgerie.com\/manutention\/\",\"name\":\"INNOVEX Alg\u00e9rie | Manutention\",\"description\":\"Manutention\",\"publisher\":{\"@id\":\"https:\/\/innovexalgerie.com\/manutention\/#organization\"},\"potentialAction\":[{\"@type\":\"SearchAction\",\"target\":{\"@type\":\"EntryPoint\",\"urlTemplate\":\"https:\/\/innovexalgerie.com\/manutention\/?s={search_term_string}\"},\"query-input\":\"required name=search_term_string\"}],\"inLanguage\":\"fr-FR\"},{\"@type\":\"Organization\",\"@id\":\"https:\/\/innovexalgerie.com\/manutention\/#organization\",\"name\":\"INNOVEX Alg\u00e9rie | Manutention\",\"url\":\"https:\/\/innovexalgerie.com\/manutention\/\",\"logo\":{\"@type\":\"ImageObject\",\"inLanguage\":\"fr-FR\",\"@id\":\"https:\/\/innovexalgerie.com\/manutention\/#\/schema\/logo\/image\/\",\"url\":\"https:\/\/innovexalgerie.com\/manutention\/wp-content\/uploads\/2022\/03\/innovex_manutention_logo.svg\",\"contentUrl\":\"https:\/\/innovexalgerie.com\/manutention\/wp-content\/uploads\/2022\/03\/innovex_manutention_logo.svg\",\"width\":133,\"height\":36,\"caption\":\"INNOVEX Alg\u00e9rie | Manutention\"},\"image\":{\"@id\":\"https:\/\/innovexalgerie.com\/manutention\/#\/schema\/logo\/image\/\"}}]}<\/script>\n<!-- \/ Yoast SEO plugin. -->","yoast_head_json":{"title":"Bac de r\u00e9tention SCP-B5-150 - INNOVEX Alg\u00e9rie | Manutention","robots":{"index":"index","follow":"follow","max-snippet":"max-snippet:-1","max-image-preview":"max-image-preview:large","max-video-preview":"max-video-preview:-1"},"canonical":"https:\/\/innovexalgerie.com\/manutention\/produit\/le-bac-de-retention-scp-b5-150-pour-2-futs\/","og_locale":"fr_FR","og_type":"article","og_title":"Bac de r\u00e9tention SCP-B5-150 - INNOVEX Alg\u00e9rie | Manutention","og_description":"Bac de r\u00e9tention pour 2 f\u00fbts offre une solution s\u00e9curis\u00e9e pour le stockage de liquides dangereux. Il retient efficacement les fuites et les d\u00e9versements, avec une capacit\u00e9 de 150 litres.","og_url":"https:\/\/innovexalgerie.com\/manutention\/produit\/le-bac-de-retention-scp-b5-150-pour-2-futs\/","og_site_name":"INNOVEX Alg\u00e9rie | Manutention","article_modified_time":"2026-04-15T11:57:51+00:00","og_image":[{"width":1000,"height":1000,"url":"https:\/\/innovexalgerie.com\/manutention\/wp-content\/uploads\/2024\/03\/4.png","type":"image\/png"}],"twitter_card":"summary_large_image","twitter_misc":{"Dur\u00e9e de lecture estim\u00e9e":"1 minute"},"schema":{"@context":"https:\/\/schema.org","@graph":[{"@type":"WebPage","@id":"https:\/\/innovexalgerie.com\/manutention\/produit\/le-bac-de-retention-scp-b5-150-pour-2-futs\/","url":"https:\/\/innovexalgerie.com\/manutention\/produit\/le-bac-de-retention-scp-b5-150-pour-2-futs\/","name":"Bac de r\u00e9tention SCP-B5-150 - INNOVEX Alg\u00e9rie | Manutention","isPartOf":{"@id":"https:\/\/innovexalgerie.com\/manutention\/#website"},"primaryImageOfPage":{"@id":"https:\/\/innovexalgerie.com\/manutention\/produit\/le-bac-de-retention-scp-b5-150-pour-2-futs\/#primaryimage"},"image":{"@id":"https:\/\/innovexalgerie.com\/manutention\/produit\/le-bac-de-retention-scp-b5-150-pour-2-futs\/#primaryimage"},"thumbnailUrl":"https:\/\/innovexalgerie.com\/manutention\/wp-content\/uploads\/2025\/12\/Bac-de-retention-SCP-B5-150-innovex-alegerie.png","datePublished":"2025-12-08T10:34:56+00:00","dateModified":"2026-04-15T11:57:51+00:00","breadcrumb":{"@id":"https:\/\/innovexalgerie.com\/manutention\/produit\/le-bac-de-retention-scp-b5-150-pour-2-futs\/#breadcrumb"},"inLanguage":"fr-FR","potentialAction":[{"@type":"ReadAction","target":["https:\/\/innovexalgerie.com\/manutention\/produit\/le-bac-de-retention-scp-b5-150-pour-2-futs\/"]}]},{"@type":"ImageObject","inLanguage":"fr-FR","@id":"https:\/\/innovexalgerie.com\/manutention\/produit\/le-bac-de-retention-scp-b5-150-pour-2-futs\/#primaryimage","url":"https:\/\/innovexalgerie.com\/manutention\/wp-content\/uploads\/2025\/12\/Bac-de-retention-SCP-B5-150-innovex-alegerie.png","contentUrl":"https:\/\/innovexalgerie.com\/manutention\/wp-content\/uploads\/2025\/12\/Bac-de-retention-SCP-B5-150-innovex-alegerie.png","width":1000,"height":1000,"caption":"Bac de r\u00e9tention SCPB5150 innovex algerie"},{"@type":"BreadcrumbList","@id":"https:\/\/innovexalgerie.com\/manutention\/produit\/le-bac-de-retention-scp-b5-150-pour-2-futs\/#breadcrumb","itemListElement":[{"@type":"ListItem","position":1,"name":"Accueil","item":"https:\/\/innovexalgerie.com\/manutention\/"},{"@type":"ListItem","position":2,"name":"Boutique","item":"https:\/\/innovexalgerie.com\/manutention\/boutique\/"},{"@type":"ListItem","position":3,"name":"Bac de r\u00e9tention SCP-B5-150"}]},{"@type":"WebSite","@id":"https:\/\/innovexalgerie.com\/manutention\/#website","url":"https:\/\/innovexalgerie.com\/manutention\/","name":"INNOVEX Alg\u00e9rie | Manutention","description":"Manutention","publisher":{"@id":"https:\/\/innovexalgerie.com\/manutention\/#organization"},"potentialAction":[{"@type":"SearchAction","target":{"@type":"EntryPoint","urlTemplate":"https:\/\/innovexalgerie.com\/manutention\/?s={search_term_string}"},"query-input":"required name=search_term_string"}],"inLanguage":"fr-FR"},{"@type":"Organization","@id":"https:\/\/innovexalgerie.com\/manutention\/#organization","name":"INNOVEX Alg\u00e9rie | Manutention","url":"https:\/\/innovexalgerie.com\/manutention\/","logo":{"@type":"ImageObject","inLanguage":"fr-FR","@id":"https:\/\/innovexalgerie.com\/manutention\/#\/schema\/logo\/image\/","url":"https:\/\/innovexalgerie.com\/manutention\/wp-content\/uploads\/2022\/03\/innovex_manutention_logo.svg","contentUrl":"https:\/\/innovexalgerie.com\/manutention\/wp-content\/uploads\/2022\/03\/innovex_manutention_logo.svg","width":133,"height":36,"caption":"INNOVEX Alg\u00e9rie | Manutention"},"image":{"@id":"https:\/\/innovexalgerie.com\/manutention\/#\/schema\/logo\/image\/"}}]}},"_links":{"self":[{"href":"https:\/\/innovexalgerie.com\/manutention\/wp-json\/wp\/v2\/product\/5120","targetHints":{"allow":["GET"]}}],"collection":[{"href":"https:\/\/innovexalgerie.com\/manutention\/wp-json\/wp\/v2\/product"}],"about":[{"href":"https:\/\/innovexalgerie.com\/manutention\/wp-json\/wp\/v2\/types\/product"}],"wp:featuredmedia":[{"embeddable":true,"href":"https:\/\/innovexalgerie.com\/manutention\/wp-json\/wp\/v2\/media\/5123"}],"wp:attachment":[{"href":"https:\/\/innovexalgerie.com\/manutention\/wp-json\/wp\/v2\/media?parent=5120"}],"wp:term":[{"taxonomy":"product_cat","embeddable":true,"href":"https:\/\/innovexalgerie.com\/manutention\/wp-json\/wp\/v2\/product_cat?post=5120"},{"taxonomy":"product_tag","embeddable":true,"href":"https:\/\/innovexalgerie.com\/manutention\/wp-json\/wp\/v2\/product_tag?post=5120"}],"curies":[{"name":"wp","href":"https:\/\/api.w.org\/{rel}","templated":true}]}}