{"id":5166,"date":"2025-12-15T16:02:18","date_gmt":"2025-12-15T15:02:18","guid":{"rendered":"https:\/\/innovexalgerie.com\/manutention\/?post_type=product&#038;p=5166"},"modified":"2026-01-25T15:01:24","modified_gmt":"2026-01-25T14:01:24","slug":"escabeau-a-plateforme-a-immobilisation-automatique-rl355","status":"publish","type":"product","link":"https:\/\/innovexalgerie.com\/manutention\/produit\/escabeau-a-plateforme-a-immobilisation-automatique-rl355\/","title":{"rendered":"Escabeau \u00e0 plateforme \u00e0 immobilisation automatique RL355"},"content":{"rendered":"<p style=\"text-align: left;\">Escabeau \u00e0 plateforme \u00e0 immobilisation automatique avec portillon de s\u00e9curit\u00e9 5 marches. Il offre une capacit\u00e9 de charge de 160kg pour r\u00e9aliser des travaux d\u2019entretien, d\u2019\u00e9lectricit\u00e9 ou d\u2019isolation.<\/p>\n<ul>\n<li style=\"text-align: left;\">Cet escabeau est id\u00e9al pour les professionnels travaillant dans des entrep\u00f4ts, des magasins de stockage tout autre environnement n\u00e9cessitant un acc\u00e8s r\u00e9gulier \u00e0 des rayonnages \u00e9lev\u00e9s.<\/li>\n<li style=\"text-align: left;\">Conception robuste en acier pour une utilisation industrielle r\u00e9sister \u00e0 l&rsquo;usage intensif dans des environnements d&rsquo;entrep\u00f4t.<\/li>\n<li style=\"text-align: left;\">Il est \u00e9quip\u00e9 d\u2019embouts antid\u00e9rapants pour une stabilit\u00e9 optimale.<\/li>\n<li style=\"text-align: left;\">Equip\u00e9 d\u2019un syst\u00e8me d\u2019immobilisation automatique lorsque l\u2019utlisateur monte sur les marches.<\/li>\n<li style=\"text-align: left;\">Pour d\u00e9placer l&rsquo;escabeau, l&rsquo;op\u00e9rateur actionne un levier qui lib\u00e8re deux patins en caoutchouc.<\/li>\n<li style=\"text-align: left;\">Deux stabilisateurs int\u00e9gr\u00e9s au dossier renforcent la stabilit\u00e9 et la s\u00e9curit\u00e9.<\/li>\n<li style=\"text-align: left;\">Les stabilisateurs sont verrouillables en position de roulage et d&rsquo;utilisation.<\/li>\n<li style=\"text-align: left;\">Equip\u00e9 de deux rampes lat\u00e9rales de s\u00e9curit\u00e9 d\u2019acc\u00e8s et d\u2019un garde corps constitu\u00e9 d\u2019une main courante et d\u2019une sous lisse \u00e0 mi-hauteur.<\/li>\n<li style=\"text-align: left;\">Larges marches antid\u00e9rapantes en acier.<\/li>\n<li>Cha\u00eene de s\u00e9curit\u00e9 pour s\u00e9curiser l\u2019op\u00e9rateur.<\/li>\n<\/ul>\n","protected":false},"excerpt":{"rendered":"<p data-start=\"63\" data-end=\"246\" data-cur=\"cursor\">Escabeau mobile avec portillon de s\u00e9curit\u00e9 \u00e0 5 marches, con\u00e7u pour faciliter et s\u00e9curiser les travaux d\u2019entretien, d\u2019\u00e9lectricit\u00e9, d\u2019isolation et autres interventions en hauteur.<\/p>\n","protected":false},"featured_media":5260,"template":"","meta":{"_monsterinsights_skip_tracking":false,"_monsterinsights_sitenote_active":false,"_monsterinsights_sitenote_note":"","_monsterinsights_sitenote_category":0},"product_cat":[80],"product_tag":[121,120],"class_list":["post-5166","product","type-product","status-publish","has-post-thumbnail","hentry","product_cat-escabeau-datelier","product_tag-echelle","product_tag-escabeau"],"acf":[],"yoast_head":"<!-- This site is optimized with the Yoast SEO plugin v22.6 - https:\/\/yoast.com\/wordpress\/plugins\/seo\/ -->\n<title>Escabeau \u00e0 plateforme \u00e0 immobilisation automatique RL355 - INNOVEX Alg\u00e9rie | Manutention<\/title>\n<meta name=\"description\" content=\"Escabeau mobile avec portillon de s\u00e9curit\u00e9 5 marches, permet d&#039;effectuer des travaux d&#039;entretien, d&#039;\u00e9lectricit\u00e9 ou d&#039;isolation par exemple\" \/>\n<meta name=\"robots\" content=\"index, follow, max-snippet:-1, max-image-preview:large, max-video-preview:-1\" \/>\n<link rel=\"canonical\" href=\"https:\/\/innovexalgerie.com\/manutention\/?post_type=product&p=5166\" \/>\n<meta property=\"og:locale\" content=\"fr_FR\" \/>\n<meta property=\"og:type\" content=\"article\" \/>\n<meta property=\"og:title\" content=\"Escabeau \u00e0 plateforme \u00e0 immobilisation automatique RL355 - INNOVEX Alg\u00e9rie | Manutention\" \/>\n<meta property=\"og:description\" content=\"Escabeau mobile avec portillon de s\u00e9curit\u00e9 5 marches, permet d&#039;effectuer des travaux d&#039;entretien, d&#039;\u00e9lectricit\u00e9 ou d&#039;isolation par exemple\" \/>\n<meta property=\"og:url\" content=\"https:\/\/innovexalgerie.com\/manutention\/?post_type=product&amp;p=5166\" \/>\n<meta property=\"og:site_name\" content=\"INNOVEX Alg\u00e9rie | Manutention\" \/>\n<meta property=\"article:modified_time\" content=\"2026-01-25T14:01:24+00:00\" \/>\n<meta property=\"og:image\" content=\"https:\/\/innovexalgerie.com\/manutention\/wp-content\/uploads\/2025\/12\/Escabeau-a-plateforme-RL354-innovex-algerie-1-Copie.jpg\" \/>\n\t<meta property=\"og:image:width\" content=\"1000\" \/>\n\t<meta property=\"og:image:height\" content=\"1000\" \/>\n\t<meta property=\"og:image:type\" content=\"image\/jpeg\" \/>\n<meta name=\"twitter:card\" content=\"summary_large_image\" \/>\n<meta name=\"twitter:label1\" content=\"Dur\u00e9e de lecture estim\u00e9e\" \/>\n\t<meta name=\"twitter:data1\" content=\"1 minute\" \/>\n<script type=\"application\/ld+json\" class=\"yoast-schema-graph\">{\"@context\":\"https:\/\/schema.org\",\"@graph\":[{\"@type\":\"WebPage\",\"@id\":\"https:\/\/innovexalgerie.com\/manutention\/?post_type=product&p=5166\",\"url\":\"https:\/\/innovexalgerie.com\/manutention\/?post_type=product&p=5166\",\"name\":\"Escabeau \u00e0 plateforme \u00e0 immobilisation automatique RL355 - INNOVEX Alg\u00e9rie | Manutention\",\"isPartOf\":{\"@id\":\"https:\/\/innovexalgerie.com\/manutention\/#website\"},\"primaryImageOfPage\":{\"@id\":\"https:\/\/innovexalgerie.com\/manutention\/?post_type=product&p=5166#primaryimage\"},\"image\":{\"@id\":\"https:\/\/innovexalgerie.com\/manutention\/?post_type=product&p=5166#primaryimage\"},\"thumbnailUrl\":\"https:\/\/innovexalgerie.com\/manutention\/wp-content\/uploads\/2025\/12\/Escabeau-a-plateforme-RL355-INNOVEX-ALGERIE.jpg\",\"datePublished\":\"2025-12-15T15:02:18+00:00\",\"dateModified\":\"2026-01-25T14:01:24+00:00\",\"description\":\"Escabeau mobile avec portillon de s\u00e9curit\u00e9 5 marches, permet d'effectuer des travaux d'entretien, d'\u00e9lectricit\u00e9 ou d'isolation par exemple\",\"breadcrumb\":{\"@id\":\"https:\/\/innovexalgerie.com\/manutention\/?post_type=product&p=5166#breadcrumb\"},\"inLanguage\":\"fr-FR\",\"potentialAction\":[{\"@type\":\"ReadAction\",\"target\":[\"https:\/\/innovexalgerie.com\/manutention\/?post_type=product&p=5166\"]}]},{\"@type\":\"ImageObject\",\"inLanguage\":\"fr-FR\",\"@id\":\"https:\/\/innovexalgerie.com\/manutention\/?post_type=product&p=5166#primaryimage\",\"url\":\"https:\/\/innovexalgerie.com\/manutention\/wp-content\/uploads\/2025\/12\/Escabeau-a-plateforme-RL355-INNOVEX-ALGERIE.jpg\",\"contentUrl\":\"https:\/\/innovexalgerie.com\/manutention\/wp-content\/uploads\/2025\/12\/Escabeau-a-plateforme-RL355-INNOVEX-ALGERIE.jpg\",\"width\":1000,\"height\":1000,\"caption\":\"Escabeau-\u00e0-plateforme-RL355--INNOVEX-ALGERIE\"},{\"@type\":\"BreadcrumbList\",\"@id\":\"https:\/\/innovexalgerie.com\/manutention\/?post_type=product&p=5166#breadcrumb\",\"itemListElement\":[{\"@type\":\"ListItem\",\"position\":1,\"name\":\"Accueil\",\"item\":\"https:\/\/innovexalgerie.com\/manutention\/\"},{\"@type\":\"ListItem\",\"position\":2,\"name\":\"Boutique\",\"item\":\"https:\/\/innovexalgerie.com\/manutention\/boutique\/\"},{\"@type\":\"ListItem\",\"position\":3,\"name\":\"Escabeau \u00e0 plateforme \u00e0 immobilisation automatique RL355\"}]},{\"@type\":\"WebSite\",\"@id\":\"https:\/\/innovexalgerie.com\/manutention\/#website\",\"url\":\"https:\/\/innovexalgerie.com\/manutention\/\",\"name\":\"INNOVEX Alg\u00e9rie | Manutention\",\"description\":\"Manutention\",\"publisher\":{\"@id\":\"https:\/\/innovexalgerie.com\/manutention\/#organization\"},\"potentialAction\":[{\"@type\":\"SearchAction\",\"target\":{\"@type\":\"EntryPoint\",\"urlTemplate\":\"https:\/\/innovexalgerie.com\/manutention\/?s={search_term_string}\"},\"query-input\":\"required name=search_term_string\"}],\"inLanguage\":\"fr-FR\"},{\"@type\":\"Organization\",\"@id\":\"https:\/\/innovexalgerie.com\/manutention\/#organization\",\"name\":\"INNOVEX Alg\u00e9rie | Manutention\",\"url\":\"https:\/\/innovexalgerie.com\/manutention\/\",\"logo\":{\"@type\":\"ImageObject\",\"inLanguage\":\"fr-FR\",\"@id\":\"https:\/\/innovexalgerie.com\/manutention\/#\/schema\/logo\/image\/\",\"url\":\"https:\/\/innovexalgerie.com\/manutention\/wp-content\/uploads\/2022\/03\/innovex_manutention_logo.svg\",\"contentUrl\":\"https:\/\/innovexalgerie.com\/manutention\/wp-content\/uploads\/2022\/03\/innovex_manutention_logo.svg\",\"width\":133,\"height\":36,\"caption\":\"INNOVEX Alg\u00e9rie | Manutention\"},\"image\":{\"@id\":\"https:\/\/innovexalgerie.com\/manutention\/#\/schema\/logo\/image\/\"}}]}<\/script>\n<!-- \/ Yoast SEO plugin. -->","yoast_head_json":{"title":"Escabeau \u00e0 plateforme \u00e0 immobilisation automatique RL355 - INNOVEX Alg\u00e9rie | Manutention","description":"Escabeau mobile avec portillon de s\u00e9curit\u00e9 5 marches, permet d'effectuer des travaux d'entretien, d'\u00e9lectricit\u00e9 ou d'isolation par exemple","robots":{"index":"index","follow":"follow","max-snippet":"max-snippet:-1","max-image-preview":"max-image-preview:large","max-video-preview":"max-video-preview:-1"},"canonical":"https:\/\/innovexalgerie.com\/manutention\/?post_type=product&p=5166","og_locale":"fr_FR","og_type":"article","og_title":"Escabeau \u00e0 plateforme \u00e0 immobilisation automatique RL355 - INNOVEX Alg\u00e9rie | Manutention","og_description":"Escabeau mobile avec portillon de s\u00e9curit\u00e9 5 marches, permet d'effectuer des travaux d'entretien, d'\u00e9lectricit\u00e9 ou d'isolation par exemple","og_url":"https:\/\/innovexalgerie.com\/manutention\/?post_type=product&p=5166","og_site_name":"INNOVEX Alg\u00e9rie | Manutention","article_modified_time":"2026-01-25T14:01:24+00:00","og_image":[{"width":1000,"height":1000,"url":"https:\/\/innovexalgerie.com\/manutention\/wp-content\/uploads\/2025\/12\/Escabeau-a-plateforme-RL354-innovex-algerie-1-Copie.jpg","type":"image\/jpeg"}],"twitter_card":"summary_large_image","twitter_misc":{"Dur\u00e9e de lecture estim\u00e9e":"1 minute"},"schema":{"@context":"https:\/\/schema.org","@graph":[{"@type":"WebPage","@id":"https:\/\/innovexalgerie.com\/manutention\/?post_type=product&p=5166","url":"https:\/\/innovexalgerie.com\/manutention\/?post_type=product&p=5166","name":"Escabeau \u00e0 plateforme \u00e0 immobilisation automatique RL355 - INNOVEX Alg\u00e9rie | Manutention","isPartOf":{"@id":"https:\/\/innovexalgerie.com\/manutention\/#website"},"primaryImageOfPage":{"@id":"https:\/\/innovexalgerie.com\/manutention\/?post_type=product&p=5166#primaryimage"},"image":{"@id":"https:\/\/innovexalgerie.com\/manutention\/?post_type=product&p=5166#primaryimage"},"thumbnailUrl":"https:\/\/innovexalgerie.com\/manutention\/wp-content\/uploads\/2025\/12\/Escabeau-a-plateforme-RL355-INNOVEX-ALGERIE.jpg","datePublished":"2025-12-15T15:02:18+00:00","dateModified":"2026-01-25T14:01:24+00:00","description":"Escabeau mobile avec portillon de s\u00e9curit\u00e9 5 marches, permet d'effectuer des travaux d'entretien, d'\u00e9lectricit\u00e9 ou d'isolation par exemple","breadcrumb":{"@id":"https:\/\/innovexalgerie.com\/manutention\/?post_type=product&p=5166#breadcrumb"},"inLanguage":"fr-FR","potentialAction":[{"@type":"ReadAction","target":["https:\/\/innovexalgerie.com\/manutention\/?post_type=product&p=5166"]}]},{"@type":"ImageObject","inLanguage":"fr-FR","@id":"https:\/\/innovexalgerie.com\/manutention\/?post_type=product&p=5166#primaryimage","url":"https:\/\/innovexalgerie.com\/manutention\/wp-content\/uploads\/2025\/12\/Escabeau-a-plateforme-RL355-INNOVEX-ALGERIE.jpg","contentUrl":"https:\/\/innovexalgerie.com\/manutention\/wp-content\/uploads\/2025\/12\/Escabeau-a-plateforme-RL355-INNOVEX-ALGERIE.jpg","width":1000,"height":1000,"caption":"Escabeau-\u00e0-plateforme-RL355--INNOVEX-ALGERIE"},{"@type":"BreadcrumbList","@id":"https:\/\/innovexalgerie.com\/manutention\/?post_type=product&p=5166#breadcrumb","itemListElement":[{"@type":"ListItem","position":1,"name":"Accueil","item":"https:\/\/innovexalgerie.com\/manutention\/"},{"@type":"ListItem","position":2,"name":"Boutique","item":"https:\/\/innovexalgerie.com\/manutention\/boutique\/"},{"@type":"ListItem","position":3,"name":"Escabeau \u00e0 plateforme \u00e0 immobilisation automatique RL355"}]},{"@type":"WebSite","@id":"https:\/\/innovexalgerie.com\/manutention\/#website","url":"https:\/\/innovexalgerie.com\/manutention\/","name":"INNOVEX Alg\u00e9rie | Manutention","description":"Manutention","publisher":{"@id":"https:\/\/innovexalgerie.com\/manutention\/#organization"},"potentialAction":[{"@type":"SearchAction","target":{"@type":"EntryPoint","urlTemplate":"https:\/\/innovexalgerie.com\/manutention\/?s={search_term_string}"},"query-input":"required name=search_term_string"}],"inLanguage":"fr-FR"},{"@type":"Organization","@id":"https:\/\/innovexalgerie.com\/manutention\/#organization","name":"INNOVEX Alg\u00e9rie | Manutention","url":"https:\/\/innovexalgerie.com\/manutention\/","logo":{"@type":"ImageObject","inLanguage":"fr-FR","@id":"https:\/\/innovexalgerie.com\/manutention\/#\/schema\/logo\/image\/","url":"https:\/\/innovexalgerie.com\/manutention\/wp-content\/uploads\/2022\/03\/innovex_manutention_logo.svg","contentUrl":"https:\/\/innovexalgerie.com\/manutention\/wp-content\/uploads\/2022\/03\/innovex_manutention_logo.svg","width":133,"height":36,"caption":"INNOVEX Alg\u00e9rie | Manutention"},"image":{"@id":"https:\/\/innovexalgerie.com\/manutention\/#\/schema\/logo\/image\/"}}]}},"_links":{"self":[{"href":"https:\/\/innovexalgerie.com\/manutention\/wp-json\/wp\/v2\/product\/5166","targetHints":{"allow":["GET"]}}],"collection":[{"href":"https:\/\/innovexalgerie.com\/manutention\/wp-json\/wp\/v2\/product"}],"about":[{"href":"https:\/\/innovexalgerie.com\/manutention\/wp-json\/wp\/v2\/types\/product"}],"wp:featuredmedia":[{"embeddable":true,"href":"https:\/\/innovexalgerie.com\/manutention\/wp-json\/wp\/v2\/media\/5260"}],"wp:attachment":[{"href":"https:\/\/innovexalgerie.com\/manutention\/wp-json\/wp\/v2\/media?parent=5166"}],"wp:term":[{"taxonomy":"product_cat","embeddable":true,"href":"https:\/\/innovexalgerie.com\/manutention\/wp-json\/wp\/v2\/product_cat?post=5166"},{"taxonomy":"product_tag","embeddable":true,"href":"https:\/\/innovexalgerie.com\/manutention\/wp-json\/wp\/v2\/product_tag?post=5166"}],"curies":[{"name":"wp","href":"https:\/\/api.w.org\/{rel}","templated":true}]}}