{"id":5376,"date":"2026-03-05T11:45:39","date_gmt":"2026-03-05T10:45:39","guid":{"rendered":"https:\/\/innovexalgerie.com\/manutention\/?post_type=product&#038;p=5376"},"modified":"2026-03-18T12:32:08","modified_gmt":"2026-03-18T11:32:08","slug":"transpalette-electrique-ept20q","status":"publish","type":"product","link":"https:\/\/innovexalgerie.com\/manutention\/produit\/transpalette-electrique-ept20q\/","title":{"rendered":"Transpalette \u00e9lectrique EPT20Q"},"content":{"rendered":"<p><span style=\"font-weight: 400;\">Le transpalette \u00e9lectrique <strong>EPT20Q <\/strong>\u00e0 une capacit\u00e9 de charge jusqu&rsquo;\u00e0 2000kg avec une <\/span><span style=\"font-weight: 400;\">aptitude de surmonter des rampes d\u2019un angle de 6\/16% (Avec charge\/Sans charge) ce qui facilite la <\/span><span style=\"font-weight: 400;\">man\u0153uvrabilit\u00e9 du transpalette. <\/span><span style=\"font-weight: 400;\">Poign\u00e9e en caoutchouc souple pour une bonne man\u0153uvrabilit\u00e9 le timon int\u00e8gre un \u00e9cran LCD.<\/span><span style=\"font-weight: 400;\">\u00a0Il est aussi <\/span><span style=\"font-weight: 400;\">\u00e9quip\u00e9 d\u2019un v\u00e9rin \u00e0 gaz pour plus de souplesse. Dot\u00e9 d&rsquo;un syst\u00e8me de r\u00e9duction de vitesse dans les virages pour prot\u00e9ger la marchandise.<\/span><\/p>\n","protected":false},"excerpt":{"rendered":"<p>Le transpalette \u00e9lectrique EPT20Q assure un d\u00e9placement et une lev\u00e9e \/ descente \u00e9lectrique de palettes. Il est \u00e9quip\u00e9 de 4 batteries AGM garantissant une autonomie prolong\u00e9e, une performance fiable et une long\u00e9vit\u00e9 optimale.<\/p>\n","protected":false},"featured_media":5392,"template":"","meta":{"_monsterinsights_skip_tracking":false,"_monsterinsights_sitenote_active":false,"_monsterinsights_sitenote_note":"","_monsterinsights_sitenote_category":0},"product_cat":[16],"product_tag":[],"class_list":["post-5376","product","type-product","status-publish","has-post-thumbnail","hentry","product_cat-transpalettes"],"acf":[],"yoast_head":"<!-- This site is optimized with the Yoast SEO plugin v22.6 - https:\/\/yoast.com\/wordpress\/plugins\/seo\/ -->\n<title>Transpalette \u00e9lectrique EPT20Q - INNOVEX Alg\u00e9rie | Manutention<\/title>\n<meta name=\"robots\" content=\"index, follow, max-snippet:-1, max-image-preview:large, max-video-preview:-1\" \/>\n<link rel=\"canonical\" href=\"https:\/\/innovexalgerie.com\/manutention\/?post_type=product&p=5376\" \/>\n<meta property=\"og:locale\" content=\"fr_FR\" \/>\n<meta property=\"og:type\" content=\"article\" \/>\n<meta property=\"og:title\" content=\"Transpalette \u00e9lectrique EPT20Q - INNOVEX Alg\u00e9rie | Manutention\" \/>\n<meta property=\"og:description\" content=\"Le transpalette \u00e9lectrique EPT20Q assure un d\u00e9placement et une lev\u00e9e \/ descente \u00e9lectrique de palettes. Il est \u00e9quip\u00e9 de 4 batteries AGM garantissant une autonomie prolong\u00e9e, une performance fiable et une long\u00e9vit\u00e9 optimale.\" \/>\n<meta property=\"og:url\" content=\"https:\/\/innovexalgerie.com\/manutention\/?post_type=product&amp;p=5376\" \/>\n<meta property=\"og:site_name\" content=\"INNOVEX Alg\u00e9rie | Manutention\" \/>\n<meta property=\"article:modified_time\" content=\"2026-03-18T11:32:08+00:00\" \/>\n<meta property=\"og:image\" content=\"https:\/\/innovexalgerie.com\/manutention\/wp-content\/uploads\/2022\/08\/pte15-q.jpg\" \/>\n\t<meta property=\"og:image:width\" content=\"1000\" \/>\n\t<meta property=\"og:image:height\" content=\"1000\" \/>\n\t<meta property=\"og:image:type\" content=\"image\/jpeg\" \/>\n<meta name=\"twitter:card\" content=\"summary_large_image\" \/>\n<meta name=\"twitter:label1\" content=\"Dur\u00e9e de lecture estim\u00e9e\" \/>\n\t<meta name=\"twitter:data1\" content=\"1 minute\" \/>\n<script type=\"application\/ld+json\" class=\"yoast-schema-graph\">{\"@context\":\"https:\/\/schema.org\",\"@graph\":[{\"@type\":\"WebPage\",\"@id\":\"https:\/\/innovexalgerie.com\/manutention\/?post_type=product&p=5376\",\"url\":\"https:\/\/innovexalgerie.com\/manutention\/?post_type=product&p=5376\",\"name\":\"Transpalette \u00e9lectrique EPT20Q - INNOVEX Alg\u00e9rie | Manutention\",\"isPartOf\":{\"@id\":\"https:\/\/innovexalgerie.com\/manutention\/#website\"},\"primaryImageOfPage\":{\"@id\":\"https:\/\/innovexalgerie.com\/manutention\/?post_type=product&p=5376#primaryimage\"},\"image\":{\"@id\":\"https:\/\/innovexalgerie.com\/manutention\/?post_type=product&p=5376#primaryimage\"},\"thumbnailUrl\":\"https:\/\/innovexalgerie.com\/manutention\/wp-content\/uploads\/2026\/03\/EPT20Q-.jpg\",\"datePublished\":\"2026-03-05T10:45:39+00:00\",\"dateModified\":\"2026-03-18T11:32:08+00:00\",\"breadcrumb\":{\"@id\":\"https:\/\/innovexalgerie.com\/manutention\/?post_type=product&p=5376#breadcrumb\"},\"inLanguage\":\"fr-FR\",\"potentialAction\":[{\"@type\":\"ReadAction\",\"target\":[\"https:\/\/innovexalgerie.com\/manutention\/?post_type=product&p=5376\"]}]},{\"@type\":\"ImageObject\",\"inLanguage\":\"fr-FR\",\"@id\":\"https:\/\/innovexalgerie.com\/manutention\/?post_type=product&p=5376#primaryimage\",\"url\":\"https:\/\/innovexalgerie.com\/manutention\/wp-content\/uploads\/2026\/03\/EPT20Q-.jpg\",\"contentUrl\":\"https:\/\/innovexalgerie.com\/manutention\/wp-content\/uploads\/2026\/03\/EPT20Q-.jpg\",\"width\":1000,\"height\":1000,\"caption\":\"Transpalette \u00e9lectrique \u00e9conomique EEPT20Q - INNOVEX ALGERIE\"},{\"@type\":\"BreadcrumbList\",\"@id\":\"https:\/\/innovexalgerie.com\/manutention\/?post_type=product&p=5376#breadcrumb\",\"itemListElement\":[{\"@type\":\"ListItem\",\"position\":1,\"name\":\"Accueil\",\"item\":\"https:\/\/innovexalgerie.com\/manutention\/\"},{\"@type\":\"ListItem\",\"position\":2,\"name\":\"Boutique\",\"item\":\"https:\/\/innovexalgerie.com\/manutention\/boutique\/\"},{\"@type\":\"ListItem\",\"position\":3,\"name\":\"Transpalette \u00e9lectrique EPT20Q\"}]},{\"@type\":\"WebSite\",\"@id\":\"https:\/\/innovexalgerie.com\/manutention\/#website\",\"url\":\"https:\/\/innovexalgerie.com\/manutention\/\",\"name\":\"INNOVEX Alg\u00e9rie | Manutention\",\"description\":\"Manutention\",\"publisher\":{\"@id\":\"https:\/\/innovexalgerie.com\/manutention\/#organization\"},\"potentialAction\":[{\"@type\":\"SearchAction\",\"target\":{\"@type\":\"EntryPoint\",\"urlTemplate\":\"https:\/\/innovexalgerie.com\/manutention\/?s={search_term_string}\"},\"query-input\":\"required name=search_term_string\"}],\"inLanguage\":\"fr-FR\"},{\"@type\":\"Organization\",\"@id\":\"https:\/\/innovexalgerie.com\/manutention\/#organization\",\"name\":\"INNOVEX Alg\u00e9rie | Manutention\",\"url\":\"https:\/\/innovexalgerie.com\/manutention\/\",\"logo\":{\"@type\":\"ImageObject\",\"inLanguage\":\"fr-FR\",\"@id\":\"https:\/\/innovexalgerie.com\/manutention\/#\/schema\/logo\/image\/\",\"url\":\"https:\/\/innovexalgerie.com\/manutention\/wp-content\/uploads\/2022\/03\/innovex_manutention_logo.svg\",\"contentUrl\":\"https:\/\/innovexalgerie.com\/manutention\/wp-content\/uploads\/2022\/03\/innovex_manutention_logo.svg\",\"width\":133,\"height\":36,\"caption\":\"INNOVEX Alg\u00e9rie | Manutention\"},\"image\":{\"@id\":\"https:\/\/innovexalgerie.com\/manutention\/#\/schema\/logo\/image\/\"}}]}<\/script>\n<!-- \/ Yoast SEO plugin. -->","yoast_head_json":{"title":"Transpalette \u00e9lectrique EPT20Q - INNOVEX Alg\u00e9rie | Manutention","robots":{"index":"index","follow":"follow","max-snippet":"max-snippet:-1","max-image-preview":"max-image-preview:large","max-video-preview":"max-video-preview:-1"},"canonical":"https:\/\/innovexalgerie.com\/manutention\/?post_type=product&p=5376","og_locale":"fr_FR","og_type":"article","og_title":"Transpalette \u00e9lectrique EPT20Q - INNOVEX Alg\u00e9rie | Manutention","og_description":"Le transpalette \u00e9lectrique EPT20Q assure un d\u00e9placement et une lev\u00e9e \/ descente \u00e9lectrique de palettes. Il est \u00e9quip\u00e9 de 4 batteries AGM garantissant une autonomie prolong\u00e9e, une performance fiable et une long\u00e9vit\u00e9 optimale.","og_url":"https:\/\/innovexalgerie.com\/manutention\/?post_type=product&p=5376","og_site_name":"INNOVEX Alg\u00e9rie | Manutention","article_modified_time":"2026-03-18T11:32:08+00:00","og_image":[{"width":1000,"height":1000,"url":"https:\/\/innovexalgerie.com\/manutention\/wp-content\/uploads\/2022\/08\/pte15-q.jpg","type":"image\/jpeg"}],"twitter_card":"summary_large_image","twitter_misc":{"Dur\u00e9e de lecture estim\u00e9e":"1 minute"},"schema":{"@context":"https:\/\/schema.org","@graph":[{"@type":"WebPage","@id":"https:\/\/innovexalgerie.com\/manutention\/?post_type=product&p=5376","url":"https:\/\/innovexalgerie.com\/manutention\/?post_type=product&p=5376","name":"Transpalette \u00e9lectrique EPT20Q - INNOVEX Alg\u00e9rie | Manutention","isPartOf":{"@id":"https:\/\/innovexalgerie.com\/manutention\/#website"},"primaryImageOfPage":{"@id":"https:\/\/innovexalgerie.com\/manutention\/?post_type=product&p=5376#primaryimage"},"image":{"@id":"https:\/\/innovexalgerie.com\/manutention\/?post_type=product&p=5376#primaryimage"},"thumbnailUrl":"https:\/\/innovexalgerie.com\/manutention\/wp-content\/uploads\/2026\/03\/EPT20Q-.jpg","datePublished":"2026-03-05T10:45:39+00:00","dateModified":"2026-03-18T11:32:08+00:00","breadcrumb":{"@id":"https:\/\/innovexalgerie.com\/manutention\/?post_type=product&p=5376#breadcrumb"},"inLanguage":"fr-FR","potentialAction":[{"@type":"ReadAction","target":["https:\/\/innovexalgerie.com\/manutention\/?post_type=product&p=5376"]}]},{"@type":"ImageObject","inLanguage":"fr-FR","@id":"https:\/\/innovexalgerie.com\/manutention\/?post_type=product&p=5376#primaryimage","url":"https:\/\/innovexalgerie.com\/manutention\/wp-content\/uploads\/2026\/03\/EPT20Q-.jpg","contentUrl":"https:\/\/innovexalgerie.com\/manutention\/wp-content\/uploads\/2026\/03\/EPT20Q-.jpg","width":1000,"height":1000,"caption":"Transpalette \u00e9lectrique \u00e9conomique EEPT20Q - INNOVEX ALGERIE"},{"@type":"BreadcrumbList","@id":"https:\/\/innovexalgerie.com\/manutention\/?post_type=product&p=5376#breadcrumb","itemListElement":[{"@type":"ListItem","position":1,"name":"Accueil","item":"https:\/\/innovexalgerie.com\/manutention\/"},{"@type":"ListItem","position":2,"name":"Boutique","item":"https:\/\/innovexalgerie.com\/manutention\/boutique\/"},{"@type":"ListItem","position":3,"name":"Transpalette \u00e9lectrique EPT20Q"}]},{"@type":"WebSite","@id":"https:\/\/innovexalgerie.com\/manutention\/#website","url":"https:\/\/innovexalgerie.com\/manutention\/","name":"INNOVEX Alg\u00e9rie | Manutention","description":"Manutention","publisher":{"@id":"https:\/\/innovexalgerie.com\/manutention\/#organization"},"potentialAction":[{"@type":"SearchAction","target":{"@type":"EntryPoint","urlTemplate":"https:\/\/innovexalgerie.com\/manutention\/?s={search_term_string}"},"query-input":"required name=search_term_string"}],"inLanguage":"fr-FR"},{"@type":"Organization","@id":"https:\/\/innovexalgerie.com\/manutention\/#organization","name":"INNOVEX Alg\u00e9rie | Manutention","url":"https:\/\/innovexalgerie.com\/manutention\/","logo":{"@type":"ImageObject","inLanguage":"fr-FR","@id":"https:\/\/innovexalgerie.com\/manutention\/#\/schema\/logo\/image\/","url":"https:\/\/innovexalgerie.com\/manutention\/wp-content\/uploads\/2022\/03\/innovex_manutention_logo.svg","contentUrl":"https:\/\/innovexalgerie.com\/manutention\/wp-content\/uploads\/2022\/03\/innovex_manutention_logo.svg","width":133,"height":36,"caption":"INNOVEX Alg\u00e9rie | Manutention"},"image":{"@id":"https:\/\/innovexalgerie.com\/manutention\/#\/schema\/logo\/image\/"}}]}},"_links":{"self":[{"href":"https:\/\/innovexalgerie.com\/manutention\/wp-json\/wp\/v2\/product\/5376","targetHints":{"allow":["GET"]}}],"collection":[{"href":"https:\/\/innovexalgerie.com\/manutention\/wp-json\/wp\/v2\/product"}],"about":[{"href":"https:\/\/innovexalgerie.com\/manutention\/wp-json\/wp\/v2\/types\/product"}],"wp:featuredmedia":[{"embeddable":true,"href":"https:\/\/innovexalgerie.com\/manutention\/wp-json\/wp\/v2\/media\/5392"}],"wp:attachment":[{"href":"https:\/\/innovexalgerie.com\/manutention\/wp-json\/wp\/v2\/media?parent=5376"}],"wp:term":[{"taxonomy":"product_cat","embeddable":true,"href":"https:\/\/innovexalgerie.com\/manutention\/wp-json\/wp\/v2\/product_cat?post=5376"},{"taxonomy":"product_tag","embeddable":true,"href":"https:\/\/innovexalgerie.com\/manutention\/wp-json\/wp\/v2\/product_tag?post=5376"}],"curies":[{"name":"wp","href":"https:\/\/api.w.org\/{rel}","templated":true}]}}