{"id":24,"date":"2022-06-24T11:12:31","date_gmt":"2022-06-24T10:12:31","guid":{"rendered":"https:\/\/innovexalgerie.com\/pieces\/?page_id=24"},"modified":"2024-02-05T18:01:10","modified_gmt":"2024-02-05T17:01:10","slug":"a-propos","status":"publish","type":"page","link":"https:\/\/innovexalgerie.com\/pieces\/a-propos\/","title":{"rendered":"A propos"},"content":{"rendered":"\t\t<div data-elementor-type=\"wp-page\" data-elementor-id=\"24\" class=\"elementor elementor-24\">\n\t\t\t\t\t\t\t\t\t<section class=\"elementor-section elementor-top-section elementor-element elementor-element-f160b4f elementor-section-full_width elementor-section-height-min-height elementor-section-height-default elementor-section-items-middle\" data-id=\"f160b4f\" data-element_type=\"section\" data-settings=\"{&quot;background_background&quot;:&quot;classic&quot;}\">\n\t\t\t\t\t\t<div class=\"elementor-container elementor-column-gap-default\">\n\t\t\t\t\t<div class=\"elementor-column elementor-col-100 elementor-top-column elementor-element elementor-element-6d4ebb5\" data-id=\"6d4ebb5\" data-element_type=\"column\">\n\t\t\t<div class=\"elementor-widget-wrap elementor-element-populated\">\n\t\t\t\t\t\t\t\t<div class=\"elementor-element elementor-element-d62abe9 elementor-widget elementor-widget-heading\" data-id=\"d62abe9\" data-element_type=\"widget\" data-widget_type=\"heading.default\">\n\t\t\t\t<div class=\"elementor-widget-container\">\n\t\t\t<style>\/*! elementor - v3.6.5 - 27-04-2022 *\/\n.elementor-heading-title{padding:0;margin:0;line-height:1}.elementor-widget-heading .elementor-heading-title[class*=elementor-size-]>a{color:inherit;font-size:inherit;line-height:inherit}.elementor-widget-heading .elementor-heading-title.elementor-size-small{font-size:15px}.elementor-widget-heading .elementor-heading-title.elementor-size-medium{font-size:19px}.elementor-widget-heading .elementor-heading-title.elementor-size-large{font-size:29px}.elementor-widget-heading .elementor-heading-title.elementor-size-xl{font-size:39px}.elementor-widget-heading .elementor-heading-title.elementor-size-xxl{font-size:59px}<\/style><h2 class=\"elementor-heading-title elementor-size-default\">INNOVEX SERVICE<\/h2>\t\t<\/div>\n\t\t\t\t<\/div>\n\t\t\t\t<div class=\"elementor-element elementor-element-af5b242 elementor-widget elementor-widget-heading\" data-id=\"af5b242\" data-element_type=\"widget\" data-widget_type=\"heading.default\">\n\t\t\t\t<div class=\"elementor-widget-container\">\n\t\t\t<h2 class=\"elementor-heading-title elementor-size-default\">ENTREPRISE SP\u00c9CIALIS\u00c9E DANS  LES PI\u00c8CES DE RECHANGE<br>ET SERVICE R\u00c9PARATION DES \u00c9QUIPEMENTS INDUSTRIELS<\/h2>\t\t<\/div>\n\t\t\t\t<\/div>\n\t\t\t\t\t<\/div>\n\t\t<\/div>\n\t\t\t\t\t\t\t<\/div>\n\t\t<\/section>\n\t\t\t\t<section class=\"elementor-section elementor-top-section elementor-element elementor-element-5734ed2 elementor-section-boxed elementor-section-height-default elementor-section-height-default\" data-id=\"5734ed2\" data-element_type=\"section\">\n\t\t\t\t\t\t<div class=\"elementor-container elementor-column-gap-default\">\n\t\t\t\t\t<div class=\"elementor-column elementor-col-66 elementor-top-column elementor-element elementor-element-0246f47\" data-id=\"0246f47\" data-element_type=\"column\">\n\t\t\t<div class=\"elementor-widget-wrap elementor-element-populated\">\n\t\t\t\t\t\t\t\t<div class=\"elementor-element elementor-element-a5d4f9e elementor-widget elementor-widget-text-editor\" data-id=\"a5d4f9e\" data-element_type=\"widget\" data-widget_type=\"text-editor.default\">\n\t\t\t\t<div class=\"elementor-widget-container\">\n\t\t\t<style>\/*! elementor - v3.6.5 - 27-04-2022 *\/\n.elementor-widget-text-editor.elementor-drop-cap-view-stacked .elementor-drop-cap{background-color:#818a91;color:#fff}.elementor-widget-text-editor.elementor-drop-cap-view-framed .elementor-drop-cap{color:#818a91;border:3px solid;background-color:transparent}.elementor-widget-text-editor:not(.elementor-drop-cap-view-default) .elementor-drop-cap{margin-top:8px}.elementor-widget-text-editor:not(.elementor-drop-cap-view-default) .elementor-drop-cap-letter{width:1em;height:1em}.elementor-widget-text-editor .elementor-drop-cap{float:left;text-align:center;line-height:1;font-size:50px}.elementor-widget-text-editor .elementor-drop-cap-letter{display:inline-block}<\/style>\t\t\t\t<div id=\":1ac\" class=\"ii gt\"><div id=\":190\" class=\"a3s aiL \"><div dir=\"ltr\"><p>INNOVEX\u00a0 Services, est une entreprise sp\u00e9cialis\u00e9e dans la fourniture des pi\u00e8ces de rechanges des \u00e9quipements industriels avec service de r\u00e9paration.<\/p><p>INNOVEX de par son exp\u00e9rience et son savoir-faire qui est le r\u00e9sultat d\u2019un long travail avec les entreprises est \u00e0 leur service pour l\u2019acquisition du mat\u00e9riel, l\u2019accompagnement au cours de leur d\u00e9veloppement en leur fournissant les solutions ad\u00e9quates \u00e0 leurs besoins tout en assurant la qualit\u00e9 du produit et de service.\u00a0<\/p><p>INNOVEX met \u00e0 la disposition de ses clients un service technique permanent, pendant et apr\u00e8s la p\u00e9riode de garantie, avec la disponibilit\u00e9 d\u2019une large gamme de pi\u00e8ces de rechange et de produits consommables.\u00a0<\/p><p>Simplicit\u00e9, adaptation et robustesse sont notre devise pour vous fournir le meilleur service.<\/p><p>\u00a0<\/p><p>\u00a0<\/p><p>\u00a0<\/p><p>\u00a0<\/p><p>\u00a0<\/p><\/div><\/div><\/div>\t\t\t\t\t\t<\/div>\n\t\t\t\t<\/div>\n\t\t\t\t\t<\/div>\n\t\t<\/div>\n\t\t\t\t<div class=\"elementor-column elementor-col-33 elementor-top-column elementor-element elementor-element-00c5d94\" data-id=\"00c5d94\" data-element_type=\"column\" data-settings=\"{&quot;background_background&quot;:&quot;classic&quot;}\">\n\t\t\t<div class=\"elementor-widget-wrap\">\n\t\t\t\t\t\t\t\t\t<\/div>\n\t\t<\/div>\n\t\t\t\t\t\t\t<\/div>\n\t\t<\/section>\n\t\t\t\t\t\t\t<\/div>\n\t\t","protected":false},"excerpt":{"rendered":"<p>INNOVEX SERVICE ENTREPRISE SP\u00c9CIALIS\u00c9E DANS LES PI\u00c8CES DE RECHANGEET SERVICE R\u00c9PARATION DES \u00c9QUIPEMENTS INDUSTRIELS INNOVEX\u00a0 Services, est une entreprise sp\u00e9cialis\u00e9e dans la fourniture des pi\u00e8ces de rechanges des \u00e9quipements industriels avec service de r\u00e9paration. INNOVEX de par son exp\u00e9rience et son savoir-faire qui est le r\u00e9sultat d\u2019un long travail avec les entreprises est \u00e0 leur [&hellip;]<\/p>\n","protected":false},"author":1,"featured_media":0,"parent":0,"menu_order":0,"comment_status":"closed","ping_status":"closed","template":"","meta":{"inline_featured_image":false,"_monsterinsights_skip_tracking":false,"_monsterinsights_sitenote_active":false,"_monsterinsights_sitenote_note":"","_monsterinsights_sitenote_category":0,"footnotes":""},"class_list":["post-24","page","type-page","status-publish","hentry"],"acf":[],"_links":{"self":[{"href":"https:\/\/innovexalgerie.com\/pieces\/wp-json\/wp\/v2\/pages\/24","targetHints":{"allow":["GET"]}}],"collection":[{"href":"https:\/\/innovexalgerie.com\/pieces\/wp-json\/wp\/v2\/pages"}],"about":[{"href":"https:\/\/innovexalgerie.com\/pieces\/wp-json\/wp\/v2\/types\/page"}],"author":[{"embeddable":true,"href":"https:\/\/innovexalgerie.com\/pieces\/wp-json\/wp\/v2\/users\/1"}],"replies":[{"embeddable":true,"href":"https:\/\/innovexalgerie.com\/pieces\/wp-json\/wp\/v2\/comments?post=24"}],"version-history":[{"count":10,"href":"https:\/\/innovexalgerie.com\/pieces\/wp-json\/wp\/v2\/pages\/24\/revisions"}],"predecessor-version":[{"id":2297,"href":"https:\/\/innovexalgerie.com\/pieces\/wp-json\/wp\/v2\/pages\/24\/revisions\/2297"}],"wp:attachment":[{"href":"https:\/\/innovexalgerie.com\/pieces\/wp-json\/wp\/v2\/media?parent=24"}],"curies":[{"name":"wp","href":"https:\/\/api.w.org\/{rel}","templated":true}]}}