{"id":1035,"date":"2022-11-06T15:29:00","date_gmt":"2022-11-06T14:29:00","guid":{"rendered":"https:\/\/innovexalgerie.com\/pieces\/?post_type=product&#038;p=1035"},"modified":"2022-11-06T15:29:00","modified_gmt":"2022-11-06T14:29:00","slug":"potentiometre-wth118-1a","status":"publish","type":"product","link":"https:\/\/innovexalgerie.com\/pieces\/produit\/autres-pieces\/potentiometre-wth118-1a\/","title":{"rendered":"Potentiom\u00e8tre WTH118-1A"},"content":{"rendered":"","protected":false},"excerpt":{"rendered":"<p class=\"product-title-text\" data-spm-anchor-id=\"a2g0o.detail.1000016.i3.1248775aPqC0kS\">Potentiom\u00e8tre WTH118 1A 2W 150K, r\u00e9sistance Variable \u00e9lectronique.<\/p>\n","protected":false},"featured_media":1036,"template":"","meta":{"inline_featured_image":false,"_monsterinsights_skip_tracking":false,"_monsterinsights_sitenote_active":false,"_monsterinsights_sitenote_note":"","_monsterinsights_sitenote_category":0},"product_cat":[87],"product_tag":[],"class_list":["post-1035","product","type-product","status-publish","has-post-thumbnail","hentry","product_cat-autres-pieces"],"acf":[],"_links":{"self":[{"href":"https:\/\/innovexalgerie.com\/pieces\/wp-json\/wp\/v2\/product\/1035","targetHints":{"allow":["GET"]}}],"collection":[{"href":"https:\/\/innovexalgerie.com\/pieces\/wp-json\/wp\/v2\/product"}],"about":[{"href":"https:\/\/innovexalgerie.com\/pieces\/wp-json\/wp\/v2\/types\/product"}],"wp:featuredmedia":[{"embeddable":true,"href":"https:\/\/innovexalgerie.com\/pieces\/wp-json\/wp\/v2\/media\/1036"}],"wp:attachment":[{"href":"https:\/\/innovexalgerie.com\/pieces\/wp-json\/wp\/v2\/media?parent=1035"}],"wp:term":[{"taxonomy":"product_cat","embeddable":true,"href":"https:\/\/innovexalgerie.com\/pieces\/wp-json\/wp\/v2\/product_cat?post=1035"},{"taxonomy":"product_tag","embeddable":true,"href":"https:\/\/innovexalgerie.com\/pieces\/wp-json\/wp\/v2\/product_tag?post=1035"}],"curies":[{"name":"wp","href":"https:\/\/api.w.org\/{rel}","templated":true}]}}