{"id":1053,"date":"2022-11-07T09:08:56","date_gmt":"2022-11-07T08:08:56","guid":{"rendered":"https:\/\/innovexalgerie.com\/pieces\/?post_type=product&#038;p=1053"},"modified":"2022-11-07T09:08:56","modified_gmt":"2022-11-07T08:08:56","slug":"joint-silicone-en-grade-alimentaire-20x25mm","status":"publish","type":"product","link":"https:\/\/innovexalgerie.com\/pieces\/produit\/teflon\/silicone-transparent\/joint-silicone-en-grade-alimentaire-20x25mm\/","title":{"rendered":"Joint Silicone en Grade Alimentaire 20x25mm"},"content":{"rendered":"","protected":false},"excerpt":{"rendered":"<p>Joint Silicone en Grade Alimentaire Carr\u00e9e, r\u00e9sistant \u00e0 haute Temp\u00e9rature Imperm\u00e9able \u00e0 l&rsquo;eau Absorption des Chocs.<\/p>\n","protected":false},"featured_media":1059,"template":"","meta":{"inline_featured_image":false,"_monsterinsights_skip_tracking":false,"_monsterinsights_sitenote_active":false,"_monsterinsights_sitenote_note":"","_monsterinsights_sitenote_category":0},"product_cat":[22,70],"product_tag":[],"class_list":["post-1053","product","type-product","status-publish","has-post-thumbnail","hentry","product_cat-teflon","product_cat-silicone-transparent"],"acf":[],"_links":{"self":[{"href":"https:\/\/innovexalgerie.com\/pieces\/wp-json\/wp\/v2\/product\/1053","targetHints":{"allow":["GET"]}}],"collection":[{"href":"https:\/\/innovexalgerie.com\/pieces\/wp-json\/wp\/v2\/product"}],"about":[{"href":"https:\/\/innovexalgerie.com\/pieces\/wp-json\/wp\/v2\/types\/product"}],"wp:featuredmedia":[{"embeddable":true,"href":"https:\/\/innovexalgerie.com\/pieces\/wp-json\/wp\/v2\/media\/1059"}],"wp:attachment":[{"href":"https:\/\/innovexalgerie.com\/pieces\/wp-json\/wp\/v2\/media?parent=1053"}],"wp:term":[{"taxonomy":"product_cat","embeddable":true,"href":"https:\/\/innovexalgerie.com\/pieces\/wp-json\/wp\/v2\/product_cat?post=1053"},{"taxonomy":"product_tag","embeddable":true,"href":"https:\/\/innovexalgerie.com\/pieces\/wp-json\/wp\/v2\/product_tag?post=1053"}],"curies":[{"name":"wp","href":"https:\/\/api.w.org\/{rel}","templated":true}]}}