{"id":1062,"date":"2022-11-07T09:17:15","date_gmt":"2022-11-07T08:17:15","guid":{"rendered":"https:\/\/innovexalgerie.com\/pieces\/?post_type=product&#038;p=1062"},"modified":"2023-01-17T12:31:41","modified_gmt":"2023-01-17T11:31:41","slug":"plaque-silicone-en-grade-alimentaire-500x500x10mm","status":"publish","type":"product","link":"https:\/\/innovexalgerie.com\/pieces\/produit\/teflon\/plaque-ptfe\/plaque-silicone-en-grade-alimentaire-500x500x10mm\/","title":{"rendered":"plaque silicone en Grade Alimentaire 500x500x10mm"},"content":{"rendered":"","protected":false},"excerpt":{"rendered":"<p>Silicone Plaque en Grade Alimentaire Carr\u00e9e, r\u00e9sistant \u00e0 haute Temp\u00e9rature Imperm\u00e9able \u00e0 l&rsquo;eau Absorption des Chocs.<\/p>\n","protected":false},"featured_media":1064,"template":"","meta":{"inline_featured_image":false,"_monsterinsights_skip_tracking":false,"_monsterinsights_sitenote_active":false,"_monsterinsights_sitenote_note":"","_monsterinsights_sitenote_category":0},"product_cat":[22,72],"product_tag":[],"class_list":["post-1062","product","type-product","status-publish","has-post-thumbnail","hentry","product_cat-teflon","product_cat-plaque-ptfe"],"acf":[],"_links":{"self":[{"href":"https:\/\/innovexalgerie.com\/pieces\/wp-json\/wp\/v2\/product\/1062","targetHints":{"allow":["GET"]}}],"collection":[{"href":"https:\/\/innovexalgerie.com\/pieces\/wp-json\/wp\/v2\/product"}],"about":[{"href":"https:\/\/innovexalgerie.com\/pieces\/wp-json\/wp\/v2\/types\/product"}],"wp:featuredmedia":[{"embeddable":true,"href":"https:\/\/innovexalgerie.com\/pieces\/wp-json\/wp\/v2\/media\/1064"}],"wp:attachment":[{"href":"https:\/\/innovexalgerie.com\/pieces\/wp-json\/wp\/v2\/media?parent=1062"}],"wp:term":[{"taxonomy":"product_cat","embeddable":true,"href":"https:\/\/innovexalgerie.com\/pieces\/wp-json\/wp\/v2\/product_cat?post=1062"},{"taxonomy":"product_tag","embeddable":true,"href":"https:\/\/innovexalgerie.com\/pieces\/wp-json\/wp\/v2\/product_tag?post=1062"}],"curies":[{"name":"wp","href":"https:\/\/api.w.org\/{rel}","templated":true}]}}