{"id":1065,"date":"2022-11-07T09:25:06","date_gmt":"2022-11-07T08:25:06","guid":{"rendered":"https:\/\/innovexalgerie.com\/pieces\/?post_type=product&#038;p=1065"},"modified":"2022-11-07T09:25:07","modified_gmt":"2022-11-07T08:25:07","slug":"plaque-silicone-en-caoutchouc-500x500x5mm","status":"publish","type":"product","link":"https:\/\/innovexalgerie.com\/pieces\/produit\/teflon\/silicone-rouge\/plaque-silicone-en-caoutchouc-500x500x5mm\/","title":{"rendered":"plaque silicone en caoutchouc 500x500x5mm"},"content":{"rendered":"","protected":false},"excerpt":{"rendered":"<p>La feuille de caoutchouc en Silicone est un excellent mat\u00e9riau pour les applications d&rsquo;\u00e9tanch\u00e9it\u00e9 et de rembourrage qui n\u00e9cessitent un mat\u00e9riau souple et compressible.<\/p>\n","protected":false},"featured_media":1068,"template":"","meta":{"inline_featured_image":false,"_monsterinsights_skip_tracking":false,"_monsterinsights_sitenote_active":false,"_monsterinsights_sitenote_note":"","_monsterinsights_sitenote_category":0},"product_cat":[22,71],"product_tag":[],"class_list":["post-1065","product","type-product","status-publish","has-post-thumbnail","hentry","product_cat-teflon","product_cat-silicone-rouge"],"acf":[],"_links":{"self":[{"href":"https:\/\/innovexalgerie.com\/pieces\/wp-json\/wp\/v2\/product\/1065","targetHints":{"allow":["GET"]}}],"collection":[{"href":"https:\/\/innovexalgerie.com\/pieces\/wp-json\/wp\/v2\/product"}],"about":[{"href":"https:\/\/innovexalgerie.com\/pieces\/wp-json\/wp\/v2\/types\/product"}],"wp:featuredmedia":[{"embeddable":true,"href":"https:\/\/innovexalgerie.com\/pieces\/wp-json\/wp\/v2\/media\/1068"}],"wp:attachment":[{"href":"https:\/\/innovexalgerie.com\/pieces\/wp-json\/wp\/v2\/media?parent=1065"}],"wp:term":[{"taxonomy":"product_cat","embeddable":true,"href":"https:\/\/innovexalgerie.com\/pieces\/wp-json\/wp\/v2\/product_cat?post=1065"},{"taxonomy":"product_tag","embeddable":true,"href":"https:\/\/innovexalgerie.com\/pieces\/wp-json\/wp\/v2\/product_tag?post=1065"}],"curies":[{"name":"wp","href":"https:\/\/api.w.org\/{rel}","templated":true}]}}