{"id":1471,"date":"2023-01-16T16:14:06","date_gmt":"2023-01-16T15:14:06","guid":{"rendered":"https:\/\/innovexalgerie.com\/pieces\/?post_type=product&#038;p=1471"},"modified":"2024-10-15T11:36:06","modified_gmt":"2024-10-15T10:36:06","slug":"charniere-metallique-cachee-zinc-paumelle","status":"publish","type":"product","link":"https:\/\/innovexalgerie.com\/pieces\/produit\/paumelles-charnieres-et-serrures\/charniere-metallique-cachee-zinc-paumelle\/","title":{"rendered":"Charni\u00e8re m\u00e9tallique cach\u00e9e zinc (paumelle)"},"content":{"rendered":"","protected":false},"excerpt":{"rendered":"","protected":false},"featured_media":1474,"template":"","meta":{"inline_featured_image":false,"_monsterinsights_skip_tracking":false,"_monsterinsights_sitenote_active":false,"_monsterinsights_sitenote_note":"","_monsterinsights_sitenote_category":0},"product_cat":[142],"product_tag":[110],"class_list":["post-1471","product","type-product","status-publish","has-post-thumbnail","hentry","product_cat-paumelles-charnieres-et-serrures","product_tag-paumelle"],"acf":[],"_links":{"self":[{"href":"https:\/\/innovexalgerie.com\/pieces\/wp-json\/wp\/v2\/product\/1471","targetHints":{"allow":["GET"]}}],"collection":[{"href":"https:\/\/innovexalgerie.com\/pieces\/wp-json\/wp\/v2\/product"}],"about":[{"href":"https:\/\/innovexalgerie.com\/pieces\/wp-json\/wp\/v2\/types\/product"}],"wp:featuredmedia":[{"embeddable":true,"href":"https:\/\/innovexalgerie.com\/pieces\/wp-json\/wp\/v2\/media\/1474"}],"wp:attachment":[{"href":"https:\/\/innovexalgerie.com\/pieces\/wp-json\/wp\/v2\/media?parent=1471"}],"wp:term":[{"taxonomy":"product_cat","embeddable":true,"href":"https:\/\/innovexalgerie.com\/pieces\/wp-json\/wp\/v2\/product_cat?post=1471"},{"taxonomy":"product_tag","embeddable":true,"href":"https:\/\/innovexalgerie.com\/pieces\/wp-json\/wp\/v2\/product_tag?post=1471"}],"curies":[{"name":"wp","href":"https:\/\/api.w.org\/{rel}","templated":true}]}}