{"id":164,"date":"2022-07-26T12:50:01","date_gmt":"2022-07-26T11:50:01","guid":{"rendered":"https:\/\/innovexalgerie.com\/pieces\/?post_type=product&#038;p=164"},"modified":"2024-11-09T13:48:41","modified_gmt":"2024-11-09T12:48:41","slug":"roue-porteuse-81x44x90-mm","status":"publish","type":"product","link":"https:\/\/innovexalgerie.com\/pieces\/produit\/roues-gerbeur\/roue-porteuse-roues-gerbeur\/roue-porteuse-81x44x90-mm\/","title":{"rendered":"Roue porteuse 85x70x47mm"},"content":{"rendered":"<p>Roue porteuse (load wheel) 85x70x47 mm compatible pour les appareils industriels et v\u00e9hicules de manutention, particuli\u00e8rement adapt\u00e9e aux sols industriels, avec un bandage en Polyur\u00e9thane<br \/>\net corps central en acier.<\/p>\n<p>&nbsp;<\/p>\n<p>&nbsp;<\/p>\n","protected":false},"excerpt":{"rendered":"<p>Roue porteuse (load wheel) 85x70x47 mm compatible pour les appareils industriels et v\u00e9hicules de manutention<\/p>\n","protected":false},"featured_media":186,"template":"","meta":{"inline_featured_image":false,"_monsterinsights_skip_tracking":false,"_monsterinsights_sitenote_active":false,"_monsterinsights_sitenote_note":"","_monsterinsights_sitenote_category":0},"product_cat":[115,119,89],"product_tag":[],"class_list":["post-164","product","type-product","status-publish","has-post-thumbnail","hentry","product_cat-roues-gerbeur","product_cat-roue-porteuse-roues-gerbeur","product_cat-roues-gerbeurs"],"acf":[],"_links":{"self":[{"href":"https:\/\/innovexalgerie.com\/pieces\/wp-json\/wp\/v2\/product\/164","targetHints":{"allow":["GET"]}}],"collection":[{"href":"https:\/\/innovexalgerie.com\/pieces\/wp-json\/wp\/v2\/product"}],"about":[{"href":"https:\/\/innovexalgerie.com\/pieces\/wp-json\/wp\/v2\/types\/product"}],"wp:featuredmedia":[{"embeddable":true,"href":"https:\/\/innovexalgerie.com\/pieces\/wp-json\/wp\/v2\/media\/186"}],"wp:attachment":[{"href":"https:\/\/innovexalgerie.com\/pieces\/wp-json\/wp\/v2\/media?parent=164"}],"wp:term":[{"taxonomy":"product_cat","embeddable":true,"href":"https:\/\/innovexalgerie.com\/pieces\/wp-json\/wp\/v2\/product_cat?post=164"},{"taxonomy":"product_tag","embeddable":true,"href":"https:\/\/innovexalgerie.com\/pieces\/wp-json\/wp\/v2\/product_tag?post=164"}],"curies":[{"name":"wp","href":"https:\/\/api.w.org\/{rel}","templated":true}]}}