{"id":1711,"date":"2023-01-19T10:37:59","date_gmt":"2023-01-19T09:37:59","guid":{"rendered":"https:\/\/innovexalgerie.com\/pieces\/?post_type=product&#038;p=1711"},"modified":"2024-11-09T13:47:13","modified_gmt":"2024-11-09T12:47:13","slug":"roue-motrice-343x144mm","status":"publish","type":"product","link":"https:\/\/innovexalgerie.com\/pieces\/produit\/roues-gerbeur\/roues-motrice\/roue-motrice-343x144mm\/","title":{"rendered":"Roue motrice 343&#215;114-80mm"},"content":{"rendered":"","protected":false},"excerpt":{"rendered":"<p>Roue motrice 343*114mm \u00d8 int\u00e9rieur 80mm 7 troues, mont\u00e9 sur Jungheinricch, Still, Heli<\/p>\n","protected":false},"featured_media":1715,"template":"","meta":{"inline_featured_image":false,"_monsterinsights_skip_tracking":false,"_monsterinsights_sitenote_active":false,"_monsterinsights_sitenote_note":"","_monsterinsights_sitenote_category":0},"product_cat":[115,116,89],"product_tag":[],"class_list":["post-1711","product","type-product","status-publish","has-post-thumbnail","hentry","product_cat-roues-gerbeur","product_cat-roues-motrice","product_cat-roues-gerbeurs"],"acf":[],"_links":{"self":[{"href":"https:\/\/innovexalgerie.com\/pieces\/wp-json\/wp\/v2\/product\/1711","targetHints":{"allow":["GET"]}}],"collection":[{"href":"https:\/\/innovexalgerie.com\/pieces\/wp-json\/wp\/v2\/product"}],"about":[{"href":"https:\/\/innovexalgerie.com\/pieces\/wp-json\/wp\/v2\/types\/product"}],"wp:featuredmedia":[{"embeddable":true,"href":"https:\/\/innovexalgerie.com\/pieces\/wp-json\/wp\/v2\/media\/1715"}],"wp:attachment":[{"href":"https:\/\/innovexalgerie.com\/pieces\/wp-json\/wp\/v2\/media?parent=1711"}],"wp:term":[{"taxonomy":"product_cat","embeddable":true,"href":"https:\/\/innovexalgerie.com\/pieces\/wp-json\/wp\/v2\/product_cat?post=1711"},{"taxonomy":"product_tag","embeddable":true,"href":"https:\/\/innovexalgerie.com\/pieces\/wp-json\/wp\/v2\/product_tag?post=1711"}],"curies":[{"name":"wp","href":"https:\/\/api.w.org\/{rel}","templated":true}]}}