{"id":1775,"date":"2023-01-24T10:08:40","date_gmt":"2023-01-24T09:08:40","guid":{"rendered":"https:\/\/innovexalgerie.com\/pieces\/?post_type=product&#038;p=1775"},"modified":"2023-01-24T10:08:41","modified_gmt":"2023-01-24T09:08:41","slug":"batterie-gf-12-105-v","status":"publish","type":"product","link":"https:\/\/innovexalgerie.com\/pieces\/produit\/batteries\/batterie-gf-12-105-v\/","title":{"rendered":"Batterie GF 12 105 V"},"content":{"rendered":"<p>Batterie\u00a0GF 12 105 V Sonnenschein, Pour les utilisations industrielles telles que v\u00e9hicules filoguid\u00e9s, plateformes \u00e9l\u00e9vatrices, engins de nettoyage, transpalettes, gerbeurs, voitures et bus \u00e9lectriques.<\/p>\n","protected":false},"excerpt":{"rendered":"<p>Batterie GF 12 105 V Sonnenschein, con\u00e7ue pour les applications industrielles exigeantes.<\/p>\n","protected":false},"featured_media":1776,"template":"","meta":{"inline_featured_image":false,"_monsterinsights_skip_tracking":false,"_monsterinsights_sitenote_active":false,"_monsterinsights_sitenote_note":"","_monsterinsights_sitenote_category":0},"product_cat":[44],"product_tag":[],"class_list":["post-1775","product","type-product","status-publish","has-post-thumbnail","hentry","product_cat-batteries"],"acf":[],"_links":{"self":[{"href":"https:\/\/innovexalgerie.com\/pieces\/wp-json\/wp\/v2\/product\/1775","targetHints":{"allow":["GET"]}}],"collection":[{"href":"https:\/\/innovexalgerie.com\/pieces\/wp-json\/wp\/v2\/product"}],"about":[{"href":"https:\/\/innovexalgerie.com\/pieces\/wp-json\/wp\/v2\/types\/product"}],"wp:featuredmedia":[{"embeddable":true,"href":"https:\/\/innovexalgerie.com\/pieces\/wp-json\/wp\/v2\/media\/1776"}],"wp:attachment":[{"href":"https:\/\/innovexalgerie.com\/pieces\/wp-json\/wp\/v2\/media?parent=1775"}],"wp:term":[{"taxonomy":"product_cat","embeddable":true,"href":"https:\/\/innovexalgerie.com\/pieces\/wp-json\/wp\/v2\/product_cat?post=1775"},{"taxonomy":"product_tag","embeddable":true,"href":"https:\/\/innovexalgerie.com\/pieces\/wp-json\/wp\/v2\/product_tag?post=1775"}],"curies":[{"name":"wp","href":"https:\/\/api.w.org\/{rel}","templated":true}]}}