{"id":2126,"date":"2023-08-23T14:26:03","date_gmt":"2023-08-23T13:26:03","guid":{"rendered":"https:\/\/innovexalgerie.com\/pieces\/?post_type=product&#038;p=2126"},"modified":"2024-11-20T15:59:15","modified_gmt":"2024-11-20T14:59:15","slug":"roue-directrice-nylon-noir-190x50mm","status":"publish","type":"product","link":"https:\/\/innovexalgerie.com\/pieces\/produit\/roues-transpalettes-2\/roue-direction\/roue-directrice-nylon-noir-190x50mm\/","title":{"rendered":"Roue directrice nylon noir 190x50mm"},"content":{"rendered":"<p>Roue directrice (Driving wheel) 190x50x55mm pour transpalette en polyamide nylon noir, compatible pour les appareils industriels et v\u00e9hicules de manutention, particuli\u00e8rement adapt\u00e9e aux sols industriels, avec un bandage en polyamide nylon noir.<\/p>\n<p>&nbsp;<\/p>\n","protected":false},"excerpt":{"rendered":"<p>Roue directrice (Driving wheel) 190x50x55mm pour transpalette en polyamide nylon noir, compatible pour les appareils industriels et v\u00e9hicules de manutention.<\/p>\n","protected":false},"featured_media":2127,"template":"","meta":{"inline_featured_image":false,"_monsterinsights_skip_tracking":false,"_monsterinsights_sitenote_active":false,"_monsterinsights_sitenote_note":"","_monsterinsights_sitenote_category":0},"product_cat":[120,121,79,93],"product_tag":[],"class_list":["post-2126","product","type-product","status-publish","has-post-thumbnail","hentry","product_cat-roues-transpalettes-2","product_cat-roue-direction","product_cat-transpalettes","product_cat-roues-transpalettes"],"acf":[],"_links":{"self":[{"href":"https:\/\/innovexalgerie.com\/pieces\/wp-json\/wp\/v2\/product\/2126","targetHints":{"allow":["GET"]}}],"collection":[{"href":"https:\/\/innovexalgerie.com\/pieces\/wp-json\/wp\/v2\/product"}],"about":[{"href":"https:\/\/innovexalgerie.com\/pieces\/wp-json\/wp\/v2\/types\/product"}],"wp:featuredmedia":[{"embeddable":true,"href":"https:\/\/innovexalgerie.com\/pieces\/wp-json\/wp\/v2\/media\/2127"}],"wp:attachment":[{"href":"https:\/\/innovexalgerie.com\/pieces\/wp-json\/wp\/v2\/media?parent=2126"}],"wp:term":[{"taxonomy":"product_cat","embeddable":true,"href":"https:\/\/innovexalgerie.com\/pieces\/wp-json\/wp\/v2\/product_cat?post=2126"},{"taxonomy":"product_tag","embeddable":true,"href":"https:\/\/innovexalgerie.com\/pieces\/wp-json\/wp\/v2\/product_tag?post=2126"}],"curies":[{"name":"wp","href":"https:\/\/api.w.org\/{rel}","templated":true}]}}