{"id":2151,"date":"2023-08-24T12:16:30","date_gmt":"2023-08-24T11:16:30","guid":{"rendered":"https:\/\/innovexalgerie.com\/pieces\/?post_type=product&#038;p=2151"},"modified":"2024-11-20T15:48:31","modified_gmt":"2024-11-20T14:48:31","slug":"galet-de-transpalette-nylon-78x70mm","status":"publish","type":"product","link":"https:\/\/innovexalgerie.com\/pieces\/produit\/roues-transpalettes-2\/galets\/galet-de-transpalette-nylon-78x70mm\/","title":{"rendered":"Galet de transpalette nylon 78x70mm"},"content":{"rendered":"<p>Galet de transpalette (load wheel) 78x70x47 mm en polyamide nylon, compatible pour les appareils industriels et v\u00e9hicules de manutention, particuli\u00e8rement adapt\u00e9e aux sols industriels, avec un bandage en polyamide nylon et corps central en acier.<\/p>\n<p>&nbsp;<\/p>\n","protected":false},"excerpt":{"rendered":"<p>Galet de transpalette (load wheel) 78&#215;70 mm en polyamide nylon, compatible pour les appareils industriels et v\u00e9hicules de manutention.<\/p>\n","protected":false},"featured_media":2148,"template":"","meta":{"inline_featured_image":false,"_monsterinsights_skip_tracking":false,"_monsterinsights_sitenote_active":false,"_monsterinsights_sitenote_note":"","_monsterinsights_sitenote_category":0},"product_cat":[120,122,79,93],"product_tag":[],"class_list":["post-2151","product","type-product","status-publish","has-post-thumbnail","hentry","product_cat-roues-transpalettes-2","product_cat-galets","product_cat-transpalettes","product_cat-roues-transpalettes"],"acf":[],"_links":{"self":[{"href":"https:\/\/innovexalgerie.com\/pieces\/wp-json\/wp\/v2\/product\/2151","targetHints":{"allow":["GET"]}}],"collection":[{"href":"https:\/\/innovexalgerie.com\/pieces\/wp-json\/wp\/v2\/product"}],"about":[{"href":"https:\/\/innovexalgerie.com\/pieces\/wp-json\/wp\/v2\/types\/product"}],"wp:featuredmedia":[{"embeddable":true,"href":"https:\/\/innovexalgerie.com\/pieces\/wp-json\/wp\/v2\/media\/2148"}],"wp:attachment":[{"href":"https:\/\/innovexalgerie.com\/pieces\/wp-json\/wp\/v2\/media?parent=2151"}],"wp:term":[{"taxonomy":"product_cat","embeddable":true,"href":"https:\/\/innovexalgerie.com\/pieces\/wp-json\/wp\/v2\/product_cat?post=2151"},{"taxonomy":"product_tag","embeddable":true,"href":"https:\/\/innovexalgerie.com\/pieces\/wp-json\/wp\/v2\/product_tag?post=2151"}],"curies":[{"name":"wp","href":"https:\/\/api.w.org\/{rel}","templated":true}]}}