{"id":2513,"date":"2024-07-21T10:26:37","date_gmt":"2024-07-21T09:26:37","guid":{"rendered":"https:\/\/innovexalgerie.com\/pieces\/?post_type=product&#038;p=2513"},"modified":"2024-07-21T10:36:31","modified_gmt":"2024-07-21T09:36:31","slug":"commande-verin-electrique-a-distance","status":"publish","type":"product","link":"https:\/\/innovexalgerie.com\/pieces\/produit\/verins\/electrique\/commande-verin-electrique-a-distance\/","title":{"rendered":"commande v\u00e9rin \u00e9lectrique \u00e0 distance"},"content":{"rendered":"<p>commande v\u00e9rin \u00e9lectrique \u00e0 distance<\/p>\n","protected":false},"excerpt":{"rendered":"<p>commande v\u00e9rin \u00e9lectrique \u00e0 distance<\/p>\n","protected":false},"featured_media":2514,"template":"","meta":{"inline_featured_image":false,"_monsterinsights_skip_tracking":false,"_monsterinsights_sitenote_active":false,"_monsterinsights_sitenote_note":"","_monsterinsights_sitenote_category":0},"product_cat":[21,139],"product_tag":[],"class_list":["post-2513","product","type-product","status-publish","has-post-thumbnail","hentry","product_cat-verins","product_cat-electrique"],"acf":[],"_links":{"self":[{"href":"https:\/\/innovexalgerie.com\/pieces\/wp-json\/wp\/v2\/product\/2513","targetHints":{"allow":["GET"]}}],"collection":[{"href":"https:\/\/innovexalgerie.com\/pieces\/wp-json\/wp\/v2\/product"}],"about":[{"href":"https:\/\/innovexalgerie.com\/pieces\/wp-json\/wp\/v2\/types\/product"}],"wp:featuredmedia":[{"embeddable":true,"href":"https:\/\/innovexalgerie.com\/pieces\/wp-json\/wp\/v2\/media\/2514"}],"wp:attachment":[{"href":"https:\/\/innovexalgerie.com\/pieces\/wp-json\/wp\/v2\/media?parent=2513"}],"wp:term":[{"taxonomy":"product_cat","embeddable":true,"href":"https:\/\/innovexalgerie.com\/pieces\/wp-json\/wp\/v2\/product_cat?post=2513"},{"taxonomy":"product_tag","embeddable":true,"href":"https:\/\/innovexalgerie.com\/pieces\/wp-json\/wp\/v2\/product_tag?post=2513"}],"curies":[{"name":"wp","href":"https:\/\/api.w.org\/{rel}","templated":true}]}}