{"id":2675,"date":"2024-10-06T13:13:04","date_gmt":"2024-10-06T12:13:04","guid":{"rendered":"https:\/\/innovexalgerie.com\/pieces\/?post_type=product&#038;p=2675"},"modified":"2024-10-15T14:14:13","modified_gmt":"2024-10-15T13:14:13","slug":"ampere-metre-0-50-a-dh-670","status":"publish","type":"product","link":"https:\/\/innovexalgerie.com\/pieces\/produit\/emballage\/tunnel-de-retraction\/ampere-metre-0-50-a-dh-670\/","title":{"rendered":"Amp\u00e8re M\u00e8tre  0 &#8211; 50 A &#8211; DH-670"},"content":{"rendered":"<p>Amp\u00e8re M\u00e8tre 0 &#8211; 50 A &#8211; DH-670<\/p>\n","protected":false},"excerpt":{"rendered":"<p>Amp\u00e8re M\u00e8tre 0 &#8211; 50 A &#8211; DH-670<\/p>\n","protected":false},"featured_media":2678,"template":"","meta":{"inline_featured_image":false,"_monsterinsights_skip_tracking":false,"_monsterinsights_sitenote_active":false,"_monsterinsights_sitenote_note":"","_monsterinsights_sitenote_category":0},"product_cat":[77,105,144],"product_tag":[],"class_list":["post-2675","product","type-product","status-publish","has-post-thumbnail","hentry","product_cat-emballage","product_cat-tunnel-de-retraction","product_cat-pieces-electriques-2"],"acf":[],"_links":{"self":[{"href":"https:\/\/innovexalgerie.com\/pieces\/wp-json\/wp\/v2\/product\/2675","targetHints":{"allow":["GET"]}}],"collection":[{"href":"https:\/\/innovexalgerie.com\/pieces\/wp-json\/wp\/v2\/product"}],"about":[{"href":"https:\/\/innovexalgerie.com\/pieces\/wp-json\/wp\/v2\/types\/product"}],"wp:featuredmedia":[{"embeddable":true,"href":"https:\/\/innovexalgerie.com\/pieces\/wp-json\/wp\/v2\/media\/2678"}],"wp:attachment":[{"href":"https:\/\/innovexalgerie.com\/pieces\/wp-json\/wp\/v2\/media?parent=2675"}],"wp:term":[{"taxonomy":"product_cat","embeddable":true,"href":"https:\/\/innovexalgerie.com\/pieces\/wp-json\/wp\/v2\/product_cat?post=2675"},{"taxonomy":"product_tag","embeddable":true,"href":"https:\/\/innovexalgerie.com\/pieces\/wp-json\/wp\/v2\/product_tag?post=2675"}],"curies":[{"name":"wp","href":"https:\/\/api.w.org\/{rel}","templated":true}]}}