{"id":564,"date":"2022-09-11T09:20:45","date_gmt":"2022-09-11T08:20:45","guid":{"rendered":"https:\/\/innovexalgerie.com\/pieces\/?post_type=product&#038;p=564"},"modified":"2024-10-16T14:59:50","modified_gmt":"2024-10-16T13:59:50","slug":"roulette-pivotante","status":"publish","type":"product","link":"https:\/\/innovexalgerie.com\/pieces\/produit\/roulette-modele\/roulette-avec-plaque\/roulette-pivotante\/","title":{"rendered":"Roulette pivotante 72x42x120mm"},"content":{"rendered":"<p>Roulette pivotante 72x42x120 mm fixation \u00e0 trou central, caoutchouc noir \u00e0 rouleaux, compatible pour les appareils industriels et v\u00e9hicules de manutention, indiqu\u00e9es pour tous les types de sol, m\u00eame pour une utilisation en ext\u00e9rieur<\/p>\n<p>BANDAGE : en caoutchouc<br \/>\nCORPS : en polyamide<\/p>\n<p><img loading=\"lazy\" decoding=\"async\" class=\"alignnone size-medium wp-image-565\" src=\"https:\/\/innovexalgerie.com\/pieces\/wp-content\/uploads\/2022\/09\/roulette-1_-300x171.png\" alt=\"\" width=\"300\" height=\"171\" srcset=\"https:\/\/innovexalgerie.com\/pieces\/wp-content\/uploads\/2022\/09\/roulette-1_-300x171.png 300w, https:\/\/innovexalgerie.com\/pieces\/wp-content\/uploads\/2022\/09\/roulette-1_-600x343.png 600w, https:\/\/innovexalgerie.com\/pieces\/wp-content\/uploads\/2022\/09\/roulette-1_.png 700w\" sizes=\"auto, (max-width: 300px) 100vw, 300px\" \/><\/p>\n<p>&nbsp;<\/p>\n<p>&nbsp;<\/p>\n","protected":false},"excerpt":{"rendered":"<p>Roulette pivotante 72x42x120 mm, compatible pour les appareils industriels et v\u00e9hicules de manutention, indiqu\u00e9es pour tous les types de sol, m\u00eame pour une utilisation en ext\u00e9rieur.<\/p>\n","protected":false},"featured_media":566,"template":"","meta":{"inline_featured_image":false,"_monsterinsights_skip_tracking":false,"_monsterinsights_sitenote_active":false,"_monsterinsights_sitenote_note":"","_monsterinsights_sitenote_category":0},"product_cat":[124,125,50,52],"product_tag":[],"class_list":["post-564","product","type-product","status-publish","has-post-thumbnail","hentry","product_cat-roulette-modele","product_cat-roulette-avec-plaque","product_cat-roulettes","product_cat-caoutchouc"],"acf":[],"_links":{"self":[{"href":"https:\/\/innovexalgerie.com\/pieces\/wp-json\/wp\/v2\/product\/564","targetHints":{"allow":["GET"]}}],"collection":[{"href":"https:\/\/innovexalgerie.com\/pieces\/wp-json\/wp\/v2\/product"}],"about":[{"href":"https:\/\/innovexalgerie.com\/pieces\/wp-json\/wp\/v2\/types\/product"}],"wp:featuredmedia":[{"embeddable":true,"href":"https:\/\/innovexalgerie.com\/pieces\/wp-json\/wp\/v2\/media\/566"}],"wp:attachment":[{"href":"https:\/\/innovexalgerie.com\/pieces\/wp-json\/wp\/v2\/media?parent=564"}],"wp:term":[{"taxonomy":"product_cat","embeddable":true,"href":"https:\/\/innovexalgerie.com\/pieces\/wp-json\/wp\/v2\/product_cat?post=564"},{"taxonomy":"product_tag","embeddable":true,"href":"https:\/\/innovexalgerie.com\/pieces\/wp-json\/wp\/v2\/product_tag?post=564"}],"curies":[{"name":"wp","href":"https:\/\/api.w.org\/{rel}","templated":true}]}}