{"id":666,"date":"2022-09-14T12:27:09","date_gmt":"2022-09-14T11:27:09","guid":{"rendered":"https:\/\/innovexalgerie.com\/pieces\/?post_type=product&#038;p=666"},"modified":"2024-10-16T12:00:05","modified_gmt":"2024-10-16T11:00:05","slug":"roulette-pivotante-100x32x126mm","status":"publish","type":"product","link":"https:\/\/innovexalgerie.com\/pieces\/produit\/roulette-modele\/roulette-avec-plaque\/roulette-pivotante-100x32x126mm\/","title":{"rendered":"Roulette fixe 100x32x126mm"},"content":{"rendered":"<p>Roulette pivotante 100x32x126 mm fixation \u00e0 trou central, \u00a0polyur\u00e9thane \u00e0 rouleaux, compatible pour les appareils industriels et v\u00e9hicules de manutention, indiqu\u00e9es pour tous les types de sol, m\u00eame pour une utilisation en ext\u00e9rieur<\/p>\n<p>BANDAGE : \u00a0polyur\u00e9thane<\/p>\n<p><img loading=\"lazy\" decoding=\"async\" class=\"alignnone size-medium wp-image-667\" src=\"https:\/\/innovexalgerie.com\/pieces\/wp-content\/uploads\/2022\/09\/roulettes-ON1-300x171.png\" alt=\"\" width=\"300\" height=\"171\" srcset=\"https:\/\/innovexalgerie.com\/pieces\/wp-content\/uploads\/2022\/09\/roulettes-ON1-300x171.png 300w, https:\/\/innovexalgerie.com\/pieces\/wp-content\/uploads\/2022\/09\/roulettes-ON1-600x343.png 600w, https:\/\/innovexalgerie.com\/pieces\/wp-content\/uploads\/2022\/09\/roulettes-ON1.png 700w\" sizes=\"auto, (max-width: 300px) 100vw, 300px\" \/><\/p>\n","protected":false},"excerpt":{"rendered":"<p>Roulette pivotante 100x32x126 mm, compatible pour les appareils industriels et v\u00e9hicules de manutention, indiqu\u00e9es pour tous les types de sol, m\u00eame pour une utilisation en ext\u00e9rieur.<\/p>\n","protected":false},"featured_media":668,"template":"","meta":{"inline_featured_image":false,"_monsterinsights_skip_tracking":false,"_monsterinsights_sitenote_active":false,"_monsterinsights_sitenote_note":"","_monsterinsights_sitenote_category":0},"product_cat":[124,125,50,51],"product_tag":[],"class_list":["post-666","product","type-product","status-publish","has-post-thumbnail","hentry","product_cat-roulette-modele","product_cat-roulette-avec-plaque","product_cat-roulettes","product_cat-pu-polyurethane"],"acf":[],"_links":{"self":[{"href":"https:\/\/innovexalgerie.com\/pieces\/wp-json\/wp\/v2\/product\/666","targetHints":{"allow":["GET"]}}],"collection":[{"href":"https:\/\/innovexalgerie.com\/pieces\/wp-json\/wp\/v2\/product"}],"about":[{"href":"https:\/\/innovexalgerie.com\/pieces\/wp-json\/wp\/v2\/types\/product"}],"wp:featuredmedia":[{"embeddable":true,"href":"https:\/\/innovexalgerie.com\/pieces\/wp-json\/wp\/v2\/media\/668"}],"wp:attachment":[{"href":"https:\/\/innovexalgerie.com\/pieces\/wp-json\/wp\/v2\/media?parent=666"}],"wp:term":[{"taxonomy":"product_cat","embeddable":true,"href":"https:\/\/innovexalgerie.com\/pieces\/wp-json\/wp\/v2\/product_cat?post=666"},{"taxonomy":"product_tag","embeddable":true,"href":"https:\/\/innovexalgerie.com\/pieces\/wp-json\/wp\/v2\/product_tag?post=666"}],"curies":[{"name":"wp","href":"https:\/\/api.w.org\/{rel}","templated":true}]}}