{"id":699,"date":"2022-09-20T11:58:47","date_gmt":"2022-09-20T10:58:47","guid":{"rendered":"https:\/\/innovexalgerie.com\/pieces\/?post_type=product&#038;p=699"},"modified":"2024-10-02T15:54:16","modified_gmt":"2024-10-02T14:54:16","slug":"roulette-pivotante-avec-tige-filetee-50x25x70mm","status":"publish","type":"product","link":"https:\/\/innovexalgerie.com\/pieces\/produit\/roulette-modele\/roulette-avec-tige\/roulette-pivotante-avec-tige-filetee-50x25x70mm\/","title":{"rendered":"Roulette pivotante 50x25x70mm"},"content":{"rendered":"<p>Roulette pivotante 50x25x70 mm, fixation \u00e0 trou central, en Nylon, compatible pour les appareils industriels et v\u00e9hicules de manutention, indiqu\u00e9es pour tous les types de sol, m\u00eame pour une utilisation en ext\u00e9rieur<\/p>\n<p>BANDAGE : en Nylon<\/p>\n<p><img loading=\"lazy\" decoding=\"async\" class=\"alignnone size-medium wp-image-701\" src=\"https:\/\/innovexalgerie.com\/pieces\/wp-content\/uploads\/2022\/09\/14_-300x171.png\" alt=\"\" width=\"300\" height=\"171\" srcset=\"https:\/\/innovexalgerie.com\/pieces\/wp-content\/uploads\/2022\/09\/14_-300x171.png 300w, https:\/\/innovexalgerie.com\/pieces\/wp-content\/uploads\/2022\/09\/14_-600x343.png 600w, https:\/\/innovexalgerie.com\/pieces\/wp-content\/uploads\/2022\/09\/14_.png 700w\" sizes=\"auto, (max-width: 300px) 100vw, 300px\" \/><\/p>\n","protected":false},"excerpt":{"rendered":"<p>Roulette 50x25x70 mm, compatible pour les appareils industriels et v\u00e9hicules de manutention, indiqu\u00e9es pour tous les types de sol, m\u00eame pour une utilisation en ext\u00e9rieur.<\/p>\n","protected":false},"featured_media":700,"template":"","meta":{"inline_featured_image":false,"_monsterinsights_skip_tracking":false,"_monsterinsights_sitenote_active":false,"_monsterinsights_sitenote_note":"","_monsterinsights_sitenote_category":0},"product_cat":[124,129,50],"product_tag":[],"class_list":["post-699","product","type-product","status-publish","has-post-thumbnail","hentry","product_cat-roulette-modele","product_cat-roulette-avec-tige","product_cat-roulettes"],"acf":[],"_links":{"self":[{"href":"https:\/\/innovexalgerie.com\/pieces\/wp-json\/wp\/v2\/product\/699","targetHints":{"allow":["GET"]}}],"collection":[{"href":"https:\/\/innovexalgerie.com\/pieces\/wp-json\/wp\/v2\/product"}],"about":[{"href":"https:\/\/innovexalgerie.com\/pieces\/wp-json\/wp\/v2\/types\/product"}],"wp:featuredmedia":[{"embeddable":true,"href":"https:\/\/innovexalgerie.com\/pieces\/wp-json\/wp\/v2\/media\/700"}],"wp:attachment":[{"href":"https:\/\/innovexalgerie.com\/pieces\/wp-json\/wp\/v2\/media?parent=699"}],"wp:term":[{"taxonomy":"product_cat","embeddable":true,"href":"https:\/\/innovexalgerie.com\/pieces\/wp-json\/wp\/v2\/product_cat?post=699"},{"taxonomy":"product_tag","embeddable":true,"href":"https:\/\/innovexalgerie.com\/pieces\/wp-json\/wp\/v2\/product_tag?post=699"}],"curies":[{"name":"wp","href":"https:\/\/api.w.org\/{rel}","templated":true}]}}