{"id":713,"date":"2022-09-20T13:17:25","date_gmt":"2022-09-20T12:17:25","guid":{"rendered":"https:\/\/innovexalgerie.com\/pieces\/?post_type=product&#038;p=713"},"modified":"2024-10-02T15:51:29","modified_gmt":"2024-10-02T14:51:29","slug":"roulette-pivotante-75x32x100-mm","status":"publish","type":"product","link":"https:\/\/innovexalgerie.com\/pieces\/produit\/roulette-modele\/roulette-avec-tige\/roulette-pivotante-75x32x100-mm\/","title":{"rendered":"Roulette pivotante 75x32x100 mm"},"content":{"rendered":"<p>Roulette pivotante 75x32x100 mm, fixation \u00e0 trou central, Polyur\u00e9thane PU rouge \u00e0 rouleaux, compatible pour les appareils industriels et v\u00e9hicules de manutention, indiqu\u00e9es pour tous les types de sol, m\u00eame pour une utilisation en ext\u00e9rieur<\/p>\n<p>BANDAGE : en Polyur\u00e9thane<br \/>\nCORPS : en polyamide<\/p>\n<p><img loading=\"lazy\" decoding=\"async\" class=\"alignnone size-medium wp-image-715\" src=\"https:\/\/innovexalgerie.com\/pieces\/wp-content\/uploads\/2022\/09\/16_-300x171.png\" alt=\"\" width=\"300\" height=\"171\" srcset=\"https:\/\/innovexalgerie.com\/pieces\/wp-content\/uploads\/2022\/09\/16_-300x171.png 300w, https:\/\/innovexalgerie.com\/pieces\/wp-content\/uploads\/2022\/09\/16_-600x343.png 600w, https:\/\/innovexalgerie.com\/pieces\/wp-content\/uploads\/2022\/09\/16_.png 700w\" sizes=\"auto, (max-width: 300px) 100vw, 300px\" \/><\/p>\n<p>&nbsp;<\/p>\n","protected":false},"excerpt":{"rendered":"<p>Roulette pivotante 75x32x100 mm, compatible pour les appareils industriels et v\u00e9hicules de manutention, indiqu\u00e9es pour tous les types de sol, m\u00eame pour une utilisation en ext\u00e9rieur.<\/p>\n","protected":false},"featured_media":714,"template":"","meta":{"inline_featured_image":false,"_monsterinsights_skip_tracking":false,"_monsterinsights_sitenote_active":false,"_monsterinsights_sitenote_note":"","_monsterinsights_sitenote_category":0},"product_cat":[124,129,50],"product_tag":[],"class_list":["post-713","product","type-product","status-publish","has-post-thumbnail","hentry","product_cat-roulette-modele","product_cat-roulette-avec-tige","product_cat-roulettes"],"acf":[],"_links":{"self":[{"href":"https:\/\/innovexalgerie.com\/pieces\/wp-json\/wp\/v2\/product\/713","targetHints":{"allow":["GET"]}}],"collection":[{"href":"https:\/\/innovexalgerie.com\/pieces\/wp-json\/wp\/v2\/product"}],"about":[{"href":"https:\/\/innovexalgerie.com\/pieces\/wp-json\/wp\/v2\/types\/product"}],"wp:featuredmedia":[{"embeddable":true,"href":"https:\/\/innovexalgerie.com\/pieces\/wp-json\/wp\/v2\/media\/714"}],"wp:attachment":[{"href":"https:\/\/innovexalgerie.com\/pieces\/wp-json\/wp\/v2\/media?parent=713"}],"wp:term":[{"taxonomy":"product_cat","embeddable":true,"href":"https:\/\/innovexalgerie.com\/pieces\/wp-json\/wp\/v2\/product_cat?post=713"},{"taxonomy":"product_tag","embeddable":true,"href":"https:\/\/innovexalgerie.com\/pieces\/wp-json\/wp\/v2\/product_tag?post=713"}],"curies":[{"name":"wp","href":"https:\/\/api.w.org\/{rel}","templated":true}]}}