{"id":724,"date":"2022-09-26T10:54:43","date_gmt":"2022-09-26T09:54:43","guid":{"rendered":"https:\/\/innovexalgerie.com\/pieces\/?post_type=product&#038;p=724"},"modified":"2022-09-26T10:54:43","modified_gmt":"2022-09-26T09:54:43","slug":"moteur-z90","status":"publish","type":"product","link":"https:\/\/innovexalgerie.com\/pieces\/produit\/moteurs\/moteur-z90\/","title":{"rendered":"Moteur Z90"},"content":{"rendered":"<p><span class=\"\">\u00a0Moteur Z90 monophas\u00e9 \u00e0 engrenage \u00e9lectrique, 50w tension 220V avec vitesse de 2000 tours par minute.<\/span><\/p>\n","protected":false},"excerpt":{"rendered":"<p><span class=\"\">\u00a0Moteur Z90 monophas\u00e9 \u00e0 engrenage \u00e9lectrique, 50w tension 220V avec vitesse de 2000 tours par minute.<\/span><\/p>\n","protected":false},"featured_media":725,"template":"","meta":{"inline_featured_image":false,"_monsterinsights_skip_tracking":false,"_monsterinsights_sitenote_active":false,"_monsterinsights_sitenote_note":"","_monsterinsights_sitenote_category":0},"product_cat":[30],"product_tag":[],"class_list":["post-724","product","type-product","status-publish","has-post-thumbnail","hentry","product_cat-moteurs"],"acf":[],"_links":{"self":[{"href":"https:\/\/innovexalgerie.com\/pieces\/wp-json\/wp\/v2\/product\/724","targetHints":{"allow":["GET"]}}],"collection":[{"href":"https:\/\/innovexalgerie.com\/pieces\/wp-json\/wp\/v2\/product"}],"about":[{"href":"https:\/\/innovexalgerie.com\/pieces\/wp-json\/wp\/v2\/types\/product"}],"wp:featuredmedia":[{"embeddable":true,"href":"https:\/\/innovexalgerie.com\/pieces\/wp-json\/wp\/v2\/media\/725"}],"wp:attachment":[{"href":"https:\/\/innovexalgerie.com\/pieces\/wp-json\/wp\/v2\/media?parent=724"}],"wp:term":[{"taxonomy":"product_cat","embeddable":true,"href":"https:\/\/innovexalgerie.com\/pieces\/wp-json\/wp\/v2\/product_cat?post=724"},{"taxonomy":"product_tag","embeddable":true,"href":"https:\/\/innovexalgerie.com\/pieces\/wp-json\/wp\/v2\/product_tag?post=724"}],"curies":[{"name":"wp","href":"https:\/\/api.w.org\/{rel}","templated":true}]}}