{"id":726,"date":"2022-09-26T11:04:34","date_gmt":"2022-09-26T10:04:34","guid":{"rendered":"https:\/\/innovexalgerie.com\/pieces\/?post_type=product&#038;p=726"},"modified":"2022-09-26T11:04:49","modified_gmt":"2022-09-26T10:04:49","slug":"moteur-z5d90-24a2-125","status":"publish","type":"product","link":"https:\/\/innovexalgerie.com\/pieces\/produit\/moteurs\/moteur-z5d90-24a2-125\/","title":{"rendered":"Moteur Z5D90-24A2-125"},"content":{"rendered":"<p><span class=\"\">\u00a0Moteur Z5D90-24A2-125 monophas\u00e9 \u00e0 engrenage \u00e9lectrique, 90w tension 24V avec fr\u00e9quance de 50\/60Hz.<\/span><\/p>\n","protected":false},"excerpt":{"rendered":"<p><span class=\"\">\u00a0Moteur Z5D90-24A2-125 monophas\u00e9 \u00e0 engrenage \u00e9lectrique, 90w tension 24V avec fr\u00e9quance de 50\/60Hz.<\/span><\/p>\n","protected":false},"featured_media":727,"template":"","meta":{"inline_featured_image":false,"_monsterinsights_skip_tracking":false,"_monsterinsights_sitenote_active":false,"_monsterinsights_sitenote_note":"","_monsterinsights_sitenote_category":0},"product_cat":[30],"product_tag":[],"class_list":["post-726","product","type-product","status-publish","has-post-thumbnail","hentry","product_cat-moteurs"],"acf":[],"_links":{"self":[{"href":"https:\/\/innovexalgerie.com\/pieces\/wp-json\/wp\/v2\/product\/726","targetHints":{"allow":["GET"]}}],"collection":[{"href":"https:\/\/innovexalgerie.com\/pieces\/wp-json\/wp\/v2\/product"}],"about":[{"href":"https:\/\/innovexalgerie.com\/pieces\/wp-json\/wp\/v2\/types\/product"}],"wp:featuredmedia":[{"embeddable":true,"href":"https:\/\/innovexalgerie.com\/pieces\/wp-json\/wp\/v2\/media\/727"}],"wp:attachment":[{"href":"https:\/\/innovexalgerie.com\/pieces\/wp-json\/wp\/v2\/media?parent=726"}],"wp:term":[{"taxonomy":"product_cat","embeddable":true,"href":"https:\/\/innovexalgerie.com\/pieces\/wp-json\/wp\/v2\/product_cat?post=726"},{"taxonomy":"product_tag","embeddable":true,"href":"https:\/\/innovexalgerie.com\/pieces\/wp-json\/wp\/v2\/product_tag?post=726"}],"curies":[{"name":"wp","href":"https:\/\/api.w.org\/{rel}","templated":true}]}}