{"id":734,"date":"2022-09-26T11:49:01","date_gmt":"2022-09-26T10:49:01","guid":{"rendered":"https:\/\/innovexalgerie.com\/pieces\/?post_type=product&#038;p=734"},"modified":"2022-09-26T11:52:14","modified_gmt":"2022-09-26T10:52:14","slug":"moteur-5ik90rgu-cf","status":"publish","type":"product","link":"https:\/\/innovexalgerie.com\/pieces\/produit\/moteurs\/moteur-5ik90rgu-cf\/","title":{"rendered":"Moteur 5IK90RGU-CF"},"content":{"rendered":"<p><span class=\"\">\u00a0Moteur 5IK90RGU-CF monophas\u00e9 \u00e0 engrenage \u00e9lectrique, 90w tension 220V avec alimentation de 0.65A.<\/span><\/p>\n","protected":false},"excerpt":{"rendered":"<p><span class=\"\">\u00a0Moteur 5IK90RGU-CF monophas\u00e9 \u00e0 engrenage \u00e9lectrique, 90w tension 220V avec alimentation de 0.65A.<\/span><\/p>\n","protected":false},"featured_media":735,"template":"","meta":{"inline_featured_image":false,"_monsterinsights_skip_tracking":false,"_monsterinsights_sitenote_active":false,"_monsterinsights_sitenote_note":"","_monsterinsights_sitenote_category":0},"product_cat":[30],"product_tag":[],"class_list":["post-734","product","type-product","status-publish","has-post-thumbnail","hentry","product_cat-moteurs"],"acf":[],"_links":{"self":[{"href":"https:\/\/innovexalgerie.com\/pieces\/wp-json\/wp\/v2\/product\/734","targetHints":{"allow":["GET"]}}],"collection":[{"href":"https:\/\/innovexalgerie.com\/pieces\/wp-json\/wp\/v2\/product"}],"about":[{"href":"https:\/\/innovexalgerie.com\/pieces\/wp-json\/wp\/v2\/types\/product"}],"wp:featuredmedia":[{"embeddable":true,"href":"https:\/\/innovexalgerie.com\/pieces\/wp-json\/wp\/v2\/media\/735"}],"wp:attachment":[{"href":"https:\/\/innovexalgerie.com\/pieces\/wp-json\/wp\/v2\/media?parent=734"}],"wp:term":[{"taxonomy":"product_cat","embeddable":true,"href":"https:\/\/innovexalgerie.com\/pieces\/wp-json\/wp\/v2\/product_cat?post=734"},{"taxonomy":"product_tag","embeddable":true,"href":"https:\/\/innovexalgerie.com\/pieces\/wp-json\/wp\/v2\/product_tag?post=734"}],"curies":[{"name":"wp","href":"https:\/\/api.w.org\/{rel}","templated":true}]}}