{"id":747,"date":"2022-09-27T12:54:38","date_gmt":"2022-09-27T11:54:38","guid":{"rendered":"https:\/\/innovexalgerie.com\/pieces\/?post_type=product&#038;p=747"},"modified":"2023-01-18T12:05:15","modified_gmt":"2023-01-18T11:05:15","slug":"moteur-zyt805018","status":"publish","type":"product","link":"https:\/\/innovexalgerie.com\/pieces\/produit\/moteurs\/moteur-zyt805018\/","title":{"rendered":"Moteur ZYT805018"},"content":{"rendered":"<p><span class=\"\">\u00a0Moteur ZYT805018 monophas\u00e9 \u00e0 engrenage \u00e9lectrique, 500w tension 220V avec alimentation de 3.7A.<\/span><\/p>\n","protected":false},"excerpt":{"rendered":"<p><span class=\"\">\u00a0Moteur ZYT805018 monophas\u00e9 \u00e0 engrenage \u00e9lectrique, 500w tension 220V avec alimentation de 3.7A.<\/span><\/p>\n","protected":false},"featured_media":1674,"template":"","meta":{"inline_featured_image":false,"_monsterinsights_skip_tracking":false,"_monsterinsights_sitenote_active":false,"_monsterinsights_sitenote_note":"","_monsterinsights_sitenote_category":0},"product_cat":[30],"product_tag":[],"class_list":["post-747","product","type-product","status-publish","has-post-thumbnail","hentry","product_cat-moteurs"],"acf":[],"_links":{"self":[{"href":"https:\/\/innovexalgerie.com\/pieces\/wp-json\/wp\/v2\/product\/747","targetHints":{"allow":["GET"]}}],"collection":[{"href":"https:\/\/innovexalgerie.com\/pieces\/wp-json\/wp\/v2\/product"}],"about":[{"href":"https:\/\/innovexalgerie.com\/pieces\/wp-json\/wp\/v2\/types\/product"}],"wp:featuredmedia":[{"embeddable":true,"href":"https:\/\/innovexalgerie.com\/pieces\/wp-json\/wp\/v2\/media\/1674"}],"wp:attachment":[{"href":"https:\/\/innovexalgerie.com\/pieces\/wp-json\/wp\/v2\/media?parent=747"}],"wp:term":[{"taxonomy":"product_cat","embeddable":true,"href":"https:\/\/innovexalgerie.com\/pieces\/wp-json\/wp\/v2\/product_cat?post=747"},{"taxonomy":"product_tag","embeddable":true,"href":"https:\/\/innovexalgerie.com\/pieces\/wp-json\/wp\/v2\/product_tag?post=747"}],"curies":[{"name":"wp","href":"https:\/\/api.w.org\/{rel}","templated":true}]}}