{"id":757,"date":"2022-09-28T10:28:19","date_gmt":"2022-09-28T09:28:19","guid":{"rendered":"https:\/\/innovexalgerie.com\/pieces\/?post_type=product&#038;p=757"},"modified":"2022-09-28T10:30:26","modified_gmt":"2022-09-28T09:30:26","slug":"moteur-ys7124","status":"publish","type":"product","link":"https:\/\/innovexalgerie.com\/pieces\/produit\/moteurs\/moteur-ys7124\/","title":{"rendered":"Moteur YS7124"},"content":{"rendered":"<p><span class=\"\">Moteur YS7124 monophas\u00e9 \u00e0 engrenage \u00e9lectrique, 370w tension 220\/380V avec alimentation de 1.9\/1.1A.<\/span><\/p>\n","protected":false},"excerpt":{"rendered":"<p><span class=\"\">Moteur YS7124 monophas\u00e9 \u00e0 engrenage \u00e9lectrique, 370w tension 220\/380V avec alimentation de 1.9\/1.1A.<\/span><\/p>\n","protected":false},"featured_media":761,"template":"","meta":{"inline_featured_image":false,"_monsterinsights_skip_tracking":false,"_monsterinsights_sitenote_active":false,"_monsterinsights_sitenote_note":"","_monsterinsights_sitenote_category":0},"product_cat":[30],"product_tag":[],"class_list":["post-757","product","type-product","status-publish","has-post-thumbnail","hentry","product_cat-moteurs"],"acf":[],"_links":{"self":[{"href":"https:\/\/innovexalgerie.com\/pieces\/wp-json\/wp\/v2\/product\/757","targetHints":{"allow":["GET"]}}],"collection":[{"href":"https:\/\/innovexalgerie.com\/pieces\/wp-json\/wp\/v2\/product"}],"about":[{"href":"https:\/\/innovexalgerie.com\/pieces\/wp-json\/wp\/v2\/types\/product"}],"wp:featuredmedia":[{"embeddable":true,"href":"https:\/\/innovexalgerie.com\/pieces\/wp-json\/wp\/v2\/media\/761"}],"wp:attachment":[{"href":"https:\/\/innovexalgerie.com\/pieces\/wp-json\/wp\/v2\/media?parent=757"}],"wp:term":[{"taxonomy":"product_cat","embeddable":true,"href":"https:\/\/innovexalgerie.com\/pieces\/wp-json\/wp\/v2\/product_cat?post=757"},{"taxonomy":"product_tag","embeddable":true,"href":"https:\/\/innovexalgerie.com\/pieces\/wp-json\/wp\/v2\/product_tag?post=757"}],"curies":[{"name":"wp","href":"https:\/\/api.w.org\/{rel}","templated":true}]}}