{"id":758,"date":"2022-09-28T10:52:27","date_gmt":"2022-09-28T09:52:27","guid":{"rendered":"https:\/\/innovexalgerie.com\/pieces\/?post_type=product&#038;p=758"},"modified":"2022-09-28T10:53:58","modified_gmt":"2022-09-28T09:53:58","slug":"moteur-mtrmp11-200","status":"publish","type":"product","link":"https:\/\/innovexalgerie.com\/pieces\/produit\/moteurs\/moteur-mtrmp11-200\/","title":{"rendered":"Moteur MTRMP11 200"},"content":{"rendered":"<p><span class=\"\">\u00a0Moteur MTRMP11 200 monophas\u00e9 \u00e0 engrenage \u00e9lectrique, 450w avec alimentation de 23.5A et protection 44IP.<\/span><\/p>\n","protected":false},"excerpt":{"rendered":"<p><span class=\"\">\u00a0Moteur MTRMP11 200 monophas\u00e9 \u00e0 engrenage \u00e9lectrique, 450w avec alimentation de 23.5A et protection 44IP.<\/span><\/p>\n","protected":false},"featured_media":762,"template":"","meta":{"inline_featured_image":false,"_monsterinsights_skip_tracking":false,"_monsterinsights_sitenote_active":false,"_monsterinsights_sitenote_note":"","_monsterinsights_sitenote_category":0},"product_cat":[30],"product_tag":[],"class_list":["post-758","product","type-product","status-publish","has-post-thumbnail","hentry","product_cat-moteurs"],"acf":[],"_links":{"self":[{"href":"https:\/\/innovexalgerie.com\/pieces\/wp-json\/wp\/v2\/product\/758","targetHints":{"allow":["GET"]}}],"collection":[{"href":"https:\/\/innovexalgerie.com\/pieces\/wp-json\/wp\/v2\/product"}],"about":[{"href":"https:\/\/innovexalgerie.com\/pieces\/wp-json\/wp\/v2\/types\/product"}],"wp:featuredmedia":[{"embeddable":true,"href":"https:\/\/innovexalgerie.com\/pieces\/wp-json\/wp\/v2\/media\/762"}],"wp:attachment":[{"href":"https:\/\/innovexalgerie.com\/pieces\/wp-json\/wp\/v2\/media?parent=758"}],"wp:term":[{"taxonomy":"product_cat","embeddable":true,"href":"https:\/\/innovexalgerie.com\/pieces\/wp-json\/wp\/v2\/product_cat?post=758"},{"taxonomy":"product_tag","embeddable":true,"href":"https:\/\/innovexalgerie.com\/pieces\/wp-json\/wp\/v2\/product_tag?post=758"}],"curies":[{"name":"wp","href":"https:\/\/api.w.org\/{rel}","templated":true}]}}